{"id":936,"date":"2019-12-14T15:56:02","date_gmt":"2019-12-14T15:56:02","guid":{"rendered":"http:\/\/www.zsamshornistudenky.cz\/?page_id=936"},"modified":"2020-09-15T13:13:30","modified_gmt":"2020-09-15T13:13:30","slug":"fotogalerie-vanocni-tvoreni-na-hrade-sternberk-7-12-2018","status":"publish","type":"page","link":"http:\/\/www.zsamshornistudenky.cz\/?page_id=936","title":{"rendered":"Fotogalerie &#8211; V\u00e1no\u010dn\u00ed tvo\u0159en\u00ed na hrad\u011b \u0160ternberk 7.12.2018"},"content":{"rendered":"\n<p><a href=\"http:\/\/www.zsamshornistudenky.cz\/?page_id=43\">&lt;ZP\u011aT<\/a><\/p>\n\n\n\n<!-- default-view.php -->\n<div\n\tclass=\"ngg-galleryoverview default-view \"\n\tid=\"ngg-gallery-a30f09196fedc8b14f2e1da6a93a665b-1\">\n\n\t\t<!-- Thumbnails -->\n\t\t\t\t<div id=\"ngg-image-0\" class=\"ngg-gallery-thumbnail-box \" >\n\t\t\t\t        <div class=\"ngg-gallery-thumbnail\">\n            <a href=\"http:\/\/www.zsamshornistudenky.cz\/wp-content\/gallery\/vanocni-tvoreni-na-hrade-sternberk-7-12-2018\/IMG_8107.jpg\"\n               title=\"\"\n               data-src=\"http:\/\/www.zsamshornistudenky.cz\/wp-content\/gallery\/vanocni-tvoreni-na-hrade-sternberk-7-12-2018\/IMG_8107.jpg\"\n               data-thumbnail=\"http:\/\/www.zsamshornistudenky.cz\/wp-content\/gallery\/vanocni-tvoreni-na-hrade-sternberk-7-12-2018\/thumbs\/thumbs_IMG_8107.jpg\"\n               data-image-id=\"309\"\n               data-title=\"IMG_8107\"\n               data-description=\"\"\n               data-image-slug=\"img_8107\"\n               class=\"ngg-fancybox\" rel=\"a30f09196fedc8b14f2e1da6a93a665b\">\n                <img\n                    title=\"IMG_8107\"\n                    alt=\"IMG_8107\"\n                    src=\"http:\/\/www.zsamshornistudenky.cz\/wp-content\/gallery\/vanocni-tvoreni-na-hrade-sternberk-7-12-2018\/thumbs\/thumbs_IMG_8107.jpg\"\n                    width=\"240\"\n                    height=\"160\"\n                    style=\"max-width:100%;\"\n                \/>\n            <\/a>\n        <\/div>\n\t\t\t\t\t\t\t<\/div> \n\t\t\t\n\t\t\t\t<div id=\"ngg-image-1\" class=\"ngg-gallery-thumbnail-box \" >\n\t\t\t\t        <div class=\"ngg-gallery-thumbnail\">\n            <a href=\"http:\/\/www.zsamshornistudenky.cz\/wp-content\/gallery\/vanocni-tvoreni-na-hrade-sternberk-7-12-2018\/IMG_8113.jpg\"\n               title=\"\"\n               data-src=\"http:\/\/www.zsamshornistudenky.cz\/wp-content\/gallery\/vanocni-tvoreni-na-hrade-sternberk-7-12-2018\/IMG_8113.jpg\"\n               data-thumbnail=\"http:\/\/www.zsamshornistudenky.cz\/wp-content\/gallery\/vanocni-tvoreni-na-hrade-sternberk-7-12-2018\/thumbs\/thumbs_IMG_8113.jpg\"\n               data-image-id=\"316\"\n               data-title=\"IMG_8113\"\n               data-description=\"\"\n               data-image-slug=\"img_8113\"\n               class=\"ngg-fancybox\" rel=\"a30f09196fedc8b14f2e1da6a93a665b\">\n                <img\n                    title=\"IMG_8113\"\n                    alt=\"IMG_8113\"\n                    src=\"http:\/\/www.zsamshornistudenky.cz\/wp-content\/gallery\/vanocni-tvoreni-na-hrade-sternberk-7-12-2018\/thumbs\/thumbs_IMG_8113.jpg\"\n                    width=\"240\"\n                    height=\"160\"\n                    style=\"max-width:100%;\"\n                \/>\n            <\/a>\n        <\/div>\n\t\t\t\t\t\t\t<\/div> \n\t\t\t\n\t\t\t\t<div id=\"ngg-image-2\" class=\"ngg-gallery-thumbnail-box \" >\n\t\t\t\t        <div class=\"ngg-gallery-thumbnail\">\n            <a href=\"http:\/\/www.zsamshornistudenky.cz\/wp-content\/gallery\/vanocni-tvoreni-na-hrade-sternberk-7-12-2018\/IMG_8116.jpg\"\n               title=\"\"\n               data-src=\"http:\/\/www.zsamshornistudenky.cz\/wp-content\/gallery\/vanocni-tvoreni-na-hrade-sternberk-7-12-2018\/IMG_8116.jpg\"\n               data-thumbnail=\"http:\/\/www.zsamshornistudenky.cz\/wp-content\/gallery\/vanocni-tvoreni-na-hrade-sternberk-7-12-2018\/thumbs\/thumbs_IMG_8116.jpg\"\n               data-image-id=\"320\"\n               data-title=\"IMG_8116\"\n               data-description=\"\"\n               data-image-slug=\"img_8116\"\n               class=\"ngg-fancybox\" rel=\"a30f09196fedc8b14f2e1da6a93a665b\">\n                <img\n                    title=\"IMG_8116\"\n                    alt=\"IMG_8116\"\n                    src=\"http:\/\/www.zsamshornistudenky.cz\/wp-content\/gallery\/vanocni-tvoreni-na-hrade-sternberk-7-12-2018\/thumbs\/thumbs_IMG_8116.jpg\"\n                    width=\"240\"\n                    height=\"160\"\n                    style=\"max-width:100%;\"\n                \/>\n            <\/a>\n        <\/div>\n\t\t\t\t\t\t\t<\/div> \n\t\t\t\n\t\t\t\t<div id=\"ngg-image-3\" class=\"ngg-gallery-thumbnail-box \" >\n\t\t\t\t        <div class=\"ngg-gallery-thumbnail\">\n            <a href=\"http:\/\/www.zsamshornistudenky.cz\/wp-content\/gallery\/vanocni-tvoreni-na-hrade-sternberk-7-12-2018\/IMG_8117.jpg\"\n               title=\"\"\n               data-src=\"http:\/\/www.zsamshornistudenky.cz\/wp-content\/gallery\/vanocni-tvoreni-na-hrade-sternberk-7-12-2018\/IMG_8117.jpg\"\n               data-thumbnail=\"http:\/\/www.zsamshornistudenky.cz\/wp-content\/gallery\/vanocni-tvoreni-na-hrade-sternberk-7-12-2018\/thumbs\/thumbs_IMG_8117.jpg\"\n               data-image-id=\"328\"\n               data-title=\"IMG_8117\"\n               data-description=\"\"\n               data-image-slug=\"img_8117\"\n               class=\"ngg-fancybox\" rel=\"a30f09196fedc8b14f2e1da6a93a665b\">\n                <img\n                    title=\"IMG_8117\"\n                    alt=\"IMG_8117\"\n                    src=\"http:\/\/www.zsamshornistudenky.cz\/wp-content\/gallery\/vanocni-tvoreni-na-hrade-sternberk-7-12-2018\/thumbs\/thumbs_IMG_8117.jpg\"\n                    width=\"240\"\n                    height=\"160\"\n                    style=\"max-width:100%;\"\n                \/>\n            <\/a>\n        <\/div>\n\t\t\t\t\t\t\t<\/div> \n\t\t\t\n\t\t\t\t<div id=\"ngg-image-4\" class=\"ngg-gallery-thumbnail-box \" >\n\t\t\t\t        <div class=\"ngg-gallery-thumbnail\">\n            <a href=\"http:\/\/www.zsamshornistudenky.cz\/wp-content\/gallery\/vanocni-tvoreni-na-hrade-sternberk-7-12-2018\/IMG_8118.jpg\"\n               title=\"\"\n               data-src=\"http:\/\/www.zsamshornistudenky.cz\/wp-content\/gallery\/vanocni-tvoreni-na-hrade-sternberk-7-12-2018\/IMG_8118.jpg\"\n               data-thumbnail=\"http:\/\/www.zsamshornistudenky.cz\/wp-content\/gallery\/vanocni-tvoreni-na-hrade-sternberk-7-12-2018\/thumbs\/thumbs_IMG_8118.jpg\"\n               data-image-id=\"336\"\n               data-title=\"IMG_8118\"\n               data-description=\"\"\n               data-image-slug=\"img_8118\"\n               class=\"ngg-fancybox\" rel=\"a30f09196fedc8b14f2e1da6a93a665b\">\n                <img\n                    title=\"IMG_8118\"\n                    alt=\"IMG_8118\"\n                    src=\"http:\/\/www.zsamshornistudenky.cz\/wp-content\/gallery\/vanocni-tvoreni-na-hrade-sternberk-7-12-2018\/thumbs\/thumbs_IMG_8118.jpg\"\n                    width=\"240\"\n                    height=\"160\"\n                    style=\"max-width:100%;\"\n                \/>\n            <\/a>\n        <\/div>\n\t\t\t\t\t\t\t<\/div> \n\t\t\t\n\t\t\t\t<div id=\"ngg-image-5\" class=\"ngg-gallery-thumbnail-box \" >\n\t\t\t\t        <div class=\"ngg-gallery-thumbnail\">\n            <a href=\"http:\/\/www.zsamshornistudenky.cz\/wp-content\/gallery\/vanocni-tvoreni-na-hrade-sternberk-7-12-2018\/IMG_8121.jpg\"\n               title=\"\"\n               data-src=\"http:\/\/www.zsamshornistudenky.cz\/wp-content\/gallery\/vanocni-tvoreni-na-hrade-sternberk-7-12-2018\/IMG_8121.jpg\"\n               data-thumbnail=\"http:\/\/www.zsamshornistudenky.cz\/wp-content\/gallery\/vanocni-tvoreni-na-hrade-sternberk-7-12-2018\/thumbs\/thumbs_IMG_8121.jpg\"\n               data-image-id=\"343\"\n               data-title=\"IMG_8121\"\n               data-description=\"\"\n               data-image-slug=\"img_8121\"\n               class=\"ngg-fancybox\" rel=\"a30f09196fedc8b14f2e1da6a93a665b\">\n                <img\n                    title=\"IMG_8121\"\n                    alt=\"IMG_8121\"\n                    src=\"http:\/\/www.zsamshornistudenky.cz\/wp-content\/gallery\/vanocni-tvoreni-na-hrade-sternberk-7-12-2018\/thumbs\/thumbs_IMG_8121.jpg\"\n                    width=\"240\"\n                    height=\"160\"\n                    style=\"max-width:100%;\"\n                \/>\n            <\/a>\n        <\/div>\n\t\t\t\t\t\t\t<\/div> \n\t\t\t\n\t\t\t\t<div id=\"ngg-image-6\" class=\"ngg-gallery-thumbnail-box \" >\n\t\t\t\t        <div class=\"ngg-gallery-thumbnail\">\n            <a href=\"http:\/\/www.zsamshornistudenky.cz\/wp-content\/gallery\/vanocni-tvoreni-na-hrade-sternberk-7-12-2018\/IMG_8122.jpg\"\n               title=\"\"\n               data-src=\"http:\/\/www.zsamshornistudenky.cz\/wp-content\/gallery\/vanocni-tvoreni-na-hrade-sternberk-7-12-2018\/IMG_8122.jpg\"\n               data-thumbnail=\"http:\/\/www.zsamshornistudenky.cz\/wp-content\/gallery\/vanocni-tvoreni-na-hrade-sternberk-7-12-2018\/thumbs\/thumbs_IMG_8122.jpg\"\n               data-image-id=\"349\"\n               data-title=\"IMG_8122\"\n               data-description=\"\"\n               data-image-slug=\"img_8122\"\n               class=\"ngg-fancybox\" rel=\"a30f09196fedc8b14f2e1da6a93a665b\">\n                <img\n                    title=\"IMG_8122\"\n                    alt=\"IMG_8122\"\n                    src=\"http:\/\/www.zsamshornistudenky.cz\/wp-content\/gallery\/vanocni-tvoreni-na-hrade-sternberk-7-12-2018\/thumbs\/thumbs_IMG_8122.jpg\"\n                    width=\"240\"\n                    height=\"160\"\n                    style=\"max-width:100%;\"\n                \/>\n            <\/a>\n        <\/div>\n\t\t\t\t\t\t\t<\/div> \n\t\t\t\n\t\t\t\t<div id=\"ngg-image-7\" class=\"ngg-gallery-thumbnail-box \" >\n\t\t\t\t        <div class=\"ngg-gallery-thumbnail\">\n            <a href=\"http:\/\/www.zsamshornistudenky.cz\/wp-content\/gallery\/vanocni-tvoreni-na-hrade-sternberk-7-12-2018\/IMG_8125.jpg\"\n               title=\"\"\n               data-src=\"http:\/\/www.zsamshornistudenky.cz\/wp-content\/gallery\/vanocni-tvoreni-na-hrade-sternberk-7-12-2018\/IMG_8125.jpg\"\n               data-thumbnail=\"http:\/\/www.zsamshornistudenky.cz\/wp-content\/gallery\/vanocni-tvoreni-na-hrade-sternberk-7-12-2018\/thumbs\/thumbs_IMG_8125.jpg\"\n               data-image-id=\"355\"\n               data-title=\"IMG_8125\"\n               data-description=\"\"\n               data-image-slug=\"img_8125\"\n               class=\"ngg-fancybox\" rel=\"a30f09196fedc8b14f2e1da6a93a665b\">\n                <img\n                    title=\"IMG_8125\"\n                    alt=\"IMG_8125\"\n                    src=\"http:\/\/www.zsamshornistudenky.cz\/wp-content\/gallery\/vanocni-tvoreni-na-hrade-sternberk-7-12-2018\/thumbs\/thumbs_IMG_8125.jpg\"\n                    width=\"240\"\n                    height=\"160\"\n                    style=\"max-width:100%;\"\n                \/>\n            <\/a>\n        <\/div>\n\t\t\t\t\t\t\t<\/div> \n\t\t\t\n\t\t\t\t<div id=\"ngg-image-8\" class=\"ngg-gallery-thumbnail-box \" >\n\t\t\t\t        <div class=\"ngg-gallery-thumbnail\">\n            <a href=\"http:\/\/www.zsamshornistudenky.cz\/wp-content\/gallery\/vanocni-tvoreni-na-hrade-sternberk-7-12-2018\/IMG_8126.jpg\"\n               title=\"\"\n               data-src=\"http:\/\/www.zsamshornistudenky.cz\/wp-content\/gallery\/vanocni-tvoreni-na-hrade-sternberk-7-12-2018\/IMG_8126.jpg\"\n               data-thumbnail=\"http:\/\/www.zsamshornistudenky.cz\/wp-content\/gallery\/vanocni-tvoreni-na-hrade-sternberk-7-12-2018\/thumbs\/thumbs_IMG_8126.jpg\"\n               data-image-id=\"363\"\n               data-title=\"IMG_8126\"\n               data-description=\"\"\n               data-image-slug=\"img_8126\"\n               class=\"ngg-fancybox\" rel=\"a30f09196fedc8b14f2e1da6a93a665b\">\n                <img\n                    title=\"IMG_8126\"\n                    alt=\"IMG_8126\"\n                    src=\"http:\/\/www.zsamshornistudenky.cz\/wp-content\/gallery\/vanocni-tvoreni-na-hrade-sternberk-7-12-2018\/thumbs\/thumbs_IMG_8126.jpg\"\n                    width=\"240\"\n                    height=\"160\"\n                    style=\"max-width:100%;\"\n                \/>\n            <\/a>\n        <\/div>\n\t\t\t\t\t\t\t<\/div> \n\t\t\t\n\t\t\t\t<div id=\"ngg-image-9\" class=\"ngg-gallery-thumbnail-box \" >\n\t\t\t\t        <div class=\"ngg-gallery-thumbnail\">\n            <a href=\"http:\/\/www.zsamshornistudenky.cz\/wp-content\/gallery\/vanocni-tvoreni-na-hrade-sternberk-7-12-2018\/IMG_8129.jpg\"\n               title=\"\"\n               data-src=\"http:\/\/www.zsamshornistudenky.cz\/wp-content\/gallery\/vanocni-tvoreni-na-hrade-sternberk-7-12-2018\/IMG_8129.jpg\"\n               data-thumbnail=\"http:\/\/www.zsamshornistudenky.cz\/wp-content\/gallery\/vanocni-tvoreni-na-hrade-sternberk-7-12-2018\/thumbs\/thumbs_IMG_8129.jpg\"\n               data-image-id=\"371\"\n               data-title=\"IMG_8129\"\n               data-description=\"\"\n               data-image-slug=\"img_8129\"\n               class=\"ngg-fancybox\" rel=\"a30f09196fedc8b14f2e1da6a93a665b\">\n                <img\n                    title=\"IMG_8129\"\n                    alt=\"IMG_8129\"\n                    src=\"http:\/\/www.zsamshornistudenky.cz\/wp-content\/gallery\/vanocni-tvoreni-na-hrade-sternberk-7-12-2018\/thumbs\/thumbs_IMG_8129.jpg\"\n                    width=\"240\"\n                    height=\"160\"\n                    style=\"max-width:100%;\"\n                \/>\n            <\/a>\n        <\/div>\n\t\t\t\t\t\t\t<\/div> \n\t\t\t\n\t\t\t\t<div id=\"ngg-image-10\" class=\"ngg-gallery-thumbnail-box \" >\n\t\t\t\t        <div class=\"ngg-gallery-thumbnail\">\n            <a href=\"http:\/\/www.zsamshornistudenky.cz\/wp-content\/gallery\/vanocni-tvoreni-na-hrade-sternberk-7-12-2018\/IMG_8133.jpg\"\n               title=\"\"\n               data-src=\"http:\/\/www.zsamshornistudenky.cz\/wp-content\/gallery\/vanocni-tvoreni-na-hrade-sternberk-7-12-2018\/IMG_8133.jpg\"\n               data-thumbnail=\"http:\/\/www.zsamshornistudenky.cz\/wp-content\/gallery\/vanocni-tvoreni-na-hrade-sternberk-7-12-2018\/thumbs\/thumbs_IMG_8133.jpg\"\n               data-image-id=\"378\"\n               data-title=\"IMG_8133\"\n               data-description=\"\"\n               data-image-slug=\"img_8133\"\n               class=\"ngg-fancybox\" rel=\"a30f09196fedc8b14f2e1da6a93a665b\">\n                <img\n                    title=\"IMG_8133\"\n                    alt=\"IMG_8133\"\n                    src=\"http:\/\/www.zsamshornistudenky.cz\/wp-content\/gallery\/vanocni-tvoreni-na-hrade-sternberk-7-12-2018\/thumbs\/thumbs_IMG_8133.jpg\"\n                    width=\"240\"\n                    height=\"160\"\n                    style=\"max-width:100%;\"\n                \/>\n            <\/a>\n        <\/div>\n\t\t\t\t\t\t\t<\/div> \n\t\t\t\n\t\t\t\t<div id=\"ngg-image-11\" class=\"ngg-gallery-thumbnail-box \" >\n\t\t\t\t        <div class=\"ngg-gallery-thumbnail\">\n            <a href=\"http:\/\/www.zsamshornistudenky.cz\/wp-content\/gallery\/vanocni-tvoreni-na-hrade-sternberk-7-12-2018\/IMG_8134.jpg\"\n               title=\"\"\n               data-src=\"http:\/\/www.zsamshornistudenky.cz\/wp-content\/gallery\/vanocni-tvoreni-na-hrade-sternberk-7-12-2018\/IMG_8134.jpg\"\n               data-thumbnail=\"http:\/\/www.zsamshornistudenky.cz\/wp-content\/gallery\/vanocni-tvoreni-na-hrade-sternberk-7-12-2018\/thumbs\/thumbs_IMG_8134.jpg\"\n               data-image-id=\"381\"\n               data-title=\"IMG_8134\"\n               data-description=\"\"\n               data-image-slug=\"img_8134\"\n               class=\"ngg-fancybox\" rel=\"a30f09196fedc8b14f2e1da6a93a665b\">\n                <img\n                    title=\"IMG_8134\"\n                    alt=\"IMG_8134\"\n                    src=\"http:\/\/www.zsamshornistudenky.cz\/wp-content\/gallery\/vanocni-tvoreni-na-hrade-sternberk-7-12-2018\/thumbs\/thumbs_IMG_8134.jpg\"\n                    width=\"240\"\n                    height=\"160\"\n                    style=\"max-width:100%;\"\n                \/>\n            <\/a>\n        <\/div>\n\t\t\t\t\t\t\t<\/div> \n\t\t\t\n\t\t\t\t<div id=\"ngg-image-12\" class=\"ngg-gallery-thumbnail-box \" >\n\t\t\t\t        <div class=\"ngg-gallery-thumbnail\">\n            <a href=\"http:\/\/www.zsamshornistudenky.cz\/wp-content\/gallery\/vanocni-tvoreni-na-hrade-sternberk-7-12-2018\/IMG_8135.jpg\"\n               title=\"\"\n               data-src=\"http:\/\/www.zsamshornistudenky.cz\/wp-content\/gallery\/vanocni-tvoreni-na-hrade-sternberk-7-12-2018\/IMG_8135.jpg\"\n               data-thumbnail=\"http:\/\/www.zsamshornistudenky.cz\/wp-content\/gallery\/vanocni-tvoreni-na-hrade-sternberk-7-12-2018\/thumbs\/thumbs_IMG_8135.jpg\"\n               data-image-id=\"389\"\n               data-title=\"IMG_8135\"\n               data-description=\"\"\n               data-image-slug=\"img_8135\"\n               class=\"ngg-fancybox\" rel=\"a30f09196fedc8b14f2e1da6a93a665b\">\n                <img\n                    title=\"IMG_8135\"\n                    alt=\"IMG_8135\"\n                    src=\"http:\/\/www.zsamshornistudenky.cz\/wp-content\/gallery\/vanocni-tvoreni-na-hrade-sternberk-7-12-2018\/thumbs\/thumbs_IMG_8135.jpg\"\n                    width=\"240\"\n                    height=\"160\"\n                    style=\"max-width:100%;\"\n                \/>\n            <\/a>\n        <\/div>\n\t\t\t\t\t\t\t<\/div> \n\t\t\t\n\t\t\t\t<div id=\"ngg-image-13\" class=\"ngg-gallery-thumbnail-box \" >\n\t\t\t\t        <div class=\"ngg-gallery-thumbnail\">\n            <a href=\"http:\/\/www.zsamshornistudenky.cz\/wp-content\/gallery\/vanocni-tvoreni-na-hrade-sternberk-7-12-2018\/IMG_8136.jpg\"\n               title=\"\"\n               data-src=\"http:\/\/www.zsamshornistudenky.cz\/wp-content\/gallery\/vanocni-tvoreni-na-hrade-sternberk-7-12-2018\/IMG_8136.jpg\"\n               data-thumbnail=\"http:\/\/www.zsamshornistudenky.cz\/wp-content\/gallery\/vanocni-tvoreni-na-hrade-sternberk-7-12-2018\/thumbs\/thumbs_IMG_8136.jpg\"\n               data-image-id=\"395\"\n               data-title=\"IMG_8136\"\n               data-description=\"\"\n               data-image-slug=\"img_8136\"\n               class=\"ngg-fancybox\" rel=\"a30f09196fedc8b14f2e1da6a93a665b\">\n                <img\n                    title=\"IMG_8136\"\n                    alt=\"IMG_8136\"\n                    src=\"http:\/\/www.zsamshornistudenky.cz\/wp-content\/gallery\/vanocni-tvoreni-na-hrade-sternberk-7-12-2018\/thumbs\/thumbs_IMG_8136.jpg\"\n                    width=\"240\"\n                    height=\"160\"\n                    style=\"max-width:100%;\"\n                \/>\n            <\/a>\n        <\/div>\n\t\t\t\t\t\t\t<\/div> \n\t\t\t\n\t\t\t\t<div id=\"ngg-image-14\" class=\"ngg-gallery-thumbnail-box \" >\n\t\t\t\t        <div class=\"ngg-gallery-thumbnail\">\n            <a href=\"http:\/\/www.zsamshornistudenky.cz\/wp-content\/gallery\/vanocni-tvoreni-na-hrade-sternberk-7-12-2018\/IMG_8137.jpg\"\n               title=\"\"\n               data-src=\"http:\/\/www.zsamshornistudenky.cz\/wp-content\/gallery\/vanocni-tvoreni-na-hrade-sternberk-7-12-2018\/IMG_8137.jpg\"\n               data-thumbnail=\"http:\/\/www.zsamshornistudenky.cz\/wp-content\/gallery\/vanocni-tvoreni-na-hrade-sternberk-7-12-2018\/thumbs\/thumbs_IMG_8137.jpg\"\n               data-image-id=\"401\"\n               data-title=\"IMG_8137\"\n               data-description=\"\"\n               data-image-slug=\"img_8137\"\n               class=\"ngg-fancybox\" rel=\"a30f09196fedc8b14f2e1da6a93a665b\">\n                <img\n                    title=\"IMG_8137\"\n                    alt=\"IMG_8137\"\n                    src=\"http:\/\/www.zsamshornistudenky.cz\/wp-content\/gallery\/vanocni-tvoreni-na-hrade-sternberk-7-12-2018\/thumbs\/thumbs_IMG_8137.jpg\"\n                    width=\"240\"\n                    height=\"160\"\n                    style=\"max-width:100%;\"\n                \/>\n            <\/a>\n        <\/div>\n\t\t\t\t\t\t\t<\/div> \n\t\t\t\n\t\t\t\t<div id=\"ngg-image-15\" class=\"ngg-gallery-thumbnail-box \" >\n\t\t\t\t        <div class=\"ngg-gallery-thumbnail\">\n            <a href=\"http:\/\/www.zsamshornistudenky.cz\/wp-content\/gallery\/vanocni-tvoreni-na-hrade-sternberk-7-12-2018\/IMG_8139.jpg\"\n               title=\"\"\n               data-src=\"http:\/\/www.zsamshornistudenky.cz\/wp-content\/gallery\/vanocni-tvoreni-na-hrade-sternberk-7-12-2018\/IMG_8139.jpg\"\n               data-thumbnail=\"http:\/\/www.zsamshornistudenky.cz\/wp-content\/gallery\/vanocni-tvoreni-na-hrade-sternberk-7-12-2018\/thumbs\/thumbs_IMG_8139.jpg\"\n               data-image-id=\"407\"\n               data-title=\"IMG_8139\"\n               data-description=\"\"\n               data-image-slug=\"img_8139\"\n               class=\"ngg-fancybox\" rel=\"a30f09196fedc8b14f2e1da6a93a665b\">\n                <img\n                    title=\"IMG_8139\"\n                    alt=\"IMG_8139\"\n                    src=\"http:\/\/www.zsamshornistudenky.cz\/wp-content\/gallery\/vanocni-tvoreni-na-hrade-sternberk-7-12-2018\/thumbs\/thumbs_IMG_8139.jpg\"\n                    width=\"240\"\n                    height=\"160\"\n                    style=\"max-width:100%;\"\n                \/>\n            <\/a>\n        <\/div>\n\t\t\t\t\t\t\t<\/div> \n\t\t\t\n\t\t\t\t<div id=\"ngg-image-16\" class=\"ngg-gallery-thumbnail-box \" >\n\t\t\t\t        <div class=\"ngg-gallery-thumbnail\">\n            <a href=\"http:\/\/www.zsamshornistudenky.cz\/wp-content\/gallery\/vanocni-tvoreni-na-hrade-sternberk-7-12-2018\/IMG_8142.jpg\"\n               title=\"\"\n               data-src=\"http:\/\/www.zsamshornistudenky.cz\/wp-content\/gallery\/vanocni-tvoreni-na-hrade-sternberk-7-12-2018\/IMG_8142.jpg\"\n               data-thumbnail=\"http:\/\/www.zsamshornistudenky.cz\/wp-content\/gallery\/vanocni-tvoreni-na-hrade-sternberk-7-12-2018\/thumbs\/thumbs_IMG_8142.jpg\"\n               data-image-id=\"412\"\n               data-title=\"IMG_8142\"\n               data-description=\"\"\n               data-image-slug=\"img_8142\"\n               class=\"ngg-fancybox\" rel=\"a30f09196fedc8b14f2e1da6a93a665b\">\n                <img\n                    title=\"IMG_8142\"\n                    alt=\"IMG_8142\"\n                    src=\"http:\/\/www.zsamshornistudenky.cz\/wp-content\/gallery\/vanocni-tvoreni-na-hrade-sternberk-7-12-2018\/thumbs\/thumbs_IMG_8142.jpg\"\n                    width=\"240\"\n                    height=\"160\"\n                    style=\"max-width:100%;\"\n                \/>\n            <\/a>\n        <\/div>\n\t\t\t\t\t\t\t<\/div> \n\t\t\t\n\t\t\t\t<div id=\"ngg-image-17\" class=\"ngg-gallery-thumbnail-box \" >\n\t\t\t\t        <div class=\"ngg-gallery-thumbnail\">\n            <a href=\"http:\/\/www.zsamshornistudenky.cz\/wp-content\/gallery\/vanocni-tvoreni-na-hrade-sternberk-7-12-2018\/IMG_8143.jpg\"\n               title=\"\"\n               data-src=\"http:\/\/www.zsamshornistudenky.cz\/wp-content\/gallery\/vanocni-tvoreni-na-hrade-sternberk-7-12-2018\/IMG_8143.jpg\"\n               data-thumbnail=\"http:\/\/www.zsamshornistudenky.cz\/wp-content\/gallery\/vanocni-tvoreni-na-hrade-sternberk-7-12-2018\/thumbs\/thumbs_IMG_8143.jpg\"\n               data-image-id=\"416\"\n               data-title=\"IMG_8143\"\n               data-description=\"\"\n               data-image-slug=\"img_8143\"\n               class=\"ngg-fancybox\" rel=\"a30f09196fedc8b14f2e1da6a93a665b\">\n                <img\n                    title=\"IMG_8143\"\n                    alt=\"IMG_8143\"\n                    src=\"http:\/\/www.zsamshornistudenky.cz\/wp-content\/gallery\/vanocni-tvoreni-na-hrade-sternberk-7-12-2018\/thumbs\/thumbs_IMG_8143.jpg\"\n                    width=\"240\"\n                    height=\"160\"\n                    style=\"max-width:100%;\"\n                \/>\n            <\/a>\n        <\/div>\n\t\t\t\t\t\t\t<\/div> \n\t\t\t\n\t\n\t<br style=\"clear: both\" \/>\n\n\t\n\t\t<!-- Pagination -->\n\t<div class='ngg-clear'><\/div>\t<\/div>\n\n\n\n\n<p style=\"text-align:right\"><a href=\"http:\/\/www.zsamshornistudenky.cz\/?page_id=43\">&lt;ZP\u011aT<\/a><\/p>\n","protected":false},"excerpt":{"rendered":"<p>&lt;ZP\u011aT &lt;ZP\u011aT<\/p>\n","protected":false},"author":1,"featured_media":0,"parent":0,"menu_order":0,"comment_status":"closed","ping_status":"closed","template":"","meta":{"ngg_post_thumbnail":0},"_links":{"self":[{"href":"http:\/\/www.zsamshornistudenky.cz\/index.php?rest_route=\/wp\/v2\/pages\/936"}],"collection":[{"href":"http:\/\/www.zsamshornistudenky.cz\/index.php?rest_route=\/wp\/v2\/pages"}],"about":[{"href":"http:\/\/www.zsamshornistudenky.cz\/index.php?rest_route=\/wp\/v2\/types\/page"}],"author":[{"embeddable":true,"href":"http:\/\/www.zsamshornistudenky.cz\/index.php?rest_route=\/wp\/v2\/users\/1"}],"replies":[{"embeddable":true,"href":"http:\/\/www.zsamshornistudenky.cz\/index.php?rest_route=%2Fwp%2Fv2%2Fcomments&post=936"}],"version-history":[{"count":1,"href":"http:\/\/www.zsamshornistudenky.cz\/index.php?rest_route=\/wp\/v2\/pages\/936\/revisions"}],"predecessor-version":[{"id":937,"href":"http:\/\/www.zsamshornistudenky.cz\/index.php?rest_route=\/wp\/v2\/pages\/936\/revisions\/937"}],"wp:attachment":[{"href":"http:\/\/www.zsamshornistudenky.cz\/index.php?rest_route=%2Fwp%2Fv2%2Fmedia&parent=936"}],"curies":[{"name":"wp","href":"https:\/\/api.w.org\/{rel}","templated":true}]}}