{"id":8994,"date":"2025-10-20T06:37:21","date_gmt":"2025-10-20T06:37:21","guid":{"rendered":"http:\/\/www.zsamshornistudenky.cz\/?page_id=8994"},"modified":"2025-10-20T06:37:21","modified_gmt":"2025-10-20T06:37:21","slug":"fotogalerie-vylet-s-druzinou-na-zmrzlinu-cerven-2025","status":"publish","type":"page","link":"http:\/\/www.zsamshornistudenky.cz\/?page_id=8994","title":{"rendered":"Fotogalerie &#8211; V\u00fdlet s dru\u017einou na zmrzlinu &#8211; \u010derven 2025"},"content":{"rendered":"<a href=\"http:\/\/www.zsamshornistudenky.cz\/?page_id=43\">&lt;ZP\u011aT<\/a>\r\n\r\n<!-- \/wp:paragraph --><!-- wp:imagely\/nextgen-gallery -->\r\n\r\n<!-- default-view.php -->\n<div\n\tclass=\"ngg-galleryoverview default-view \"\n\tid=\"ngg-gallery-029e6258764ee1767104467afaebc5ff-1\">\n\n\t\t<!-- Thumbnails -->\n\t\t\t\t<div id=\"ngg-image-0\" class=\"ngg-gallery-thumbnail-box \" >\n\t\t\t\t        <div class=\"ngg-gallery-thumbnail\">\n            <a href=\"http:\/\/www.zsamshornistudenky.cz\/wp-content\/gallery\/vylet-v-druzine-na-zmrzlinu-cerven-2025\/20250620_131301_1.jpg\"\n               title=\"\"\n               data-src=\"http:\/\/www.zsamshornistudenky.cz\/wp-content\/gallery\/vylet-v-druzine-na-zmrzlinu-cerven-2025\/20250620_131301_1.jpg\"\n               data-thumbnail=\"http:\/\/www.zsamshornistudenky.cz\/wp-content\/gallery\/vylet-v-druzine-na-zmrzlinu-cerven-2025\/thumbs\/thumbs_20250620_131301_1.jpg\"\n               data-image-id=\"5280\"\n               data-title=\"20250620_131301_1\"\n               data-description=\"\"\n               data-image-slug=\"20250620_131301_1\"\n               class=\"ngg-fancybox\" rel=\"029e6258764ee1767104467afaebc5ff\">\n                <img\n                    title=\"20250620_131301_1\"\n                    alt=\"20250620_131301_1\"\n                    src=\"http:\/\/www.zsamshornistudenky.cz\/wp-content\/gallery\/vylet-v-druzine-na-zmrzlinu-cerven-2025\/thumbs\/thumbs_20250620_131301_1.jpg\"\n                    width=\"240\"\n                    height=\"160\"\n                    style=\"max-width:100%;\"\n                \/>\n            <\/a>\n        <\/div>\n\t\t\t\t\t\t\t<\/div> \n\t\t\t\n\t\t\t\t<div id=\"ngg-image-1\" class=\"ngg-gallery-thumbnail-box \" >\n\t\t\t\t        <div class=\"ngg-gallery-thumbnail\">\n            <a href=\"http:\/\/www.zsamshornistudenky.cz\/wp-content\/gallery\/vylet-v-druzine-na-zmrzlinu-cerven-2025\/20250620_131303_1.jpg\"\n               title=\"\"\n               data-src=\"http:\/\/www.zsamshornistudenky.cz\/wp-content\/gallery\/vylet-v-druzine-na-zmrzlinu-cerven-2025\/20250620_131303_1.jpg\"\n               data-thumbnail=\"http:\/\/www.zsamshornistudenky.cz\/wp-content\/gallery\/vylet-v-druzine-na-zmrzlinu-cerven-2025\/thumbs\/thumbs_20250620_131303_1.jpg\"\n               data-image-id=\"5281\"\n               data-title=\"20250620_131303_1\"\n               data-description=\"\"\n               data-image-slug=\"20250620_131303_1\"\n               class=\"ngg-fancybox\" rel=\"029e6258764ee1767104467afaebc5ff\">\n                <img\n                    title=\"20250620_131303_1\"\n                    alt=\"20250620_131303_1\"\n                    src=\"http:\/\/www.zsamshornistudenky.cz\/wp-content\/gallery\/vylet-v-druzine-na-zmrzlinu-cerven-2025\/thumbs\/thumbs_20250620_131303_1.jpg\"\n                    width=\"240\"\n                    height=\"160\"\n                    style=\"max-width:100%;\"\n                \/>\n            <\/a>\n        <\/div>\n\t\t\t\t\t\t\t<\/div> \n\t\t\t\n\t\t\t\t<div id=\"ngg-image-2\" class=\"ngg-gallery-thumbnail-box \" >\n\t\t\t\t        <div class=\"ngg-gallery-thumbnail\">\n            <a href=\"http:\/\/www.zsamshornistudenky.cz\/wp-content\/gallery\/vylet-v-druzine-na-zmrzlinu-cerven-2025\/20250620_131309_1.jpg\"\n               title=\"\"\n               data-src=\"http:\/\/www.zsamshornistudenky.cz\/wp-content\/gallery\/vylet-v-druzine-na-zmrzlinu-cerven-2025\/20250620_131309_1.jpg\"\n               data-thumbnail=\"http:\/\/www.zsamshornistudenky.cz\/wp-content\/gallery\/vylet-v-druzine-na-zmrzlinu-cerven-2025\/thumbs\/thumbs_20250620_131309_1.jpg\"\n               data-image-id=\"5282\"\n               data-title=\"20250620_131309_1\"\n               data-description=\"\"\n               data-image-slug=\"20250620_131309_1\"\n               class=\"ngg-fancybox\" rel=\"029e6258764ee1767104467afaebc5ff\">\n                <img\n                    title=\"20250620_131309_1\"\n                    alt=\"20250620_131309_1\"\n                    src=\"http:\/\/www.zsamshornistudenky.cz\/wp-content\/gallery\/vylet-v-druzine-na-zmrzlinu-cerven-2025\/thumbs\/thumbs_20250620_131309_1.jpg\"\n                    width=\"240\"\n                    height=\"160\"\n                    style=\"max-width:100%;\"\n                \/>\n            <\/a>\n        <\/div>\n\t\t\t\t\t\t\t<\/div> \n\t\t\t\n\t\t\t\t<div id=\"ngg-image-3\" class=\"ngg-gallery-thumbnail-box \" >\n\t\t\t\t        <div class=\"ngg-gallery-thumbnail\">\n            <a href=\"http:\/\/www.zsamshornistudenky.cz\/wp-content\/gallery\/vylet-v-druzine-na-zmrzlinu-cerven-2025\/20250620_131312_1.jpg\"\n               title=\"\"\n               data-src=\"http:\/\/www.zsamshornistudenky.cz\/wp-content\/gallery\/vylet-v-druzine-na-zmrzlinu-cerven-2025\/20250620_131312_1.jpg\"\n               data-thumbnail=\"http:\/\/www.zsamshornistudenky.cz\/wp-content\/gallery\/vylet-v-druzine-na-zmrzlinu-cerven-2025\/thumbs\/thumbs_20250620_131312_1.jpg\"\n               data-image-id=\"5283\"\n               data-title=\"20250620_131312_1\"\n               data-description=\"\"\n               data-image-slug=\"20250620_131312_1\"\n               class=\"ngg-fancybox\" rel=\"029e6258764ee1767104467afaebc5ff\">\n                <img\n                    title=\"20250620_131312_1\"\n                    alt=\"20250620_131312_1\"\n                    src=\"http:\/\/www.zsamshornistudenky.cz\/wp-content\/gallery\/vylet-v-druzine-na-zmrzlinu-cerven-2025\/thumbs\/thumbs_20250620_131312_1.jpg\"\n                    width=\"240\"\n                    height=\"160\"\n                    style=\"max-width:100%;\"\n                \/>\n            <\/a>\n        <\/div>\n\t\t\t\t\t\t\t<\/div> \n\t\t\t\n\t\t\t\t<div id=\"ngg-image-4\" class=\"ngg-gallery-thumbnail-box \" >\n\t\t\t\t        <div class=\"ngg-gallery-thumbnail\">\n            <a href=\"http:\/\/www.zsamshornistudenky.cz\/wp-content\/gallery\/vylet-v-druzine-na-zmrzlinu-cerven-2025\/20250620_131649_1.jpg\"\n               title=\"\"\n               data-src=\"http:\/\/www.zsamshornistudenky.cz\/wp-content\/gallery\/vylet-v-druzine-na-zmrzlinu-cerven-2025\/20250620_131649_1.jpg\"\n               data-thumbnail=\"http:\/\/www.zsamshornistudenky.cz\/wp-content\/gallery\/vylet-v-druzine-na-zmrzlinu-cerven-2025\/thumbs\/thumbs_20250620_131649_1.jpg\"\n               data-image-id=\"5284\"\n               data-title=\"20250620_131649_1\"\n               data-description=\"\"\n               data-image-slug=\"20250620_131649_1\"\n               class=\"ngg-fancybox\" rel=\"029e6258764ee1767104467afaebc5ff\">\n                <img\n                    title=\"20250620_131649_1\"\n                    alt=\"20250620_131649_1\"\n                    src=\"http:\/\/www.zsamshornistudenky.cz\/wp-content\/gallery\/vylet-v-druzine-na-zmrzlinu-cerven-2025\/thumbs\/thumbs_20250620_131649_1.jpg\"\n                    width=\"240\"\n                    height=\"160\"\n                    style=\"max-width:100%;\"\n                \/>\n            <\/a>\n        <\/div>\n\t\t\t\t\t\t\t<\/div> \n\t\t\t\n\t\t\t\t<div id=\"ngg-image-5\" class=\"ngg-gallery-thumbnail-box \" >\n\t\t\t\t        <div class=\"ngg-gallery-thumbnail\">\n            <a href=\"http:\/\/www.zsamshornistudenky.cz\/wp-content\/gallery\/vylet-v-druzine-na-zmrzlinu-cerven-2025\/20250620_131654_1.jpg\"\n               title=\"\"\n               data-src=\"http:\/\/www.zsamshornistudenky.cz\/wp-content\/gallery\/vylet-v-druzine-na-zmrzlinu-cerven-2025\/20250620_131654_1.jpg\"\n               data-thumbnail=\"http:\/\/www.zsamshornistudenky.cz\/wp-content\/gallery\/vylet-v-druzine-na-zmrzlinu-cerven-2025\/thumbs\/thumbs_20250620_131654_1.jpg\"\n               data-image-id=\"5285\"\n               data-title=\"20250620_131654_1\"\n               data-description=\"\"\n               data-image-slug=\"20250620_131654_1\"\n               class=\"ngg-fancybox\" rel=\"029e6258764ee1767104467afaebc5ff\">\n                <img\n                    title=\"20250620_131654_1\"\n                    alt=\"20250620_131654_1\"\n                    src=\"http:\/\/www.zsamshornistudenky.cz\/wp-content\/gallery\/vylet-v-druzine-na-zmrzlinu-cerven-2025\/thumbs\/thumbs_20250620_131654_1.jpg\"\n                    width=\"240\"\n                    height=\"160\"\n                    style=\"max-width:100%;\"\n                \/>\n            <\/a>\n        <\/div>\n\t\t\t\t\t\t\t<\/div> \n\t\t\t\n\t\t\t\t<div id=\"ngg-image-6\" class=\"ngg-gallery-thumbnail-box \" >\n\t\t\t\t        <div class=\"ngg-gallery-thumbnail\">\n            <a href=\"http:\/\/www.zsamshornistudenky.cz\/wp-content\/gallery\/vylet-v-druzine-na-zmrzlinu-cerven-2025\/20250620_131709_1.jpg\"\n               title=\"\"\n               data-src=\"http:\/\/www.zsamshornistudenky.cz\/wp-content\/gallery\/vylet-v-druzine-na-zmrzlinu-cerven-2025\/20250620_131709_1.jpg\"\n               data-thumbnail=\"http:\/\/www.zsamshornistudenky.cz\/wp-content\/gallery\/vylet-v-druzine-na-zmrzlinu-cerven-2025\/thumbs\/thumbs_20250620_131709_1.jpg\"\n               data-image-id=\"5286\"\n               data-title=\"20250620_131709_1\"\n               data-description=\"\"\n               data-image-slug=\"20250620_131709_1\"\n               class=\"ngg-fancybox\" rel=\"029e6258764ee1767104467afaebc5ff\">\n                <img\n                    title=\"20250620_131709_1\"\n                    alt=\"20250620_131709_1\"\n                    src=\"http:\/\/www.zsamshornistudenky.cz\/wp-content\/gallery\/vylet-v-druzine-na-zmrzlinu-cerven-2025\/thumbs\/thumbs_20250620_131709_1.jpg\"\n                    width=\"240\"\n                    height=\"160\"\n                    style=\"max-width:100%;\"\n                \/>\n            <\/a>\n        <\/div>\n\t\t\t\t\t\t\t<\/div> \n\t\t\t\n\t\t\t\t<div id=\"ngg-image-7\" class=\"ngg-gallery-thumbnail-box \" >\n\t\t\t\t        <div class=\"ngg-gallery-thumbnail\">\n            <a href=\"http:\/\/www.zsamshornistudenky.cz\/wp-content\/gallery\/vylet-v-druzine-na-zmrzlinu-cerven-2025\/20250620_131715_1.jpg\"\n               title=\"\"\n               data-src=\"http:\/\/www.zsamshornistudenky.cz\/wp-content\/gallery\/vylet-v-druzine-na-zmrzlinu-cerven-2025\/20250620_131715_1.jpg\"\n               data-thumbnail=\"http:\/\/www.zsamshornistudenky.cz\/wp-content\/gallery\/vylet-v-druzine-na-zmrzlinu-cerven-2025\/thumbs\/thumbs_20250620_131715_1.jpg\"\n               data-image-id=\"5287\"\n               data-title=\"20250620_131715_1\"\n               data-description=\"\"\n               data-image-slug=\"20250620_131715_1\"\n               class=\"ngg-fancybox\" rel=\"029e6258764ee1767104467afaebc5ff\">\n                <img\n                    title=\"20250620_131715_1\"\n                    alt=\"20250620_131715_1\"\n                    src=\"http:\/\/www.zsamshornistudenky.cz\/wp-content\/gallery\/vylet-v-druzine-na-zmrzlinu-cerven-2025\/thumbs\/thumbs_20250620_131715_1.jpg\"\n                    width=\"240\"\n                    height=\"160\"\n                    style=\"max-width:100%;\"\n                \/>\n            <\/a>\n        <\/div>\n\t\t\t\t\t\t\t<\/div> \n\t\t\t\n\t\t\t\t<div id=\"ngg-image-8\" class=\"ngg-gallery-thumbnail-box \" >\n\t\t\t\t        <div class=\"ngg-gallery-thumbnail\">\n            <a href=\"http:\/\/www.zsamshornistudenky.cz\/wp-content\/gallery\/vylet-v-druzine-na-zmrzlinu-cerven-2025\/20250620_131720_1.jpg\"\n               title=\"\"\n               data-src=\"http:\/\/www.zsamshornistudenky.cz\/wp-content\/gallery\/vylet-v-druzine-na-zmrzlinu-cerven-2025\/20250620_131720_1.jpg\"\n               data-thumbnail=\"http:\/\/www.zsamshornistudenky.cz\/wp-content\/gallery\/vylet-v-druzine-na-zmrzlinu-cerven-2025\/thumbs\/thumbs_20250620_131720_1.jpg\"\n               data-image-id=\"5288\"\n               data-title=\"20250620_131720_1\"\n               data-description=\"\"\n               data-image-slug=\"20250620_131720_1\"\n               class=\"ngg-fancybox\" rel=\"029e6258764ee1767104467afaebc5ff\">\n                <img\n                    title=\"20250620_131720_1\"\n                    alt=\"20250620_131720_1\"\n                    src=\"http:\/\/www.zsamshornistudenky.cz\/wp-content\/gallery\/vylet-v-druzine-na-zmrzlinu-cerven-2025\/thumbs\/thumbs_20250620_131720_1.jpg\"\n                    width=\"240\"\n                    height=\"160\"\n                    style=\"max-width:100%;\"\n                \/>\n            <\/a>\n        <\/div>\n\t\t\t\t\t\t\t<\/div> \n\t\t\t\n\t\t\t\t<div id=\"ngg-image-9\" class=\"ngg-gallery-thumbnail-box \" >\n\t\t\t\t        <div class=\"ngg-gallery-thumbnail\">\n            <a href=\"http:\/\/www.zsamshornistudenky.cz\/wp-content\/gallery\/vylet-v-druzine-na-zmrzlinu-cerven-2025\/20250620_131726_1.jpg\"\n               title=\"\"\n               data-src=\"http:\/\/www.zsamshornistudenky.cz\/wp-content\/gallery\/vylet-v-druzine-na-zmrzlinu-cerven-2025\/20250620_131726_1.jpg\"\n               data-thumbnail=\"http:\/\/www.zsamshornistudenky.cz\/wp-content\/gallery\/vylet-v-druzine-na-zmrzlinu-cerven-2025\/thumbs\/thumbs_20250620_131726_1.jpg\"\n               data-image-id=\"5289\"\n               data-title=\"20250620_131726_1\"\n               data-description=\"\"\n               data-image-slug=\"20250620_131726_1\"\n               class=\"ngg-fancybox\" rel=\"029e6258764ee1767104467afaebc5ff\">\n                <img\n                    title=\"20250620_131726_1\"\n                    alt=\"20250620_131726_1\"\n                    src=\"http:\/\/www.zsamshornistudenky.cz\/wp-content\/gallery\/vylet-v-druzine-na-zmrzlinu-cerven-2025\/thumbs\/thumbs_20250620_131726_1.jpg\"\n                    width=\"240\"\n                    height=\"160\"\n                    style=\"max-width:100%;\"\n                \/>\n            <\/a>\n        <\/div>\n\t\t\t\t\t\t\t<\/div> \n\t\t\t\n\t\t\t\t<div id=\"ngg-image-10\" class=\"ngg-gallery-thumbnail-box \" >\n\t\t\t\t        <div class=\"ngg-gallery-thumbnail\">\n            <a href=\"http:\/\/www.zsamshornistudenky.cz\/wp-content\/gallery\/vylet-v-druzine-na-zmrzlinu-cerven-2025\/20250620_131739_1.jpg\"\n               title=\"\"\n               data-src=\"http:\/\/www.zsamshornistudenky.cz\/wp-content\/gallery\/vylet-v-druzine-na-zmrzlinu-cerven-2025\/20250620_131739_1.jpg\"\n               data-thumbnail=\"http:\/\/www.zsamshornistudenky.cz\/wp-content\/gallery\/vylet-v-druzine-na-zmrzlinu-cerven-2025\/thumbs\/thumbs_20250620_131739_1.jpg\"\n               data-image-id=\"5290\"\n               data-title=\"20250620_131739_1\"\n               data-description=\"\"\n               data-image-slug=\"20250620_131739_1\"\n               class=\"ngg-fancybox\" rel=\"029e6258764ee1767104467afaebc5ff\">\n                <img\n                    title=\"20250620_131739_1\"\n                    alt=\"20250620_131739_1\"\n                    src=\"http:\/\/www.zsamshornistudenky.cz\/wp-content\/gallery\/vylet-v-druzine-na-zmrzlinu-cerven-2025\/thumbs\/thumbs_20250620_131739_1.jpg\"\n                    width=\"240\"\n                    height=\"160\"\n                    style=\"max-width:100%;\"\n                \/>\n            <\/a>\n        <\/div>\n\t\t\t\t\t\t\t<\/div> \n\t\t\t\n\t\t\t\t<div id=\"ngg-image-11\" class=\"ngg-gallery-thumbnail-box \" >\n\t\t\t\t        <div class=\"ngg-gallery-thumbnail\">\n            <a href=\"http:\/\/www.zsamshornistudenky.cz\/wp-content\/gallery\/vylet-v-druzine-na-zmrzlinu-cerven-2025\/20250620_131741_1.jpg\"\n               title=\"\"\n               data-src=\"http:\/\/www.zsamshornistudenky.cz\/wp-content\/gallery\/vylet-v-druzine-na-zmrzlinu-cerven-2025\/20250620_131741_1.jpg\"\n               data-thumbnail=\"http:\/\/www.zsamshornistudenky.cz\/wp-content\/gallery\/vylet-v-druzine-na-zmrzlinu-cerven-2025\/thumbs\/thumbs_20250620_131741_1.jpg\"\n               data-image-id=\"5291\"\n               data-title=\"20250620_131741_1\"\n               data-description=\"\"\n               data-image-slug=\"20250620_131741_1\"\n               class=\"ngg-fancybox\" rel=\"029e6258764ee1767104467afaebc5ff\">\n                <img\n                    title=\"20250620_131741_1\"\n                    alt=\"20250620_131741_1\"\n                    src=\"http:\/\/www.zsamshornistudenky.cz\/wp-content\/gallery\/vylet-v-druzine-na-zmrzlinu-cerven-2025\/thumbs\/thumbs_20250620_131741_1.jpg\"\n                    width=\"240\"\n                    height=\"160\"\n                    style=\"max-width:100%;\"\n                \/>\n            <\/a>\n        <\/div>\n\t\t\t\t\t\t\t<\/div> \n\t\t\t\n\t\t\t\t<div id=\"ngg-image-12\" class=\"ngg-gallery-thumbnail-box \" >\n\t\t\t\t        <div class=\"ngg-gallery-thumbnail\">\n            <a href=\"http:\/\/www.zsamshornistudenky.cz\/wp-content\/gallery\/vylet-v-druzine-na-zmrzlinu-cerven-2025\/20250620_1358090.jpg\"\n               title=\"\"\n               data-src=\"http:\/\/www.zsamshornistudenky.cz\/wp-content\/gallery\/vylet-v-druzine-na-zmrzlinu-cerven-2025\/20250620_1358090.jpg\"\n               data-thumbnail=\"http:\/\/www.zsamshornistudenky.cz\/wp-content\/gallery\/vylet-v-druzine-na-zmrzlinu-cerven-2025\/thumbs\/thumbs_20250620_1358090.jpg\"\n               data-image-id=\"5292\"\n               data-title=\"20250620_1358090\"\n               data-description=\"\"\n               data-image-slug=\"20250620_1358090\"\n               class=\"ngg-fancybox\" rel=\"029e6258764ee1767104467afaebc5ff\">\n                <img\n                    title=\"20250620_1358090\"\n                    alt=\"20250620_1358090\"\n                    src=\"http:\/\/www.zsamshornistudenky.cz\/wp-content\/gallery\/vylet-v-druzine-na-zmrzlinu-cerven-2025\/thumbs\/thumbs_20250620_1358090.jpg\"\n                    width=\"240\"\n                    height=\"160\"\n                    style=\"max-width:100%;\"\n                \/>\n            <\/a>\n        <\/div>\n\t\t\t\t\t\t\t<\/div> \n\t\t\t\n\t\n\t<br style=\"clear: both\" \/>\n\n\t\n\t\t<!-- Pagination -->\n\t<div class='ngg-clear'><\/div>\t<\/div>\n<!-- \/wp:imagely\/nextgen-gallery --><!-- wp:paragraph {\"align\":\"right\"} -->\r\n<p style=\"text-align: right;\"><a href=\"http:\/\/www.zsamshornistudenky.cz\/?page_id=43\">&lt;ZP\u011aT<\/a><\/p>","protected":false},"excerpt":{"rendered":"<p>&lt;ZP\u011aT &lt;ZP\u011aT<\/p>\n","protected":false},"author":2,"featured_media":0,"parent":0,"menu_order":0,"comment_status":"closed","ping_status":"closed","template":"","meta":{"ngg_post_thumbnail":0},"_links":{"self":[{"href":"http:\/\/www.zsamshornistudenky.cz\/index.php?rest_route=\/wp\/v2\/pages\/8994"}],"collection":[{"href":"http:\/\/www.zsamshornistudenky.cz\/index.php?rest_route=\/wp\/v2\/pages"}],"about":[{"href":"http:\/\/www.zsamshornistudenky.cz\/index.php?rest_route=\/wp\/v2\/types\/page"}],"author":[{"embeddable":true,"href":"http:\/\/www.zsamshornistudenky.cz\/index.php?rest_route=\/wp\/v2\/users\/2"}],"replies":[{"embeddable":true,"href":"http:\/\/www.zsamshornistudenky.cz\/index.php?rest_route=%2Fwp%2Fv2%2Fcomments&post=8994"}],"version-history":[{"count":1,"href":"http:\/\/www.zsamshornistudenky.cz\/index.php?rest_route=\/wp\/v2\/pages\/8994\/revisions"}],"predecessor-version":[{"id":8995,"href":"http:\/\/www.zsamshornistudenky.cz\/index.php?rest_route=\/wp\/v2\/pages\/8994\/revisions\/8995"}],"wp:attachment":[{"href":"http:\/\/www.zsamshornistudenky.cz\/index.php?rest_route=%2Fwp%2Fv2%2Fmedia&parent=8994"}],"curies":[{"name":"wp","href":"https:\/\/api.w.org\/{rel}","templated":true}]}}