{"id":8978,"date":"2025-10-20T06:32:34","date_gmt":"2025-10-20T06:32:34","guid":{"rendered":"http:\/\/www.zsamshornistudenky.cz\/?page_id=8978"},"modified":"2025-10-20T06:32:34","modified_gmt":"2025-10-20T06:32:34","slug":"fotogalerie-rozlouceni-s-predskolaky-cerven-2025","status":"publish","type":"page","link":"http:\/\/www.zsamshornistudenky.cz\/?page_id=8978","title":{"rendered":"Fotogalerie &#8211; Rozlou\u010den\u00ed s p\u0159ed\u0161kol\u00e1ky &#8211; \u010derven 2025"},"content":{"rendered":"<a href=\"http:\/\/www.zsamshornistudenky.cz\/?page_id=43\">&lt;ZP\u011aT<\/a>\r\n\r\n<!-- \/wp:paragraph --><!-- wp:imagely\/nextgen-gallery -->\r\n\r\n<!-- default-view.php -->\n<div\n\tclass=\"ngg-galleryoverview default-view \"\n\tid=\"ngg-gallery-b853bf45234be2e42db66fe9fa8d966e-1\">\n\n\t\t<!-- Thumbnails -->\n\t\t\t\t<div id=\"ngg-image-0\" class=\"ngg-gallery-thumbnail-box \" >\n\t\t\t\t        <div class=\"ngg-gallery-thumbnail\">\n            <a href=\"http:\/\/www.zsamshornistudenky.cz\/wp-content\/gallery\/rozlouceni-s-predskolaky-cerven-2025\/20250620_092606_1.jpg\"\n               title=\"\"\n               data-src=\"http:\/\/www.zsamshornistudenky.cz\/wp-content\/gallery\/rozlouceni-s-predskolaky-cerven-2025\/20250620_092606_1.jpg\"\n               data-thumbnail=\"http:\/\/www.zsamshornistudenky.cz\/wp-content\/gallery\/rozlouceni-s-predskolaky-cerven-2025\/thumbs\/thumbs_20250620_092606_1.jpg\"\n               data-image-id=\"5276\"\n               data-title=\"20250620_092606_1\"\n               data-description=\"\"\n               data-image-slug=\"20250620_092606_1\"\n               class=\"ngg-fancybox\" rel=\"b853bf45234be2e42db66fe9fa8d966e\">\n                <img\n                    title=\"20250620_092606_1\"\n                    alt=\"20250620_092606_1\"\n                    src=\"http:\/\/www.zsamshornistudenky.cz\/wp-content\/gallery\/rozlouceni-s-predskolaky-cerven-2025\/thumbs\/thumbs_20250620_092606_1.jpg\"\n                    width=\"240\"\n                    height=\"160\"\n                    style=\"max-width:100%;\"\n                \/>\n            <\/a>\n        <\/div>\n\t\t\t\t\t\t\t<\/div> \n\t\t\t\n\t\t\t\t<div id=\"ngg-image-1\" class=\"ngg-gallery-thumbnail-box \" >\n\t\t\t\t        <div class=\"ngg-gallery-thumbnail\">\n            <a href=\"http:\/\/www.zsamshornistudenky.cz\/wp-content\/gallery\/rozlouceni-s-predskolaky-cerven-2025\/20250620_093021_1.jpg\"\n               title=\"\"\n               data-src=\"http:\/\/www.zsamshornistudenky.cz\/wp-content\/gallery\/rozlouceni-s-predskolaky-cerven-2025\/20250620_093021_1.jpg\"\n               data-thumbnail=\"http:\/\/www.zsamshornistudenky.cz\/wp-content\/gallery\/rozlouceni-s-predskolaky-cerven-2025\/thumbs\/thumbs_20250620_093021_1.jpg\"\n               data-image-id=\"5277\"\n               data-title=\"20250620_093021_1\"\n               data-description=\"\"\n               data-image-slug=\"20250620_093021_1\"\n               class=\"ngg-fancybox\" rel=\"b853bf45234be2e42db66fe9fa8d966e\">\n                <img\n                    title=\"20250620_093021_1\"\n                    alt=\"20250620_093021_1\"\n                    src=\"http:\/\/www.zsamshornistudenky.cz\/wp-content\/gallery\/rozlouceni-s-predskolaky-cerven-2025\/thumbs\/thumbs_20250620_093021_1.jpg\"\n                    width=\"240\"\n                    height=\"160\"\n                    style=\"max-width:100%;\"\n                \/>\n            <\/a>\n        <\/div>\n\t\t\t\t\t\t\t<\/div> \n\t\t\t\n\t\t\t\t<div id=\"ngg-image-2\" class=\"ngg-gallery-thumbnail-box \" >\n\t\t\t\t        <div class=\"ngg-gallery-thumbnail\">\n            <a href=\"http:\/\/www.zsamshornistudenky.cz\/wp-content\/gallery\/rozlouceni-s-predskolaky-cerven-2025\/20250620_093054_1.jpg\"\n               title=\"\"\n               data-src=\"http:\/\/www.zsamshornistudenky.cz\/wp-content\/gallery\/rozlouceni-s-predskolaky-cerven-2025\/20250620_093054_1.jpg\"\n               data-thumbnail=\"http:\/\/www.zsamshornistudenky.cz\/wp-content\/gallery\/rozlouceni-s-predskolaky-cerven-2025\/thumbs\/thumbs_20250620_093054_1.jpg\"\n               data-image-id=\"5278\"\n               data-title=\"20250620_093054_1\"\n               data-description=\"\"\n               data-image-slug=\"20250620_093054_1\"\n               class=\"ngg-fancybox\" rel=\"b853bf45234be2e42db66fe9fa8d966e\">\n                <img\n                    title=\"20250620_093054_1\"\n                    alt=\"20250620_093054_1\"\n                    src=\"http:\/\/www.zsamshornistudenky.cz\/wp-content\/gallery\/rozlouceni-s-predskolaky-cerven-2025\/thumbs\/thumbs_20250620_093054_1.jpg\"\n                    width=\"240\"\n                    height=\"160\"\n                    style=\"max-width:100%;\"\n                \/>\n            <\/a>\n        <\/div>\n\t\t\t\t\t\t\t<\/div> \n\t\t\t\n\t\t\t\t<div id=\"ngg-image-3\" class=\"ngg-gallery-thumbnail-box \" >\n\t\t\t\t        <div class=\"ngg-gallery-thumbnail\">\n            <a href=\"http:\/\/www.zsamshornistudenky.cz\/wp-content\/gallery\/rozlouceni-s-predskolaky-cerven-2025\/20250620_093424_1.jpg\"\n               title=\"\"\n               data-src=\"http:\/\/www.zsamshornistudenky.cz\/wp-content\/gallery\/rozlouceni-s-predskolaky-cerven-2025\/20250620_093424_1.jpg\"\n               data-thumbnail=\"http:\/\/www.zsamshornistudenky.cz\/wp-content\/gallery\/rozlouceni-s-predskolaky-cerven-2025\/thumbs\/thumbs_20250620_093424_1.jpg\"\n               data-image-id=\"5279\"\n               data-title=\"20250620_093424_1\"\n               data-description=\"\"\n               data-image-slug=\"20250620_093424_1\"\n               class=\"ngg-fancybox\" rel=\"b853bf45234be2e42db66fe9fa8d966e\">\n                <img\n                    title=\"20250620_093424_1\"\n                    alt=\"20250620_093424_1\"\n                    src=\"http:\/\/www.zsamshornistudenky.cz\/wp-content\/gallery\/rozlouceni-s-predskolaky-cerven-2025\/thumbs\/thumbs_20250620_093424_1.jpg\"\n                    width=\"240\"\n                    height=\"160\"\n                    style=\"max-width:100%;\"\n                \/>\n            <\/a>\n        <\/div>\n\t\t\t\t\t\t\t<\/div> \n\t\t\t\n\t\n\t<br style=\"clear: both\" \/>\n\n\t\n\t\t<!-- Pagination -->\n\t<div class='ngg-clear'><\/div>\t<\/div>\n<!-- \/wp:imagely\/nextgen-gallery --><!-- wp:paragraph {\"align\":\"right\"} -->\r\n<p style=\"text-align: right;\"><a href=\"http:\/\/www.zsamshornistudenky.cz\/?page_id=43\">&lt;ZP\u011aT<\/a><\/p>","protected":false},"excerpt":{"rendered":"<p>&lt;ZP\u011aT &lt;ZP\u011aT<\/p>\n","protected":false},"author":2,"featured_media":0,"parent":0,"menu_order":0,"comment_status":"closed","ping_status":"closed","template":"","meta":{"ngg_post_thumbnail":0},"_links":{"self":[{"href":"http:\/\/www.zsamshornistudenky.cz\/index.php?rest_route=\/wp\/v2\/pages\/8978"}],"collection":[{"href":"http:\/\/www.zsamshornistudenky.cz\/index.php?rest_route=\/wp\/v2\/pages"}],"about":[{"href":"http:\/\/www.zsamshornistudenky.cz\/index.php?rest_route=\/wp\/v2\/types\/page"}],"author":[{"embeddable":true,"href":"http:\/\/www.zsamshornistudenky.cz\/index.php?rest_route=\/wp\/v2\/users\/2"}],"replies":[{"embeddable":true,"href":"http:\/\/www.zsamshornistudenky.cz\/index.php?rest_route=%2Fwp%2Fv2%2Fcomments&post=8978"}],"version-history":[{"count":1,"href":"http:\/\/www.zsamshornistudenky.cz\/index.php?rest_route=\/wp\/v2\/pages\/8978\/revisions"}],"predecessor-version":[{"id":8979,"href":"http:\/\/www.zsamshornistudenky.cz\/index.php?rest_route=\/wp\/v2\/pages\/8978\/revisions\/8979"}],"wp:attachment":[{"href":"http:\/\/www.zsamshornistudenky.cz\/index.php?rest_route=%2Fwp%2Fv2%2Fmedia&parent=8978"}],"curies":[{"name":"wp","href":"https:\/\/api.w.org\/{rel}","templated":true}]}}