{"id":8951,"date":"2025-10-06T08:29:32","date_gmt":"2025-10-06T08:29:32","guid":{"rendered":"http:\/\/www.zsamshornistudenky.cz\/?page_id=8951"},"modified":"2025-10-06T08:29:32","modified_gmt":"2025-10-06T08:29:32","slug":"fotogalerie-ms-v-knihovne-v-zabreze","status":"publish","type":"page","link":"http:\/\/www.zsamshornistudenky.cz\/?page_id=8951","title":{"rendered":"Fotogalerie &#8211; M\u0160 v Knihovn\u011b v Z\u00e1b\u0159eze"},"content":{"rendered":"<a href=\"http:\/\/www.zsamshornistudenky.cz\/?page_id=43\">&lt;ZP\u011aT<\/a>\r\n\r\n<!-- \/wp:paragraph --><!-- wp:imagely\/nextgen-gallery -->\r\n\r\n<!-- default-view.php -->\n<div\n\tclass=\"ngg-galleryoverview default-view \"\n\tid=\"ngg-gallery-682ccc42f33711368e1288e72d099f49-1\">\n\n\t\t<!-- Thumbnails -->\n\t\t\t\t<div id=\"ngg-image-0\" class=\"ngg-gallery-thumbnail-box \" >\n\t\t\t\t        <div class=\"ngg-gallery-thumbnail\">\n            <a href=\"http:\/\/www.zsamshornistudenky.cz\/wp-content\/gallery\/ms-v-knihovne-v-zabreze-11-4-2025\/20250416_082725.jpg\"\n               title=\"\"\n               data-src=\"http:\/\/www.zsamshornistudenky.cz\/wp-content\/gallery\/ms-v-knihovne-v-zabreze-11-4-2025\/20250416_082725.jpg\"\n               data-thumbnail=\"http:\/\/www.zsamshornistudenky.cz\/wp-content\/gallery\/ms-v-knihovne-v-zabreze-11-4-2025\/thumbs\/thumbs_20250416_082725.jpg\"\n               data-image-id=\"5267\"\n               data-title=\"20250416_082725\"\n               data-description=\"\"\n               data-image-slug=\"20250416_082725\"\n               class=\"ngg-fancybox\" rel=\"682ccc42f33711368e1288e72d099f49\">\n                <img\n                    title=\"20250416_082725\"\n                    alt=\"20250416_082725\"\n                    src=\"http:\/\/www.zsamshornistudenky.cz\/wp-content\/gallery\/ms-v-knihovne-v-zabreze-11-4-2025\/thumbs\/thumbs_20250416_082725.jpg\"\n                    width=\"240\"\n                    height=\"160\"\n                    style=\"max-width:100%;\"\n                \/>\n            <\/a>\n        <\/div>\n\t\t\t\t\t\t\t<\/div> \n\t\t\t\n\t\t\t\t<div id=\"ngg-image-1\" class=\"ngg-gallery-thumbnail-box \" >\n\t\t\t\t        <div class=\"ngg-gallery-thumbnail\">\n            <a href=\"http:\/\/www.zsamshornistudenky.cz\/wp-content\/gallery\/ms-v-knihovne-v-zabreze-11-4-2025\/20250416_092343.jpg\"\n               title=\"\"\n               data-src=\"http:\/\/www.zsamshornistudenky.cz\/wp-content\/gallery\/ms-v-knihovne-v-zabreze-11-4-2025\/20250416_092343.jpg\"\n               data-thumbnail=\"http:\/\/www.zsamshornistudenky.cz\/wp-content\/gallery\/ms-v-knihovne-v-zabreze-11-4-2025\/thumbs\/thumbs_20250416_092343.jpg\"\n               data-image-id=\"5268\"\n               data-title=\"20250416_092343\"\n               data-description=\"\"\n               data-image-slug=\"20250416_092343\"\n               class=\"ngg-fancybox\" rel=\"682ccc42f33711368e1288e72d099f49\">\n                <img\n                    title=\"20250416_092343\"\n                    alt=\"20250416_092343\"\n                    src=\"http:\/\/www.zsamshornistudenky.cz\/wp-content\/gallery\/ms-v-knihovne-v-zabreze-11-4-2025\/thumbs\/thumbs_20250416_092343.jpg\"\n                    width=\"240\"\n                    height=\"160\"\n                    style=\"max-width:100%;\"\n                \/>\n            <\/a>\n        <\/div>\n\t\t\t\t\t\t\t<\/div> \n\t\t\t\n\t\t\t\t<div id=\"ngg-image-2\" class=\"ngg-gallery-thumbnail-box \" >\n\t\t\t\t        <div class=\"ngg-gallery-thumbnail\">\n            <a href=\"http:\/\/www.zsamshornistudenky.cz\/wp-content\/gallery\/ms-v-knihovne-v-zabreze-11-4-2025\/20250416_094102.jpg\"\n               title=\"\"\n               data-src=\"http:\/\/www.zsamshornistudenky.cz\/wp-content\/gallery\/ms-v-knihovne-v-zabreze-11-4-2025\/20250416_094102.jpg\"\n               data-thumbnail=\"http:\/\/www.zsamshornistudenky.cz\/wp-content\/gallery\/ms-v-knihovne-v-zabreze-11-4-2025\/thumbs\/thumbs_20250416_094102.jpg\"\n               data-image-id=\"5269\"\n               data-title=\"20250416_094102\"\n               data-description=\"\"\n               data-image-slug=\"20250416_094102\"\n               class=\"ngg-fancybox\" rel=\"682ccc42f33711368e1288e72d099f49\">\n                <img\n                    title=\"20250416_094102\"\n                    alt=\"20250416_094102\"\n                    src=\"http:\/\/www.zsamshornistudenky.cz\/wp-content\/gallery\/ms-v-knihovne-v-zabreze-11-4-2025\/thumbs\/thumbs_20250416_094102.jpg\"\n                    width=\"240\"\n                    height=\"160\"\n                    style=\"max-width:100%;\"\n                \/>\n            <\/a>\n        <\/div>\n\t\t\t\t\t\t\t<\/div> \n\t\t\t\n\t\t\t\t<div id=\"ngg-image-3\" class=\"ngg-gallery-thumbnail-box \" >\n\t\t\t\t        <div class=\"ngg-gallery-thumbnail\">\n            <a href=\"http:\/\/www.zsamshornistudenky.cz\/wp-content\/gallery\/ms-v-knihovne-v-zabreze-11-4-2025\/20250416_094130.jpg\"\n               title=\"\"\n               data-src=\"http:\/\/www.zsamshornistudenky.cz\/wp-content\/gallery\/ms-v-knihovne-v-zabreze-11-4-2025\/20250416_094130.jpg\"\n               data-thumbnail=\"http:\/\/www.zsamshornistudenky.cz\/wp-content\/gallery\/ms-v-knihovne-v-zabreze-11-4-2025\/thumbs\/thumbs_20250416_094130.jpg\"\n               data-image-id=\"5270\"\n               data-title=\"20250416_094130\"\n               data-description=\"\"\n               data-image-slug=\"20250416_094130\"\n               class=\"ngg-fancybox\" rel=\"682ccc42f33711368e1288e72d099f49\">\n                <img\n                    title=\"20250416_094130\"\n                    alt=\"20250416_094130\"\n                    src=\"http:\/\/www.zsamshornistudenky.cz\/wp-content\/gallery\/ms-v-knihovne-v-zabreze-11-4-2025\/thumbs\/thumbs_20250416_094130.jpg\"\n                    width=\"240\"\n                    height=\"160\"\n                    style=\"max-width:100%;\"\n                \/>\n            <\/a>\n        <\/div>\n\t\t\t\t\t\t\t<\/div> \n\t\t\t\n\t\t\t\t<div id=\"ngg-image-4\" class=\"ngg-gallery-thumbnail-box \" >\n\t\t\t\t        <div class=\"ngg-gallery-thumbnail\">\n            <a href=\"http:\/\/www.zsamshornistudenky.cz\/wp-content\/gallery\/ms-v-knihovne-v-zabreze-11-4-2025\/20250416_100855.jpg\"\n               title=\"\"\n               data-src=\"http:\/\/www.zsamshornistudenky.cz\/wp-content\/gallery\/ms-v-knihovne-v-zabreze-11-4-2025\/20250416_100855.jpg\"\n               data-thumbnail=\"http:\/\/www.zsamshornistudenky.cz\/wp-content\/gallery\/ms-v-knihovne-v-zabreze-11-4-2025\/thumbs\/thumbs_20250416_100855.jpg\"\n               data-image-id=\"5271\"\n               data-title=\"20250416_100855\"\n               data-description=\"\"\n               data-image-slug=\"20250416_100855\"\n               class=\"ngg-fancybox\" rel=\"682ccc42f33711368e1288e72d099f49\">\n                <img\n                    title=\"20250416_100855\"\n                    alt=\"20250416_100855\"\n                    src=\"http:\/\/www.zsamshornistudenky.cz\/wp-content\/gallery\/ms-v-knihovne-v-zabreze-11-4-2025\/thumbs\/thumbs_20250416_100855.jpg\"\n                    width=\"240\"\n                    height=\"160\"\n                    style=\"max-width:100%;\"\n                \/>\n            <\/a>\n        <\/div>\n\t\t\t\t\t\t\t<\/div> \n\t\t\t\n\t\t\t\t<div id=\"ngg-image-5\" class=\"ngg-gallery-thumbnail-box \" >\n\t\t\t\t        <div class=\"ngg-gallery-thumbnail\">\n            <a href=\"http:\/\/www.zsamshornistudenky.cz\/wp-content\/gallery\/ms-v-knihovne-v-zabreze-11-4-2025\/20250416_100858.jpg\"\n               title=\"\"\n               data-src=\"http:\/\/www.zsamshornistudenky.cz\/wp-content\/gallery\/ms-v-knihovne-v-zabreze-11-4-2025\/20250416_100858.jpg\"\n               data-thumbnail=\"http:\/\/www.zsamshornistudenky.cz\/wp-content\/gallery\/ms-v-knihovne-v-zabreze-11-4-2025\/thumbs\/thumbs_20250416_100858.jpg\"\n               data-image-id=\"5272\"\n               data-title=\"20250416_100858\"\n               data-description=\"\"\n               data-image-slug=\"20250416_100858\"\n               class=\"ngg-fancybox\" rel=\"682ccc42f33711368e1288e72d099f49\">\n                <img\n                    title=\"20250416_100858\"\n                    alt=\"20250416_100858\"\n                    src=\"http:\/\/www.zsamshornistudenky.cz\/wp-content\/gallery\/ms-v-knihovne-v-zabreze-11-4-2025\/thumbs\/thumbs_20250416_100858.jpg\"\n                    width=\"240\"\n                    height=\"160\"\n                    style=\"max-width:100%;\"\n                \/>\n            <\/a>\n        <\/div>\n\t\t\t\t\t\t\t<\/div> \n\t\t\t\n\t\t\t\t<div id=\"ngg-image-6\" class=\"ngg-gallery-thumbnail-box \" >\n\t\t\t\t        <div class=\"ngg-gallery-thumbnail\">\n            <a href=\"http:\/\/www.zsamshornistudenky.cz\/wp-content\/gallery\/ms-v-knihovne-v-zabreze-11-4-2025\/20250416_100919.jpg\"\n               title=\"\"\n               data-src=\"http:\/\/www.zsamshornistudenky.cz\/wp-content\/gallery\/ms-v-knihovne-v-zabreze-11-4-2025\/20250416_100919.jpg\"\n               data-thumbnail=\"http:\/\/www.zsamshornistudenky.cz\/wp-content\/gallery\/ms-v-knihovne-v-zabreze-11-4-2025\/thumbs\/thumbs_20250416_100919.jpg\"\n               data-image-id=\"5273\"\n               data-title=\"20250416_100919\"\n               data-description=\"\"\n               data-image-slug=\"20250416_100919\"\n               class=\"ngg-fancybox\" rel=\"682ccc42f33711368e1288e72d099f49\">\n                <img\n                    title=\"20250416_100919\"\n                    alt=\"20250416_100919\"\n                    src=\"http:\/\/www.zsamshornistudenky.cz\/wp-content\/gallery\/ms-v-knihovne-v-zabreze-11-4-2025\/thumbs\/thumbs_20250416_100919.jpg\"\n                    width=\"240\"\n                    height=\"160\"\n                    style=\"max-width:100%;\"\n                \/>\n            <\/a>\n        <\/div>\n\t\t\t\t\t\t\t<\/div> \n\t\t\t\n\t\t\t\t<div id=\"ngg-image-7\" class=\"ngg-gallery-thumbnail-box \" >\n\t\t\t\t        <div class=\"ngg-gallery-thumbnail\">\n            <a href=\"http:\/\/www.zsamshornistudenky.cz\/wp-content\/gallery\/ms-v-knihovne-v-zabreze-11-4-2025\/20250416_100931.jpg\"\n               title=\"\"\n               data-src=\"http:\/\/www.zsamshornistudenky.cz\/wp-content\/gallery\/ms-v-knihovne-v-zabreze-11-4-2025\/20250416_100931.jpg\"\n               data-thumbnail=\"http:\/\/www.zsamshornistudenky.cz\/wp-content\/gallery\/ms-v-knihovne-v-zabreze-11-4-2025\/thumbs\/thumbs_20250416_100931.jpg\"\n               data-image-id=\"5274\"\n               data-title=\"20250416_100931\"\n               data-description=\"\"\n               data-image-slug=\"20250416_100931\"\n               class=\"ngg-fancybox\" rel=\"682ccc42f33711368e1288e72d099f49\">\n                <img\n                    title=\"20250416_100931\"\n                    alt=\"20250416_100931\"\n                    src=\"http:\/\/www.zsamshornistudenky.cz\/wp-content\/gallery\/ms-v-knihovne-v-zabreze-11-4-2025\/thumbs\/thumbs_20250416_100931.jpg\"\n                    width=\"240\"\n                    height=\"160\"\n                    style=\"max-width:100%;\"\n                \/>\n            <\/a>\n        <\/div>\n\t\t\t\t\t\t\t<\/div> \n\t\t\t\n\t\t\t\t<div id=\"ngg-image-8\" class=\"ngg-gallery-thumbnail-box \" >\n\t\t\t\t        <div class=\"ngg-gallery-thumbnail\">\n            <a href=\"http:\/\/www.zsamshornistudenky.cz\/wp-content\/gallery\/ms-v-knihovne-v-zabreze-11-4-2025\/20250416_101009.jpg\"\n               title=\"\"\n               data-src=\"http:\/\/www.zsamshornistudenky.cz\/wp-content\/gallery\/ms-v-knihovne-v-zabreze-11-4-2025\/20250416_101009.jpg\"\n               data-thumbnail=\"http:\/\/www.zsamshornistudenky.cz\/wp-content\/gallery\/ms-v-knihovne-v-zabreze-11-4-2025\/thumbs\/thumbs_20250416_101009.jpg\"\n               data-image-id=\"5275\"\n               data-title=\"20250416_101009\"\n               data-description=\"\"\n               data-image-slug=\"20250416_101009\"\n               class=\"ngg-fancybox\" rel=\"682ccc42f33711368e1288e72d099f49\">\n                <img\n                    title=\"20250416_101009\"\n                    alt=\"20250416_101009\"\n                    src=\"http:\/\/www.zsamshornistudenky.cz\/wp-content\/gallery\/ms-v-knihovne-v-zabreze-11-4-2025\/thumbs\/thumbs_20250416_101009.jpg\"\n                    width=\"240\"\n                    height=\"160\"\n                    style=\"max-width:100%;\"\n                \/>\n            <\/a>\n        <\/div>\n\t\t\t\t\t\t\t<\/div> \n\t\t\t\n\t\n\t<br style=\"clear: both\" \/>\n\n\t\n\t\t<!-- Pagination -->\n\t<div class='ngg-clear'><\/div>\t<\/div>\n<!-- \/wp:imagely\/nextgen-gallery --><!-- wp:paragraph {\"align\":\"right\"} -->\r\n<p style=\"text-align: right;\"><a href=\"http:\/\/www.zsamshornistudenky.cz\/?page_id=43\">&lt;ZP\u011aT<\/a><\/p>","protected":false},"excerpt":{"rendered":"<p>&lt;ZP\u011aT &lt;ZP\u011aT<\/p>\n","protected":false},"author":2,"featured_media":0,"parent":0,"menu_order":0,"comment_status":"closed","ping_status":"closed","template":"","meta":{"ngg_post_thumbnail":0},"_links":{"self":[{"href":"http:\/\/www.zsamshornistudenky.cz\/index.php?rest_route=\/wp\/v2\/pages\/8951"}],"collection":[{"href":"http:\/\/www.zsamshornistudenky.cz\/index.php?rest_route=\/wp\/v2\/pages"}],"about":[{"href":"http:\/\/www.zsamshornistudenky.cz\/index.php?rest_route=\/wp\/v2\/types\/page"}],"author":[{"embeddable":true,"href":"http:\/\/www.zsamshornistudenky.cz\/index.php?rest_route=\/wp\/v2\/users\/2"}],"replies":[{"embeddable":true,"href":"http:\/\/www.zsamshornistudenky.cz\/index.php?rest_route=%2Fwp%2Fv2%2Fcomments&post=8951"}],"version-history":[{"count":1,"href":"http:\/\/www.zsamshornistudenky.cz\/index.php?rest_route=\/wp\/v2\/pages\/8951\/revisions"}],"predecessor-version":[{"id":8952,"href":"http:\/\/www.zsamshornistudenky.cz\/index.php?rest_route=\/wp\/v2\/pages\/8951\/revisions\/8952"}],"wp:attachment":[{"href":"http:\/\/www.zsamshornistudenky.cz\/index.php?rest_route=%2Fwp%2Fv2%2Fmedia&parent=8951"}],"curies":[{"name":"wp","href":"https:\/\/api.w.org\/{rel}","templated":true}]}}