{"id":8768,"date":"2025-05-12T09:21:07","date_gmt":"2025-05-12T09:21:07","guid":{"rendered":"http:\/\/www.zsamshornistudenky.cz\/?page_id=8768"},"modified":"2025-05-12T09:21:07","modified_gmt":"2025-05-12T09:21:07","slug":"fotogalerie-predstaveni-z-devatera-pohadek-19-12-2024","status":"publish","type":"page","link":"http:\/\/www.zsamshornistudenky.cz\/?page_id=8768","title":{"rendered":"Fotogalerie &#8211; P\u0159edstaven\u00ed Z Devatera poh\u00e1dek 19.12.2024"},"content":{"rendered":"<a href=\"http:\/\/www.zsamshornistudenky.cz\/?page_id=43\">&lt;ZP\u011aT<\/a>\r\n\r\n<!-- \/wp:paragraph --><!-- wp:imagely\/nextgen-gallery -->\r\n\r\n<!-- default-view.php -->\n<div\n\tclass=\"ngg-galleryoverview default-view \"\n\tid=\"ngg-gallery-194bb31b2c03fa44a00d691e3d06fe56-1\">\n\n\t\t<!-- Thumbnails -->\n\t\t\t\t<div id=\"ngg-image-0\" class=\"ngg-gallery-thumbnail-box \" >\n\t\t\t\t        <div class=\"ngg-gallery-thumbnail\">\n            <a href=\"http:\/\/www.zsamshornistudenky.cz\/wp-content\/gallery\/z-devatera-pohadek-19-12-2024\/20241219_080040_1.jpg\"\n               title=\"\"\n               data-src=\"http:\/\/www.zsamshornistudenky.cz\/wp-content\/gallery\/z-devatera-pohadek-19-12-2024\/20241219_080040_1.jpg\"\n               data-thumbnail=\"http:\/\/www.zsamshornistudenky.cz\/wp-content\/gallery\/z-devatera-pohadek-19-12-2024\/thumbs\/thumbs_20241219_080040_1.jpg\"\n               data-image-id=\"5175\"\n               data-title=\"20241219_080040_1\"\n               data-description=\"\"\n               data-image-slug=\"20241219_080040_1\"\n               class=\"ngg-fancybox\" rel=\"194bb31b2c03fa44a00d691e3d06fe56\">\n                <img\n                    title=\"20241219_080040_1\"\n                    alt=\"20241219_080040_1\"\n                    src=\"http:\/\/www.zsamshornistudenky.cz\/wp-content\/gallery\/z-devatera-pohadek-19-12-2024\/thumbs\/thumbs_20241219_080040_1.jpg\"\n                    width=\"240\"\n                    height=\"160\"\n                    style=\"max-width:100%;\"\n                \/>\n            <\/a>\n        <\/div>\n\t\t\t\t\t\t\t<\/div> \n\t\t\t\n\t\t\t\t<div id=\"ngg-image-1\" class=\"ngg-gallery-thumbnail-box \" >\n\t\t\t\t        <div class=\"ngg-gallery-thumbnail\">\n            <a href=\"http:\/\/www.zsamshornistudenky.cz\/wp-content\/gallery\/z-devatera-pohadek-19-12-2024\/20241219_080042_1.jpg\"\n               title=\"\"\n               data-src=\"http:\/\/www.zsamshornistudenky.cz\/wp-content\/gallery\/z-devatera-pohadek-19-12-2024\/20241219_080042_1.jpg\"\n               data-thumbnail=\"http:\/\/www.zsamshornistudenky.cz\/wp-content\/gallery\/z-devatera-pohadek-19-12-2024\/thumbs\/thumbs_20241219_080042_1.jpg\"\n               data-image-id=\"5176\"\n               data-title=\"20241219_080042_1\"\n               data-description=\"\"\n               data-image-slug=\"20241219_080042_1\"\n               class=\"ngg-fancybox\" rel=\"194bb31b2c03fa44a00d691e3d06fe56\">\n                <img\n                    title=\"20241219_080042_1\"\n                    alt=\"20241219_080042_1\"\n                    src=\"http:\/\/www.zsamshornistudenky.cz\/wp-content\/gallery\/z-devatera-pohadek-19-12-2024\/thumbs\/thumbs_20241219_080042_1.jpg\"\n                    width=\"240\"\n                    height=\"160\"\n                    style=\"max-width:100%;\"\n                \/>\n            <\/a>\n        <\/div>\n\t\t\t\t\t\t\t<\/div> \n\t\t\t\n\t\t\t\t<div id=\"ngg-image-2\" class=\"ngg-gallery-thumbnail-box \" >\n\t\t\t\t        <div class=\"ngg-gallery-thumbnail\">\n            <a href=\"http:\/\/www.zsamshornistudenky.cz\/wp-content\/gallery\/z-devatera-pohadek-19-12-2024\/20241219_080317_1.jpg\"\n               title=\"\"\n               data-src=\"http:\/\/www.zsamshornistudenky.cz\/wp-content\/gallery\/z-devatera-pohadek-19-12-2024\/20241219_080317_1.jpg\"\n               data-thumbnail=\"http:\/\/www.zsamshornistudenky.cz\/wp-content\/gallery\/z-devatera-pohadek-19-12-2024\/thumbs\/thumbs_20241219_080317_1.jpg\"\n               data-image-id=\"5177\"\n               data-title=\"20241219_080317_1\"\n               data-description=\"\"\n               data-image-slug=\"20241219_080317_1\"\n               class=\"ngg-fancybox\" rel=\"194bb31b2c03fa44a00d691e3d06fe56\">\n                <img\n                    title=\"20241219_080317_1\"\n                    alt=\"20241219_080317_1\"\n                    src=\"http:\/\/www.zsamshornistudenky.cz\/wp-content\/gallery\/z-devatera-pohadek-19-12-2024\/thumbs\/thumbs_20241219_080317_1.jpg\"\n                    width=\"240\"\n                    height=\"160\"\n                    style=\"max-width:100%;\"\n                \/>\n            <\/a>\n        <\/div>\n\t\t\t\t\t\t\t<\/div> \n\t\t\t\n\t\t\t\t<div id=\"ngg-image-3\" class=\"ngg-gallery-thumbnail-box \" >\n\t\t\t\t        <div class=\"ngg-gallery-thumbnail\">\n            <a href=\"http:\/\/www.zsamshornistudenky.cz\/wp-content\/gallery\/z-devatera-pohadek-19-12-2024\/20241219_080319_1.jpg\"\n               title=\"\"\n               data-src=\"http:\/\/www.zsamshornistudenky.cz\/wp-content\/gallery\/z-devatera-pohadek-19-12-2024\/20241219_080319_1.jpg\"\n               data-thumbnail=\"http:\/\/www.zsamshornistudenky.cz\/wp-content\/gallery\/z-devatera-pohadek-19-12-2024\/thumbs\/thumbs_20241219_080319_1.jpg\"\n               data-image-id=\"5178\"\n               data-title=\"20241219_080319_1\"\n               data-description=\"\"\n               data-image-slug=\"20241219_080319_1\"\n               class=\"ngg-fancybox\" rel=\"194bb31b2c03fa44a00d691e3d06fe56\">\n                <img\n                    title=\"20241219_080319_1\"\n                    alt=\"20241219_080319_1\"\n                    src=\"http:\/\/www.zsamshornistudenky.cz\/wp-content\/gallery\/z-devatera-pohadek-19-12-2024\/thumbs\/thumbs_20241219_080319_1.jpg\"\n                    width=\"240\"\n                    height=\"160\"\n                    style=\"max-width:100%;\"\n                \/>\n            <\/a>\n        <\/div>\n\t\t\t\t\t\t\t<\/div> \n\t\t\t\n\t\t\t\t<div id=\"ngg-image-4\" class=\"ngg-gallery-thumbnail-box \" >\n\t\t\t\t        <div class=\"ngg-gallery-thumbnail\">\n            <a href=\"http:\/\/www.zsamshornistudenky.cz\/wp-content\/gallery\/z-devatera-pohadek-19-12-2024\/20241219_080320_1.jpg\"\n               title=\"\"\n               data-src=\"http:\/\/www.zsamshornistudenky.cz\/wp-content\/gallery\/z-devatera-pohadek-19-12-2024\/20241219_080320_1.jpg\"\n               data-thumbnail=\"http:\/\/www.zsamshornistudenky.cz\/wp-content\/gallery\/z-devatera-pohadek-19-12-2024\/thumbs\/thumbs_20241219_080320_1.jpg\"\n               data-image-id=\"5179\"\n               data-title=\"20241219_080320_1\"\n               data-description=\"\"\n               data-image-slug=\"20241219_080320_1\"\n               class=\"ngg-fancybox\" rel=\"194bb31b2c03fa44a00d691e3d06fe56\">\n                <img\n                    title=\"20241219_080320_1\"\n                    alt=\"20241219_080320_1\"\n                    src=\"http:\/\/www.zsamshornistudenky.cz\/wp-content\/gallery\/z-devatera-pohadek-19-12-2024\/thumbs\/thumbs_20241219_080320_1.jpg\"\n                    width=\"240\"\n                    height=\"160\"\n                    style=\"max-width:100%;\"\n                \/>\n            <\/a>\n        <\/div>\n\t\t\t\t\t\t\t<\/div> \n\t\t\t\n\t\t\t\t<div id=\"ngg-image-5\" class=\"ngg-gallery-thumbnail-box \" >\n\t\t\t\t        <div class=\"ngg-gallery-thumbnail\">\n            <a href=\"http:\/\/www.zsamshornistudenky.cz\/wp-content\/gallery\/z-devatera-pohadek-19-12-2024\/20241219_080959_1.jpg\"\n               title=\"\"\n               data-src=\"http:\/\/www.zsamshornistudenky.cz\/wp-content\/gallery\/z-devatera-pohadek-19-12-2024\/20241219_080959_1.jpg\"\n               data-thumbnail=\"http:\/\/www.zsamshornistudenky.cz\/wp-content\/gallery\/z-devatera-pohadek-19-12-2024\/thumbs\/thumbs_20241219_080959_1.jpg\"\n               data-image-id=\"5180\"\n               data-title=\"20241219_080959_1\"\n               data-description=\"\"\n               data-image-slug=\"20241219_080959_1\"\n               class=\"ngg-fancybox\" rel=\"194bb31b2c03fa44a00d691e3d06fe56\">\n                <img\n                    title=\"20241219_080959_1\"\n                    alt=\"20241219_080959_1\"\n                    src=\"http:\/\/www.zsamshornistudenky.cz\/wp-content\/gallery\/z-devatera-pohadek-19-12-2024\/thumbs\/thumbs_20241219_080959_1.jpg\"\n                    width=\"240\"\n                    height=\"160\"\n                    style=\"max-width:100%;\"\n                \/>\n            <\/a>\n        <\/div>\n\t\t\t\t\t\t\t<\/div> \n\t\t\t\n\t\t\t\t<div id=\"ngg-image-6\" class=\"ngg-gallery-thumbnail-box \" >\n\t\t\t\t        <div class=\"ngg-gallery-thumbnail\">\n            <a href=\"http:\/\/www.zsamshornistudenky.cz\/wp-content\/gallery\/z-devatera-pohadek-19-12-2024\/20241219_081008_1.jpg\"\n               title=\"\"\n               data-src=\"http:\/\/www.zsamshornistudenky.cz\/wp-content\/gallery\/z-devatera-pohadek-19-12-2024\/20241219_081008_1.jpg\"\n               data-thumbnail=\"http:\/\/www.zsamshornistudenky.cz\/wp-content\/gallery\/z-devatera-pohadek-19-12-2024\/thumbs\/thumbs_20241219_081008_1.jpg\"\n               data-image-id=\"5181\"\n               data-title=\"20241219_081008_1\"\n               data-description=\"\"\n               data-image-slug=\"20241219_081008_1\"\n               class=\"ngg-fancybox\" rel=\"194bb31b2c03fa44a00d691e3d06fe56\">\n                <img\n                    title=\"20241219_081008_1\"\n                    alt=\"20241219_081008_1\"\n                    src=\"http:\/\/www.zsamshornistudenky.cz\/wp-content\/gallery\/z-devatera-pohadek-19-12-2024\/thumbs\/thumbs_20241219_081008_1.jpg\"\n                    width=\"240\"\n                    height=\"160\"\n                    style=\"max-width:100%;\"\n                \/>\n            <\/a>\n        <\/div>\n\t\t\t\t\t\t\t<\/div> \n\t\t\t\n\t\t\t\t<div id=\"ngg-image-7\" class=\"ngg-gallery-thumbnail-box \" >\n\t\t\t\t        <div class=\"ngg-gallery-thumbnail\">\n            <a href=\"http:\/\/www.zsamshornistudenky.cz\/wp-content\/gallery\/z-devatera-pohadek-19-12-2024\/20241219_081128_1.jpg\"\n               title=\"\"\n               data-src=\"http:\/\/www.zsamshornistudenky.cz\/wp-content\/gallery\/z-devatera-pohadek-19-12-2024\/20241219_081128_1.jpg\"\n               data-thumbnail=\"http:\/\/www.zsamshornistudenky.cz\/wp-content\/gallery\/z-devatera-pohadek-19-12-2024\/thumbs\/thumbs_20241219_081128_1.jpg\"\n               data-image-id=\"5182\"\n               data-title=\"20241219_081128_1\"\n               data-description=\"\"\n               data-image-slug=\"20241219_081128_1\"\n               class=\"ngg-fancybox\" rel=\"194bb31b2c03fa44a00d691e3d06fe56\">\n                <img\n                    title=\"20241219_081128_1\"\n                    alt=\"20241219_081128_1\"\n                    src=\"http:\/\/www.zsamshornistudenky.cz\/wp-content\/gallery\/z-devatera-pohadek-19-12-2024\/thumbs\/thumbs_20241219_081128_1.jpg\"\n                    width=\"240\"\n                    height=\"160\"\n                    style=\"max-width:100%;\"\n                \/>\n            <\/a>\n        <\/div>\n\t\t\t\t\t\t\t<\/div> \n\t\t\t\n\t\t\t\t<div id=\"ngg-image-8\" class=\"ngg-gallery-thumbnail-box \" >\n\t\t\t\t        <div class=\"ngg-gallery-thumbnail\">\n            <a href=\"http:\/\/www.zsamshornistudenky.cz\/wp-content\/gallery\/z-devatera-pohadek-19-12-2024\/20241219_081147_1.jpg\"\n               title=\"\"\n               data-src=\"http:\/\/www.zsamshornistudenky.cz\/wp-content\/gallery\/z-devatera-pohadek-19-12-2024\/20241219_081147_1.jpg\"\n               data-thumbnail=\"http:\/\/www.zsamshornistudenky.cz\/wp-content\/gallery\/z-devatera-pohadek-19-12-2024\/thumbs\/thumbs_20241219_081147_1.jpg\"\n               data-image-id=\"5183\"\n               data-title=\"20241219_081147_1\"\n               data-description=\"\"\n               data-image-slug=\"20241219_081147_1\"\n               class=\"ngg-fancybox\" rel=\"194bb31b2c03fa44a00d691e3d06fe56\">\n                <img\n                    title=\"20241219_081147_1\"\n                    alt=\"20241219_081147_1\"\n                    src=\"http:\/\/www.zsamshornistudenky.cz\/wp-content\/gallery\/z-devatera-pohadek-19-12-2024\/thumbs\/thumbs_20241219_081147_1.jpg\"\n                    width=\"240\"\n                    height=\"160\"\n                    style=\"max-width:100%;\"\n                \/>\n            <\/a>\n        <\/div>\n\t\t\t\t\t\t\t<\/div> \n\t\t\t\n\t\t\t\t<div id=\"ngg-image-9\" class=\"ngg-gallery-thumbnail-box \" >\n\t\t\t\t        <div class=\"ngg-gallery-thumbnail\">\n            <a href=\"http:\/\/www.zsamshornistudenky.cz\/wp-content\/gallery\/z-devatera-pohadek-19-12-2024\/20241219_081155_1.jpg\"\n               title=\"\"\n               data-src=\"http:\/\/www.zsamshornistudenky.cz\/wp-content\/gallery\/z-devatera-pohadek-19-12-2024\/20241219_081155_1.jpg\"\n               data-thumbnail=\"http:\/\/www.zsamshornistudenky.cz\/wp-content\/gallery\/z-devatera-pohadek-19-12-2024\/thumbs\/thumbs_20241219_081155_1.jpg\"\n               data-image-id=\"5184\"\n               data-title=\"20241219_081155_1\"\n               data-description=\"\"\n               data-image-slug=\"20241219_081155_1\"\n               class=\"ngg-fancybox\" rel=\"194bb31b2c03fa44a00d691e3d06fe56\">\n                <img\n                    title=\"20241219_081155_1\"\n                    alt=\"20241219_081155_1\"\n                    src=\"http:\/\/www.zsamshornistudenky.cz\/wp-content\/gallery\/z-devatera-pohadek-19-12-2024\/thumbs\/thumbs_20241219_081155_1.jpg\"\n                    width=\"240\"\n                    height=\"160\"\n                    style=\"max-width:100%;\"\n                \/>\n            <\/a>\n        <\/div>\n\t\t\t\t\t\t\t<\/div> \n\t\t\t\n\t\t\t\t<div id=\"ngg-image-10\" class=\"ngg-gallery-thumbnail-box \" >\n\t\t\t\t        <div class=\"ngg-gallery-thumbnail\">\n            <a href=\"http:\/\/www.zsamshornistudenky.cz\/wp-content\/gallery\/z-devatera-pohadek-19-12-2024\/20241219_081353_1.jpg\"\n               title=\"\"\n               data-src=\"http:\/\/www.zsamshornistudenky.cz\/wp-content\/gallery\/z-devatera-pohadek-19-12-2024\/20241219_081353_1.jpg\"\n               data-thumbnail=\"http:\/\/www.zsamshornistudenky.cz\/wp-content\/gallery\/z-devatera-pohadek-19-12-2024\/thumbs\/thumbs_20241219_081353_1.jpg\"\n               data-image-id=\"5185\"\n               data-title=\"20241219_081353_1\"\n               data-description=\"\"\n               data-image-slug=\"20241219_081353_1\"\n               class=\"ngg-fancybox\" rel=\"194bb31b2c03fa44a00d691e3d06fe56\">\n                <img\n                    title=\"20241219_081353_1\"\n                    alt=\"20241219_081353_1\"\n                    src=\"http:\/\/www.zsamshornistudenky.cz\/wp-content\/gallery\/z-devatera-pohadek-19-12-2024\/thumbs\/thumbs_20241219_081353_1.jpg\"\n                    width=\"240\"\n                    height=\"160\"\n                    style=\"max-width:100%;\"\n                \/>\n            <\/a>\n        <\/div>\n\t\t\t\t\t\t\t<\/div> \n\t\t\t\n\t\t\t\t<div id=\"ngg-image-11\" class=\"ngg-gallery-thumbnail-box \" >\n\t\t\t\t        <div class=\"ngg-gallery-thumbnail\">\n            <a href=\"http:\/\/www.zsamshornistudenky.cz\/wp-content\/gallery\/z-devatera-pohadek-19-12-2024\/20241219_081357_1.jpg\"\n               title=\"\"\n               data-src=\"http:\/\/www.zsamshornistudenky.cz\/wp-content\/gallery\/z-devatera-pohadek-19-12-2024\/20241219_081357_1.jpg\"\n               data-thumbnail=\"http:\/\/www.zsamshornistudenky.cz\/wp-content\/gallery\/z-devatera-pohadek-19-12-2024\/thumbs\/thumbs_20241219_081357_1.jpg\"\n               data-image-id=\"5186\"\n               data-title=\"20241219_081357_1\"\n               data-description=\"\"\n               data-image-slug=\"20241219_081357_1\"\n               class=\"ngg-fancybox\" rel=\"194bb31b2c03fa44a00d691e3d06fe56\">\n                <img\n                    title=\"20241219_081357_1\"\n                    alt=\"20241219_081357_1\"\n                    src=\"http:\/\/www.zsamshornistudenky.cz\/wp-content\/gallery\/z-devatera-pohadek-19-12-2024\/thumbs\/thumbs_20241219_081357_1.jpg\"\n                    width=\"240\"\n                    height=\"160\"\n                    style=\"max-width:100%;\"\n                \/>\n            <\/a>\n        <\/div>\n\t\t\t\t\t\t\t<\/div> \n\t\t\t\n\t\t\t\t<div id=\"ngg-image-12\" class=\"ngg-gallery-thumbnail-box \" >\n\t\t\t\t        <div class=\"ngg-gallery-thumbnail\">\n            <a href=\"http:\/\/www.zsamshornistudenky.cz\/wp-content\/gallery\/z-devatera-pohadek-19-12-2024\/20241219_083452_1.jpg\"\n               title=\"\"\n               data-src=\"http:\/\/www.zsamshornistudenky.cz\/wp-content\/gallery\/z-devatera-pohadek-19-12-2024\/20241219_083452_1.jpg\"\n               data-thumbnail=\"http:\/\/www.zsamshornistudenky.cz\/wp-content\/gallery\/z-devatera-pohadek-19-12-2024\/thumbs\/thumbs_20241219_083452_1.jpg\"\n               data-image-id=\"5187\"\n               data-title=\"20241219_083452_1\"\n               data-description=\"\"\n               data-image-slug=\"20241219_083452_1\"\n               class=\"ngg-fancybox\" rel=\"194bb31b2c03fa44a00d691e3d06fe56\">\n                <img\n                    title=\"20241219_083452_1\"\n                    alt=\"20241219_083452_1\"\n                    src=\"http:\/\/www.zsamshornistudenky.cz\/wp-content\/gallery\/z-devatera-pohadek-19-12-2024\/thumbs\/thumbs_20241219_083452_1.jpg\"\n                    width=\"240\"\n                    height=\"160\"\n                    style=\"max-width:100%;\"\n                \/>\n            <\/a>\n        <\/div>\n\t\t\t\t\t\t\t<\/div> \n\t\t\t\n\t\t\t\t<div id=\"ngg-image-13\" class=\"ngg-gallery-thumbnail-box \" >\n\t\t\t\t        <div class=\"ngg-gallery-thumbnail\">\n            <a href=\"http:\/\/www.zsamshornistudenky.cz\/wp-content\/gallery\/z-devatera-pohadek-19-12-2024\/20241219_083453_1.jpg\"\n               title=\"\"\n               data-src=\"http:\/\/www.zsamshornistudenky.cz\/wp-content\/gallery\/z-devatera-pohadek-19-12-2024\/20241219_083453_1.jpg\"\n               data-thumbnail=\"http:\/\/www.zsamshornistudenky.cz\/wp-content\/gallery\/z-devatera-pohadek-19-12-2024\/thumbs\/thumbs_20241219_083453_1.jpg\"\n               data-image-id=\"5188\"\n               data-title=\"20241219_083453_1\"\n               data-description=\"\"\n               data-image-slug=\"20241219_083453_1\"\n               class=\"ngg-fancybox\" rel=\"194bb31b2c03fa44a00d691e3d06fe56\">\n                <img\n                    title=\"20241219_083453_1\"\n                    alt=\"20241219_083453_1\"\n                    src=\"http:\/\/www.zsamshornistudenky.cz\/wp-content\/gallery\/z-devatera-pohadek-19-12-2024\/thumbs\/thumbs_20241219_083453_1.jpg\"\n                    width=\"240\"\n                    height=\"160\"\n                    style=\"max-width:100%;\"\n                \/>\n            <\/a>\n        <\/div>\n\t\t\t\t\t\t\t<\/div> \n\t\t\t\n\t\t\t\t<div id=\"ngg-image-14\" class=\"ngg-gallery-thumbnail-box \" >\n\t\t\t\t        <div class=\"ngg-gallery-thumbnail\">\n            <a href=\"http:\/\/www.zsamshornistudenky.cz\/wp-content\/gallery\/z-devatera-pohadek-19-12-2024\/20241219_083454_1.jpg\"\n               title=\"\"\n               data-src=\"http:\/\/www.zsamshornistudenky.cz\/wp-content\/gallery\/z-devatera-pohadek-19-12-2024\/20241219_083454_1.jpg\"\n               data-thumbnail=\"http:\/\/www.zsamshornistudenky.cz\/wp-content\/gallery\/z-devatera-pohadek-19-12-2024\/thumbs\/thumbs_20241219_083454_1.jpg\"\n               data-image-id=\"5189\"\n               data-title=\"20241219_083454_1\"\n               data-description=\"\"\n               data-image-slug=\"20241219_083454_1\"\n               class=\"ngg-fancybox\" rel=\"194bb31b2c03fa44a00d691e3d06fe56\">\n                <img\n                    title=\"20241219_083454_1\"\n                    alt=\"20241219_083454_1\"\n                    src=\"http:\/\/www.zsamshornistudenky.cz\/wp-content\/gallery\/z-devatera-pohadek-19-12-2024\/thumbs\/thumbs_20241219_083454_1.jpg\"\n                    width=\"240\"\n                    height=\"160\"\n                    style=\"max-width:100%;\"\n                \/>\n            <\/a>\n        <\/div>\n\t\t\t\t\t\t\t<\/div> \n\t\t\t\n\t\n\t<br style=\"clear: both\" \/>\n\n\t\n\t\t<!-- Pagination -->\n\t<div class='ngg-clear'><\/div>\t<\/div>\n<!-- \/wp:imagely\/nextgen-gallery --><!-- wp:paragraph {\"align\":\"right\"} -->\r\n<p style=\"text-align: right;\"><a href=\"http:\/\/www.zsamshornistudenky.cz\/?page_id=43\">&lt;ZP\u011aT<\/a><\/p>","protected":false},"excerpt":{"rendered":"<p>&lt;ZP\u011aT &lt;ZP\u011aT<\/p>\n","protected":false},"author":2,"featured_media":0,"parent":0,"menu_order":0,"comment_status":"closed","ping_status":"closed","template":"","meta":{"ngg_post_thumbnail":0},"_links":{"self":[{"href":"http:\/\/www.zsamshornistudenky.cz\/index.php?rest_route=\/wp\/v2\/pages\/8768"}],"collection":[{"href":"http:\/\/www.zsamshornistudenky.cz\/index.php?rest_route=\/wp\/v2\/pages"}],"about":[{"href":"http:\/\/www.zsamshornistudenky.cz\/index.php?rest_route=\/wp\/v2\/types\/page"}],"author":[{"embeddable":true,"href":"http:\/\/www.zsamshornistudenky.cz\/index.php?rest_route=\/wp\/v2\/users\/2"}],"replies":[{"embeddable":true,"href":"http:\/\/www.zsamshornistudenky.cz\/index.php?rest_route=%2Fwp%2Fv2%2Fcomments&post=8768"}],"version-history":[{"count":1,"href":"http:\/\/www.zsamshornistudenky.cz\/index.php?rest_route=\/wp\/v2\/pages\/8768\/revisions"}],"predecessor-version":[{"id":8769,"href":"http:\/\/www.zsamshornistudenky.cz\/index.php?rest_route=\/wp\/v2\/pages\/8768\/revisions\/8769"}],"wp:attachment":[{"href":"http:\/\/www.zsamshornistudenky.cz\/index.php?rest_route=%2Fwp%2Fv2%2Fmedia&parent=8768"}],"curies":[{"name":"wp","href":"https:\/\/api.w.org\/{rel}","templated":true}]}}