{"id":8388,"date":"2024-08-29T09:44:55","date_gmt":"2024-08-29T09:44:55","guid":{"rendered":"http:\/\/www.zsamshornistudenky.cz\/?page_id=8388"},"modified":"2024-08-29T09:44:55","modified_gmt":"2024-08-29T09:44:55","slug":"fotogalerie-mikulasska-nadilka-5-12-2023","status":"publish","type":"page","link":"http:\/\/www.zsamshornistudenky.cz\/?page_id=8388","title":{"rendered":"Fotogalerie &#8211; Mikul\u00e1\u0161sk\u00e1 nad\u00edlka 5. 12. 2023"},"content":{"rendered":"<a href=\"http:\/\/www.zsamshornistudenky.cz\/?page_id=43\">&lt;ZP\u011aT<\/a>\r\n\r\n<!-- \/wp:paragraph --><!-- wp:imagely\/nextgen-gallery -->\r\n\r\n<!-- default-view.php -->\n<div\n\tclass=\"ngg-galleryoverview default-view \"\n\tid=\"ngg-gallery-44887f70580c8e514192570f166bf550-1\">\n\n\t\t<!-- Thumbnails -->\n\t\t\t\t<div id=\"ngg-image-0\" class=\"ngg-gallery-thumbnail-box \" >\n\t\t\t\t        <div class=\"ngg-gallery-thumbnail\">\n            <a href=\"http:\/\/www.zsamshornistudenky.cz\/wp-content\/gallery\/mikulasska-nadilka-v-ms-5-12-2023\/IMG_20231205_093536_1.jpg\"\n               title=\"\"\n               data-src=\"http:\/\/www.zsamshornistudenky.cz\/wp-content\/gallery\/mikulasska-nadilka-v-ms-5-12-2023\/IMG_20231205_093536_1.jpg\"\n               data-thumbnail=\"http:\/\/www.zsamshornistudenky.cz\/wp-content\/gallery\/mikulasska-nadilka-v-ms-5-12-2023\/thumbs\/thumbs_IMG_20231205_093536_1.jpg\"\n               data-image-id=\"4962\"\n               data-title=\"IMG_20231205_093536_1\"\n               data-description=\"\"\n               data-image-slug=\"img_20231205_093536_1\"\n               class=\"ngg-fancybox\" rel=\"44887f70580c8e514192570f166bf550\">\n                <img\n                    title=\"IMG_20231205_093536_1\"\n                    alt=\"IMG_20231205_093536_1\"\n                    src=\"http:\/\/www.zsamshornistudenky.cz\/wp-content\/gallery\/mikulasska-nadilka-v-ms-5-12-2023\/thumbs\/thumbs_IMG_20231205_093536_1.jpg\"\n                    width=\"240\"\n                    height=\"160\"\n                    style=\"max-width:100%;\"\n                \/>\n            <\/a>\n        <\/div>\n\t\t\t\t\t\t\t<\/div> \n\t\t\t\n\t\t\t\t<div id=\"ngg-image-1\" class=\"ngg-gallery-thumbnail-box \" >\n\t\t\t\t        <div class=\"ngg-gallery-thumbnail\">\n            <a href=\"http:\/\/www.zsamshornistudenky.cz\/wp-content\/gallery\/mikulasska-nadilka-v-ms-5-12-2023\/IMG_20231205_093734_1.jpg\"\n               title=\"\"\n               data-src=\"http:\/\/www.zsamshornistudenky.cz\/wp-content\/gallery\/mikulasska-nadilka-v-ms-5-12-2023\/IMG_20231205_093734_1.jpg\"\n               data-thumbnail=\"http:\/\/www.zsamshornistudenky.cz\/wp-content\/gallery\/mikulasska-nadilka-v-ms-5-12-2023\/thumbs\/thumbs_IMG_20231205_093734_1.jpg\"\n               data-image-id=\"4963\"\n               data-title=\"IMG_20231205_093734_1\"\n               data-description=\"\"\n               data-image-slug=\"img_20231205_093734_1\"\n               class=\"ngg-fancybox\" rel=\"44887f70580c8e514192570f166bf550\">\n                <img\n                    title=\"IMG_20231205_093734_1\"\n                    alt=\"IMG_20231205_093734_1\"\n                    src=\"http:\/\/www.zsamshornistudenky.cz\/wp-content\/gallery\/mikulasska-nadilka-v-ms-5-12-2023\/thumbs\/thumbs_IMG_20231205_093734_1.jpg\"\n                    width=\"240\"\n                    height=\"160\"\n                    style=\"max-width:100%;\"\n                \/>\n            <\/a>\n        <\/div>\n\t\t\t\t\t\t\t<\/div> \n\t\t\t\n\t\t\t\t<div id=\"ngg-image-2\" class=\"ngg-gallery-thumbnail-box \" >\n\t\t\t\t        <div class=\"ngg-gallery-thumbnail\">\n            <a href=\"http:\/\/www.zsamshornistudenky.cz\/wp-content\/gallery\/mikulasska-nadilka-v-ms-5-12-2023\/IMG_20231205_093745_1.jpg\"\n               title=\"\"\n               data-src=\"http:\/\/www.zsamshornistudenky.cz\/wp-content\/gallery\/mikulasska-nadilka-v-ms-5-12-2023\/IMG_20231205_093745_1.jpg\"\n               data-thumbnail=\"http:\/\/www.zsamshornistudenky.cz\/wp-content\/gallery\/mikulasska-nadilka-v-ms-5-12-2023\/thumbs\/thumbs_IMG_20231205_093745_1.jpg\"\n               data-image-id=\"4964\"\n               data-title=\"IMG_20231205_093745_1\"\n               data-description=\"\"\n               data-image-slug=\"img_20231205_093745_1\"\n               class=\"ngg-fancybox\" rel=\"44887f70580c8e514192570f166bf550\">\n                <img\n                    title=\"IMG_20231205_093745_1\"\n                    alt=\"IMG_20231205_093745_1\"\n                    src=\"http:\/\/www.zsamshornistudenky.cz\/wp-content\/gallery\/mikulasska-nadilka-v-ms-5-12-2023\/thumbs\/thumbs_IMG_20231205_093745_1.jpg\"\n                    width=\"240\"\n                    height=\"160\"\n                    style=\"max-width:100%;\"\n                \/>\n            <\/a>\n        <\/div>\n\t\t\t\t\t\t\t<\/div> \n\t\t\t\n\t\t\t\t<div id=\"ngg-image-3\" class=\"ngg-gallery-thumbnail-box \" >\n\t\t\t\t        <div class=\"ngg-gallery-thumbnail\">\n            <a href=\"http:\/\/www.zsamshornistudenky.cz\/wp-content\/gallery\/mikulasska-nadilka-v-ms-5-12-2023\/IMG_20231205_094122_1.jpg\"\n               title=\"\"\n               data-src=\"http:\/\/www.zsamshornistudenky.cz\/wp-content\/gallery\/mikulasska-nadilka-v-ms-5-12-2023\/IMG_20231205_094122_1.jpg\"\n               data-thumbnail=\"http:\/\/www.zsamshornistudenky.cz\/wp-content\/gallery\/mikulasska-nadilka-v-ms-5-12-2023\/thumbs\/thumbs_IMG_20231205_094122_1.jpg\"\n               data-image-id=\"4965\"\n               data-title=\"IMG_20231205_094122_1\"\n               data-description=\"\"\n               data-image-slug=\"img_20231205_094122_1\"\n               class=\"ngg-fancybox\" rel=\"44887f70580c8e514192570f166bf550\">\n                <img\n                    title=\"IMG_20231205_094122_1\"\n                    alt=\"IMG_20231205_094122_1\"\n                    src=\"http:\/\/www.zsamshornistudenky.cz\/wp-content\/gallery\/mikulasska-nadilka-v-ms-5-12-2023\/thumbs\/thumbs_IMG_20231205_094122_1.jpg\"\n                    width=\"240\"\n                    height=\"160\"\n                    style=\"max-width:100%;\"\n                \/>\n            <\/a>\n        <\/div>\n\t\t\t\t\t\t\t<\/div> \n\t\t\t\n\t\t\t\t<div id=\"ngg-image-4\" class=\"ngg-gallery-thumbnail-box \" >\n\t\t\t\t        <div class=\"ngg-gallery-thumbnail\">\n            <a href=\"http:\/\/www.zsamshornistudenky.cz\/wp-content\/gallery\/mikulasska-nadilka-v-ms-5-12-2023\/IMG_20231205_094152_1.jpg\"\n               title=\"\"\n               data-src=\"http:\/\/www.zsamshornistudenky.cz\/wp-content\/gallery\/mikulasska-nadilka-v-ms-5-12-2023\/IMG_20231205_094152_1.jpg\"\n               data-thumbnail=\"http:\/\/www.zsamshornistudenky.cz\/wp-content\/gallery\/mikulasska-nadilka-v-ms-5-12-2023\/thumbs\/thumbs_IMG_20231205_094152_1.jpg\"\n               data-image-id=\"4966\"\n               data-title=\"IMG_20231205_094152_1\"\n               data-description=\"\"\n               data-image-slug=\"img_20231205_094152_1\"\n               class=\"ngg-fancybox\" rel=\"44887f70580c8e514192570f166bf550\">\n                <img\n                    title=\"IMG_20231205_094152_1\"\n                    alt=\"IMG_20231205_094152_1\"\n                    src=\"http:\/\/www.zsamshornistudenky.cz\/wp-content\/gallery\/mikulasska-nadilka-v-ms-5-12-2023\/thumbs\/thumbs_IMG_20231205_094152_1.jpg\"\n                    width=\"240\"\n                    height=\"160\"\n                    style=\"max-width:100%;\"\n                \/>\n            <\/a>\n        <\/div>\n\t\t\t\t\t\t\t<\/div> \n\t\t\t\n\t\t\t\t<div id=\"ngg-image-5\" class=\"ngg-gallery-thumbnail-box \" >\n\t\t\t\t        <div class=\"ngg-gallery-thumbnail\">\n            <a href=\"http:\/\/www.zsamshornistudenky.cz\/wp-content\/gallery\/mikulasska-nadilka-v-ms-5-12-2023\/IMG_20231205_094250_1.jpg\"\n               title=\"\"\n               data-src=\"http:\/\/www.zsamshornistudenky.cz\/wp-content\/gallery\/mikulasska-nadilka-v-ms-5-12-2023\/IMG_20231205_094250_1.jpg\"\n               data-thumbnail=\"http:\/\/www.zsamshornistudenky.cz\/wp-content\/gallery\/mikulasska-nadilka-v-ms-5-12-2023\/thumbs\/thumbs_IMG_20231205_094250_1.jpg\"\n               data-image-id=\"4967\"\n               data-title=\"IMG_20231205_094250_1\"\n               data-description=\"\"\n               data-image-slug=\"img_20231205_094250_1\"\n               class=\"ngg-fancybox\" rel=\"44887f70580c8e514192570f166bf550\">\n                <img\n                    title=\"IMG_20231205_094250_1\"\n                    alt=\"IMG_20231205_094250_1\"\n                    src=\"http:\/\/www.zsamshornistudenky.cz\/wp-content\/gallery\/mikulasska-nadilka-v-ms-5-12-2023\/thumbs\/thumbs_IMG_20231205_094250_1.jpg\"\n                    width=\"240\"\n                    height=\"160\"\n                    style=\"max-width:100%;\"\n                \/>\n            <\/a>\n        <\/div>\n\t\t\t\t\t\t\t<\/div> \n\t\t\t\n\t\t\t\t<div id=\"ngg-image-6\" class=\"ngg-gallery-thumbnail-box \" >\n\t\t\t\t        <div class=\"ngg-gallery-thumbnail\">\n            <a href=\"http:\/\/www.zsamshornistudenky.cz\/wp-content\/gallery\/mikulasska-nadilka-v-ms-5-12-2023\/IMG_20231205_094351_1.jpg\"\n               title=\"\"\n               data-src=\"http:\/\/www.zsamshornistudenky.cz\/wp-content\/gallery\/mikulasska-nadilka-v-ms-5-12-2023\/IMG_20231205_094351_1.jpg\"\n               data-thumbnail=\"http:\/\/www.zsamshornistudenky.cz\/wp-content\/gallery\/mikulasska-nadilka-v-ms-5-12-2023\/thumbs\/thumbs_IMG_20231205_094351_1.jpg\"\n               data-image-id=\"4968\"\n               data-title=\"IMG_20231205_094351_1\"\n               data-description=\"\"\n               data-image-slug=\"img_20231205_094351_1\"\n               class=\"ngg-fancybox\" rel=\"44887f70580c8e514192570f166bf550\">\n                <img\n                    title=\"IMG_20231205_094351_1\"\n                    alt=\"IMG_20231205_094351_1\"\n                    src=\"http:\/\/www.zsamshornistudenky.cz\/wp-content\/gallery\/mikulasska-nadilka-v-ms-5-12-2023\/thumbs\/thumbs_IMG_20231205_094351_1.jpg\"\n                    width=\"240\"\n                    height=\"160\"\n                    style=\"max-width:100%;\"\n                \/>\n            <\/a>\n        <\/div>\n\t\t\t\t\t\t\t<\/div> \n\t\t\t\n\t\t\t\t<div id=\"ngg-image-7\" class=\"ngg-gallery-thumbnail-box \" >\n\t\t\t\t        <div class=\"ngg-gallery-thumbnail\">\n            <a href=\"http:\/\/www.zsamshornistudenky.cz\/wp-content\/gallery\/mikulasska-nadilka-v-ms-5-12-2023\/IMG_20231205_094417_1.jpg\"\n               title=\"\"\n               data-src=\"http:\/\/www.zsamshornistudenky.cz\/wp-content\/gallery\/mikulasska-nadilka-v-ms-5-12-2023\/IMG_20231205_094417_1.jpg\"\n               data-thumbnail=\"http:\/\/www.zsamshornistudenky.cz\/wp-content\/gallery\/mikulasska-nadilka-v-ms-5-12-2023\/thumbs\/thumbs_IMG_20231205_094417_1.jpg\"\n               data-image-id=\"4969\"\n               data-title=\"IMG_20231205_094417_1\"\n               data-description=\"\"\n               data-image-slug=\"img_20231205_094417_1\"\n               class=\"ngg-fancybox\" rel=\"44887f70580c8e514192570f166bf550\">\n                <img\n                    title=\"IMG_20231205_094417_1\"\n                    alt=\"IMG_20231205_094417_1\"\n                    src=\"http:\/\/www.zsamshornistudenky.cz\/wp-content\/gallery\/mikulasska-nadilka-v-ms-5-12-2023\/thumbs\/thumbs_IMG_20231205_094417_1.jpg\"\n                    width=\"240\"\n                    height=\"160\"\n                    style=\"max-width:100%;\"\n                \/>\n            <\/a>\n        <\/div>\n\t\t\t\t\t\t\t<\/div> \n\t\t\t\n\t\t\t\t<div id=\"ngg-image-8\" class=\"ngg-gallery-thumbnail-box \" >\n\t\t\t\t        <div class=\"ngg-gallery-thumbnail\">\n            <a href=\"http:\/\/www.zsamshornistudenky.cz\/wp-content\/gallery\/mikulasska-nadilka-v-ms-5-12-2023\/IMG_20231205_094606_1.jpg\"\n               title=\"\"\n               data-src=\"http:\/\/www.zsamshornistudenky.cz\/wp-content\/gallery\/mikulasska-nadilka-v-ms-5-12-2023\/IMG_20231205_094606_1.jpg\"\n               data-thumbnail=\"http:\/\/www.zsamshornistudenky.cz\/wp-content\/gallery\/mikulasska-nadilka-v-ms-5-12-2023\/thumbs\/thumbs_IMG_20231205_094606_1.jpg\"\n               data-image-id=\"4970\"\n               data-title=\"IMG_20231205_094606_1\"\n               data-description=\"\"\n               data-image-slug=\"img_20231205_094606_1\"\n               class=\"ngg-fancybox\" rel=\"44887f70580c8e514192570f166bf550\">\n                <img\n                    title=\"IMG_20231205_094606_1\"\n                    alt=\"IMG_20231205_094606_1\"\n                    src=\"http:\/\/www.zsamshornistudenky.cz\/wp-content\/gallery\/mikulasska-nadilka-v-ms-5-12-2023\/thumbs\/thumbs_IMG_20231205_094606_1.jpg\"\n                    width=\"240\"\n                    height=\"160\"\n                    style=\"max-width:100%;\"\n                \/>\n            <\/a>\n        <\/div>\n\t\t\t\t\t\t\t<\/div> \n\t\t\t\n\t\t\t\t<div id=\"ngg-image-9\" class=\"ngg-gallery-thumbnail-box \" >\n\t\t\t\t        <div class=\"ngg-gallery-thumbnail\">\n            <a href=\"http:\/\/www.zsamshornistudenky.cz\/wp-content\/gallery\/mikulasska-nadilka-v-ms-5-12-2023\/IMG_20231205_094719_1.jpg\"\n               title=\"\"\n               data-src=\"http:\/\/www.zsamshornistudenky.cz\/wp-content\/gallery\/mikulasska-nadilka-v-ms-5-12-2023\/IMG_20231205_094719_1.jpg\"\n               data-thumbnail=\"http:\/\/www.zsamshornistudenky.cz\/wp-content\/gallery\/mikulasska-nadilka-v-ms-5-12-2023\/thumbs\/thumbs_IMG_20231205_094719_1.jpg\"\n               data-image-id=\"4971\"\n               data-title=\"IMG_20231205_094719_1\"\n               data-description=\"\"\n               data-image-slug=\"img_20231205_094719_1\"\n               class=\"ngg-fancybox\" rel=\"44887f70580c8e514192570f166bf550\">\n                <img\n                    title=\"IMG_20231205_094719_1\"\n                    alt=\"IMG_20231205_094719_1\"\n                    src=\"http:\/\/www.zsamshornistudenky.cz\/wp-content\/gallery\/mikulasska-nadilka-v-ms-5-12-2023\/thumbs\/thumbs_IMG_20231205_094719_1.jpg\"\n                    width=\"240\"\n                    height=\"160\"\n                    style=\"max-width:100%;\"\n                \/>\n            <\/a>\n        <\/div>\n\t\t\t\t\t\t\t<\/div> \n\t\t\t\n\t\t\t\t<div id=\"ngg-image-10\" class=\"ngg-gallery-thumbnail-box \" >\n\t\t\t\t        <div class=\"ngg-gallery-thumbnail\">\n            <a href=\"http:\/\/www.zsamshornistudenky.cz\/wp-content\/gallery\/mikulasska-nadilka-v-ms-5-12-2023\/IMG_20231205_094826_1.jpg\"\n               title=\"\"\n               data-src=\"http:\/\/www.zsamshornistudenky.cz\/wp-content\/gallery\/mikulasska-nadilka-v-ms-5-12-2023\/IMG_20231205_094826_1.jpg\"\n               data-thumbnail=\"http:\/\/www.zsamshornistudenky.cz\/wp-content\/gallery\/mikulasska-nadilka-v-ms-5-12-2023\/thumbs\/thumbs_IMG_20231205_094826_1.jpg\"\n               data-image-id=\"4972\"\n               data-title=\"IMG_20231205_094826_1\"\n               data-description=\"\"\n               data-image-slug=\"img_20231205_094826_1\"\n               class=\"ngg-fancybox\" rel=\"44887f70580c8e514192570f166bf550\">\n                <img\n                    title=\"IMG_20231205_094826_1\"\n                    alt=\"IMG_20231205_094826_1\"\n                    src=\"http:\/\/www.zsamshornistudenky.cz\/wp-content\/gallery\/mikulasska-nadilka-v-ms-5-12-2023\/thumbs\/thumbs_IMG_20231205_094826_1.jpg\"\n                    width=\"240\"\n                    height=\"160\"\n                    style=\"max-width:100%;\"\n                \/>\n            <\/a>\n        <\/div>\n\t\t\t\t\t\t\t<\/div> \n\t\t\t\n\t\t\t\t<div id=\"ngg-image-11\" class=\"ngg-gallery-thumbnail-box \" >\n\t\t\t\t        <div class=\"ngg-gallery-thumbnail\">\n            <a href=\"http:\/\/www.zsamshornistudenky.cz\/wp-content\/gallery\/mikulasska-nadilka-v-ms-5-12-2023\/IMG_20231205_094827_1.jpg\"\n               title=\"\"\n               data-src=\"http:\/\/www.zsamshornistudenky.cz\/wp-content\/gallery\/mikulasska-nadilka-v-ms-5-12-2023\/IMG_20231205_094827_1.jpg\"\n               data-thumbnail=\"http:\/\/www.zsamshornistudenky.cz\/wp-content\/gallery\/mikulasska-nadilka-v-ms-5-12-2023\/thumbs\/thumbs_IMG_20231205_094827_1.jpg\"\n               data-image-id=\"4973\"\n               data-title=\"IMG_20231205_094827_1\"\n               data-description=\"\"\n               data-image-slug=\"img_20231205_094827_1\"\n               class=\"ngg-fancybox\" rel=\"44887f70580c8e514192570f166bf550\">\n                <img\n                    title=\"IMG_20231205_094827_1\"\n                    alt=\"IMG_20231205_094827_1\"\n                    src=\"http:\/\/www.zsamshornistudenky.cz\/wp-content\/gallery\/mikulasska-nadilka-v-ms-5-12-2023\/thumbs\/thumbs_IMG_20231205_094827_1.jpg\"\n                    width=\"240\"\n                    height=\"160\"\n                    style=\"max-width:100%;\"\n                \/>\n            <\/a>\n        <\/div>\n\t\t\t\t\t\t\t<\/div> \n\t\t\t\n\t\t\t\t<div id=\"ngg-image-12\" class=\"ngg-gallery-thumbnail-box \" >\n\t\t\t\t        <div class=\"ngg-gallery-thumbnail\">\n            <a href=\"http:\/\/www.zsamshornistudenky.cz\/wp-content\/gallery\/mikulasska-nadilka-v-ms-5-12-2023\/IMG_20231205_094954_1.jpg\"\n               title=\"\"\n               data-src=\"http:\/\/www.zsamshornistudenky.cz\/wp-content\/gallery\/mikulasska-nadilka-v-ms-5-12-2023\/IMG_20231205_094954_1.jpg\"\n               data-thumbnail=\"http:\/\/www.zsamshornistudenky.cz\/wp-content\/gallery\/mikulasska-nadilka-v-ms-5-12-2023\/thumbs\/thumbs_IMG_20231205_094954_1.jpg\"\n               data-image-id=\"4974\"\n               data-title=\"IMG_20231205_094954_1\"\n               data-description=\"\"\n               data-image-slug=\"img_20231205_094954_1\"\n               class=\"ngg-fancybox\" rel=\"44887f70580c8e514192570f166bf550\">\n                <img\n                    title=\"IMG_20231205_094954_1\"\n                    alt=\"IMG_20231205_094954_1\"\n                    src=\"http:\/\/www.zsamshornistudenky.cz\/wp-content\/gallery\/mikulasska-nadilka-v-ms-5-12-2023\/thumbs\/thumbs_IMG_20231205_094954_1.jpg\"\n                    width=\"240\"\n                    height=\"160\"\n                    style=\"max-width:100%;\"\n                \/>\n            <\/a>\n        <\/div>\n\t\t\t\t\t\t\t<\/div> \n\t\t\t\n\t\t\t\t<div id=\"ngg-image-13\" class=\"ngg-gallery-thumbnail-box \" >\n\t\t\t\t        <div class=\"ngg-gallery-thumbnail\">\n            <a href=\"http:\/\/www.zsamshornistudenky.cz\/wp-content\/gallery\/mikulasska-nadilka-v-ms-5-12-2023\/IMG_20231205_095041_1.jpg\"\n               title=\"\"\n               data-src=\"http:\/\/www.zsamshornistudenky.cz\/wp-content\/gallery\/mikulasska-nadilka-v-ms-5-12-2023\/IMG_20231205_095041_1.jpg\"\n               data-thumbnail=\"http:\/\/www.zsamshornistudenky.cz\/wp-content\/gallery\/mikulasska-nadilka-v-ms-5-12-2023\/thumbs\/thumbs_IMG_20231205_095041_1.jpg\"\n               data-image-id=\"4975\"\n               data-title=\"IMG_20231205_095041_1\"\n               data-description=\"\"\n               data-image-slug=\"img_20231205_095041_1\"\n               class=\"ngg-fancybox\" rel=\"44887f70580c8e514192570f166bf550\">\n                <img\n                    title=\"IMG_20231205_095041_1\"\n                    alt=\"IMG_20231205_095041_1\"\n                    src=\"http:\/\/www.zsamshornistudenky.cz\/wp-content\/gallery\/mikulasska-nadilka-v-ms-5-12-2023\/thumbs\/thumbs_IMG_20231205_095041_1.jpg\"\n                    width=\"240\"\n                    height=\"160\"\n                    style=\"max-width:100%;\"\n                \/>\n            <\/a>\n        <\/div>\n\t\t\t\t\t\t\t<\/div> \n\t\t\t\n\t\t\t\t<div id=\"ngg-image-14\" class=\"ngg-gallery-thumbnail-box \" >\n\t\t\t\t        <div class=\"ngg-gallery-thumbnail\">\n            <a href=\"http:\/\/www.zsamshornistudenky.cz\/wp-content\/gallery\/mikulasska-nadilka-v-ms-5-12-2023\/IMG_20231205_095102_1.jpg\"\n               title=\"\"\n               data-src=\"http:\/\/www.zsamshornistudenky.cz\/wp-content\/gallery\/mikulasska-nadilka-v-ms-5-12-2023\/IMG_20231205_095102_1.jpg\"\n               data-thumbnail=\"http:\/\/www.zsamshornistudenky.cz\/wp-content\/gallery\/mikulasska-nadilka-v-ms-5-12-2023\/thumbs\/thumbs_IMG_20231205_095102_1.jpg\"\n               data-image-id=\"4976\"\n               data-title=\"IMG_20231205_095102_1\"\n               data-description=\"\"\n               data-image-slug=\"img_20231205_095102_1\"\n               class=\"ngg-fancybox\" rel=\"44887f70580c8e514192570f166bf550\">\n                <img\n                    title=\"IMG_20231205_095102_1\"\n                    alt=\"IMG_20231205_095102_1\"\n                    src=\"http:\/\/www.zsamshornistudenky.cz\/wp-content\/gallery\/mikulasska-nadilka-v-ms-5-12-2023\/thumbs\/thumbs_IMG_20231205_095102_1.jpg\"\n                    width=\"240\"\n                    height=\"160\"\n                    style=\"max-width:100%;\"\n                \/>\n            <\/a>\n        <\/div>\n\t\t\t\t\t\t\t<\/div> \n\t\t\t\n\t\t\t\t<div id=\"ngg-image-15\" class=\"ngg-gallery-thumbnail-box \" >\n\t\t\t\t        <div class=\"ngg-gallery-thumbnail\">\n            <a href=\"http:\/\/www.zsamshornistudenky.cz\/wp-content\/gallery\/mikulasska-nadilka-v-ms-5-12-2023\/IMG_20231205_095224_1.jpg\"\n               title=\"\"\n               data-src=\"http:\/\/www.zsamshornistudenky.cz\/wp-content\/gallery\/mikulasska-nadilka-v-ms-5-12-2023\/IMG_20231205_095224_1.jpg\"\n               data-thumbnail=\"http:\/\/www.zsamshornistudenky.cz\/wp-content\/gallery\/mikulasska-nadilka-v-ms-5-12-2023\/thumbs\/thumbs_IMG_20231205_095224_1.jpg\"\n               data-image-id=\"4977\"\n               data-title=\"IMG_20231205_095224_1\"\n               data-description=\"\"\n               data-image-slug=\"img_20231205_095224_1\"\n               class=\"ngg-fancybox\" rel=\"44887f70580c8e514192570f166bf550\">\n                <img\n                    title=\"IMG_20231205_095224_1\"\n                    alt=\"IMG_20231205_095224_1\"\n                    src=\"http:\/\/www.zsamshornistudenky.cz\/wp-content\/gallery\/mikulasska-nadilka-v-ms-5-12-2023\/thumbs\/thumbs_IMG_20231205_095224_1.jpg\"\n                    width=\"240\"\n                    height=\"160\"\n                    style=\"max-width:100%;\"\n                \/>\n            <\/a>\n        <\/div>\n\t\t\t\t\t\t\t<\/div> \n\t\t\t\n\t\n\t<br style=\"clear: both\" \/>\n\n\t\n\t\t<!-- Pagination -->\n\t<div class='ngg-clear'><\/div>\t<\/div>\n<!-- \/wp:imagely\/nextgen-gallery --><!-- wp:paragraph {\"align\":\"right\"} -->\r\n<p style=\"text-align: right;\"><a href=\"http:\/\/www.zsamshornistudenky.cz\/?page_id=43\">&lt;ZP\u011aT<\/a><\/p>","protected":false},"excerpt":{"rendered":"<p>&lt;ZP\u011aT &lt;ZP\u011aT<\/p>\n","protected":false},"author":2,"featured_media":0,"parent":0,"menu_order":0,"comment_status":"closed","ping_status":"closed","template":"","meta":{"ngg_post_thumbnail":0},"_links":{"self":[{"href":"http:\/\/www.zsamshornistudenky.cz\/index.php?rest_route=\/wp\/v2\/pages\/8388"}],"collection":[{"href":"http:\/\/www.zsamshornistudenky.cz\/index.php?rest_route=\/wp\/v2\/pages"}],"about":[{"href":"http:\/\/www.zsamshornistudenky.cz\/index.php?rest_route=\/wp\/v2\/types\/page"}],"author":[{"embeddable":true,"href":"http:\/\/www.zsamshornistudenky.cz\/index.php?rest_route=\/wp\/v2\/users\/2"}],"replies":[{"embeddable":true,"href":"http:\/\/www.zsamshornistudenky.cz\/index.php?rest_route=%2Fwp%2Fv2%2Fcomments&post=8388"}],"version-history":[{"count":1,"href":"http:\/\/www.zsamshornistudenky.cz\/index.php?rest_route=\/wp\/v2\/pages\/8388\/revisions"}],"predecessor-version":[{"id":8389,"href":"http:\/\/www.zsamshornistudenky.cz\/index.php?rest_route=\/wp\/v2\/pages\/8388\/revisions\/8389"}],"wp:attachment":[{"href":"http:\/\/www.zsamshornistudenky.cz\/index.php?rest_route=%2Fwp%2Fv2%2Fmedia&parent=8388"}],"curies":[{"name":"wp","href":"https:\/\/api.w.org\/{rel}","templated":true}]}}