{"id":8328,"date":"2024-08-29T09:35:09","date_gmt":"2024-08-29T09:35:09","guid":{"rendered":"http:\/\/www.zsamshornistudenky.cz\/?page_id=8328"},"modified":"2024-08-29T09:35:09","modified_gmt":"2024-08-29T09:35:09","slug":"fotogalerie-bobovani-v-ms-27-11-2023","status":"publish","type":"page","link":"http:\/\/www.zsamshornistudenky.cz\/?page_id=8328","title":{"rendered":"Fotogalerie &#8211; Bobov\u00e1n\u00ed v M\u0160 27.11.2023"},"content":{"rendered":"<a href=\"http:\/\/www.zsamshornistudenky.cz\/?page_id=43\">&lt;ZP\u011aT<\/a>\r\n\r\n<!-- \/wp:paragraph --><!-- wp:imagely\/nextgen-gallery -->\r\n\r\n<!-- default-view.php -->\n<div\n\tclass=\"ngg-galleryoverview default-view \"\n\tid=\"ngg-gallery-6fd338c3bcb52f7ef34c51b1ee01880b-1\">\n\n\t\t<!-- Thumbnails -->\n\t\t\t\t<div id=\"ngg-image-0\" class=\"ngg-gallery-thumbnail-box \" >\n\t\t\t\t        <div class=\"ngg-gallery-thumbnail\">\n            <a href=\"http:\/\/www.zsamshornistudenky.cz\/wp-content\/gallery\/bobovani-v-ms-27-11-203\/IMG_20231127_102129_1.jpg\"\n               title=\"\"\n               data-src=\"http:\/\/www.zsamshornistudenky.cz\/wp-content\/gallery\/bobovani-v-ms-27-11-203\/IMG_20231127_102129_1.jpg\"\n               data-thumbnail=\"http:\/\/www.zsamshornistudenky.cz\/wp-content\/gallery\/bobovani-v-ms-27-11-203\/thumbs\/thumbs_IMG_20231127_102129_1.jpg\"\n               data-image-id=\"4920\"\n               data-title=\"IMG_20231127_102129_1\"\n               data-description=\"\"\n               data-image-slug=\"img_20231127_102129_1\"\n               class=\"ngg-fancybox\" rel=\"6fd338c3bcb52f7ef34c51b1ee01880b\">\n                <img\n                    title=\"IMG_20231127_102129_1\"\n                    alt=\"IMG_20231127_102129_1\"\n                    src=\"http:\/\/www.zsamshornistudenky.cz\/wp-content\/gallery\/bobovani-v-ms-27-11-203\/thumbs\/thumbs_IMG_20231127_102129_1.jpg\"\n                    width=\"240\"\n                    height=\"160\"\n                    style=\"max-width:100%;\"\n                \/>\n            <\/a>\n        <\/div>\n\t\t\t\t\t\t\t<\/div> \n\t\t\t\n\t\t\t\t<div id=\"ngg-image-1\" class=\"ngg-gallery-thumbnail-box \" >\n\t\t\t\t        <div class=\"ngg-gallery-thumbnail\">\n            <a href=\"http:\/\/www.zsamshornistudenky.cz\/wp-content\/gallery\/bobovani-v-ms-27-11-203\/IMG_20231127_102240_1.jpg\"\n               title=\"\"\n               data-src=\"http:\/\/www.zsamshornistudenky.cz\/wp-content\/gallery\/bobovani-v-ms-27-11-203\/IMG_20231127_102240_1.jpg\"\n               data-thumbnail=\"http:\/\/www.zsamshornistudenky.cz\/wp-content\/gallery\/bobovani-v-ms-27-11-203\/thumbs\/thumbs_IMG_20231127_102240_1.jpg\"\n               data-image-id=\"4921\"\n               data-title=\"IMG_20231127_102240_1\"\n               data-description=\"\"\n               data-image-slug=\"img_20231127_102240_1\"\n               class=\"ngg-fancybox\" rel=\"6fd338c3bcb52f7ef34c51b1ee01880b\">\n                <img\n                    title=\"IMG_20231127_102240_1\"\n                    alt=\"IMG_20231127_102240_1\"\n                    src=\"http:\/\/www.zsamshornistudenky.cz\/wp-content\/gallery\/bobovani-v-ms-27-11-203\/thumbs\/thumbs_IMG_20231127_102240_1.jpg\"\n                    width=\"240\"\n                    height=\"160\"\n                    style=\"max-width:100%;\"\n                \/>\n            <\/a>\n        <\/div>\n\t\t\t\t\t\t\t<\/div> \n\t\t\t\n\t\t\t\t<div id=\"ngg-image-2\" class=\"ngg-gallery-thumbnail-box \" >\n\t\t\t\t        <div class=\"ngg-gallery-thumbnail\">\n            <a href=\"http:\/\/www.zsamshornistudenky.cz\/wp-content\/gallery\/bobovani-v-ms-27-11-203\/IMG_20231127_104139_1.jpg\"\n               title=\"\"\n               data-src=\"http:\/\/www.zsamshornistudenky.cz\/wp-content\/gallery\/bobovani-v-ms-27-11-203\/IMG_20231127_104139_1.jpg\"\n               data-thumbnail=\"http:\/\/www.zsamshornistudenky.cz\/wp-content\/gallery\/bobovani-v-ms-27-11-203\/thumbs\/thumbs_IMG_20231127_104139_1.jpg\"\n               data-image-id=\"4922\"\n               data-title=\"IMG_20231127_104139_1\"\n               data-description=\"\"\n               data-image-slug=\"img_20231127_104139_1\"\n               class=\"ngg-fancybox\" rel=\"6fd338c3bcb52f7ef34c51b1ee01880b\">\n                <img\n                    title=\"IMG_20231127_104139_1\"\n                    alt=\"IMG_20231127_104139_1\"\n                    src=\"http:\/\/www.zsamshornistudenky.cz\/wp-content\/gallery\/bobovani-v-ms-27-11-203\/thumbs\/thumbs_IMG_20231127_104139_1.jpg\"\n                    width=\"240\"\n                    height=\"160\"\n                    style=\"max-width:100%;\"\n                \/>\n            <\/a>\n        <\/div>\n\t\t\t\t\t\t\t<\/div> \n\t\t\t\n\t\t\t\t<div id=\"ngg-image-3\" class=\"ngg-gallery-thumbnail-box \" >\n\t\t\t\t        <div class=\"ngg-gallery-thumbnail\">\n            <a href=\"http:\/\/www.zsamshornistudenky.cz\/wp-content\/gallery\/bobovani-v-ms-27-11-203\/IMG_20231127_104144_1.jpg\"\n               title=\"\"\n               data-src=\"http:\/\/www.zsamshornistudenky.cz\/wp-content\/gallery\/bobovani-v-ms-27-11-203\/IMG_20231127_104144_1.jpg\"\n               data-thumbnail=\"http:\/\/www.zsamshornistudenky.cz\/wp-content\/gallery\/bobovani-v-ms-27-11-203\/thumbs\/thumbs_IMG_20231127_104144_1.jpg\"\n               data-image-id=\"4923\"\n               data-title=\"IMG_20231127_104144_1\"\n               data-description=\"\"\n               data-image-slug=\"img_20231127_104144_1\"\n               class=\"ngg-fancybox\" rel=\"6fd338c3bcb52f7ef34c51b1ee01880b\">\n                <img\n                    title=\"IMG_20231127_104144_1\"\n                    alt=\"IMG_20231127_104144_1\"\n                    src=\"http:\/\/www.zsamshornistudenky.cz\/wp-content\/gallery\/bobovani-v-ms-27-11-203\/thumbs\/thumbs_IMG_20231127_104144_1.jpg\"\n                    width=\"240\"\n                    height=\"160\"\n                    style=\"max-width:100%;\"\n                \/>\n            <\/a>\n        <\/div>\n\t\t\t\t\t\t\t<\/div> \n\t\t\t\n\t\t\t\t<div id=\"ngg-image-4\" class=\"ngg-gallery-thumbnail-box \" >\n\t\t\t\t        <div class=\"ngg-gallery-thumbnail\">\n            <a href=\"http:\/\/www.zsamshornistudenky.cz\/wp-content\/gallery\/bobovani-v-ms-27-11-203\/IMG_20231127_104203_1.jpg\"\n               title=\"\"\n               data-src=\"http:\/\/www.zsamshornistudenky.cz\/wp-content\/gallery\/bobovani-v-ms-27-11-203\/IMG_20231127_104203_1.jpg\"\n               data-thumbnail=\"http:\/\/www.zsamshornistudenky.cz\/wp-content\/gallery\/bobovani-v-ms-27-11-203\/thumbs\/thumbs_IMG_20231127_104203_1.jpg\"\n               data-image-id=\"4924\"\n               data-title=\"IMG_20231127_104203_1\"\n               data-description=\"\"\n               data-image-slug=\"img_20231127_104203_1\"\n               class=\"ngg-fancybox\" rel=\"6fd338c3bcb52f7ef34c51b1ee01880b\">\n                <img\n                    title=\"IMG_20231127_104203_1\"\n                    alt=\"IMG_20231127_104203_1\"\n                    src=\"http:\/\/www.zsamshornistudenky.cz\/wp-content\/gallery\/bobovani-v-ms-27-11-203\/thumbs\/thumbs_IMG_20231127_104203_1.jpg\"\n                    width=\"240\"\n                    height=\"160\"\n                    style=\"max-width:100%;\"\n                \/>\n            <\/a>\n        <\/div>\n\t\t\t\t\t\t\t<\/div> \n\t\t\t\n\t\t\t\t<div id=\"ngg-image-5\" class=\"ngg-gallery-thumbnail-box \" >\n\t\t\t\t        <div class=\"ngg-gallery-thumbnail\">\n            <a href=\"http:\/\/www.zsamshornistudenky.cz\/wp-content\/gallery\/bobovani-v-ms-27-11-203\/IMG_20231127_104211_1.jpg\"\n               title=\"\"\n               data-src=\"http:\/\/www.zsamshornistudenky.cz\/wp-content\/gallery\/bobovani-v-ms-27-11-203\/IMG_20231127_104211_1.jpg\"\n               data-thumbnail=\"http:\/\/www.zsamshornistudenky.cz\/wp-content\/gallery\/bobovani-v-ms-27-11-203\/thumbs\/thumbs_IMG_20231127_104211_1.jpg\"\n               data-image-id=\"4925\"\n               data-title=\"IMG_20231127_104211_1\"\n               data-description=\"\"\n               data-image-slug=\"img_20231127_104211_1\"\n               class=\"ngg-fancybox\" rel=\"6fd338c3bcb52f7ef34c51b1ee01880b\">\n                <img\n                    title=\"IMG_20231127_104211_1\"\n                    alt=\"IMG_20231127_104211_1\"\n                    src=\"http:\/\/www.zsamshornistudenky.cz\/wp-content\/gallery\/bobovani-v-ms-27-11-203\/thumbs\/thumbs_IMG_20231127_104211_1.jpg\"\n                    width=\"240\"\n                    height=\"160\"\n                    style=\"max-width:100%;\"\n                \/>\n            <\/a>\n        <\/div>\n\t\t\t\t\t\t\t<\/div> \n\t\t\t\n\t\n\t<br style=\"clear: both\" \/>\n\n\t\n\t\t<!-- Pagination -->\n\t<div class='ngg-clear'><\/div>\t<\/div>\n<!-- \/wp:imagely\/nextgen-gallery --><!-- wp:paragraph {\"align\":\"right\"} -->\r\n<p style=\"text-align: right;\"><a href=\"http:\/\/www.zsamshornistudenky.cz\/?page_id=43\">&lt;ZP\u011aT<\/a><\/p>","protected":false},"excerpt":{"rendered":"<p>&lt;ZP\u011aT &lt;ZP\u011aT<\/p>\n","protected":false},"author":2,"featured_media":0,"parent":0,"menu_order":0,"comment_status":"closed","ping_status":"closed","template":"","meta":{"ngg_post_thumbnail":0},"_links":{"self":[{"href":"http:\/\/www.zsamshornistudenky.cz\/index.php?rest_route=\/wp\/v2\/pages\/8328"}],"collection":[{"href":"http:\/\/www.zsamshornistudenky.cz\/index.php?rest_route=\/wp\/v2\/pages"}],"about":[{"href":"http:\/\/www.zsamshornistudenky.cz\/index.php?rest_route=\/wp\/v2\/types\/page"}],"author":[{"embeddable":true,"href":"http:\/\/www.zsamshornistudenky.cz\/index.php?rest_route=\/wp\/v2\/users\/2"}],"replies":[{"embeddable":true,"href":"http:\/\/www.zsamshornistudenky.cz\/index.php?rest_route=%2Fwp%2Fv2%2Fcomments&post=8328"}],"version-history":[{"count":1,"href":"http:\/\/www.zsamshornistudenky.cz\/index.php?rest_route=\/wp\/v2\/pages\/8328\/revisions"}],"predecessor-version":[{"id":8329,"href":"http:\/\/www.zsamshornistudenky.cz\/index.php?rest_route=\/wp\/v2\/pages\/8328\/revisions\/8329"}],"wp:attachment":[{"href":"http:\/\/www.zsamshornistudenky.cz\/index.php?rest_route=%2Fwp%2Fv2%2Fmedia&parent=8328"}],"curies":[{"name":"wp","href":"https:\/\/api.w.org\/{rel}","templated":true}]}}