{"id":8291,"date":"2024-08-11T07:58:43","date_gmt":"2024-08-11T07:58:43","guid":{"rendered":"http:\/\/www.zsamshornistudenky.cz\/?page_id=8291"},"modified":"2024-08-11T08:01:08","modified_gmt":"2024-08-11T08:01:08","slug":"fotogalerie-rozlouceni-s-predskolaky-2","status":"publish","type":"page","link":"http:\/\/www.zsamshornistudenky.cz\/?page_id=8291","title":{"rendered":"Fotogalerie &#8211; Rozlou\u010den\u00ed s p\u0159ed\u0161kol\u00e1ky 27. 6. 2024"},"content":{"rendered":"<p><a href=\"http:\/\/www.zsamshornistudenky.cz\/?page_id=43\">&lt;ZP\u011aT<\/a><\/p>\r\n<!-- \/wp:paragraph -->\r\n\r\n<!-- wp:imagely\/nextgen-gallery -->\r\n<!-- default-view.php -->\n<div\n\tclass=\"ngg-galleryoverview default-view \"\n\tid=\"ngg-gallery-b67c89ba572340f6a78f7d5a77a725e6-1\">\n\n\t\t<!-- Thumbnails -->\n\t\t\t\t<div id=\"ngg-image-0\" class=\"ngg-gallery-thumbnail-box \" >\n\t\t\t\t        <div class=\"ngg-gallery-thumbnail\">\n            <a href=\"http:\/\/www.zsamshornistudenky.cz\/wp-content\/gallery\/rozlouceni-s-predskolaky-27-6-2024\/20240626_095627.jpg\"\n               title=\"\"\n               data-src=\"http:\/\/www.zsamshornistudenky.cz\/wp-content\/gallery\/rozlouceni-s-predskolaky-27-6-2024\/20240626_095627.jpg\"\n               data-thumbnail=\"http:\/\/www.zsamshornistudenky.cz\/wp-content\/gallery\/rozlouceni-s-predskolaky-27-6-2024\/thumbs\/thumbs_20240626_095627.jpg\"\n               data-image-id=\"4909\"\n               data-title=\"20240626_095627\"\n               data-description=\"\"\n               data-image-slug=\"20240626_095627\"\n               class=\"ngg-fancybox\" rel=\"b67c89ba572340f6a78f7d5a77a725e6\">\n                <img\n                    title=\"20240626_095627\"\n                    alt=\"20240626_095627\"\n                    src=\"http:\/\/www.zsamshornistudenky.cz\/wp-content\/gallery\/rozlouceni-s-predskolaky-27-6-2024\/thumbs\/thumbs_20240626_095627.jpg\"\n                    width=\"240\"\n                    height=\"160\"\n                    style=\"max-width:100%;\"\n                \/>\n            <\/a>\n        <\/div>\n\t\t\t\t\t\t\t<\/div> \n\t\t\t\n\t\t\t\t<div id=\"ngg-image-1\" class=\"ngg-gallery-thumbnail-box \" >\n\t\t\t\t        <div class=\"ngg-gallery-thumbnail\">\n            <a href=\"http:\/\/www.zsamshornistudenky.cz\/wp-content\/gallery\/rozlouceni-s-predskolaky-27-6-2024\/20240626_102507.jpg\"\n               title=\"\"\n               data-src=\"http:\/\/www.zsamshornistudenky.cz\/wp-content\/gallery\/rozlouceni-s-predskolaky-27-6-2024\/20240626_102507.jpg\"\n               data-thumbnail=\"http:\/\/www.zsamshornistudenky.cz\/wp-content\/gallery\/rozlouceni-s-predskolaky-27-6-2024\/thumbs\/thumbs_20240626_102507.jpg\"\n               data-image-id=\"4910\"\n               data-title=\"20240626_102507\"\n               data-description=\"\"\n               data-image-slug=\"20240626_102507\"\n               class=\"ngg-fancybox\" rel=\"b67c89ba572340f6a78f7d5a77a725e6\">\n                <img\n                    title=\"20240626_102507\"\n                    alt=\"20240626_102507\"\n                    src=\"http:\/\/www.zsamshornistudenky.cz\/wp-content\/gallery\/rozlouceni-s-predskolaky-27-6-2024\/thumbs\/thumbs_20240626_102507.jpg\"\n                    width=\"240\"\n                    height=\"160\"\n                    style=\"max-width:100%;\"\n                \/>\n            <\/a>\n        <\/div>\n\t\t\t\t\t\t\t<\/div> \n\t\t\t\n\t\t\t\t<div id=\"ngg-image-2\" class=\"ngg-gallery-thumbnail-box \" >\n\t\t\t\t        <div class=\"ngg-gallery-thumbnail\">\n            <a href=\"http:\/\/www.zsamshornistudenky.cz\/wp-content\/gallery\/rozlouceni-s-predskolaky-27-6-2024\/20240626_102615.jpg\"\n               title=\"\"\n               data-src=\"http:\/\/www.zsamshornistudenky.cz\/wp-content\/gallery\/rozlouceni-s-predskolaky-27-6-2024\/20240626_102615.jpg\"\n               data-thumbnail=\"http:\/\/www.zsamshornistudenky.cz\/wp-content\/gallery\/rozlouceni-s-predskolaky-27-6-2024\/thumbs\/thumbs_20240626_102615.jpg\"\n               data-image-id=\"4911\"\n               data-title=\"20240626_102615\"\n               data-description=\"\"\n               data-image-slug=\"20240626_102615\"\n               class=\"ngg-fancybox\" rel=\"b67c89ba572340f6a78f7d5a77a725e6\">\n                <img\n                    title=\"20240626_102615\"\n                    alt=\"20240626_102615\"\n                    src=\"http:\/\/www.zsamshornistudenky.cz\/wp-content\/gallery\/rozlouceni-s-predskolaky-27-6-2024\/thumbs\/thumbs_20240626_102615.jpg\"\n                    width=\"240\"\n                    height=\"160\"\n                    style=\"max-width:100%;\"\n                \/>\n            <\/a>\n        <\/div>\n\t\t\t\t\t\t\t<\/div> \n\t\t\t\n\t\n\t<br style=\"clear: both\" \/>\n\n\t\n\t\t<!-- Pagination -->\n\t<div class='ngg-clear'><\/div>\t<\/div>\n\r\n<!-- \/wp:imagely\/nextgen-gallery -->\r\n\r\n<!-- wp:paragraph {\"align\":\"right\"} -->\r\n<p style=\"text-align: right;\"><a href=\"http:\/\/www.zsamshornistudenky.cz\/?page_id=43\">&lt;ZP\u011aT<\/a><\/p>","protected":false},"excerpt":{"rendered":"<p>&lt;ZP\u011aT &lt;ZP\u011aT<\/p>\n","protected":false},"author":2,"featured_media":0,"parent":0,"menu_order":0,"comment_status":"closed","ping_status":"closed","template":"","meta":{"ngg_post_thumbnail":0},"_links":{"self":[{"href":"http:\/\/www.zsamshornistudenky.cz\/index.php?rest_route=\/wp\/v2\/pages\/8291"}],"collection":[{"href":"http:\/\/www.zsamshornistudenky.cz\/index.php?rest_route=\/wp\/v2\/pages"}],"about":[{"href":"http:\/\/www.zsamshornistudenky.cz\/index.php?rest_route=\/wp\/v2\/types\/page"}],"author":[{"embeddable":true,"href":"http:\/\/www.zsamshornistudenky.cz\/index.php?rest_route=\/wp\/v2\/users\/2"}],"replies":[{"embeddable":true,"href":"http:\/\/www.zsamshornistudenky.cz\/index.php?rest_route=%2Fwp%2Fv2%2Fcomments&post=8291"}],"version-history":[{"count":2,"href":"http:\/\/www.zsamshornistudenky.cz\/index.php?rest_route=\/wp\/v2\/pages\/8291\/revisions"}],"predecessor-version":[{"id":8293,"href":"http:\/\/www.zsamshornistudenky.cz\/index.php?rest_route=\/wp\/v2\/pages\/8291\/revisions\/8293"}],"wp:attachment":[{"href":"http:\/\/www.zsamshornistudenky.cz\/index.php?rest_route=%2Fwp%2Fv2%2Fmedia&parent=8291"}],"curies":[{"name":"wp","href":"https:\/\/api.w.org\/{rel}","templated":true}]}}