{"id":8122,"date":"2024-05-27T08:11:46","date_gmt":"2024-05-27T08:11:46","guid":{"rendered":"http:\/\/www.zsamshornistudenky.cz\/?page_id=8122"},"modified":"2024-05-27T08:29:46","modified_gmt":"2024-05-27T08:29:46","slug":"fotogalerie-priprava-velikonocniho-oseni-v-ms-20-3-2024","status":"publish","type":"page","link":"http:\/\/www.zsamshornistudenky.cz\/?page_id=8122","title":{"rendered":"FOTOGALERIE &#8211; P\u0159\u00edprava velikono\u010dn\u00edho osen\u00ed v M\u0160 20. 3. 2024"},"content":{"rendered":"<p><a href=\"http:\/\/www.zsamshornistudenky.cz\/?page_id=43\">&lt;ZP\u011aT<\/a><\/p>\r\n<!-- \/wp:paragraph -->\r\n\r\n<!-- wp:imagely\/nextgen-gallery -->\r\n<!-- default-view.php -->\n<div\n\tclass=\"ngg-galleryoverview default-view \"\n\tid=\"ngg-gallery-96b73d85b1c60bb9d37735e0075a8794-1\">\n\n\t\t<!-- Thumbnails -->\n\t\t\t\t<div id=\"ngg-image-0\" class=\"ngg-gallery-thumbnail-box \" >\n\t\t\t\t        <div class=\"ngg-gallery-thumbnail\">\n            <a href=\"http:\/\/www.zsamshornistudenky.cz\/wp-content\/gallery\/priprava-velikonocniho-oseni-20-3-2024\/20240320_083218.jpg\"\n               title=\"\"\n               data-src=\"http:\/\/www.zsamshornistudenky.cz\/wp-content\/gallery\/priprava-velikonocniho-oseni-20-3-2024\/20240320_083218.jpg\"\n               data-thumbnail=\"http:\/\/www.zsamshornistudenky.cz\/wp-content\/gallery\/priprava-velikonocniho-oseni-20-3-2024\/thumbs\/thumbs_20240320_083218.jpg\"\n               data-image-id=\"4800\"\n               data-title=\"20240320_083218\"\n               data-description=\"\"\n               data-image-slug=\"20240320_083218\"\n               class=\"ngg-fancybox\" rel=\"96b73d85b1c60bb9d37735e0075a8794\">\n                <img\n                    title=\"20240320_083218\"\n                    alt=\"20240320_083218\"\n                    src=\"http:\/\/www.zsamshornistudenky.cz\/wp-content\/gallery\/priprava-velikonocniho-oseni-20-3-2024\/thumbs\/thumbs_20240320_083218.jpg\"\n                    width=\"240\"\n                    height=\"160\"\n                    style=\"max-width:100%;\"\n                \/>\n            <\/a>\n        <\/div>\n\t\t\t\t\t\t\t<\/div> \n\t\t\t\n\t\t\t\t<div id=\"ngg-image-1\" class=\"ngg-gallery-thumbnail-box \" >\n\t\t\t\t        <div class=\"ngg-gallery-thumbnail\">\n            <a href=\"http:\/\/www.zsamshornistudenky.cz\/wp-content\/gallery\/priprava-velikonocniho-oseni-20-3-2024\/20240320_083222.jpg\"\n               title=\"\"\n               data-src=\"http:\/\/www.zsamshornistudenky.cz\/wp-content\/gallery\/priprava-velikonocniho-oseni-20-3-2024\/20240320_083222.jpg\"\n               data-thumbnail=\"http:\/\/www.zsamshornistudenky.cz\/wp-content\/gallery\/priprava-velikonocniho-oseni-20-3-2024\/thumbs\/thumbs_20240320_083222.jpg\"\n               data-image-id=\"4801\"\n               data-title=\"20240320_083222\"\n               data-description=\"\"\n               data-image-slug=\"20240320_083222\"\n               class=\"ngg-fancybox\" rel=\"96b73d85b1c60bb9d37735e0075a8794\">\n                <img\n                    title=\"20240320_083222\"\n                    alt=\"20240320_083222\"\n                    src=\"http:\/\/www.zsamshornistudenky.cz\/wp-content\/gallery\/priprava-velikonocniho-oseni-20-3-2024\/thumbs\/thumbs_20240320_083222.jpg\"\n                    width=\"240\"\n                    height=\"160\"\n                    style=\"max-width:100%;\"\n                \/>\n            <\/a>\n        <\/div>\n\t\t\t\t\t\t\t<\/div> \n\t\t\t\n\t\t\t\t<div id=\"ngg-image-2\" class=\"ngg-gallery-thumbnail-box \" >\n\t\t\t\t        <div class=\"ngg-gallery-thumbnail\">\n            <a href=\"http:\/\/www.zsamshornistudenky.cz\/wp-content\/gallery\/priprava-velikonocniho-oseni-20-3-2024\/20240320_083240.jpg\"\n               title=\"\"\n               data-src=\"http:\/\/www.zsamshornistudenky.cz\/wp-content\/gallery\/priprava-velikonocniho-oseni-20-3-2024\/20240320_083240.jpg\"\n               data-thumbnail=\"http:\/\/www.zsamshornistudenky.cz\/wp-content\/gallery\/priprava-velikonocniho-oseni-20-3-2024\/thumbs\/thumbs_20240320_083240.jpg\"\n               data-image-id=\"4802\"\n               data-title=\"20240320_083240\"\n               data-description=\"\"\n               data-image-slug=\"20240320_083240\"\n               class=\"ngg-fancybox\" rel=\"96b73d85b1c60bb9d37735e0075a8794\">\n                <img\n                    title=\"20240320_083240\"\n                    alt=\"20240320_083240\"\n                    src=\"http:\/\/www.zsamshornistudenky.cz\/wp-content\/gallery\/priprava-velikonocniho-oseni-20-3-2024\/thumbs\/thumbs_20240320_083240.jpg\"\n                    width=\"240\"\n                    height=\"160\"\n                    style=\"max-width:100%;\"\n                \/>\n            <\/a>\n        <\/div>\n\t\t\t\t\t\t\t<\/div> \n\t\t\t\n\t\t\t\t<div id=\"ngg-image-3\" class=\"ngg-gallery-thumbnail-box \" >\n\t\t\t\t        <div class=\"ngg-gallery-thumbnail\">\n            <a href=\"http:\/\/www.zsamshornistudenky.cz\/wp-content\/gallery\/priprava-velikonocniho-oseni-20-3-2024\/20240320_083241.jpg\"\n               title=\"\"\n               data-src=\"http:\/\/www.zsamshornistudenky.cz\/wp-content\/gallery\/priprava-velikonocniho-oseni-20-3-2024\/20240320_083241.jpg\"\n               data-thumbnail=\"http:\/\/www.zsamshornistudenky.cz\/wp-content\/gallery\/priprava-velikonocniho-oseni-20-3-2024\/thumbs\/thumbs_20240320_083241.jpg\"\n               data-image-id=\"4803\"\n               data-title=\"20240320_083241\"\n               data-description=\"\"\n               data-image-slug=\"20240320_083241\"\n               class=\"ngg-fancybox\" rel=\"96b73d85b1c60bb9d37735e0075a8794\">\n                <img\n                    title=\"20240320_083241\"\n                    alt=\"20240320_083241\"\n                    src=\"http:\/\/www.zsamshornistudenky.cz\/wp-content\/gallery\/priprava-velikonocniho-oseni-20-3-2024\/thumbs\/thumbs_20240320_083241.jpg\"\n                    width=\"240\"\n                    height=\"160\"\n                    style=\"max-width:100%;\"\n                \/>\n            <\/a>\n        <\/div>\n\t\t\t\t\t\t\t<\/div> \n\t\t\t\n\t\n\t<br style=\"clear: both\" \/>\n\n\t\n\t\t<!-- Pagination -->\n\t<div class='ngg-clear'><\/div>\t<\/div>\n\r\n<!-- \/wp:imagely\/nextgen-gallery -->\r\n\r\n<!-- wp:paragraph {\"align\":\"right\"} -->\r\n<p style=\"text-align: right;\"><a href=\"http:\/\/www.zsamshornistudenky.cz\/?page_id=43\">&lt;ZP\u011aT<\/a><\/p>","protected":false},"excerpt":{"rendered":"<p>&lt;ZP\u011aT &lt;ZP\u011aT<\/p>\n","protected":false},"author":2,"featured_media":0,"parent":0,"menu_order":0,"comment_status":"closed","ping_status":"closed","template":"","meta":{"ngg_post_thumbnail":0},"_links":{"self":[{"href":"http:\/\/www.zsamshornistudenky.cz\/index.php?rest_route=\/wp\/v2\/pages\/8122"}],"collection":[{"href":"http:\/\/www.zsamshornistudenky.cz\/index.php?rest_route=\/wp\/v2\/pages"}],"about":[{"href":"http:\/\/www.zsamshornistudenky.cz\/index.php?rest_route=\/wp\/v2\/types\/page"}],"author":[{"embeddable":true,"href":"http:\/\/www.zsamshornistudenky.cz\/index.php?rest_route=\/wp\/v2\/users\/2"}],"replies":[{"embeddable":true,"href":"http:\/\/www.zsamshornistudenky.cz\/index.php?rest_route=%2Fwp%2Fv2%2Fcomments&post=8122"}],"version-history":[{"count":2,"href":"http:\/\/www.zsamshornistudenky.cz\/index.php?rest_route=\/wp\/v2\/pages\/8122\/revisions"}],"predecessor-version":[{"id":8145,"href":"http:\/\/www.zsamshornistudenky.cz\/index.php?rest_route=\/wp\/v2\/pages\/8122\/revisions\/8145"}],"wp:attachment":[{"href":"http:\/\/www.zsamshornistudenky.cz\/index.php?rest_route=%2Fwp%2Fv2%2Fmedia&parent=8122"}],"curies":[{"name":"wp","href":"https:\/\/api.w.org\/{rel}","templated":true}]}}