{"id":8113,"date":"2024-05-27T08:06:32","date_gmt":"2024-05-27T08:06:32","guid":{"rendered":"http:\/\/www.zsamshornistudenky.cz\/?page_id=8113"},"modified":"2024-05-27T08:28:36","modified_gmt":"2024-05-27T08:28:36","slug":"fotogalerie-vynaseni-morany-22-3-2024","status":"publish","type":"page","link":"http:\/\/www.zsamshornistudenky.cz\/?page_id=8113","title":{"rendered":"FOTOGALERIE &#8211; Vyn\u00e1\u0161en\u00ed Morany 22. 3. 2024"},"content":{"rendered":"<p><a href=\"http:\/\/www.zsamshornistudenky.cz\/?page_id=43\">&lt;ZP\u011aT<\/a><\/p>\r\n<!-- \/wp:paragraph -->\r\n\r\n<!-- wp:imagely\/nextgen-gallery -->\r\n<!-- default-view.php -->\n<div\n\tclass=\"ngg-galleryoverview default-view \"\n\tid=\"ngg-gallery-d3fc1584ebe8cc239b91264a8fd0c3a9-1\">\n\n\t\t<!-- Thumbnails -->\n\t\t\t\t<div id=\"ngg-image-0\" class=\"ngg-gallery-thumbnail-box \" >\n\t\t\t\t        <div class=\"ngg-gallery-thumbnail\">\n            <a href=\"http:\/\/www.zsamshornistudenky.cz\/wp-content\/gallery\/vynaseni-morany-22-3-2024\/20240322_094645.jpg\"\n               title=\"\"\n               data-src=\"http:\/\/www.zsamshornistudenky.cz\/wp-content\/gallery\/vynaseni-morany-22-3-2024\/20240322_094645.jpg\"\n               data-thumbnail=\"http:\/\/www.zsamshornistudenky.cz\/wp-content\/gallery\/vynaseni-morany-22-3-2024\/thumbs\/thumbs_20240322_094645.jpg\"\n               data-image-id=\"4783\"\n               data-title=\"20240322_094645\"\n               data-description=\"\"\n               data-image-slug=\"20240322_094645\"\n               class=\"ngg-fancybox\" rel=\"d3fc1584ebe8cc239b91264a8fd0c3a9\">\n                <img\n                    title=\"20240322_094645\"\n                    alt=\"20240322_094645\"\n                    src=\"http:\/\/www.zsamshornistudenky.cz\/wp-content\/gallery\/vynaseni-morany-22-3-2024\/thumbs\/thumbs_20240322_094645.jpg\"\n                    width=\"240\"\n                    height=\"160\"\n                    style=\"max-width:100%;\"\n                \/>\n            <\/a>\n        <\/div>\n\t\t\t\t\t\t\t<\/div> \n\t\t\t\n\t\t\t\t<div id=\"ngg-image-1\" class=\"ngg-gallery-thumbnail-box \" >\n\t\t\t\t        <div class=\"ngg-gallery-thumbnail\">\n            <a href=\"http:\/\/www.zsamshornistudenky.cz\/wp-content\/gallery\/vynaseni-morany-22-3-2024\/20240322_094837.jpg\"\n               title=\"\"\n               data-src=\"http:\/\/www.zsamshornistudenky.cz\/wp-content\/gallery\/vynaseni-morany-22-3-2024\/20240322_094837.jpg\"\n               data-thumbnail=\"http:\/\/www.zsamshornistudenky.cz\/wp-content\/gallery\/vynaseni-morany-22-3-2024\/thumbs\/thumbs_20240322_094837.jpg\"\n               data-image-id=\"4784\"\n               data-title=\"20240322_094837\"\n               data-description=\"\"\n               data-image-slug=\"20240322_094837\"\n               class=\"ngg-fancybox\" rel=\"d3fc1584ebe8cc239b91264a8fd0c3a9\">\n                <img\n                    title=\"20240322_094837\"\n                    alt=\"20240322_094837\"\n                    src=\"http:\/\/www.zsamshornistudenky.cz\/wp-content\/gallery\/vynaseni-morany-22-3-2024\/thumbs\/thumbs_20240322_094837.jpg\"\n                    width=\"240\"\n                    height=\"160\"\n                    style=\"max-width:100%;\"\n                \/>\n            <\/a>\n        <\/div>\n\t\t\t\t\t\t\t<\/div> \n\t\t\t\n\t\t\t\t<div id=\"ngg-image-2\" class=\"ngg-gallery-thumbnail-box \" >\n\t\t\t\t        <div class=\"ngg-gallery-thumbnail\">\n            <a href=\"http:\/\/www.zsamshornistudenky.cz\/wp-content\/gallery\/vynaseni-morany-22-3-2024\/20240322_094843.jpg\"\n               title=\"\"\n               data-src=\"http:\/\/www.zsamshornistudenky.cz\/wp-content\/gallery\/vynaseni-morany-22-3-2024\/20240322_094843.jpg\"\n               data-thumbnail=\"http:\/\/www.zsamshornistudenky.cz\/wp-content\/gallery\/vynaseni-morany-22-3-2024\/thumbs\/thumbs_20240322_094843.jpg\"\n               data-image-id=\"4785\"\n               data-title=\"20240322_094843\"\n               data-description=\"\"\n               data-image-slug=\"20240322_094843\"\n               class=\"ngg-fancybox\" rel=\"d3fc1584ebe8cc239b91264a8fd0c3a9\">\n                <img\n                    title=\"20240322_094843\"\n                    alt=\"20240322_094843\"\n                    src=\"http:\/\/www.zsamshornistudenky.cz\/wp-content\/gallery\/vynaseni-morany-22-3-2024\/thumbs\/thumbs_20240322_094843.jpg\"\n                    width=\"240\"\n                    height=\"160\"\n                    style=\"max-width:100%;\"\n                \/>\n            <\/a>\n        <\/div>\n\t\t\t\t\t\t\t<\/div> \n\t\t\t\n\t\t\t\t<div id=\"ngg-image-3\" class=\"ngg-gallery-thumbnail-box \" >\n\t\t\t\t        <div class=\"ngg-gallery-thumbnail\">\n            <a href=\"http:\/\/www.zsamshornistudenky.cz\/wp-content\/gallery\/vynaseni-morany-22-3-2024\/20240322_095715.jpg\"\n               title=\"\"\n               data-src=\"http:\/\/www.zsamshornistudenky.cz\/wp-content\/gallery\/vynaseni-morany-22-3-2024\/20240322_095715.jpg\"\n               data-thumbnail=\"http:\/\/www.zsamshornistudenky.cz\/wp-content\/gallery\/vynaseni-morany-22-3-2024\/thumbs\/thumbs_20240322_095715.jpg\"\n               data-image-id=\"4786\"\n               data-title=\"20240322_095715\"\n               data-description=\"\"\n               data-image-slug=\"20240322_095715\"\n               class=\"ngg-fancybox\" rel=\"d3fc1584ebe8cc239b91264a8fd0c3a9\">\n                <img\n                    title=\"20240322_095715\"\n                    alt=\"20240322_095715\"\n                    src=\"http:\/\/www.zsamshornistudenky.cz\/wp-content\/gallery\/vynaseni-morany-22-3-2024\/thumbs\/thumbs_20240322_095715.jpg\"\n                    width=\"240\"\n                    height=\"160\"\n                    style=\"max-width:100%;\"\n                \/>\n            <\/a>\n        <\/div>\n\t\t\t\t\t\t\t<\/div> \n\t\t\t\n\t\t\t\t<div id=\"ngg-image-4\" class=\"ngg-gallery-thumbnail-box \" >\n\t\t\t\t        <div class=\"ngg-gallery-thumbnail\">\n            <a href=\"http:\/\/www.zsamshornistudenky.cz\/wp-content\/gallery\/vynaseni-morany-22-3-2024\/20240322_095719.jpg\"\n               title=\"\"\n               data-src=\"http:\/\/www.zsamshornistudenky.cz\/wp-content\/gallery\/vynaseni-morany-22-3-2024\/20240322_095719.jpg\"\n               data-thumbnail=\"http:\/\/www.zsamshornistudenky.cz\/wp-content\/gallery\/vynaseni-morany-22-3-2024\/thumbs\/thumbs_20240322_095719.jpg\"\n               data-image-id=\"4787\"\n               data-title=\"20240322_095719\"\n               data-description=\"\"\n               data-image-slug=\"20240322_095719\"\n               class=\"ngg-fancybox\" rel=\"d3fc1584ebe8cc239b91264a8fd0c3a9\">\n                <img\n                    title=\"20240322_095719\"\n                    alt=\"20240322_095719\"\n                    src=\"http:\/\/www.zsamshornistudenky.cz\/wp-content\/gallery\/vynaseni-morany-22-3-2024\/thumbs\/thumbs_20240322_095719.jpg\"\n                    width=\"240\"\n                    height=\"160\"\n                    style=\"max-width:100%;\"\n                \/>\n            <\/a>\n        <\/div>\n\t\t\t\t\t\t\t<\/div> \n\t\t\t\n\t\t\t\t<div id=\"ngg-image-5\" class=\"ngg-gallery-thumbnail-box \" >\n\t\t\t\t        <div class=\"ngg-gallery-thumbnail\">\n            <a href=\"http:\/\/www.zsamshornistudenky.cz\/wp-content\/gallery\/vynaseni-morany-22-3-2024\/20240322_095726.jpg\"\n               title=\"\"\n               data-src=\"http:\/\/www.zsamshornistudenky.cz\/wp-content\/gallery\/vynaseni-morany-22-3-2024\/20240322_095726.jpg\"\n               data-thumbnail=\"http:\/\/www.zsamshornistudenky.cz\/wp-content\/gallery\/vynaseni-morany-22-3-2024\/thumbs\/thumbs_20240322_095726.jpg\"\n               data-image-id=\"4788\"\n               data-title=\"20240322_095726\"\n               data-description=\"\"\n               data-image-slug=\"20240322_095726\"\n               class=\"ngg-fancybox\" rel=\"d3fc1584ebe8cc239b91264a8fd0c3a9\">\n                <img\n                    title=\"20240322_095726\"\n                    alt=\"20240322_095726\"\n                    src=\"http:\/\/www.zsamshornistudenky.cz\/wp-content\/gallery\/vynaseni-morany-22-3-2024\/thumbs\/thumbs_20240322_095726.jpg\"\n                    width=\"240\"\n                    height=\"160\"\n                    style=\"max-width:100%;\"\n                \/>\n            <\/a>\n        <\/div>\n\t\t\t\t\t\t\t<\/div> \n\t\t\t\n\t\t\t\t<div id=\"ngg-image-6\" class=\"ngg-gallery-thumbnail-box \" >\n\t\t\t\t        <div class=\"ngg-gallery-thumbnail\">\n            <a href=\"http:\/\/www.zsamshornistudenky.cz\/wp-content\/gallery\/vynaseni-morany-22-3-2024\/20240322_095733.jpg\"\n               title=\"\"\n               data-src=\"http:\/\/www.zsamshornistudenky.cz\/wp-content\/gallery\/vynaseni-morany-22-3-2024\/20240322_095733.jpg\"\n               data-thumbnail=\"http:\/\/www.zsamshornistudenky.cz\/wp-content\/gallery\/vynaseni-morany-22-3-2024\/thumbs\/thumbs_20240322_095733.jpg\"\n               data-image-id=\"4789\"\n               data-title=\"20240322_095733\"\n               data-description=\"\"\n               data-image-slug=\"20240322_095733\"\n               class=\"ngg-fancybox\" rel=\"d3fc1584ebe8cc239b91264a8fd0c3a9\">\n                <img\n                    title=\"20240322_095733\"\n                    alt=\"20240322_095733\"\n                    src=\"http:\/\/www.zsamshornistudenky.cz\/wp-content\/gallery\/vynaseni-morany-22-3-2024\/thumbs\/thumbs_20240322_095733.jpg\"\n                    width=\"240\"\n                    height=\"160\"\n                    style=\"max-width:100%;\"\n                \/>\n            <\/a>\n        <\/div>\n\t\t\t\t\t\t\t<\/div> \n\t\t\t\n\t\t\t\t<div id=\"ngg-image-7\" class=\"ngg-gallery-thumbnail-box \" >\n\t\t\t\t        <div class=\"ngg-gallery-thumbnail\">\n            <a href=\"http:\/\/www.zsamshornistudenky.cz\/wp-content\/gallery\/vynaseni-morany-22-3-2024\/20240322_101844.jpg\"\n               title=\"\"\n               data-src=\"http:\/\/www.zsamshornistudenky.cz\/wp-content\/gallery\/vynaseni-morany-22-3-2024\/20240322_101844.jpg\"\n               data-thumbnail=\"http:\/\/www.zsamshornistudenky.cz\/wp-content\/gallery\/vynaseni-morany-22-3-2024\/thumbs\/thumbs_20240322_101844.jpg\"\n               data-image-id=\"4790\"\n               data-title=\"20240322_101844\"\n               data-description=\"\"\n               data-image-slug=\"20240322_101844\"\n               class=\"ngg-fancybox\" rel=\"d3fc1584ebe8cc239b91264a8fd0c3a9\">\n                <img\n                    title=\"20240322_101844\"\n                    alt=\"20240322_101844\"\n                    src=\"http:\/\/www.zsamshornistudenky.cz\/wp-content\/gallery\/vynaseni-morany-22-3-2024\/thumbs\/thumbs_20240322_101844.jpg\"\n                    width=\"240\"\n                    height=\"160\"\n                    style=\"max-width:100%;\"\n                \/>\n            <\/a>\n        <\/div>\n\t\t\t\t\t\t\t<\/div> \n\t\t\t\n\t\t\t\t<div id=\"ngg-image-8\" class=\"ngg-gallery-thumbnail-box \" >\n\t\t\t\t        <div class=\"ngg-gallery-thumbnail\">\n            <a href=\"http:\/\/www.zsamshornistudenky.cz\/wp-content\/gallery\/vynaseni-morany-22-3-2024\/20240322_101847.jpg\"\n               title=\"\"\n               data-src=\"http:\/\/www.zsamshornistudenky.cz\/wp-content\/gallery\/vynaseni-morany-22-3-2024\/20240322_101847.jpg\"\n               data-thumbnail=\"http:\/\/www.zsamshornistudenky.cz\/wp-content\/gallery\/vynaseni-morany-22-3-2024\/thumbs\/thumbs_20240322_101847.jpg\"\n               data-image-id=\"4791\"\n               data-title=\"20240322_101847\"\n               data-description=\"\"\n               data-image-slug=\"20240322_101847\"\n               class=\"ngg-fancybox\" rel=\"d3fc1584ebe8cc239b91264a8fd0c3a9\">\n                <img\n                    title=\"20240322_101847\"\n                    alt=\"20240322_101847\"\n                    src=\"http:\/\/www.zsamshornistudenky.cz\/wp-content\/gallery\/vynaseni-morany-22-3-2024\/thumbs\/thumbs_20240322_101847.jpg\"\n                    width=\"240\"\n                    height=\"160\"\n                    style=\"max-width:100%;\"\n                \/>\n            <\/a>\n        <\/div>\n\t\t\t\t\t\t\t<\/div> \n\t\t\t\n\t\t\t\t<div id=\"ngg-image-9\" class=\"ngg-gallery-thumbnail-box \" >\n\t\t\t\t        <div class=\"ngg-gallery-thumbnail\">\n            <a href=\"http:\/\/www.zsamshornistudenky.cz\/wp-content\/gallery\/vynaseni-morany-22-3-2024\/20240322_102258.jpg\"\n               title=\"\"\n               data-src=\"http:\/\/www.zsamshornistudenky.cz\/wp-content\/gallery\/vynaseni-morany-22-3-2024\/20240322_102258.jpg\"\n               data-thumbnail=\"http:\/\/www.zsamshornistudenky.cz\/wp-content\/gallery\/vynaseni-morany-22-3-2024\/thumbs\/thumbs_20240322_102258.jpg\"\n               data-image-id=\"4792\"\n               data-title=\"20240322_102258\"\n               data-description=\"\"\n               data-image-slug=\"20240322_102258\"\n               class=\"ngg-fancybox\" rel=\"d3fc1584ebe8cc239b91264a8fd0c3a9\">\n                <img\n                    title=\"20240322_102258\"\n                    alt=\"20240322_102258\"\n                    src=\"http:\/\/www.zsamshornistudenky.cz\/wp-content\/gallery\/vynaseni-morany-22-3-2024\/thumbs\/thumbs_20240322_102258.jpg\"\n                    width=\"240\"\n                    height=\"160\"\n                    style=\"max-width:100%;\"\n                \/>\n            <\/a>\n        <\/div>\n\t\t\t\t\t\t\t<\/div> \n\t\t\t\n\t\t\t\t<div id=\"ngg-image-10\" class=\"ngg-gallery-thumbnail-box \" >\n\t\t\t\t        <div class=\"ngg-gallery-thumbnail\">\n            <a href=\"http:\/\/www.zsamshornistudenky.cz\/wp-content\/gallery\/vynaseni-morany-22-3-2024\/20240322_102412.jpg\"\n               title=\"\"\n               data-src=\"http:\/\/www.zsamshornistudenky.cz\/wp-content\/gallery\/vynaseni-morany-22-3-2024\/20240322_102412.jpg\"\n               data-thumbnail=\"http:\/\/www.zsamshornistudenky.cz\/wp-content\/gallery\/vynaseni-morany-22-3-2024\/thumbs\/thumbs_20240322_102412.jpg\"\n               data-image-id=\"4793\"\n               data-title=\"20240322_102412\"\n               data-description=\"\"\n               data-image-slug=\"20240322_102412\"\n               class=\"ngg-fancybox\" rel=\"d3fc1584ebe8cc239b91264a8fd0c3a9\">\n                <img\n                    title=\"20240322_102412\"\n                    alt=\"20240322_102412\"\n                    src=\"http:\/\/www.zsamshornistudenky.cz\/wp-content\/gallery\/vynaseni-morany-22-3-2024\/thumbs\/thumbs_20240322_102412.jpg\"\n                    width=\"240\"\n                    height=\"160\"\n                    style=\"max-width:100%;\"\n                \/>\n            <\/a>\n        <\/div>\n\t\t\t\t\t\t\t<\/div> \n\t\t\t\n\t\t\t\t<div id=\"ngg-image-11\" class=\"ngg-gallery-thumbnail-box \" >\n\t\t\t\t        <div class=\"ngg-gallery-thumbnail\">\n            <a href=\"http:\/\/www.zsamshornistudenky.cz\/wp-content\/gallery\/vynaseni-morany-22-3-2024\/20240322_102439.jpg\"\n               title=\"\"\n               data-src=\"http:\/\/www.zsamshornistudenky.cz\/wp-content\/gallery\/vynaseni-morany-22-3-2024\/20240322_102439.jpg\"\n               data-thumbnail=\"http:\/\/www.zsamshornistudenky.cz\/wp-content\/gallery\/vynaseni-morany-22-3-2024\/thumbs\/thumbs_20240322_102439.jpg\"\n               data-image-id=\"4794\"\n               data-title=\"20240322_102439\"\n               data-description=\"\"\n               data-image-slug=\"20240322_102439\"\n               class=\"ngg-fancybox\" rel=\"d3fc1584ebe8cc239b91264a8fd0c3a9\">\n                <img\n                    title=\"20240322_102439\"\n                    alt=\"20240322_102439\"\n                    src=\"http:\/\/www.zsamshornistudenky.cz\/wp-content\/gallery\/vynaseni-morany-22-3-2024\/thumbs\/thumbs_20240322_102439.jpg\"\n                    width=\"240\"\n                    height=\"160\"\n                    style=\"max-width:100%;\"\n                \/>\n            <\/a>\n        <\/div>\n\t\t\t\t\t\t\t<\/div> \n\t\t\t\n\t\t\t\t<div id=\"ngg-image-12\" class=\"ngg-gallery-thumbnail-box \" >\n\t\t\t\t        <div class=\"ngg-gallery-thumbnail\">\n            <a href=\"http:\/\/www.zsamshornistudenky.cz\/wp-content\/gallery\/vynaseni-morany-22-3-2024\/20240322_102609.jpg\"\n               title=\"\"\n               data-src=\"http:\/\/www.zsamshornistudenky.cz\/wp-content\/gallery\/vynaseni-morany-22-3-2024\/20240322_102609.jpg\"\n               data-thumbnail=\"http:\/\/www.zsamshornistudenky.cz\/wp-content\/gallery\/vynaseni-morany-22-3-2024\/thumbs\/thumbs_20240322_102609.jpg\"\n               data-image-id=\"4795\"\n               data-title=\"20240322_102609\"\n               data-description=\"\"\n               data-image-slug=\"20240322_102609\"\n               class=\"ngg-fancybox\" rel=\"d3fc1584ebe8cc239b91264a8fd0c3a9\">\n                <img\n                    title=\"20240322_102609\"\n                    alt=\"20240322_102609\"\n                    src=\"http:\/\/www.zsamshornistudenky.cz\/wp-content\/gallery\/vynaseni-morany-22-3-2024\/thumbs\/thumbs_20240322_102609.jpg\"\n                    width=\"240\"\n                    height=\"160\"\n                    style=\"max-width:100%;\"\n                \/>\n            <\/a>\n        <\/div>\n\t\t\t\t\t\t\t<\/div> \n\t\t\t\n\t\t\t\t<div id=\"ngg-image-13\" class=\"ngg-gallery-thumbnail-box \" >\n\t\t\t\t        <div class=\"ngg-gallery-thumbnail\">\n            <a href=\"http:\/\/www.zsamshornistudenky.cz\/wp-content\/gallery\/vynaseni-morany-22-3-2024\/20240322_102707.jpg\"\n               title=\"\"\n               data-src=\"http:\/\/www.zsamshornistudenky.cz\/wp-content\/gallery\/vynaseni-morany-22-3-2024\/20240322_102707.jpg\"\n               data-thumbnail=\"http:\/\/www.zsamshornistudenky.cz\/wp-content\/gallery\/vynaseni-morany-22-3-2024\/thumbs\/thumbs_20240322_102707.jpg\"\n               data-image-id=\"4796\"\n               data-title=\"20240322_102707\"\n               data-description=\"\"\n               data-image-slug=\"20240322_102707\"\n               class=\"ngg-fancybox\" rel=\"d3fc1584ebe8cc239b91264a8fd0c3a9\">\n                <img\n                    title=\"20240322_102707\"\n                    alt=\"20240322_102707\"\n                    src=\"http:\/\/www.zsamshornistudenky.cz\/wp-content\/gallery\/vynaseni-morany-22-3-2024\/thumbs\/thumbs_20240322_102707.jpg\"\n                    width=\"240\"\n                    height=\"160\"\n                    style=\"max-width:100%;\"\n                \/>\n            <\/a>\n        <\/div>\n\t\t\t\t\t\t\t<\/div> \n\t\t\t\n\t\t\t\t<div id=\"ngg-image-14\" class=\"ngg-gallery-thumbnail-box \" >\n\t\t\t\t        <div class=\"ngg-gallery-thumbnail\">\n            <a href=\"http:\/\/www.zsamshornistudenky.cz\/wp-content\/gallery\/vynaseni-morany-22-3-2024\/20240322_102815.jpg\"\n               title=\"\"\n               data-src=\"http:\/\/www.zsamshornistudenky.cz\/wp-content\/gallery\/vynaseni-morany-22-3-2024\/20240322_102815.jpg\"\n               data-thumbnail=\"http:\/\/www.zsamshornistudenky.cz\/wp-content\/gallery\/vynaseni-morany-22-3-2024\/thumbs\/thumbs_20240322_102815.jpg\"\n               data-image-id=\"4797\"\n               data-title=\"20240322_102815\"\n               data-description=\"\"\n               data-image-slug=\"20240322_102815\"\n               class=\"ngg-fancybox\" rel=\"d3fc1584ebe8cc239b91264a8fd0c3a9\">\n                <img\n                    title=\"20240322_102815\"\n                    alt=\"20240322_102815\"\n                    src=\"http:\/\/www.zsamshornistudenky.cz\/wp-content\/gallery\/vynaseni-morany-22-3-2024\/thumbs\/thumbs_20240322_102815.jpg\"\n                    width=\"240\"\n                    height=\"160\"\n                    style=\"max-width:100%;\"\n                \/>\n            <\/a>\n        <\/div>\n\t\t\t\t\t\t\t<\/div> \n\t\t\t\n\t\t\t\t<div id=\"ngg-image-15\" class=\"ngg-gallery-thumbnail-box \" >\n\t\t\t\t        <div class=\"ngg-gallery-thumbnail\">\n            <a href=\"http:\/\/www.zsamshornistudenky.cz\/wp-content\/gallery\/vynaseni-morany-22-3-2024\/20240322_102817.jpg\"\n               title=\"\"\n               data-src=\"http:\/\/www.zsamshornistudenky.cz\/wp-content\/gallery\/vynaseni-morany-22-3-2024\/20240322_102817.jpg\"\n               data-thumbnail=\"http:\/\/www.zsamshornistudenky.cz\/wp-content\/gallery\/vynaseni-morany-22-3-2024\/thumbs\/thumbs_20240322_102817.jpg\"\n               data-image-id=\"4798\"\n               data-title=\"20240322_102817\"\n               data-description=\"\"\n               data-image-slug=\"20240322_102817\"\n               class=\"ngg-fancybox\" rel=\"d3fc1584ebe8cc239b91264a8fd0c3a9\">\n                <img\n                    title=\"20240322_102817\"\n                    alt=\"20240322_102817\"\n                    src=\"http:\/\/www.zsamshornistudenky.cz\/wp-content\/gallery\/vynaseni-morany-22-3-2024\/thumbs\/thumbs_20240322_102817.jpg\"\n                    width=\"240\"\n                    height=\"160\"\n                    style=\"max-width:100%;\"\n                \/>\n            <\/a>\n        <\/div>\n\t\t\t\t\t\t\t<\/div> \n\t\t\t\n\t\t\t\t<div id=\"ngg-image-16\" class=\"ngg-gallery-thumbnail-box \" >\n\t\t\t\t        <div class=\"ngg-gallery-thumbnail\">\n            <a href=\"http:\/\/www.zsamshornistudenky.cz\/wp-content\/gallery\/vynaseni-morany-22-3-2024\/20240322_102830.jpg\"\n               title=\"\"\n               data-src=\"http:\/\/www.zsamshornistudenky.cz\/wp-content\/gallery\/vynaseni-morany-22-3-2024\/20240322_102830.jpg\"\n               data-thumbnail=\"http:\/\/www.zsamshornistudenky.cz\/wp-content\/gallery\/vynaseni-morany-22-3-2024\/thumbs\/thumbs_20240322_102830.jpg\"\n               data-image-id=\"4799\"\n               data-title=\"20240322_102830\"\n               data-description=\"\"\n               data-image-slug=\"20240322_102830\"\n               class=\"ngg-fancybox\" rel=\"d3fc1584ebe8cc239b91264a8fd0c3a9\">\n                <img\n                    title=\"20240322_102830\"\n                    alt=\"20240322_102830\"\n                    src=\"http:\/\/www.zsamshornistudenky.cz\/wp-content\/gallery\/vynaseni-morany-22-3-2024\/thumbs\/thumbs_20240322_102830.jpg\"\n                    width=\"240\"\n                    height=\"160\"\n                    style=\"max-width:100%;\"\n                \/>\n            <\/a>\n        <\/div>\n\t\t\t\t\t\t\t<\/div> \n\t\t\t\n\t\n\t<br style=\"clear: both\" \/>\n\n\t\n\t\t<!-- Pagination -->\n\t<div class='ngg-clear'><\/div>\t<\/div>\n\r\n<!-- \/wp:imagely\/nextgen-gallery -->\r\n\r\n<!-- wp:paragraph {\"align\":\"right\"} -->\r\n<p style=\"text-align: right;\"><a href=\"http:\/\/www.zsamshornistudenky.cz\/?page_id=43\">&lt;ZP\u011aT<\/a><\/p>","protected":false},"excerpt":{"rendered":"<p>&lt;ZP\u011aT &lt;ZP\u011aT<\/p>\n","protected":false},"author":2,"featured_media":0,"parent":0,"menu_order":0,"comment_status":"closed","ping_status":"closed","template":"","meta":{"ngg_post_thumbnail":0},"_links":{"self":[{"href":"http:\/\/www.zsamshornistudenky.cz\/index.php?rest_route=\/wp\/v2\/pages\/8113"}],"collection":[{"href":"http:\/\/www.zsamshornistudenky.cz\/index.php?rest_route=\/wp\/v2\/pages"}],"about":[{"href":"http:\/\/www.zsamshornistudenky.cz\/index.php?rest_route=\/wp\/v2\/types\/page"}],"author":[{"embeddable":true,"href":"http:\/\/www.zsamshornistudenky.cz\/index.php?rest_route=\/wp\/v2\/users\/2"}],"replies":[{"embeddable":true,"href":"http:\/\/www.zsamshornistudenky.cz\/index.php?rest_route=%2Fwp%2Fv2%2Fcomments&post=8113"}],"version-history":[{"count":2,"href":"http:\/\/www.zsamshornistudenky.cz\/index.php?rest_route=\/wp\/v2\/pages\/8113\/revisions"}],"predecessor-version":[{"id":8142,"href":"http:\/\/www.zsamshornistudenky.cz\/index.php?rest_route=\/wp\/v2\/pages\/8113\/revisions\/8142"}],"wp:attachment":[{"href":"http:\/\/www.zsamshornistudenky.cz\/index.php?rest_route=%2Fwp%2Fv2%2Fmedia&parent=8113"}],"curies":[{"name":"wp","href":"https:\/\/api.w.org\/{rel}","templated":true}]}}