{"id":7802,"date":"2023-06-24T21:18:11","date_gmt":"2023-06-24T21:18:11","guid":{"rendered":"http:\/\/www.zsamshornistudenky.cz\/?page_id=7802"},"modified":"2023-06-24T21:18:11","modified_gmt":"2023-06-24T21:18:11","slug":"fotogalerie-koralkovani-v-ms","status":"publish","type":"page","link":"http:\/\/www.zsamshornistudenky.cz\/?page_id=7802","title":{"rendered":"Fotogalerie &#8211; Kor\u00e1lkov\u00e1n\u00ed v M\u0160"},"content":{"rendered":"<a href=\"http:\/\/www.zsamshornistudenky.cz\/?page_id=43\">&lt;ZP\u011aT<\/a>\r\n\r\n<!-- \/wp:paragraph --><!-- wp:imagely\/nextgen-gallery -->\r\n\r\n<!-- default-view.php -->\n<div\n\tclass=\"ngg-galleryoverview default-view \"\n\tid=\"ngg-gallery-456ff5b477a31bc3ce5616154e4afb3d-1\">\n\n\t\t<!-- Thumbnails -->\n\t\t\t\t<div id=\"ngg-image-0\" class=\"ngg-gallery-thumbnail-box \" >\n\t\t\t\t        <div class=\"ngg-gallery-thumbnail\">\n            <a href=\"http:\/\/www.zsamshornistudenky.cz\/wp-content\/gallery\/koralkovani-v-ms\/20230224_075727.jpg\"\n               title=\"\"\n               data-src=\"http:\/\/www.zsamshornistudenky.cz\/wp-content\/gallery\/koralkovani-v-ms\/20230224_075727.jpg\"\n               data-thumbnail=\"http:\/\/www.zsamshornistudenky.cz\/wp-content\/gallery\/koralkovani-v-ms\/thumbs\/thumbs_20230224_075727.jpg\"\n               data-image-id=\"4751\"\n               data-title=\"20230224_075727\"\n               data-description=\"\"\n               data-image-slug=\"20230224_075727\"\n               class=\"ngg-fancybox\" rel=\"456ff5b477a31bc3ce5616154e4afb3d\">\n                <img\n                    title=\"20230224_075727\"\n                    alt=\"20230224_075727\"\n                    src=\"http:\/\/www.zsamshornistudenky.cz\/wp-content\/gallery\/koralkovani-v-ms\/thumbs\/thumbs_20230224_075727.jpg\"\n                    width=\"240\"\n                    height=\"160\"\n                    style=\"max-width:100%;\"\n                \/>\n            <\/a>\n        <\/div>\n\t\t\t\t\t\t\t<\/div> \n\t\t\t\n\t\t\t\t<div id=\"ngg-image-1\" class=\"ngg-gallery-thumbnail-box \" >\n\t\t\t\t        <div class=\"ngg-gallery-thumbnail\">\n            <a href=\"http:\/\/www.zsamshornistudenky.cz\/wp-content\/gallery\/koralkovani-v-ms\/20230224_075738.jpg\"\n               title=\"\"\n               data-src=\"http:\/\/www.zsamshornistudenky.cz\/wp-content\/gallery\/koralkovani-v-ms\/20230224_075738.jpg\"\n               data-thumbnail=\"http:\/\/www.zsamshornistudenky.cz\/wp-content\/gallery\/koralkovani-v-ms\/thumbs\/thumbs_20230224_075738.jpg\"\n               data-image-id=\"4752\"\n               data-title=\"20230224_075738\"\n               data-description=\"\"\n               data-image-slug=\"20230224_075738\"\n               class=\"ngg-fancybox\" rel=\"456ff5b477a31bc3ce5616154e4afb3d\">\n                <img\n                    title=\"20230224_075738\"\n                    alt=\"20230224_075738\"\n                    src=\"http:\/\/www.zsamshornistudenky.cz\/wp-content\/gallery\/koralkovani-v-ms\/thumbs\/thumbs_20230224_075738.jpg\"\n                    width=\"240\"\n                    height=\"160\"\n                    style=\"max-width:100%;\"\n                \/>\n            <\/a>\n        <\/div>\n\t\t\t\t\t\t\t<\/div> \n\t\t\t\n\t\t\t\t<div id=\"ngg-image-2\" class=\"ngg-gallery-thumbnail-box \" >\n\t\t\t\t        <div class=\"ngg-gallery-thumbnail\">\n            <a href=\"http:\/\/www.zsamshornistudenky.cz\/wp-content\/gallery\/koralkovani-v-ms\/20230224_075750.jpg\"\n               title=\"\"\n               data-src=\"http:\/\/www.zsamshornistudenky.cz\/wp-content\/gallery\/koralkovani-v-ms\/20230224_075750.jpg\"\n               data-thumbnail=\"http:\/\/www.zsamshornistudenky.cz\/wp-content\/gallery\/koralkovani-v-ms\/thumbs\/thumbs_20230224_075750.jpg\"\n               data-image-id=\"4753\"\n               data-title=\"20230224_075750\"\n               data-description=\"\"\n               data-image-slug=\"20230224_075750\"\n               class=\"ngg-fancybox\" rel=\"456ff5b477a31bc3ce5616154e4afb3d\">\n                <img\n                    title=\"20230224_075750\"\n                    alt=\"20230224_075750\"\n                    src=\"http:\/\/www.zsamshornistudenky.cz\/wp-content\/gallery\/koralkovani-v-ms\/thumbs\/thumbs_20230224_075750.jpg\"\n                    width=\"240\"\n                    height=\"160\"\n                    style=\"max-width:100%;\"\n                \/>\n            <\/a>\n        <\/div>\n\t\t\t\t\t\t\t<\/div> \n\t\t\t\n\t\t\t\t<div id=\"ngg-image-3\" class=\"ngg-gallery-thumbnail-box \" >\n\t\t\t\t        <div class=\"ngg-gallery-thumbnail\">\n            <a href=\"http:\/\/www.zsamshornistudenky.cz\/wp-content\/gallery\/koralkovani-v-ms\/20230224_075753.jpg\"\n               title=\"\"\n               data-src=\"http:\/\/www.zsamshornistudenky.cz\/wp-content\/gallery\/koralkovani-v-ms\/20230224_075753.jpg\"\n               data-thumbnail=\"http:\/\/www.zsamshornistudenky.cz\/wp-content\/gallery\/koralkovani-v-ms\/thumbs\/thumbs_20230224_075753.jpg\"\n               data-image-id=\"4754\"\n               data-title=\"20230224_075753\"\n               data-description=\"\"\n               data-image-slug=\"20230224_075753\"\n               class=\"ngg-fancybox\" rel=\"456ff5b477a31bc3ce5616154e4afb3d\">\n                <img\n                    title=\"20230224_075753\"\n                    alt=\"20230224_075753\"\n                    src=\"http:\/\/www.zsamshornistudenky.cz\/wp-content\/gallery\/koralkovani-v-ms\/thumbs\/thumbs_20230224_075753.jpg\"\n                    width=\"240\"\n                    height=\"160\"\n                    style=\"max-width:100%;\"\n                \/>\n            <\/a>\n        <\/div>\n\t\t\t\t\t\t\t<\/div> \n\t\t\t\n\t\n\t<br style=\"clear: both\" \/>\n\n\t\n\t\t<!-- Pagination -->\n\t<div class='ngg-clear'><\/div>\t<\/div>\n<!-- \/wp:imagely\/nextgen-gallery --><!-- wp:paragraph {\"align\":\"right\"} -->\r\n<p style=\"text-align: right;\"><a href=\"http:\/\/www.zsamshornistudenky.cz\/?page_id=43\">&lt;ZP\u011aT<\/a><\/p>","protected":false},"excerpt":{"rendered":"<p>&lt;ZP\u011aT &lt;ZP\u011aT<\/p>\n","protected":false},"author":2,"featured_media":0,"parent":0,"menu_order":0,"comment_status":"closed","ping_status":"closed","template":"","meta":{"ngg_post_thumbnail":0},"_links":{"self":[{"href":"http:\/\/www.zsamshornistudenky.cz\/index.php?rest_route=\/wp\/v2\/pages\/7802"}],"collection":[{"href":"http:\/\/www.zsamshornistudenky.cz\/index.php?rest_route=\/wp\/v2\/pages"}],"about":[{"href":"http:\/\/www.zsamshornistudenky.cz\/index.php?rest_route=\/wp\/v2\/types\/page"}],"author":[{"embeddable":true,"href":"http:\/\/www.zsamshornistudenky.cz\/index.php?rest_route=\/wp\/v2\/users\/2"}],"replies":[{"embeddable":true,"href":"http:\/\/www.zsamshornistudenky.cz\/index.php?rest_route=%2Fwp%2Fv2%2Fcomments&post=7802"}],"version-history":[{"count":1,"href":"http:\/\/www.zsamshornistudenky.cz\/index.php?rest_route=\/wp\/v2\/pages\/7802\/revisions"}],"predecessor-version":[{"id":7803,"href":"http:\/\/www.zsamshornistudenky.cz\/index.php?rest_route=\/wp\/v2\/pages\/7802\/revisions\/7803"}],"wp:attachment":[{"href":"http:\/\/www.zsamshornistudenky.cz\/index.php?rest_route=%2Fwp%2Fv2%2Fmedia&parent=7802"}],"curies":[{"name":"wp","href":"https:\/\/api.w.org\/{rel}","templated":true}]}}