{"id":6990,"date":"2023-01-07T20:19:56","date_gmt":"2023-01-07T20:19:56","guid":{"rendered":"http:\/\/www.zsamshornistudenky.cz\/?page_id=6990"},"modified":"2023-01-07T20:19:56","modified_gmt":"2023-01-07T20:19:56","slug":"fotogalerie-vanocni-zpivani-a-beseda-v-mistnim-kostele-21-12-2022","status":"publish","type":"page","link":"http:\/\/www.zsamshornistudenky.cz\/?page_id=6990","title":{"rendered":"Fotogalerie &#8211; V\u00e1no\u010dn\u00ed zp\u00edv\u00e1n\u00ed a beseda v m\u00edstn\u00edm kostele 21. 12. 2022"},"content":{"rendered":"<a href=\"http:\/\/www.zsamshornistudenky.cz\/?page_id=43\">&lt;ZP\u011aT<\/a>\r\n\r\n<!-- \/wp:paragraph --><!-- wp:imagely\/nextgen-gallery -->\r\n\r\n<!-- default-view.php -->\n<div\n\tclass=\"ngg-galleryoverview default-view \"\n\tid=\"ngg-gallery-fa47868475cf17a67b6f4059595e0c2d-1\">\n\n\t\t<!-- Thumbnails -->\n\t\t\t\t<div id=\"ngg-image-0\" class=\"ngg-gallery-thumbnail-box \" >\n\t\t\t\t        <div class=\"ngg-gallery-thumbnail\">\n            <a href=\"http:\/\/www.zsamshornistudenky.cz\/wp-content\/gallery\/vanocni-zpivani-a-beseda-v-mistnim-kostele-21-12-2022\/20221221_095050.jpg\"\n               title=\"\"\n               data-src=\"http:\/\/www.zsamshornistudenky.cz\/wp-content\/gallery\/vanocni-zpivani-a-beseda-v-mistnim-kostele-21-12-2022\/20221221_095050.jpg\"\n               data-thumbnail=\"http:\/\/www.zsamshornistudenky.cz\/wp-content\/gallery\/vanocni-zpivani-a-beseda-v-mistnim-kostele-21-12-2022\/thumbs\/thumbs_20221221_095050.jpg\"\n               data-image-id=\"4142\"\n               data-title=\"20221221_095050\"\n               data-description=\"\"\n               data-image-slug=\"20221221_095050\"\n               class=\"ngg-fancybox\" rel=\"fa47868475cf17a67b6f4059595e0c2d\">\n                <img\n                    title=\"20221221_095050\"\n                    alt=\"20221221_095050\"\n                    src=\"http:\/\/www.zsamshornistudenky.cz\/wp-content\/gallery\/vanocni-zpivani-a-beseda-v-mistnim-kostele-21-12-2022\/thumbs\/thumbs_20221221_095050.jpg\"\n                    width=\"240\"\n                    height=\"160\"\n                    style=\"max-width:100%;\"\n                \/>\n            <\/a>\n        <\/div>\n\t\t\t\t\t\t\t<\/div> \n\t\t\t\n\t\t\t\t<div id=\"ngg-image-1\" class=\"ngg-gallery-thumbnail-box \" >\n\t\t\t\t        <div class=\"ngg-gallery-thumbnail\">\n            <a href=\"http:\/\/www.zsamshornistudenky.cz\/wp-content\/gallery\/vanocni-zpivani-a-beseda-v-mistnim-kostele-21-12-2022\/20221221_095051.jpg\"\n               title=\"\"\n               data-src=\"http:\/\/www.zsamshornistudenky.cz\/wp-content\/gallery\/vanocni-zpivani-a-beseda-v-mistnim-kostele-21-12-2022\/20221221_095051.jpg\"\n               data-thumbnail=\"http:\/\/www.zsamshornistudenky.cz\/wp-content\/gallery\/vanocni-zpivani-a-beseda-v-mistnim-kostele-21-12-2022\/thumbs\/thumbs_20221221_095051.jpg\"\n               data-image-id=\"4143\"\n               data-title=\"20221221_095051\"\n               data-description=\"\"\n               data-image-slug=\"20221221_095051\"\n               class=\"ngg-fancybox\" rel=\"fa47868475cf17a67b6f4059595e0c2d\">\n                <img\n                    title=\"20221221_095051\"\n                    alt=\"20221221_095051\"\n                    src=\"http:\/\/www.zsamshornistudenky.cz\/wp-content\/gallery\/vanocni-zpivani-a-beseda-v-mistnim-kostele-21-12-2022\/thumbs\/thumbs_20221221_095051.jpg\"\n                    width=\"240\"\n                    height=\"160\"\n                    style=\"max-width:100%;\"\n                \/>\n            <\/a>\n        <\/div>\n\t\t\t\t\t\t\t<\/div> \n\t\t\t\n\t\t\t\t<div id=\"ngg-image-2\" class=\"ngg-gallery-thumbnail-box \" >\n\t\t\t\t        <div class=\"ngg-gallery-thumbnail\">\n            <a href=\"http:\/\/www.zsamshornistudenky.cz\/wp-content\/gallery\/vanocni-zpivani-a-beseda-v-mistnim-kostele-21-12-2022\/20221221_095053_1.jpg\"\n               title=\"\"\n               data-src=\"http:\/\/www.zsamshornistudenky.cz\/wp-content\/gallery\/vanocni-zpivani-a-beseda-v-mistnim-kostele-21-12-2022\/20221221_095053_1.jpg\"\n               data-thumbnail=\"http:\/\/www.zsamshornistudenky.cz\/wp-content\/gallery\/vanocni-zpivani-a-beseda-v-mistnim-kostele-21-12-2022\/thumbs\/thumbs_20221221_095053_1.jpg\"\n               data-image-id=\"4144\"\n               data-title=\"20221221_095053_1\"\n               data-description=\"\"\n               data-image-slug=\"20221221_095053_1\"\n               class=\"ngg-fancybox\" rel=\"fa47868475cf17a67b6f4059595e0c2d\">\n                <img\n                    title=\"20221221_095053_1\"\n                    alt=\"20221221_095053_1\"\n                    src=\"http:\/\/www.zsamshornistudenky.cz\/wp-content\/gallery\/vanocni-zpivani-a-beseda-v-mistnim-kostele-21-12-2022\/thumbs\/thumbs_20221221_095053_1.jpg\"\n                    width=\"240\"\n                    height=\"160\"\n                    style=\"max-width:100%;\"\n                \/>\n            <\/a>\n        <\/div>\n\t\t\t\t\t\t\t<\/div> \n\t\t\t\n\t\t\t\t<div id=\"ngg-image-3\" class=\"ngg-gallery-thumbnail-box \" >\n\t\t\t\t        <div class=\"ngg-gallery-thumbnail\">\n            <a href=\"http:\/\/www.zsamshornistudenky.cz\/wp-content\/gallery\/vanocni-zpivani-a-beseda-v-mistnim-kostele-21-12-2022\/20221221_095448_1.jpg\"\n               title=\"\"\n               data-src=\"http:\/\/www.zsamshornistudenky.cz\/wp-content\/gallery\/vanocni-zpivani-a-beseda-v-mistnim-kostele-21-12-2022\/20221221_095448_1.jpg\"\n               data-thumbnail=\"http:\/\/www.zsamshornistudenky.cz\/wp-content\/gallery\/vanocni-zpivani-a-beseda-v-mistnim-kostele-21-12-2022\/thumbs\/thumbs_20221221_095448_1.jpg\"\n               data-image-id=\"4145\"\n               data-title=\"20221221_095448_1\"\n               data-description=\"\"\n               data-image-slug=\"20221221_095448_1\"\n               class=\"ngg-fancybox\" rel=\"fa47868475cf17a67b6f4059595e0c2d\">\n                <img\n                    title=\"20221221_095448_1\"\n                    alt=\"20221221_095448_1\"\n                    src=\"http:\/\/www.zsamshornistudenky.cz\/wp-content\/gallery\/vanocni-zpivani-a-beseda-v-mistnim-kostele-21-12-2022\/thumbs\/thumbs_20221221_095448_1.jpg\"\n                    width=\"240\"\n                    height=\"160\"\n                    style=\"max-width:100%;\"\n                \/>\n            <\/a>\n        <\/div>\n\t\t\t\t\t\t\t<\/div> \n\t\t\t\n\t\t\t\t<div id=\"ngg-image-4\" class=\"ngg-gallery-thumbnail-box \" >\n\t\t\t\t        <div class=\"ngg-gallery-thumbnail\">\n            <a href=\"http:\/\/www.zsamshornistudenky.cz\/wp-content\/gallery\/vanocni-zpivani-a-beseda-v-mistnim-kostele-21-12-2022\/20221221_095451_1.jpg\"\n               title=\"\"\n               data-src=\"http:\/\/www.zsamshornistudenky.cz\/wp-content\/gallery\/vanocni-zpivani-a-beseda-v-mistnim-kostele-21-12-2022\/20221221_095451_1.jpg\"\n               data-thumbnail=\"http:\/\/www.zsamshornistudenky.cz\/wp-content\/gallery\/vanocni-zpivani-a-beseda-v-mistnim-kostele-21-12-2022\/thumbs\/thumbs_20221221_095451_1.jpg\"\n               data-image-id=\"4146\"\n               data-title=\"20221221_095451_1\"\n               data-description=\"\"\n               data-image-slug=\"20221221_095451_1\"\n               class=\"ngg-fancybox\" rel=\"fa47868475cf17a67b6f4059595e0c2d\">\n                <img\n                    title=\"20221221_095451_1\"\n                    alt=\"20221221_095451_1\"\n                    src=\"http:\/\/www.zsamshornistudenky.cz\/wp-content\/gallery\/vanocni-zpivani-a-beseda-v-mistnim-kostele-21-12-2022\/thumbs\/thumbs_20221221_095451_1.jpg\"\n                    width=\"240\"\n                    height=\"160\"\n                    style=\"max-width:100%;\"\n                \/>\n            <\/a>\n        <\/div>\n\t\t\t\t\t\t\t<\/div> \n\t\t\t\n\t\t\t\t<div id=\"ngg-image-5\" class=\"ngg-gallery-thumbnail-box \" >\n\t\t\t\t        <div class=\"ngg-gallery-thumbnail\">\n            <a href=\"http:\/\/www.zsamshornistudenky.cz\/wp-content\/gallery\/vanocni-zpivani-a-beseda-v-mistnim-kostele-21-12-2022\/20221221_095500_1.jpg\"\n               title=\"\"\n               data-src=\"http:\/\/www.zsamshornistudenky.cz\/wp-content\/gallery\/vanocni-zpivani-a-beseda-v-mistnim-kostele-21-12-2022\/20221221_095500_1.jpg\"\n               data-thumbnail=\"http:\/\/www.zsamshornistudenky.cz\/wp-content\/gallery\/vanocni-zpivani-a-beseda-v-mistnim-kostele-21-12-2022\/thumbs\/thumbs_20221221_095500_1.jpg\"\n               data-image-id=\"4147\"\n               data-title=\"20221221_095500_1\"\n               data-description=\"\"\n               data-image-slug=\"20221221_095500_1\"\n               class=\"ngg-fancybox\" rel=\"fa47868475cf17a67b6f4059595e0c2d\">\n                <img\n                    title=\"20221221_095500_1\"\n                    alt=\"20221221_095500_1\"\n                    src=\"http:\/\/www.zsamshornistudenky.cz\/wp-content\/gallery\/vanocni-zpivani-a-beseda-v-mistnim-kostele-21-12-2022\/thumbs\/thumbs_20221221_095500_1.jpg\"\n                    width=\"240\"\n                    height=\"160\"\n                    style=\"max-width:100%;\"\n                \/>\n            <\/a>\n        <\/div>\n\t\t\t\t\t\t\t<\/div> \n\t\t\t\n\t\t\t\t<div id=\"ngg-image-6\" class=\"ngg-gallery-thumbnail-box \" >\n\t\t\t\t        <div class=\"ngg-gallery-thumbnail\">\n            <a href=\"http:\/\/www.zsamshornistudenky.cz\/wp-content\/gallery\/vanocni-zpivani-a-beseda-v-mistnim-kostele-21-12-2022\/20221221_100425_1.jpg\"\n               title=\"\"\n               data-src=\"http:\/\/www.zsamshornistudenky.cz\/wp-content\/gallery\/vanocni-zpivani-a-beseda-v-mistnim-kostele-21-12-2022\/20221221_100425_1.jpg\"\n               data-thumbnail=\"http:\/\/www.zsamshornistudenky.cz\/wp-content\/gallery\/vanocni-zpivani-a-beseda-v-mistnim-kostele-21-12-2022\/thumbs\/thumbs_20221221_100425_1.jpg\"\n               data-image-id=\"4148\"\n               data-title=\"20221221_100425_1\"\n               data-description=\"\"\n               data-image-slug=\"20221221_100425_1\"\n               class=\"ngg-fancybox\" rel=\"fa47868475cf17a67b6f4059595e0c2d\">\n                <img\n                    title=\"20221221_100425_1\"\n                    alt=\"20221221_100425_1\"\n                    src=\"http:\/\/www.zsamshornistudenky.cz\/wp-content\/gallery\/vanocni-zpivani-a-beseda-v-mistnim-kostele-21-12-2022\/thumbs\/thumbs_20221221_100425_1.jpg\"\n                    width=\"240\"\n                    height=\"160\"\n                    style=\"max-width:100%;\"\n                \/>\n            <\/a>\n        <\/div>\n\t\t\t\t\t\t\t<\/div> \n\t\t\t\n\t\t\t\t<div id=\"ngg-image-7\" class=\"ngg-gallery-thumbnail-box \" >\n\t\t\t\t        <div class=\"ngg-gallery-thumbnail\">\n            <a href=\"http:\/\/www.zsamshornistudenky.cz\/wp-content\/gallery\/vanocni-zpivani-a-beseda-v-mistnim-kostele-21-12-2022\/20221221_101813_1.jpg\"\n               title=\"\"\n               data-src=\"http:\/\/www.zsamshornistudenky.cz\/wp-content\/gallery\/vanocni-zpivani-a-beseda-v-mistnim-kostele-21-12-2022\/20221221_101813_1.jpg\"\n               data-thumbnail=\"http:\/\/www.zsamshornistudenky.cz\/wp-content\/gallery\/vanocni-zpivani-a-beseda-v-mistnim-kostele-21-12-2022\/thumbs\/thumbs_20221221_101813_1.jpg\"\n               data-image-id=\"4149\"\n               data-title=\"20221221_101813_1\"\n               data-description=\"\"\n               data-image-slug=\"20221221_101813_1\"\n               class=\"ngg-fancybox\" rel=\"fa47868475cf17a67b6f4059595e0c2d\">\n                <img\n                    title=\"20221221_101813_1\"\n                    alt=\"20221221_101813_1\"\n                    src=\"http:\/\/www.zsamshornistudenky.cz\/wp-content\/gallery\/vanocni-zpivani-a-beseda-v-mistnim-kostele-21-12-2022\/thumbs\/thumbs_20221221_101813_1.jpg\"\n                    width=\"240\"\n                    height=\"160\"\n                    style=\"max-width:100%;\"\n                \/>\n            <\/a>\n        <\/div>\n\t\t\t\t\t\t\t<\/div> \n\t\t\t\n\t\t\t\t<div id=\"ngg-image-8\" class=\"ngg-gallery-thumbnail-box \" >\n\t\t\t\t        <div class=\"ngg-gallery-thumbnail\">\n            <a href=\"http:\/\/www.zsamshornistudenky.cz\/wp-content\/gallery\/vanocni-zpivani-a-beseda-v-mistnim-kostele-21-12-2022\/20221221_102401_1.jpg\"\n               title=\"\"\n               data-src=\"http:\/\/www.zsamshornistudenky.cz\/wp-content\/gallery\/vanocni-zpivani-a-beseda-v-mistnim-kostele-21-12-2022\/20221221_102401_1.jpg\"\n               data-thumbnail=\"http:\/\/www.zsamshornistudenky.cz\/wp-content\/gallery\/vanocni-zpivani-a-beseda-v-mistnim-kostele-21-12-2022\/thumbs\/thumbs_20221221_102401_1.jpg\"\n               data-image-id=\"4150\"\n               data-title=\"20221221_102401_1\"\n               data-description=\"\"\n               data-image-slug=\"20221221_102401_1\"\n               class=\"ngg-fancybox\" rel=\"fa47868475cf17a67b6f4059595e0c2d\">\n                <img\n                    title=\"20221221_102401_1\"\n                    alt=\"20221221_102401_1\"\n                    src=\"http:\/\/www.zsamshornistudenky.cz\/wp-content\/gallery\/vanocni-zpivani-a-beseda-v-mistnim-kostele-21-12-2022\/thumbs\/thumbs_20221221_102401_1.jpg\"\n                    width=\"240\"\n                    height=\"160\"\n                    style=\"max-width:100%;\"\n                \/>\n            <\/a>\n        <\/div>\n\t\t\t\t\t\t\t<\/div> \n\t\t\t\n\t\t\t\t<div id=\"ngg-image-9\" class=\"ngg-gallery-thumbnail-box \" >\n\t\t\t\t        <div class=\"ngg-gallery-thumbnail\">\n            <a href=\"http:\/\/www.zsamshornistudenky.cz\/wp-content\/gallery\/vanocni-zpivani-a-beseda-v-mistnim-kostele-21-12-2022\/20221221_102726_1.jpg\"\n               title=\"\"\n               data-src=\"http:\/\/www.zsamshornistudenky.cz\/wp-content\/gallery\/vanocni-zpivani-a-beseda-v-mistnim-kostele-21-12-2022\/20221221_102726_1.jpg\"\n               data-thumbnail=\"http:\/\/www.zsamshornistudenky.cz\/wp-content\/gallery\/vanocni-zpivani-a-beseda-v-mistnim-kostele-21-12-2022\/thumbs\/thumbs_20221221_102726_1.jpg\"\n               data-image-id=\"4151\"\n               data-title=\"20221221_102726_1\"\n               data-description=\"\"\n               data-image-slug=\"20221221_102726_1\"\n               class=\"ngg-fancybox\" rel=\"fa47868475cf17a67b6f4059595e0c2d\">\n                <img\n                    title=\"20221221_102726_1\"\n                    alt=\"20221221_102726_1\"\n                    src=\"http:\/\/www.zsamshornistudenky.cz\/wp-content\/gallery\/vanocni-zpivani-a-beseda-v-mistnim-kostele-21-12-2022\/thumbs\/thumbs_20221221_102726_1.jpg\"\n                    width=\"240\"\n                    height=\"160\"\n                    style=\"max-width:100%;\"\n                \/>\n            <\/a>\n        <\/div>\n\t\t\t\t\t\t\t<\/div> \n\t\t\t\n\t\n\t<br style=\"clear: both\" \/>\n\n\t\n\t\t<!-- Pagination -->\n\t<div class='ngg-clear'><\/div>\t<\/div>\n<!-- \/wp:imagely\/nextgen-gallery --><!-- wp:paragraph {\"align\":\"right\"} -->\r\n<p style=\"text-align: right;\"><a href=\"http:\/\/www.zsamshornistudenky.cz\/?page_id=43\">&lt;ZP\u011aT<\/a><\/p>","protected":false},"excerpt":{"rendered":"<p>&lt;ZP\u011aT &lt;ZP\u011aT<\/p>\n","protected":false},"author":2,"featured_media":0,"parent":0,"menu_order":0,"comment_status":"closed","ping_status":"closed","template":"","meta":{"ngg_post_thumbnail":0},"_links":{"self":[{"href":"http:\/\/www.zsamshornistudenky.cz\/index.php?rest_route=\/wp\/v2\/pages\/6990"}],"collection":[{"href":"http:\/\/www.zsamshornistudenky.cz\/index.php?rest_route=\/wp\/v2\/pages"}],"about":[{"href":"http:\/\/www.zsamshornistudenky.cz\/index.php?rest_route=\/wp\/v2\/types\/page"}],"author":[{"embeddable":true,"href":"http:\/\/www.zsamshornistudenky.cz\/index.php?rest_route=\/wp\/v2\/users\/2"}],"replies":[{"embeddable":true,"href":"http:\/\/www.zsamshornistudenky.cz\/index.php?rest_route=%2Fwp%2Fv2%2Fcomments&post=6990"}],"version-history":[{"count":1,"href":"http:\/\/www.zsamshornistudenky.cz\/index.php?rest_route=\/wp\/v2\/pages\/6990\/revisions"}],"predecessor-version":[{"id":6991,"href":"http:\/\/www.zsamshornistudenky.cz\/index.php?rest_route=\/wp\/v2\/pages\/6990\/revisions\/6991"}],"wp:attachment":[{"href":"http:\/\/www.zsamshornistudenky.cz\/index.php?rest_route=%2Fwp%2Fv2%2Fmedia&parent=6990"}],"curies":[{"name":"wp","href":"https:\/\/api.w.org\/{rel}","templated":true}]}}