{"id":6464,"date":"2022-08-25T18:51:52","date_gmt":"2022-08-25T18:51:52","guid":{"rendered":"http:\/\/www.zsamshornistudenky.cz\/?page_id=6464"},"modified":"2026-04-20T05:22:35","modified_gmt":"2026-04-20T05:22:35","slug":"menu","status":"publish","type":"page","link":"http:\/\/www.zsamshornistudenky.cz\/?page_id=6464","title":{"rendered":"J\u00eddeln\u00ed\u010dek"},"content":{"rendered":"<p><a href=\"http:\/\/www.zsamshornistudenky.cz\/wp-content\/uploads\/2021\/10\/alergeny.png\"><strong>ALERGENY<\/strong><\/a><\/p>\n<p><a href=\"http:\/\/www.zsamshornistudenky.cz\/wp-content\/uploads\/2026\/04\/Jidelni_listek_20_4-24-4_2026.pdf\">J\u00eddeln\u00ed l\u00edstek od 20. 4. do 24. 4. 2026<\/a><br \/>\n<a href=\"http:\/\/www.zsamshornistudenky.cz\/wp-content\/uploads\/2026\/04\/Jidelni_listek_13_4-17-4_2026.pdf\">J\u00eddeln\u00ed l\u00edstek od 13. 4. do 1. 4. 2026<\/a><br \/>\n<a href=\"http:\/\/www.zsamshornistudenky.cz\/wp-content\/uploads\/2026\/04\/Jidelni_listek_7_4-10-4_2026.pdf\">J\u00eddeln\u00ed l\u00edstek od 7. 4. do 10. 4. 2026<\/a><br \/>\n<a href=\"http:\/\/www.zsamshornistudenky.cz\/wp-content\/uploads\/2026\/03\/Jidelni_listek_30_3-1-4_2026.pdf\">J\u00eddeln\u00ed l\u00edstek od 30. 3. do 1. 4. 2026<\/a><br \/>\n<a href=\"http:\/\/www.zsamshornistudenky.cz\/wp-content\/uploads\/2026\/03\/Jidelni_listek_23_3-27-3_2026.pdf\">J\u00eddeln\u00ed l\u00edstek od 23. 3. do 27. 3. 2026<\/a><br \/>\n<a href=\"http:\/\/www.zsamshornistudenky.cz\/wp-content\/uploads\/2026\/03\/Jidelni_listek_16_3-20-3_2026.pdf\">J\u00eddeln\u00ed l\u00edstek od 16. 3. do 20. 3. 2026<\/a><br \/>\n<a href=\"http:\/\/www.zsamshornistudenky.cz\/wp-content\/uploads\/2026\/03\/Jidelni_listek_9_3-13-3_2026.pdf\">J\u00eddeln\u00ed l\u00edstek od 9. 3. do 13. 3. 2026<\/a><br \/>\n<a href=\"http:\/\/www.zsamshornistudenky.cz\/wp-content\/uploads\/2026\/03\/Jidelni_listek_2_3-6-3_2026.pdf\">J\u00eddeln\u00ed l\u00edstek od 2. 3. do 6. 3. 2026<\/a><br \/>\n<a href=\"http:\/\/www.zsamshornistudenky.cz\/wp-content\/uploads\/2026\/03\/Jidelni_listek_23_2-27-2_2026.pdf\">J\u00eddeln\u00ed l\u00edstek od 23. 2. do 27. 2. 2026<\/a><br \/>\n<a href=\"http:\/\/www.zsamshornistudenky.cz\/wp-content\/uploads\/2026\/02\/Jidelni_listek_16_2-20-2_2026.pdf\">J\u00eddeln\u00ed l\u00edstek od 16. 2. do 20. 2. 2026<\/a><br \/>\n<a href=\"http:\/\/www.zsamshornistudenky.cz\/wp-content\/uploads\/2026\/02\/Jidelni_listek_9_2-13-2_2026.pdf\">J\u00eddeln\u00ed l\u00edstek od 9. 2. do 13. 2. 2026<\/a><br \/>\n<a href=\"http:\/\/www.zsamshornistudenky.cz\/wp-content\/uploads\/2026\/01\/Jidelni_listek_2_2-6-2_2026.pdf\">J\u00eddeln\u00ed l\u00edstek od 2. 2. do 6. 2. 2026<\/a><br \/>\n<a href=\"http:\/\/www.zsamshornistudenky.cz\/wp-content\/uploads\/2026\/01\/Jidelni_listek_26_1-30-1_2026.pdf\">J\u00eddeln\u00ed l\u00edstek od 26. 1. do 30. 1. 2026<\/a><br \/>\n<a href=\"http:\/\/www.zsamshornistudenky.cz\/wp-content\/uploads\/2026\/01\/Jidelni_listek_19_1-23-1_2026.pdf\">J\u00eddeln\u00ed l\u00edstek od 19. 1. do 23. 1. 2026<\/a><br \/>\n<a href=\"http:\/\/www.zsamshornistudenky.cz\/wp-content\/uploads\/2026\/01\/Jidelni_listek_12_1-16-1_2026.pdf\">J\u00eddeln\u00ed l\u00edstek od 12. 1. do 16. 1. 2026<\/a><br \/>\n<a href=\"http:\/\/www.zsamshornistudenky.cz\/wp-content\/uploads\/2026\/01\/Jidelni_listek_5_1-9-1_2026.pdf\">J\u00eddeln\u00ed l\u00edstek od 5. 1. do 9. 1. 2026<\/a><br \/>\n<a href=\"http:\/\/www.zsamshornistudenky.cz\/wp-content\/uploads\/2026\/01\/Jidelni_listek_15_12-19-12_2025.pdf\">J\u00eddeln\u00ed l\u00edstek od 15. 12. do 19. 12. 2025<\/a><br \/>\n<a href=\"http:\/\/www.zsamshornistudenky.cz\/wp-content\/uploads\/2026\/01\/Jidelni_listek_8_12-12-12_2025.pdf\">J\u00eddeln\u00ed l\u00edstek od 8. 12. do 12. 12. 2025<\/a><br \/>\n<a href=\"http:\/\/www.zsamshornistudenky.cz\/wp-content\/uploads\/2026\/01\/Jidelni_listek_1_12-5-12_2025.pdf\">J\u00eddeln\u00ed l\u00edstek od 1. 12. do 5. 12. 2025<\/a><br \/>\n<a href=\"http:\/\/www.zsamshornistudenky.cz\/wp-content\/uploads\/2026\/01\/Jidelni_listek_24_11-28-11_2025.pdf\">J\u00eddeln\u00ed l\u00edstek od 24. 11. do 28. 11. 2025<\/a><br \/>\nJ\u00eddeln\u00ed l\u00edstek od 18. 11. do 21. 11. 2025<br \/>\nJ\u00eddeln\u00ed l\u00edstek od 10.11. do 14. 11. 2025<br \/>\nJ\u00eddeln\u00ed l\u00edstek od 3. 11. do 7. 11. 2025<br \/>\n<a href=\"http:\/\/www.zsamshornistudenky.cz\/wp-content\/uploads\/2025\/10\/Jidelni_listek_30_10-31-10_2025.pdf\">J\u00eddeln\u00ed l\u00edstek od 30. 10. do 31. 10. 2025<\/a><br \/>\n<a href=\"http:\/\/www.zsamshornistudenky.cz\/wp-content\/uploads\/2025\/10\/Jidelni_listek_20_10-25-10_2025.pdf\">J\u00eddeln\u00ed l\u00edstek od 20. 10. do 25. 10. 2025<\/a><br \/>\n<a href=\"http:\/\/www.zsamshornistudenky.cz\/wp-content\/uploads\/2025\/10\/Jidelni_listek_13_10-17-10_2025.pdf\">J\u00eddeln\u00ed l\u00edstek od 13. 10. do 17. 10. 2025<\/a><br \/>\n<a href=\"http:\/\/www.zsamshornistudenky.cz\/wp-content\/uploads\/2025\/10\/Jidelni_listek_6_10-10-10_2025.pdf\">J\u00eddeln\u00ed l\u00edstek od 6. 10. do 10. 10. 2025<\/a><br \/>\n<a href=\"http:\/\/www.zsamshornistudenky.cz\/wp-content\/uploads\/2025\/09\/Jidelni_listek_29_9-3-10_2025.pdf\">J\u00eddeln\u00ed l\u00edstek od 29. 9. do 3. 10. 2025<\/a><br \/>\n<a href=\"http:\/\/www.zsamshornistudenky.cz\/wp-content\/uploads\/2025\/09\/Jidelni_listek_22_9-26-9_2025.pdf\">J\u00eddeln\u00ed l\u00edstek od 22. 9. do 26. 9. 2025<\/a><br \/>\n<a href=\"http:\/\/www.zsamshornistudenky.cz\/wp-content\/uploads\/2025\/09\/Jidelni_listek_15_9-19-9_2025.pdf\">J\u00eddeln\u00ed l\u00edstek od 15. 9. do 19. 9. 2025<\/a><br \/>\n<a href=\"http:\/\/www.zsamshornistudenky.cz\/wp-content\/uploads\/2025\/09\/Jidelni_listek_8_9-12-9_2025.pdf\">J\u00eddeln\u00ed l\u00edstek od 8. 9. do 12. 9. 2025<\/a><br \/>\n<a href=\"http:\/\/www.zsamshornistudenky.cz\/wp-content\/uploads\/2025\/08\/Jidelni_listek_1_9-5-9_2025.pdf\">J\u00eddeln\u00ed l\u00edstek od 1. 9. do 5. 9. 2025<\/a><br \/>\n&#8212;&#8212;&#8212;&#8212;&#8212;&#8212;&#8212;&#8212;&#8212;&#8212;&#8212;&#8212;&#8212;&#8212;&#8212;&#8212;&#8211;<br \/>\n<a href=\"http:\/\/www.zsamshornistudenky.cz\/wp-content\/uploads\/2025\/07\/Jidelni_listek_7_7-11-7_2025.pdf\">J\u00eddeln\u00ed l\u00edstek od 7. 7. do 11. 7. 2025<\/a><br \/>\n<a href=\"http:\/\/www.zsamshornistudenky.cz\/wp-content\/uploads\/2025\/06\/Jidelni_listek_30_6-4-7_2025.pdf\">J\u00eddeln\u00ed l\u00edstek od 30. 6. do 4. 7. 2025<\/a><br \/>\n<a href=\"http:\/\/www.zsamshornistudenky.cz\/wp-content\/uploads\/2025\/06\/Jidelni_listek_23_6-27-6_2025.pdf\">J\u00eddeln\u00ed l\u00edstek od 23. 6. do 27. 6. 2025<\/a><br \/>\n<a href=\"http:\/\/www.zsamshornistudenky.cz\/wp-content\/uploads\/2025\/06\/Jidelni_listek_16_6-20-6_2025.pdf\">J\u00eddeln\u00ed l\u00edstek od 16. 6. do 20. 6. 2025<\/a><br \/>\n<a href=\"http:\/\/www.zsamshornistudenky.cz\/wp-content\/uploads\/2025\/06\/Jidelni_listek_9_6-13-6_2025.pdf\">J\u00eddeln\u00ed l\u00edstek od 9. 6. do 13. 6. 2025<\/a><br \/>\n<a href=\"http:\/\/www.zsamshornistudenky.cz\/wp-content\/uploads\/2025\/06\/Jidelni_listek_2_6-6-6_2025.pdf\">J\u00eddeln\u00ed l\u00edstek od 2. 6. do 6. 6. 2025<\/a><br \/>\n<a href=\"http:\/\/www.zsamshornistudenky.cz\/wp-content\/uploads\/2025\/05\/Jidelni_listek_26_5-30-5_2025.pdf\">J\u00eddeln\u00ed l\u00edstek od 26. 5. do 30. 5. 2025<\/a><br \/>\n<a href=\"http:\/\/www.zsamshornistudenky.cz\/wp-content\/uploads\/2025\/05\/Jidelni_listek_19_5-23-5_2025-1.pdf\">J\u00eddeln\u00ed l\u00edstek od 19. 5. do 23.5. 2025<\/a><br \/>\n<a href=\"http:\/\/www.zsamshornistudenky.cz\/wp-content\/uploads\/2025\/05\/Jidelni_listek_12_5-16-5_2025.pdf\">J\u00eddeln\u00ed l\u00edstek od 12. 5. do 16. 5. 2025<\/a><br \/>\n<a href=\"http:\/\/www.zsamshornistudenky.cz\/wp-content\/uploads\/2025\/05\/Jidelni_listek_5_5-7-5_2025.pdf\">J\u00eddeln\u00ed l\u00edstek od 5. 5. do 7. 5. 2025<\/a><br \/>\n<a href=\"http:\/\/www.zsamshornistudenky.cz\/wp-content\/uploads\/2025\/04\/Jidelni_listek_22_4-25-4_2025.pdf\">J\u00eddeln\u00ed l\u00edstek od 22. 4. do 25. 4. 2025<\/a><br \/>\n<a href=\"http:\/\/www.zsamshornistudenky.cz\/wp-content\/uploads\/2025\/04\/Jidelni_listek_7_4-11-4_2025.pdf\">J\u00eddeln\u00ed l\u00edstek od 7. 4. do 11. 4. 2025<\/a><br \/>\n<a href=\"http:\/\/www.zsamshornistudenky.cz\/wp-content\/uploads\/2025\/03\/Jidelni_listek_31_3-4-4_2025.pdf\">J\u00eddeln\u00ed l\u00edstek od 31. 3. do 4. 4. 2025<\/a><br \/>\n<a href=\"http:\/\/www.zsamshornistudenky.cz\/wp-content\/uploads\/2025\/03\/Jidelni_listek_24_3-28-3_2025.pdf\">J\u00eddeln\u00ed l\u00edstek od 24. 3. do 28. 3. 2025<\/a><br \/>\n<a href=\"http:\/\/www.zsamshornistudenky.cz\/wp-content\/uploads\/2025\/03\/Jidelni_listek_17_3-21-3_2025.pdf\">J\u00eddeln\u00ed l\u00edstek od 17. 3. do 21. 3. 2025<\/a><br \/>\n<a href=\"http:\/\/www.zsamshornistudenky.cz\/wp-content\/uploads\/2025\/03\/Jidelni_listek_3_3-7-3_2025.pdf\">J\u00eddeln\u00ed l\u00edstek od 3. 3. do 7. 3. 2025<\/a><br \/>\n<a href=\"http:\/\/www.zsamshornistudenky.cz\/wp-content\/uploads\/2025\/02\/Jidelni_listek_24_2-28-2_2025.pdf\">J\u00eddeln\u00ed l\u00edstek od 24. 2. do 28. 2. 2025<\/a><br \/>\n<a href=\"http:\/\/www.zsamshornistudenky.cz\/wp-content\/uploads\/2025\/02\/Jidelni_listek_17_2-21-2_2025.pdf\">J\u00eddeln\u00ed l\u00edstek od 17. 2. do 21. 2. 2025<\/a><br \/>\n<a href=\"http:\/\/www.zsamshornistudenky.cz\/wp-content\/uploads\/2025\/02\/Jidelni_listek_10_2-14-2_2025.pdf\">J\u00eddeln\u00ed l\u00edstek od 10. 2. do 14. 2. 2025<\/a><br \/>\n<a href=\"http:\/\/www.zsamshornistudenky.cz\/wp-content\/uploads\/2025\/01\/Jidelni_listek_3_2-7-2_2025.pdf\">J\u00eddeln\u00ed l\u00edstek od 3. 2. do 7. 2. 2025<\/a><br \/>\n<a href=\"http:\/\/www.zsamshornistudenky.cz\/wp-content\/uploads\/2025\/01\/Jidelni_listek_27_1-31-1_2025.pdf\">J\u00eddeln\u00ed l\u00edstek od 27. 1. do 31. 1. 2025<\/a><br \/>\n<a href=\"http:\/\/www.zsamshornistudenky.cz\/wp-content\/uploads\/2025\/01\/Jidelni_listek_20_1-24-1_2025.pdf\">J\u00eddeln\u00ed l\u00edstek od 20. 1. do 24. 1. 2025<\/a><br \/>\n<a href=\"http:\/\/www.zsamshornistudenky.cz\/wp-content\/uploads\/2025\/01\/Jidelni_listek_13_1-17-1_2025.pdf\">J\u00eddeln\u00ed l\u00edstek od 13. 1. do 17. 1. 2025<\/a><br \/>\n<a href=\"http:\/\/www.zsamshornistudenky.cz\/wp-content\/uploads\/2025\/01\/Jidelni_listek_6_1-10-1_2025.pdf\">J\u00eddeln\u00ed l\u00edstek od 6. 1. do 10. 1. 2025<\/a><br \/>\n<a href=\"http:\/\/www.zsamshornistudenky.cz\/wp-content\/uploads\/2025\/01\/Jidelni_listek_16_12-20-12_2024.pdf\">J\u00eddeln\u00ed l\u00edstek od 16. 12. do 20. 12. 2024<\/a><br \/>\n<a href=\"http:\/\/www.zsamshornistudenky.cz\/wp-content\/uploads\/2025\/01\/Jidelni_listek_9_12-13-12_2024.pdf\">J\u00eddeln\u00ed l\u00edstek od 9. 12. do 13. 12. 2024<\/a><br \/>\n<a href=\"http:\/\/www.zsamshornistudenky.cz\/wp-content\/uploads\/2024\/12\/Jidelni_listek_2_12-6_12_2024.pdf\">J\u00eddeln\u00ed l\u00edstek od 2. 12. do 6. 12. 2024<\/a><br \/>\n<a href=\"http:\/\/www.zsamshornistudenky.cz\/wp-content\/uploads\/2024\/11\/Jidelni_listek_25_11-29_11_2024.pdf\">J\u00eddeln\u00ed l\u00edstek od 25. 11. do 29. 11. 2024<\/a><br \/>\n<a href=\"http:\/\/www.zsamshornistudenky.cz\/wp-content\/uploads\/2024\/11\/Jidelni_listek_18_11-22_11_2024.pdf\">J\u00eddeln\u00ed l\u00edstek od 18. 11. do 22. 11. 2024<\/a><br \/>\n<a href=\"http:\/\/www.zsamshornistudenky.cz\/wp-content\/uploads\/2024\/11\/Jidelni_listek_11_11-15-11_2024.pdf\">J\u00eddeln\u00ed l\u00edstek od 11. 11. do 15. 11. 2024<\/a><br \/>\n<a href=\"http:\/\/www.zsamshornistudenky.cz\/wp-content\/uploads\/2024\/10\/Jidelni_listek_4_11-8-11_2024.pdf\">J\u00eddeln\u00ed l\u00edstek od 4. 11. do 8. 11. 2024<\/a><br \/>\n<a href=\"http:\/\/www.zsamshornistudenky.cz\/wp-content\/uploads\/2024\/10\/Jidelni_listek_31_10-1-11_2024.pdf\">J\u00eddeln\u00ed l\u00edstek od 31. 10. do 1. 11. 2024<\/a><br \/>\n<a href=\"http:\/\/www.zsamshornistudenky.cz\/wp-content\/uploads\/2024\/10\/Jidelni_listek_21_10-25-10_2024-1.pdf\">J\u00eddeln\u00ed l\u00edstek od 21. 10. do 25. 10. 2024<\/a><br \/>\n<a href=\"http:\/\/www.zsamshornistudenky.cz\/wp-content\/uploads\/2024\/10\/Jidelni_listek_14_10-18-10_2024.pdf\">J\u00eddeln\u00ed l\u00edstek od 14. 10. do 18. 10. 2024<\/a><br \/>\n<a href=\"http:\/\/www.zsamshornistudenky.cz\/wp-content\/uploads\/2024\/10\/Jidelni_listek_7_10-11-10_2024.pdf\">J\u00eddeln\u00ed l\u00edstek od 7. 10. do 11. 10. 2024<\/a><br \/>\n<a href=\"http:\/\/www.zsamshornistudenky.cz\/wp-content\/uploads\/2024\/09\/Jidelni_listek_30_9-4-10_2024.pdf\">J\u00eddeln\u00ed l\u00edstek od 30. 9. do 4. 10. 2024<\/a><br \/>\n<a href=\"http:\/\/www.zsamshornistudenky.cz\/wp-content\/uploads\/2024\/09\/Jidelni_listek_23_9-27-9_2024.pdf\">J\u00eddeln\u00ed l\u00edstek od 23. 9. do 27. 9. 2024<\/a><br \/>\n<a href=\"http:\/\/www.zsamshornistudenky.cz\/wp-content\/uploads\/2024\/09\/Jidelni_listek_16_9-20-9_2024.pdf\">J\u00eddeln\u00ed l\u00edstek od 16. 9. do 20. 9. 2024<\/a><br \/>\n<a href=\"http:\/\/www.zsamshornistudenky.cz\/wp-content\/uploads\/2024\/09\/Jidelni_listek_9_9-13-9_2024.pdf\">J\u00eddeln\u00ed l\u00edstek od 9. 9. do 13. 9. 2024<\/a><br \/>\n<a href=\"http:\/\/www.zsamshornistudenky.cz\/wp-content\/uploads\/2024\/08\/Jidelni_listek_2_9-6-9_2024.pdf\">J\u00eddeln\u00ed l\u00edstek od 2. 9. do 6. 9. 2024<\/a><\/p>\n<p>&nbsp;<\/p>\n","protected":false},"excerpt":{"rendered":"<p>ALERGENY J\u00eddeln\u00ed l\u00edstek od 20. 4. do 24. 4. 2026 J\u00eddeln\u00ed l\u00edstek od 13. 4. do 1. 4. 2026 J\u00eddeln\u00ed l\u00edstek od 7. 4. do 10. 4. 2026 J\u00eddeln\u00ed l\u00edstek [&hellip;]<\/p>\n","protected":false},"author":2,"featured_media":0,"parent":0,"menu_order":0,"comment_status":"closed","ping_status":"closed","template":"","meta":{"ngg_post_thumbnail":0},"_links":{"self":[{"href":"http:\/\/www.zsamshornistudenky.cz\/index.php?rest_route=\/wp\/v2\/pages\/6464"}],"collection":[{"href":"http:\/\/www.zsamshornistudenky.cz\/index.php?rest_route=\/wp\/v2\/pages"}],"about":[{"href":"http:\/\/www.zsamshornistudenky.cz\/index.php?rest_route=\/wp\/v2\/types\/page"}],"author":[{"embeddable":true,"href":"http:\/\/www.zsamshornistudenky.cz\/index.php?rest_route=\/wp\/v2\/users\/2"}],"replies":[{"embeddable":true,"href":"http:\/\/www.zsamshornistudenky.cz\/index.php?rest_route=%2Fwp%2Fv2%2Fcomments&post=6464"}],"version-history":[{"count":178,"href":"http:\/\/www.zsamshornistudenky.cz\/index.php?rest_route=\/wp\/v2\/pages\/6464\/revisions"}],"predecessor-version":[{"id":9122,"href":"http:\/\/www.zsamshornistudenky.cz\/index.php?rest_route=\/wp\/v2\/pages\/6464\/revisions\/9122"}],"wp:attachment":[{"href":"http:\/\/www.zsamshornistudenky.cz\/index.php?rest_route=%2Fwp%2Fv2%2Fmedia&parent=6464"}],"curies":[{"name":"wp","href":"https:\/\/api.w.org\/{rel}","templated":true}]}}