{"id":6438,"date":"2022-07-30T18:18:59","date_gmt":"2022-07-30T18:18:59","guid":{"rendered":"http:\/\/www.zsamshornistudenky.cz\/?page_id=6438"},"modified":"2022-07-30T18:21:01","modified_gmt":"2022-07-30T18:21:01","slug":"fotogalerie-tablo-predskolaku-2022","status":"publish","type":"page","link":"http:\/\/www.zsamshornistudenky.cz\/?page_id=6438","title":{"rendered":"Fotogalerie &#8211; Tablo p\u0159ed\u0161kol\u00e1k\u016f &#8211; kv\u011bten 2022"},"content":{"rendered":"<a href=\"http:\/\/www.zsamshornistudenky.cz\/?page_id=43\">&lt;ZP\u011aT<\/a>\r\n\r\n<!-- \/wp:paragraph --><!-- wp:imagely\/nextgen-gallery -->\r\n\r\n<!-- default-view.php -->\n<div\n\tclass=\"ngg-galleryoverview default-view \"\n\tid=\"ngg-gallery-ab881dce4a725289e31bd10b0415fbc1-1\">\n\n\t\t<!-- Thumbnails -->\n\t\t\t\t<div id=\"ngg-image-0\" class=\"ngg-gallery-thumbnail-box \" >\n\t\t\t\t        <div class=\"ngg-gallery-thumbnail\">\n            <a href=\"http:\/\/www.zsamshornistudenky.cz\/wp-content\/gallery\/tablo-predskolaku-kveten-2022\/20220531_095730_1.jpg\"\n               title=\"\"\n               data-src=\"http:\/\/www.zsamshornistudenky.cz\/wp-content\/gallery\/tablo-predskolaku-kveten-2022\/20220531_095730_1.jpg\"\n               data-thumbnail=\"http:\/\/www.zsamshornistudenky.cz\/wp-content\/gallery\/tablo-predskolaku-kveten-2022\/thumbs\/thumbs_20220531_095730_1.jpg\"\n               data-image-id=\"3774\"\n               data-title=\"20220531_095730_1\"\n               data-description=\"\"\n               data-image-slug=\"20220531_095730_1\"\n               class=\"ngg-fancybox\" rel=\"ab881dce4a725289e31bd10b0415fbc1\">\n                <img\n                    title=\"20220531_095730_1\"\n                    alt=\"20220531_095730_1\"\n                    src=\"http:\/\/www.zsamshornistudenky.cz\/wp-content\/gallery\/tablo-predskolaku-kveten-2022\/thumbs\/thumbs_20220531_095730_1.jpg\"\n                    width=\"240\"\n                    height=\"160\"\n                    style=\"max-width:100%;\"\n                \/>\n            <\/a>\n        <\/div>\n\t\t\t\t\t\t\t<\/div> \n\t\t\t\n\t\t\t\t<div id=\"ngg-image-1\" class=\"ngg-gallery-thumbnail-box \" >\n\t\t\t\t        <div class=\"ngg-gallery-thumbnail\">\n            <a href=\"http:\/\/www.zsamshornistudenky.cz\/wp-content\/gallery\/tablo-predskolaku-kveten-2022\/20220531_095811_1.jpg\"\n               title=\"\"\n               data-src=\"http:\/\/www.zsamshornistudenky.cz\/wp-content\/gallery\/tablo-predskolaku-kveten-2022\/20220531_095811_1.jpg\"\n               data-thumbnail=\"http:\/\/www.zsamshornistudenky.cz\/wp-content\/gallery\/tablo-predskolaku-kveten-2022\/thumbs\/thumbs_20220531_095811_1.jpg\"\n               data-image-id=\"3775\"\n               data-title=\"20220531_095811_1\"\n               data-description=\"\"\n               data-image-slug=\"20220531_095811_1\"\n               class=\"ngg-fancybox\" rel=\"ab881dce4a725289e31bd10b0415fbc1\">\n                <img\n                    title=\"20220531_095811_1\"\n                    alt=\"20220531_095811_1\"\n                    src=\"http:\/\/www.zsamshornistudenky.cz\/wp-content\/gallery\/tablo-predskolaku-kveten-2022\/thumbs\/thumbs_20220531_095811_1.jpg\"\n                    width=\"240\"\n                    height=\"160\"\n                    style=\"max-width:100%;\"\n                \/>\n            <\/a>\n        <\/div>\n\t\t\t\t\t\t\t<\/div> \n\t\t\t\n\t\n\t<br style=\"clear: both\" \/>\n\n\t\n\t\t<!-- Pagination -->\n\t<div class='ngg-clear'><\/div>\t<\/div>\n<!-- \/wp:imagely\/nextgen-gallery --><!-- wp:paragraph {\"align\":\"right\"} -->\r\n<p style=\"text-align: right;\"><a href=\"http:\/\/www.zsamshornistudenky.cz\/?page_id=43\">&lt;ZP\u011aT<\/a><\/p>","protected":false},"excerpt":{"rendered":"<p>&lt;ZP\u011aT &lt;ZP\u011aT<\/p>\n","protected":false},"author":2,"featured_media":0,"parent":0,"menu_order":0,"comment_status":"closed","ping_status":"closed","template":"","meta":{"ngg_post_thumbnail":0},"_links":{"self":[{"href":"http:\/\/www.zsamshornistudenky.cz\/index.php?rest_route=\/wp\/v2\/pages\/6438"}],"collection":[{"href":"http:\/\/www.zsamshornistudenky.cz\/index.php?rest_route=\/wp\/v2\/pages"}],"about":[{"href":"http:\/\/www.zsamshornistudenky.cz\/index.php?rest_route=\/wp\/v2\/types\/page"}],"author":[{"embeddable":true,"href":"http:\/\/www.zsamshornistudenky.cz\/index.php?rest_route=\/wp\/v2\/users\/2"}],"replies":[{"embeddable":true,"href":"http:\/\/www.zsamshornistudenky.cz\/index.php?rest_route=%2Fwp%2Fv2%2Fcomments&post=6438"}],"version-history":[{"count":2,"href":"http:\/\/www.zsamshornistudenky.cz\/index.php?rest_route=\/wp\/v2\/pages\/6438\/revisions"}],"predecessor-version":[{"id":6443,"href":"http:\/\/www.zsamshornistudenky.cz\/index.php?rest_route=\/wp\/v2\/pages\/6438\/revisions\/6443"}],"wp:attachment":[{"href":"http:\/\/www.zsamshornistudenky.cz\/index.php?rest_route=%2Fwp%2Fv2%2Fmedia&parent=6438"}],"curies":[{"name":"wp","href":"https:\/\/api.w.org\/{rel}","templated":true}]}}