{"id":5373,"date":"2022-02-11T16:48:27","date_gmt":"2022-02-11T16:48:27","guid":{"rendered":"http:\/\/www.zsamshornistudenky.cz\/?page_id=5373"},"modified":"2022-02-11T16:48:27","modified_gmt":"2022-02-11T16:48:27","slug":"fotogalerie-peceni-pernicku-v-zs-9-12-2021","status":"publish","type":"page","link":"http:\/\/www.zsamshornistudenky.cz\/?page_id=5373","title":{"rendered":"Fotogalerie &#8211; Pe\u010den\u00ed pern\u00ed\u010dk\u016f v Z\u0160 9. 12. 2021"},"content":{"rendered":"<a href=\"http:\/\/www.zsamshornistudenky.cz\/?page_id=43\">&lt;ZP\u011aT<\/a>\r\n\r\n<!-- \/wp:paragraph --><!-- wp:imagely\/nextgen-gallery -->\r\n\r\n<!-- default-view.php -->\n<div\n\tclass=\"ngg-galleryoverview default-view \"\n\tid=\"ngg-gallery-0bc8b910c299ad84d5371b3272bce04b-1\">\n\n\t\t<!-- Thumbnails -->\n\t\t\t\t<div id=\"ngg-image-0\" class=\"ngg-gallery-thumbnail-box \" >\n\t\t\t\t        <div class=\"ngg-gallery-thumbnail\">\n            <a href=\"http:\/\/www.zsamshornistudenky.cz\/wp-content\/gallery\/peceni-pernicku-v-zs-9-12-2021\/IMG-20211221-WA0002_1.jpg\"\n               title=\"\"\n               data-src=\"http:\/\/www.zsamshornistudenky.cz\/wp-content\/gallery\/peceni-pernicku-v-zs-9-12-2021\/IMG-20211221-WA0002_1.jpg\"\n               data-thumbnail=\"http:\/\/www.zsamshornistudenky.cz\/wp-content\/gallery\/peceni-pernicku-v-zs-9-12-2021\/thumbs\/thumbs_IMG-20211221-WA0002_1.jpg\"\n               data-image-id=\"2911\"\n               data-title=\"IMG-20211221-WA0002_1\"\n               data-description=\"\"\n               data-image-slug=\"img-20211221-wa0002_1\"\n               class=\"ngg-fancybox\" rel=\"0bc8b910c299ad84d5371b3272bce04b\">\n                <img\n                    title=\"IMG-20211221-WA0002_1\"\n                    alt=\"IMG-20211221-WA0002_1\"\n                    src=\"http:\/\/www.zsamshornistudenky.cz\/wp-content\/gallery\/peceni-pernicku-v-zs-9-12-2021\/thumbs\/thumbs_IMG-20211221-WA0002_1.jpg\"\n                    width=\"240\"\n                    height=\"160\"\n                    style=\"max-width:100%;\"\n                \/>\n            <\/a>\n        <\/div>\n\t\t\t\t\t\t\t<\/div> \n\t\t\t\n\t\t\t\t<div id=\"ngg-image-1\" class=\"ngg-gallery-thumbnail-box \" >\n\t\t\t\t        <div class=\"ngg-gallery-thumbnail\">\n            <a href=\"http:\/\/www.zsamshornistudenky.cz\/wp-content\/gallery\/peceni-pernicku-v-zs-9-12-2021\/IMG-20211221-WA0003_1.jpg\"\n               title=\"\"\n               data-src=\"http:\/\/www.zsamshornistudenky.cz\/wp-content\/gallery\/peceni-pernicku-v-zs-9-12-2021\/IMG-20211221-WA0003_1.jpg\"\n               data-thumbnail=\"http:\/\/www.zsamshornistudenky.cz\/wp-content\/gallery\/peceni-pernicku-v-zs-9-12-2021\/thumbs\/thumbs_IMG-20211221-WA0003_1.jpg\"\n               data-image-id=\"2912\"\n               data-title=\"IMG-20211221-WA0003_1\"\n               data-description=\"\"\n               data-image-slug=\"img-20211221-wa0003_1\"\n               class=\"ngg-fancybox\" rel=\"0bc8b910c299ad84d5371b3272bce04b\">\n                <img\n                    title=\"IMG-20211221-WA0003_1\"\n                    alt=\"IMG-20211221-WA0003_1\"\n                    src=\"http:\/\/www.zsamshornistudenky.cz\/wp-content\/gallery\/peceni-pernicku-v-zs-9-12-2021\/thumbs\/thumbs_IMG-20211221-WA0003_1.jpg\"\n                    width=\"240\"\n                    height=\"160\"\n                    style=\"max-width:100%;\"\n                \/>\n            <\/a>\n        <\/div>\n\t\t\t\t\t\t\t<\/div> \n\t\t\t\n\t\t\t\t<div id=\"ngg-image-2\" class=\"ngg-gallery-thumbnail-box \" >\n\t\t\t\t        <div class=\"ngg-gallery-thumbnail\">\n            <a href=\"http:\/\/www.zsamshornistudenky.cz\/wp-content\/gallery\/peceni-pernicku-v-zs-9-12-2021\/IMG-20211221-WA0004_1.jpg\"\n               title=\"\"\n               data-src=\"http:\/\/www.zsamshornistudenky.cz\/wp-content\/gallery\/peceni-pernicku-v-zs-9-12-2021\/IMG-20211221-WA0004_1.jpg\"\n               data-thumbnail=\"http:\/\/www.zsamshornistudenky.cz\/wp-content\/gallery\/peceni-pernicku-v-zs-9-12-2021\/thumbs\/thumbs_IMG-20211221-WA0004_1.jpg\"\n               data-image-id=\"2913\"\n               data-title=\"IMG-20211221-WA0004_1\"\n               data-description=\"\"\n               data-image-slug=\"img-20211221-wa0004_1\"\n               class=\"ngg-fancybox\" rel=\"0bc8b910c299ad84d5371b3272bce04b\">\n                <img\n                    title=\"IMG-20211221-WA0004_1\"\n                    alt=\"IMG-20211221-WA0004_1\"\n                    src=\"http:\/\/www.zsamshornistudenky.cz\/wp-content\/gallery\/peceni-pernicku-v-zs-9-12-2021\/thumbs\/thumbs_IMG-20211221-WA0004_1.jpg\"\n                    width=\"240\"\n                    height=\"160\"\n                    style=\"max-width:100%;\"\n                \/>\n            <\/a>\n        <\/div>\n\t\t\t\t\t\t\t<\/div> \n\t\t\t\n\t\t\t\t<div id=\"ngg-image-3\" class=\"ngg-gallery-thumbnail-box \" >\n\t\t\t\t        <div class=\"ngg-gallery-thumbnail\">\n            <a href=\"http:\/\/www.zsamshornistudenky.cz\/wp-content\/gallery\/peceni-pernicku-v-zs-9-12-2021\/IMG-20211221-WA0005_1.jpg\"\n               title=\"\"\n               data-src=\"http:\/\/www.zsamshornistudenky.cz\/wp-content\/gallery\/peceni-pernicku-v-zs-9-12-2021\/IMG-20211221-WA0005_1.jpg\"\n               data-thumbnail=\"http:\/\/www.zsamshornistudenky.cz\/wp-content\/gallery\/peceni-pernicku-v-zs-9-12-2021\/thumbs\/thumbs_IMG-20211221-WA0005_1.jpg\"\n               data-image-id=\"2914\"\n               data-title=\"IMG-20211221-WA0005_1\"\n               data-description=\"\"\n               data-image-slug=\"img-20211221-wa0005_1\"\n               class=\"ngg-fancybox\" rel=\"0bc8b910c299ad84d5371b3272bce04b\">\n                <img\n                    title=\"IMG-20211221-WA0005_1\"\n                    alt=\"IMG-20211221-WA0005_1\"\n                    src=\"http:\/\/www.zsamshornistudenky.cz\/wp-content\/gallery\/peceni-pernicku-v-zs-9-12-2021\/thumbs\/thumbs_IMG-20211221-WA0005_1.jpg\"\n                    width=\"240\"\n                    height=\"160\"\n                    style=\"max-width:100%;\"\n                \/>\n            <\/a>\n        <\/div>\n\t\t\t\t\t\t\t<\/div> \n\t\t\t\n\t\t\t\t<div id=\"ngg-image-4\" class=\"ngg-gallery-thumbnail-box \" >\n\t\t\t\t        <div class=\"ngg-gallery-thumbnail\">\n            <a href=\"http:\/\/www.zsamshornistudenky.cz\/wp-content\/gallery\/peceni-pernicku-v-zs-9-12-2021\/IMG-20211221-WA0006_1.jpg\"\n               title=\"\"\n               data-src=\"http:\/\/www.zsamshornistudenky.cz\/wp-content\/gallery\/peceni-pernicku-v-zs-9-12-2021\/IMG-20211221-WA0006_1.jpg\"\n               data-thumbnail=\"http:\/\/www.zsamshornistudenky.cz\/wp-content\/gallery\/peceni-pernicku-v-zs-9-12-2021\/thumbs\/thumbs_IMG-20211221-WA0006_1.jpg\"\n               data-image-id=\"2915\"\n               data-title=\"IMG-20211221-WA0006_1\"\n               data-description=\"\"\n               data-image-slug=\"img-20211221-wa0006_1\"\n               class=\"ngg-fancybox\" rel=\"0bc8b910c299ad84d5371b3272bce04b\">\n                <img\n                    title=\"IMG-20211221-WA0006_1\"\n                    alt=\"IMG-20211221-WA0006_1\"\n                    src=\"http:\/\/www.zsamshornistudenky.cz\/wp-content\/gallery\/peceni-pernicku-v-zs-9-12-2021\/thumbs\/thumbs_IMG-20211221-WA0006_1.jpg\"\n                    width=\"240\"\n                    height=\"160\"\n                    style=\"max-width:100%;\"\n                \/>\n            <\/a>\n        <\/div>\n\t\t\t\t\t\t\t<\/div> \n\t\t\t\n\t\t\t\t<div id=\"ngg-image-5\" class=\"ngg-gallery-thumbnail-box \" >\n\t\t\t\t        <div class=\"ngg-gallery-thumbnail\">\n            <a href=\"http:\/\/www.zsamshornistudenky.cz\/wp-content\/gallery\/peceni-pernicku-v-zs-9-12-2021\/IMG-20211221-WA0007_1.jpg\"\n               title=\"\"\n               data-src=\"http:\/\/www.zsamshornistudenky.cz\/wp-content\/gallery\/peceni-pernicku-v-zs-9-12-2021\/IMG-20211221-WA0007_1.jpg\"\n               data-thumbnail=\"http:\/\/www.zsamshornistudenky.cz\/wp-content\/gallery\/peceni-pernicku-v-zs-9-12-2021\/thumbs\/thumbs_IMG-20211221-WA0007_1.jpg\"\n               data-image-id=\"2916\"\n               data-title=\"IMG-20211221-WA0007_1\"\n               data-description=\"\"\n               data-image-slug=\"img-20211221-wa0007_1\"\n               class=\"ngg-fancybox\" rel=\"0bc8b910c299ad84d5371b3272bce04b\">\n                <img\n                    title=\"IMG-20211221-WA0007_1\"\n                    alt=\"IMG-20211221-WA0007_1\"\n                    src=\"http:\/\/www.zsamshornistudenky.cz\/wp-content\/gallery\/peceni-pernicku-v-zs-9-12-2021\/thumbs\/thumbs_IMG-20211221-WA0007_1.jpg\"\n                    width=\"240\"\n                    height=\"160\"\n                    style=\"max-width:100%;\"\n                \/>\n            <\/a>\n        <\/div>\n\t\t\t\t\t\t\t<\/div> \n\t\t\t\n\t\n\t<br style=\"clear: both\" \/>\n\n\t\n\t\t<!-- Pagination -->\n\t<div class='ngg-clear'><\/div>\t<\/div>\n<!-- \/wp:imagely\/nextgen-gallery --><!-- wp:paragraph {\"align\":\"right\"} -->\r\n<p style=\"text-align: right;\"><a href=\"http:\/\/www.zsamshornistudenky.cz\/?page_id=43\">&lt;ZP\u011aT<\/a><\/p>","protected":false},"excerpt":{"rendered":"<p>&lt;ZP\u011aT &lt;ZP\u011aT<\/p>\n","protected":false},"author":2,"featured_media":0,"parent":0,"menu_order":0,"comment_status":"closed","ping_status":"closed","template":"","meta":{"ngg_post_thumbnail":0},"_links":{"self":[{"href":"http:\/\/www.zsamshornistudenky.cz\/index.php?rest_route=\/wp\/v2\/pages\/5373"}],"collection":[{"href":"http:\/\/www.zsamshornistudenky.cz\/index.php?rest_route=\/wp\/v2\/pages"}],"about":[{"href":"http:\/\/www.zsamshornistudenky.cz\/index.php?rest_route=\/wp\/v2\/types\/page"}],"author":[{"embeddable":true,"href":"http:\/\/www.zsamshornistudenky.cz\/index.php?rest_route=\/wp\/v2\/users\/2"}],"replies":[{"embeddable":true,"href":"http:\/\/www.zsamshornistudenky.cz\/index.php?rest_route=%2Fwp%2Fv2%2Fcomments&post=5373"}],"version-history":[{"count":1,"href":"http:\/\/www.zsamshornistudenky.cz\/index.php?rest_route=\/wp\/v2\/pages\/5373\/revisions"}],"predecessor-version":[{"id":5374,"href":"http:\/\/www.zsamshornistudenky.cz\/index.php?rest_route=\/wp\/v2\/pages\/5373\/revisions\/5374"}],"wp:attachment":[{"href":"http:\/\/www.zsamshornistudenky.cz\/index.php?rest_route=%2Fwp%2Fv2%2Fmedia&parent=5373"}],"curies":[{"name":"wp","href":"https:\/\/api.w.org\/{rel}","templated":true}]}}