{"id":5350,"date":"2022-02-11T16:35:02","date_gmt":"2022-02-11T16:35:02","guid":{"rendered":"http:\/\/www.zsamshornistudenky.cz\/?page_id=5350"},"modified":"2022-02-11T16:35:02","modified_gmt":"2022-02-11T16:35:02","slug":"fotogalerie-vyrabime-snehulaky-11-1-2022","status":"publish","type":"page","link":"http:\/\/www.zsamshornistudenky.cz\/?page_id=5350","title":{"rendered":"Fotogalerie &#8211; Vyr\u00e1b\u00edme sn\u011bhul\u00e1ky 11. 1. 2022"},"content":{"rendered":"<a href=\"http:\/\/www.zsamshornistudenky.cz\/?page_id=43\">&lt;ZP\u011aT<\/a>\r\n\r\n<!-- \/wp:paragraph --><!-- wp:imagely\/nextgen-gallery -->\r\n\r\n<!-- default-view.php -->\n<div\n\tclass=\"ngg-galleryoverview default-view \"\n\tid=\"ngg-gallery-f50df06dc883d6d0cf7b7ddd28e4a3b8-1\">\n\n\t\t<!-- Thumbnails -->\n\t\t\t\t<div id=\"ngg-image-0\" class=\"ngg-gallery-thumbnail-box \" >\n\t\t\t\t        <div class=\"ngg-gallery-thumbnail\">\n            <a href=\"http:\/\/www.zsamshornistudenky.cz\/wp-content\/gallery\/vyrabime-snehulaky-11-1-2022\/20220111_125336_1.jpg\"\n               title=\"\"\n               data-src=\"http:\/\/www.zsamshornistudenky.cz\/wp-content\/gallery\/vyrabime-snehulaky-11-1-2022\/20220111_125336_1.jpg\"\n               data-thumbnail=\"http:\/\/www.zsamshornistudenky.cz\/wp-content\/gallery\/vyrabime-snehulaky-11-1-2022\/thumbs\/thumbs_20220111_125336_1.jpg\"\n               data-image-id=\"2892\"\n               data-title=\"20220111_125336_1\"\n               data-description=\"\"\n               data-image-slug=\"20220111_125336_1\"\n               class=\"ngg-fancybox\" rel=\"f50df06dc883d6d0cf7b7ddd28e4a3b8\">\n                <img\n                    title=\"20220111_125336_1\"\n                    alt=\"20220111_125336_1\"\n                    src=\"http:\/\/www.zsamshornistudenky.cz\/wp-content\/gallery\/vyrabime-snehulaky-11-1-2022\/thumbs\/thumbs_20220111_125336_1.jpg\"\n                    width=\"240\"\n                    height=\"160\"\n                    style=\"max-width:100%;\"\n                \/>\n            <\/a>\n        <\/div>\n\t\t\t\t\t\t\t<\/div> \n\t\t\t\n\t\t\t\t<div id=\"ngg-image-1\" class=\"ngg-gallery-thumbnail-box \" >\n\t\t\t\t        <div class=\"ngg-gallery-thumbnail\">\n            <a href=\"http:\/\/www.zsamshornistudenky.cz\/wp-content\/gallery\/vyrabime-snehulaky-11-1-2022\/20220111_125342_1.jpg\"\n               title=\"\"\n               data-src=\"http:\/\/www.zsamshornistudenky.cz\/wp-content\/gallery\/vyrabime-snehulaky-11-1-2022\/20220111_125342_1.jpg\"\n               data-thumbnail=\"http:\/\/www.zsamshornistudenky.cz\/wp-content\/gallery\/vyrabime-snehulaky-11-1-2022\/thumbs\/thumbs_20220111_125342_1.jpg\"\n               data-image-id=\"2893\"\n               data-title=\"20220111_125342_1\"\n               data-description=\"\"\n               data-image-slug=\"20220111_125342_1\"\n               class=\"ngg-fancybox\" rel=\"f50df06dc883d6d0cf7b7ddd28e4a3b8\">\n                <img\n                    title=\"20220111_125342_1\"\n                    alt=\"20220111_125342_1\"\n                    src=\"http:\/\/www.zsamshornistudenky.cz\/wp-content\/gallery\/vyrabime-snehulaky-11-1-2022\/thumbs\/thumbs_20220111_125342_1.jpg\"\n                    width=\"240\"\n                    height=\"160\"\n                    style=\"max-width:100%;\"\n                \/>\n            <\/a>\n        <\/div>\n\t\t\t\t\t\t\t<\/div> \n\t\t\t\n\t\t\t\t<div id=\"ngg-image-2\" class=\"ngg-gallery-thumbnail-box \" >\n\t\t\t\t        <div class=\"ngg-gallery-thumbnail\">\n            <a href=\"http:\/\/www.zsamshornistudenky.cz\/wp-content\/gallery\/vyrabime-snehulaky-11-1-2022\/20220111_125346_1.jpg\"\n               title=\"\"\n               data-src=\"http:\/\/www.zsamshornistudenky.cz\/wp-content\/gallery\/vyrabime-snehulaky-11-1-2022\/20220111_125346_1.jpg\"\n               data-thumbnail=\"http:\/\/www.zsamshornistudenky.cz\/wp-content\/gallery\/vyrabime-snehulaky-11-1-2022\/thumbs\/thumbs_20220111_125346_1.jpg\"\n               data-image-id=\"2894\"\n               data-title=\"20220111_125346_1\"\n               data-description=\"\"\n               data-image-slug=\"20220111_125346_1\"\n               class=\"ngg-fancybox\" rel=\"f50df06dc883d6d0cf7b7ddd28e4a3b8\">\n                <img\n                    title=\"20220111_125346_1\"\n                    alt=\"20220111_125346_1\"\n                    src=\"http:\/\/www.zsamshornistudenky.cz\/wp-content\/gallery\/vyrabime-snehulaky-11-1-2022\/thumbs\/thumbs_20220111_125346_1.jpg\"\n                    width=\"240\"\n                    height=\"160\"\n                    style=\"max-width:100%;\"\n                \/>\n            <\/a>\n        <\/div>\n\t\t\t\t\t\t\t<\/div> \n\t\t\t\n\t\t\t\t<div id=\"ngg-image-3\" class=\"ngg-gallery-thumbnail-box \" >\n\t\t\t\t        <div class=\"ngg-gallery-thumbnail\">\n            <a href=\"http:\/\/www.zsamshornistudenky.cz\/wp-content\/gallery\/vyrabime-snehulaky-11-1-2022\/20220111_125426_1.jpg\"\n               title=\"\"\n               data-src=\"http:\/\/www.zsamshornistudenky.cz\/wp-content\/gallery\/vyrabime-snehulaky-11-1-2022\/20220111_125426_1.jpg\"\n               data-thumbnail=\"http:\/\/www.zsamshornistudenky.cz\/wp-content\/gallery\/vyrabime-snehulaky-11-1-2022\/thumbs\/thumbs_20220111_125426_1.jpg\"\n               data-image-id=\"2895\"\n               data-title=\"20220111_125426_1\"\n               data-description=\"\"\n               data-image-slug=\"20220111_125426_1\"\n               class=\"ngg-fancybox\" rel=\"f50df06dc883d6d0cf7b7ddd28e4a3b8\">\n                <img\n                    title=\"20220111_125426_1\"\n                    alt=\"20220111_125426_1\"\n                    src=\"http:\/\/www.zsamshornistudenky.cz\/wp-content\/gallery\/vyrabime-snehulaky-11-1-2022\/thumbs\/thumbs_20220111_125426_1.jpg\"\n                    width=\"240\"\n                    height=\"160\"\n                    style=\"max-width:100%;\"\n                \/>\n            <\/a>\n        <\/div>\n\t\t\t\t\t\t\t<\/div> \n\t\t\t\n\t\t\t\t<div id=\"ngg-image-4\" class=\"ngg-gallery-thumbnail-box \" >\n\t\t\t\t        <div class=\"ngg-gallery-thumbnail\">\n            <a href=\"http:\/\/www.zsamshornistudenky.cz\/wp-content\/gallery\/vyrabime-snehulaky-11-1-2022\/20220111_133030_1.jpg\"\n               title=\"\"\n               data-src=\"http:\/\/www.zsamshornistudenky.cz\/wp-content\/gallery\/vyrabime-snehulaky-11-1-2022\/20220111_133030_1.jpg\"\n               data-thumbnail=\"http:\/\/www.zsamshornistudenky.cz\/wp-content\/gallery\/vyrabime-snehulaky-11-1-2022\/thumbs\/thumbs_20220111_133030_1.jpg\"\n               data-image-id=\"2896\"\n               data-title=\"20220111_133030_1\"\n               data-description=\"\"\n               data-image-slug=\"20220111_133030_1\"\n               class=\"ngg-fancybox\" rel=\"f50df06dc883d6d0cf7b7ddd28e4a3b8\">\n                <img\n                    title=\"20220111_133030_1\"\n                    alt=\"20220111_133030_1\"\n                    src=\"http:\/\/www.zsamshornistudenky.cz\/wp-content\/gallery\/vyrabime-snehulaky-11-1-2022\/thumbs\/thumbs_20220111_133030_1.jpg\"\n                    width=\"240\"\n                    height=\"160\"\n                    style=\"max-width:100%;\"\n                \/>\n            <\/a>\n        <\/div>\n\t\t\t\t\t\t\t<\/div> \n\t\t\t\n\t\t\t\t<div id=\"ngg-image-5\" class=\"ngg-gallery-thumbnail-box \" >\n\t\t\t\t        <div class=\"ngg-gallery-thumbnail\">\n            <a href=\"http:\/\/www.zsamshornistudenky.cz\/wp-content\/gallery\/vyrabime-snehulaky-11-1-2022\/20220111_133039_1.jpg\"\n               title=\"\"\n               data-src=\"http:\/\/www.zsamshornistudenky.cz\/wp-content\/gallery\/vyrabime-snehulaky-11-1-2022\/20220111_133039_1.jpg\"\n               data-thumbnail=\"http:\/\/www.zsamshornistudenky.cz\/wp-content\/gallery\/vyrabime-snehulaky-11-1-2022\/thumbs\/thumbs_20220111_133039_1.jpg\"\n               data-image-id=\"2897\"\n               data-title=\"20220111_133039_1\"\n               data-description=\"\"\n               data-image-slug=\"20220111_133039_1\"\n               class=\"ngg-fancybox\" rel=\"f50df06dc883d6d0cf7b7ddd28e4a3b8\">\n                <img\n                    title=\"20220111_133039_1\"\n                    alt=\"20220111_133039_1\"\n                    src=\"http:\/\/www.zsamshornistudenky.cz\/wp-content\/gallery\/vyrabime-snehulaky-11-1-2022\/thumbs\/thumbs_20220111_133039_1.jpg\"\n                    width=\"240\"\n                    height=\"160\"\n                    style=\"max-width:100%;\"\n                \/>\n            <\/a>\n        <\/div>\n\t\t\t\t\t\t\t<\/div> \n\t\t\t\n\t\t\t\t<div id=\"ngg-image-6\" class=\"ngg-gallery-thumbnail-box \" >\n\t\t\t\t        <div class=\"ngg-gallery-thumbnail\">\n            <a href=\"http:\/\/www.zsamshornistudenky.cz\/wp-content\/gallery\/vyrabime-snehulaky-11-1-2022\/20220111_133043_1.jpg\"\n               title=\"\"\n               data-src=\"http:\/\/www.zsamshornistudenky.cz\/wp-content\/gallery\/vyrabime-snehulaky-11-1-2022\/20220111_133043_1.jpg\"\n               data-thumbnail=\"http:\/\/www.zsamshornistudenky.cz\/wp-content\/gallery\/vyrabime-snehulaky-11-1-2022\/thumbs\/thumbs_20220111_133043_1.jpg\"\n               data-image-id=\"2898\"\n               data-title=\"20220111_133043_1\"\n               data-description=\"\"\n               data-image-slug=\"20220111_133043_1\"\n               class=\"ngg-fancybox\" rel=\"f50df06dc883d6d0cf7b7ddd28e4a3b8\">\n                <img\n                    title=\"20220111_133043_1\"\n                    alt=\"20220111_133043_1\"\n                    src=\"http:\/\/www.zsamshornistudenky.cz\/wp-content\/gallery\/vyrabime-snehulaky-11-1-2022\/thumbs\/thumbs_20220111_133043_1.jpg\"\n                    width=\"240\"\n                    height=\"160\"\n                    style=\"max-width:100%;\"\n                \/>\n            <\/a>\n        <\/div>\n\t\t\t\t\t\t\t<\/div> \n\t\t\t\n\t\t\t\t<div id=\"ngg-image-7\" class=\"ngg-gallery-thumbnail-box \" >\n\t\t\t\t        <div class=\"ngg-gallery-thumbnail\">\n            <a href=\"http:\/\/www.zsamshornistudenky.cz\/wp-content\/gallery\/vyrabime-snehulaky-11-1-2022\/20220111_133050_1.jpg\"\n               title=\"\"\n               data-src=\"http:\/\/www.zsamshornistudenky.cz\/wp-content\/gallery\/vyrabime-snehulaky-11-1-2022\/20220111_133050_1.jpg\"\n               data-thumbnail=\"http:\/\/www.zsamshornistudenky.cz\/wp-content\/gallery\/vyrabime-snehulaky-11-1-2022\/thumbs\/thumbs_20220111_133050_1.jpg\"\n               data-image-id=\"2899\"\n               data-title=\"20220111_133050_1\"\n               data-description=\"\"\n               data-image-slug=\"20220111_133050_1\"\n               class=\"ngg-fancybox\" rel=\"f50df06dc883d6d0cf7b7ddd28e4a3b8\">\n                <img\n                    title=\"20220111_133050_1\"\n                    alt=\"20220111_133050_1\"\n                    src=\"http:\/\/www.zsamshornistudenky.cz\/wp-content\/gallery\/vyrabime-snehulaky-11-1-2022\/thumbs\/thumbs_20220111_133050_1.jpg\"\n                    width=\"240\"\n                    height=\"160\"\n                    style=\"max-width:100%;\"\n                \/>\n            <\/a>\n        <\/div>\n\t\t\t\t\t\t\t<\/div> \n\t\t\t\n\t\t\t\t<div id=\"ngg-image-8\" class=\"ngg-gallery-thumbnail-box \" >\n\t\t\t\t        <div class=\"ngg-gallery-thumbnail\">\n            <a href=\"http:\/\/www.zsamshornistudenky.cz\/wp-content\/gallery\/vyrabime-snehulaky-11-1-2022\/20220111_133053_1.jpg\"\n               title=\"\"\n               data-src=\"http:\/\/www.zsamshornistudenky.cz\/wp-content\/gallery\/vyrabime-snehulaky-11-1-2022\/20220111_133053_1.jpg\"\n               data-thumbnail=\"http:\/\/www.zsamshornistudenky.cz\/wp-content\/gallery\/vyrabime-snehulaky-11-1-2022\/thumbs\/thumbs_20220111_133053_1.jpg\"\n               data-image-id=\"2900\"\n               data-title=\"20220111_133053_1\"\n               data-description=\"\"\n               data-image-slug=\"20220111_133053_1\"\n               class=\"ngg-fancybox\" rel=\"f50df06dc883d6d0cf7b7ddd28e4a3b8\">\n                <img\n                    title=\"20220111_133053_1\"\n                    alt=\"20220111_133053_1\"\n                    src=\"http:\/\/www.zsamshornistudenky.cz\/wp-content\/gallery\/vyrabime-snehulaky-11-1-2022\/thumbs\/thumbs_20220111_133053_1.jpg\"\n                    width=\"240\"\n                    height=\"160\"\n                    style=\"max-width:100%;\"\n                \/>\n            <\/a>\n        <\/div>\n\t\t\t\t\t\t\t<\/div> \n\t\t\t\n\t\t\t\t<div id=\"ngg-image-9\" class=\"ngg-gallery-thumbnail-box \" >\n\t\t\t\t        <div class=\"ngg-gallery-thumbnail\">\n            <a href=\"http:\/\/www.zsamshornistudenky.cz\/wp-content\/gallery\/vyrabime-snehulaky-11-1-2022\/20220111_133058_1.jpg\"\n               title=\"\"\n               data-src=\"http:\/\/www.zsamshornistudenky.cz\/wp-content\/gallery\/vyrabime-snehulaky-11-1-2022\/20220111_133058_1.jpg\"\n               data-thumbnail=\"http:\/\/www.zsamshornistudenky.cz\/wp-content\/gallery\/vyrabime-snehulaky-11-1-2022\/thumbs\/thumbs_20220111_133058_1.jpg\"\n               data-image-id=\"2901\"\n               data-title=\"20220111_133058_1\"\n               data-description=\"\"\n               data-image-slug=\"20220111_133058_1\"\n               class=\"ngg-fancybox\" rel=\"f50df06dc883d6d0cf7b7ddd28e4a3b8\">\n                <img\n                    title=\"20220111_133058_1\"\n                    alt=\"20220111_133058_1\"\n                    src=\"http:\/\/www.zsamshornistudenky.cz\/wp-content\/gallery\/vyrabime-snehulaky-11-1-2022\/thumbs\/thumbs_20220111_133058_1.jpg\"\n                    width=\"240\"\n                    height=\"160\"\n                    style=\"max-width:100%;\"\n                \/>\n            <\/a>\n        <\/div>\n\t\t\t\t\t\t\t<\/div> \n\t\t\t\n\t\t\t\t<div id=\"ngg-image-10\" class=\"ngg-gallery-thumbnail-box \" >\n\t\t\t\t        <div class=\"ngg-gallery-thumbnail\">\n            <a href=\"http:\/\/www.zsamshornistudenky.cz\/wp-content\/gallery\/vyrabime-snehulaky-11-1-2022\/20220111_133108_1.jpg\"\n               title=\"\"\n               data-src=\"http:\/\/www.zsamshornistudenky.cz\/wp-content\/gallery\/vyrabime-snehulaky-11-1-2022\/20220111_133108_1.jpg\"\n               data-thumbnail=\"http:\/\/www.zsamshornistudenky.cz\/wp-content\/gallery\/vyrabime-snehulaky-11-1-2022\/thumbs\/thumbs_20220111_133108_1.jpg\"\n               data-image-id=\"2902\"\n               data-title=\"20220111_133108_1\"\n               data-description=\"\"\n               data-image-slug=\"20220111_133108_1\"\n               class=\"ngg-fancybox\" rel=\"f50df06dc883d6d0cf7b7ddd28e4a3b8\">\n                <img\n                    title=\"20220111_133108_1\"\n                    alt=\"20220111_133108_1\"\n                    src=\"http:\/\/www.zsamshornistudenky.cz\/wp-content\/gallery\/vyrabime-snehulaky-11-1-2022\/thumbs\/thumbs_20220111_133108_1.jpg\"\n                    width=\"240\"\n                    height=\"160\"\n                    style=\"max-width:100%;\"\n                \/>\n            <\/a>\n        <\/div>\n\t\t\t\t\t\t\t<\/div> \n\t\t\t\n\t\t\t\t<div id=\"ngg-image-11\" class=\"ngg-gallery-thumbnail-box \" >\n\t\t\t\t        <div class=\"ngg-gallery-thumbnail\">\n            <a href=\"http:\/\/www.zsamshornistudenky.cz\/wp-content\/gallery\/vyrabime-snehulaky-11-1-2022\/20220111_133115_1.jpg\"\n               title=\"\"\n               data-src=\"http:\/\/www.zsamshornistudenky.cz\/wp-content\/gallery\/vyrabime-snehulaky-11-1-2022\/20220111_133115_1.jpg\"\n               data-thumbnail=\"http:\/\/www.zsamshornistudenky.cz\/wp-content\/gallery\/vyrabime-snehulaky-11-1-2022\/thumbs\/thumbs_20220111_133115_1.jpg\"\n               data-image-id=\"2903\"\n               data-title=\"20220111_133115_1\"\n               data-description=\"\"\n               data-image-slug=\"20220111_133115_1\"\n               class=\"ngg-fancybox\" rel=\"f50df06dc883d6d0cf7b7ddd28e4a3b8\">\n                <img\n                    title=\"20220111_133115_1\"\n                    alt=\"20220111_133115_1\"\n                    src=\"http:\/\/www.zsamshornistudenky.cz\/wp-content\/gallery\/vyrabime-snehulaky-11-1-2022\/thumbs\/thumbs_20220111_133115_1.jpg\"\n                    width=\"240\"\n                    height=\"160\"\n                    style=\"max-width:100%;\"\n                \/>\n            <\/a>\n        <\/div>\n\t\t\t\t\t\t\t<\/div> \n\t\t\t\n\t\t\t\t<div id=\"ngg-image-12\" class=\"ngg-gallery-thumbnail-box \" >\n\t\t\t\t        <div class=\"ngg-gallery-thumbnail\">\n            <a href=\"http:\/\/www.zsamshornistudenky.cz\/wp-content\/gallery\/vyrabime-snehulaky-11-1-2022\/20220111_134253_1.jpg\"\n               title=\"\"\n               data-src=\"http:\/\/www.zsamshornistudenky.cz\/wp-content\/gallery\/vyrabime-snehulaky-11-1-2022\/20220111_134253_1.jpg\"\n               data-thumbnail=\"http:\/\/www.zsamshornistudenky.cz\/wp-content\/gallery\/vyrabime-snehulaky-11-1-2022\/thumbs\/thumbs_20220111_134253_1.jpg\"\n               data-image-id=\"2904\"\n               data-title=\"20220111_134253_1\"\n               data-description=\"\"\n               data-image-slug=\"20220111_134253_1\"\n               class=\"ngg-fancybox\" rel=\"f50df06dc883d6d0cf7b7ddd28e4a3b8\">\n                <img\n                    title=\"20220111_134253_1\"\n                    alt=\"20220111_134253_1\"\n                    src=\"http:\/\/www.zsamshornistudenky.cz\/wp-content\/gallery\/vyrabime-snehulaky-11-1-2022\/thumbs\/thumbs_20220111_134253_1.jpg\"\n                    width=\"240\"\n                    height=\"160\"\n                    style=\"max-width:100%;\"\n                \/>\n            <\/a>\n        <\/div>\n\t\t\t\t\t\t\t<\/div> \n\t\t\t\n\t\n\t<br style=\"clear: both\" \/>\n\n\t\n\t\t<!-- Pagination -->\n\t<div class='ngg-clear'><\/div>\t<\/div>\n<!-- \/wp:imagely\/nextgen-gallery --><!-- wp:paragraph {\"align\":\"right\"} -->\r\n<p style=\"text-align: right;\"><a href=\"http:\/\/www.zsamshornistudenky.cz\/?page_id=43\">&lt;ZP\u011aT<\/a><\/p>","protected":false},"excerpt":{"rendered":"<p>&lt;ZP\u011aT &lt;ZP\u011aT<\/p>\n","protected":false},"author":2,"featured_media":0,"parent":0,"menu_order":0,"comment_status":"closed","ping_status":"closed","template":"","meta":{"ngg_post_thumbnail":0},"_links":{"self":[{"href":"http:\/\/www.zsamshornistudenky.cz\/index.php?rest_route=\/wp\/v2\/pages\/5350"}],"collection":[{"href":"http:\/\/www.zsamshornistudenky.cz\/index.php?rest_route=\/wp\/v2\/pages"}],"about":[{"href":"http:\/\/www.zsamshornistudenky.cz\/index.php?rest_route=\/wp\/v2\/types\/page"}],"author":[{"embeddable":true,"href":"http:\/\/www.zsamshornistudenky.cz\/index.php?rest_route=\/wp\/v2\/users\/2"}],"replies":[{"embeddable":true,"href":"http:\/\/www.zsamshornistudenky.cz\/index.php?rest_route=%2Fwp%2Fv2%2Fcomments&post=5350"}],"version-history":[{"count":1,"href":"http:\/\/www.zsamshornistudenky.cz\/index.php?rest_route=\/wp\/v2\/pages\/5350\/revisions"}],"predecessor-version":[{"id":5351,"href":"http:\/\/www.zsamshornistudenky.cz\/index.php?rest_route=\/wp\/v2\/pages\/5350\/revisions\/5351"}],"wp:attachment":[{"href":"http:\/\/www.zsamshornistudenky.cz\/index.php?rest_route=%2Fwp%2Fv2%2Fmedia&parent=5350"}],"curies":[{"name":"wp","href":"https:\/\/api.w.org\/{rel}","templated":true}]}}