{"id":43,"date":"2019-10-27T11:06:34","date_gmt":"2019-10-27T11:06:34","guid":{"rendered":"http:\/\/www.zsamshornistudenky.cz\/?page_id=43"},"modified":"2025-10-20T06:56:57","modified_gmt":"2025-10-20T06:56:57","slug":"fotogalerie","status":"publish","type":"page","link":"http:\/\/www.zsamshornistudenky.cz\/?page_id=43","title":{"rendered":"Fotogalerie"},"content":{"rendered":"\r\n<h5>Preventivn\u00ed program o chov\u00e1n\u00ed &#8211; p\u0159ipravujeme<\/h5>\r\n<h5>Draki\u00e1da &#8211; 15. 10. 2025 &#8211; p\u0159ipravujeme<\/h5>\r\n<h5><a href=\"http:\/\/www.zsamshornistudenky.cz\/?page_id=9032\">V\u00edt\u00e1n\u00ed prv\u0148\u00e1\u010dk\u016f &#8211; 1. z\u00e1\u0159\u00ed 2025<\/a><\/h5>\r\n<h5>\u0160koln\u00ed v\u00fdlet do KovoZoo &#8211; p\u0159ipravujeme<\/h5>\r\n<h5><a href=\"http:\/\/www.zsamshornistudenky.cz\/?page_id=8994\">V\u00fdlet s dru\u017einou na zmrzlinu &#8211; \u010derven 2025<\/a><\/h5>\r\n<h5><a href=\"http:\/\/www.zsamshornistudenky.cz\/?page_id=8978\">Rozlou\u010den\u00ed s p\u0159ed\u0161kol\u00e1ky &#8211; \u010derven 2025<\/a><\/h5>\r\n<h5><a href=\"http:\/\/www.zsamshornistudenky.cz\/?page_id=8674\">D\u011blost\u0159eleck\u00e1 tvrz H\u016frka 30.4.2025<\/a><\/h5>\r\n<h5><a href=\"http:\/\/www.zsamshornistudenky.cz\/?page_id=8730\">\u010carod\u011bjnick\u00fd rej 30.4.2025<\/a><\/h5>\r\n<h5><a href=\"http:\/\/www.zsamshornistudenky.cz\/?page_id=8951\">M\u0160 v Knihovn\u011b v Z\u00e1b\u0159eze 11.4.2025<\/a><\/h5>\r\n<h5><a href=\"http:\/\/www.zsamshornistudenky.cz\/?page_id=8783\">Bubnov\u00e1n\u00ed 28.3.2025<\/a><\/h5>\r\n<h5><a href=\"http:\/\/www.zsamshornistudenky.cz\/?page_id=8794\">P\u0159edn\u00e1\u0161ka &#8211; Pt\u00e1ci na krm\u00edtku 21.1.2025<\/a><\/h5>\r\n<h5><a href=\"http:\/\/www.zsamshornistudenky.cz\/?page_id=8740\">V\u00e1noce v M\u0160 2024<\/a><\/h5>\r\n<h5><a href=\"http:\/\/www.zsamshornistudenky.cz\/?page_id=8768\">P\u0159edstaven\u00ed Z Devatera poh\u00e1dek 19.12.2024<\/a><\/h5>\r\n<h5><a href=\"http:\/\/www.zsamshornistudenky.cz\/?page_id=8857\">Mikul\u00e1\u0161sk\u00e1 nad\u00edlka 5.12.2024<\/a><\/h5>\r\n<h5>Marionetov\u00e9 divadlo &#8211; Jak se \u010derti \u017eenili 1.11.2024 &#8211; p\u0159ipravujeme<\/h5>\r\n<h5><a href=\"http:\/\/www.zsamshornistudenky.cz\/?page_id=8548\">Oslava sklizn\u011b 18. 10. 2024<\/a><\/h5>\r\n<h5><a href=\"http:\/\/www.zsamshornistudenky.cz\/?page_id=8445\">Na\u0161e mrkvov\u00e1 \u00faroda 2024<\/a><\/h5>\r\n<h5><a href=\"http:\/\/www.zsamshornistudenky.cz\/?page_id=8291\">Rozlou\u010den\u00ed s p\u0159ed\u0161kol\u00e1ky 27. 6. 2024<\/a><\/h5>\r\n<h5><a href=\"http:\/\/www.zsamshornistudenky.cz\/?page_id=8284\">V\u00fdlet na z\u00e1mek Lednice 25. 6. 2024<\/a><\/h5>\r\n<h5><a href=\"http:\/\/www.zsamshornistudenky.cz\/?page_id=8255\">Exkurze do Prahy 14. 6. 2024<\/a><\/h5>\r\n<h5><a href=\"http:\/\/www.zsamshornistudenky.cz\/?page_id=8422\">Jezd\u00edme v M\u0160 4. 6. 2024<\/a><\/h5>\r\n<h5><a href=\"http:\/\/www.zsamshornistudenky.cz\/?page_id=8185\">Slet \u010darod\u011bjnic a \u010darod\u011bj\u016f 30. 4. 2024<\/a><\/h5>\r\n<h5><a href=\"http:\/\/www.zsamshornistudenky.cz\/?page_id=8138\">Mal\u00fd technik &#8211; Termokamery &#8211; 5. 4. 2024<\/a><\/h5>\r\n<h5><a href=\"http:\/\/www.zsamshornistudenky.cz\/?page_id=8113\">Vyn\u00e1\u0161en\u00ed Morany 22. 3. 2024<\/a><\/h5>\r\n<h5><a href=\"http:\/\/www.zsamshornistudenky.cz\/?page_id=8122\">P\u0159\u00edprava velikono\u010dn\u00edho osen\u00ed v M\u0160 20. 3. 2024<\/a><\/h5>\r\n<h5><a href=\"http:\/\/www.zsamshornistudenky.cz\/?page_id=8090\">Kouzeln\u00edk 25. 1. 2024<\/a><\/h5>\r\n<h5><a href=\"http:\/\/www.zsamshornistudenky.cz\/?page_id=8410\">V\u00e1noce v M\u0160 22. 12. 2023<\/a>&nbsp;<\/h5>\r\n<h5><a href=\"http:\/\/www.zsamshornistudenky.cz\/?page_id=8388\">Mikul\u00e1\u0161sk\u00e1 nad\u00edlka 5. 12. 2023<\/a><\/h5>\r\n<h5><a href=\"http:\/\/www.zsamshornistudenky.cz\/?page_id=8368\">Plaveck\u00fd v\u00fdcvik listopad 2023<\/a><\/h5>\r\n<h5><a href=\"http:\/\/www.zsamshornistudenky.cz\/?page_id=8328\">Bobov\u00e1n\u00ed v M\u0160 27. 11. 2023<\/a><\/h5>\r\n<h5><a href=\"http:\/\/www.zsamshornistudenky.cz\/?page_id=8317\">Pov\u00edd\u00e1n\u00ed o chov\u00e1n\u00ed v M\u0160 25. 10. 2023<\/a><\/h5>\r\n<h5><a href=\"http:\/\/www.zsamshornistudenky.cz\/?page_id=7776\">Poh\u00e1dkov\u00fd v\u00fdlet &#8211; Muzej\u00ed\u010dko \u0160umperk 20. 6. 2023<\/a><\/h5>\r\n<h5><a href=\"http:\/\/www.zsamshornistudenky.cz\/?page_id=7782\">Stav\u00edme hrady 15. 6. 2023<\/a><\/h5>\r\n<h5><a href=\"http:\/\/www.zsamshornistudenky.cz\/?page_id=7793\">Marionetov\u00e9 divadlo: Ka\u0161p\u00e1rek jde do sv\u011bta 14. 6. 2023<\/a><\/h5>\r\n<h5><a href=\"http:\/\/www.zsamshornistudenky.cz\/?page_id=7807\">Pampeli\u0161ky a mot\u00fdlci 7. 6. 2023<\/a><\/h5>\r\n<h5><a href=\"http:\/\/www.zsamshornistudenky.cz\/?page_id=7823\">Mal\u00ed zahradn\u00edci 24. 5. 2023<\/a><\/h5>\r\n<h5><a href=\"http:\/\/www.zsamshornistudenky.cz\/?page_id=7828\">Ve\u010dern\u00ed\u010dek 15. 5. 2023<\/a><\/h5>\r\n<h5><a href=\"http:\/\/www.zsamshornistudenky.cz\/?page_id=7644\">Dopravn\u00ed h\u0159i\u0161t\u011b 4. 5. 2023<\/a><\/h5>\r\n<h5><a href=\"http:\/\/www.zsamshornistudenky.cz\/?page_id=7469\">Tablo p\u0159ed\u0161kol\u00e1k\u016f &#8211; kv\u011bten 2023<\/a><\/h5>\r\n<h5><a href=\"http:\/\/www.zsamshornistudenky.cz\/?page_id=7615\">\u010carod\u011bjnick\u00fd rej 28. 4. 2023<\/a><\/h5>\r\n<h5><a href=\"http:\/\/www.zsamshornistudenky.cz\/?page_id=7353\">Brig\u00e1da tat\u00ednk\u016f 21. 4. 2023<\/a><\/h5>\r\n<h5><a href=\"http:\/\/www.zsamshornistudenky.cz\/?page_id=7408\">Hrad \u0160ternberk 5. 4. 2023<\/a><\/h5>\r\n<h5><a href=\"http:\/\/www.zsamshornistudenky.cz\/?page_id=7495\">Velikono\u010dn\u00ed pracovn\u00ed \u010dinnosti v Z\u0160 2023<\/a><\/h5>\r\n<h5><a href=\"http:\/\/www.zsamshornistudenky.cz\/?page_id=7462\">Velikono\u010dn\u00ed tvo\u0159en\u00ed 4. 4. 2023<\/a><\/h5>\r\n<h5><a style=\"font-size: 1em;\" href=\"http:\/\/www.zsamshornistudenky.cz\/?page_id=7231\">Velikonoce v M\u0160 2023<\/a><\/h5>\r\n<h5><a href=\"http:\/\/www.zsamshornistudenky.cz\/?page_id=7290\">Exkurze do Olomouce 31. 3. 2023<\/a><\/h5>\r\n<h5><a href=\"http:\/\/www.zsamshornistudenky.cz\/?page_id=7484\">Hodina vlastiv\u011bdy &#8211; Psan\u00ed brkem 17. 3. 2023<\/a><\/h5>\r\n<h5><a href=\"http:\/\/www.zsamshornistudenky.cz\/?page_id=7802\">Kor\u00e1lkov\u00e1n\u00ed v M\u0160<\/a><\/h5>\r\n<h5><a href=\"http:\/\/www.zsamshornistudenky.cz\/?page_id=7129\">Recita\u010dn\u00ed sout\u011b\u017e 10. 2. 2023<\/a><\/h5>\r\n<h5><a href=\"http:\/\/www.zsamshornistudenky.cz\/?page_id=7095\">Ly\u017ea\u0159sk\u00fd v\u00fdcvik 6. 2. &#8211; 8. 2. 2023<\/a><\/h5>\r\n<h5><a href=\"http:\/\/www.zsamshornistudenky.cz\/?page_id=6990\">V\u00e1no\u010dn\u00ed zp\u00edv\u00e1n\u00ed a beseda v m\u00edstn\u00edm kostele 21. 12. 2022<\/a><\/h5>\r\n<h5><a href=\"http:\/\/www.zsamshornistudenky.cz\/?page_id=7160\">N\u00e1v\u0161t\u011bva Mikul\u00e1\u0161e 6. 12. 2022<\/a><\/h5>\r\n<h5><a href=\"http:\/\/www.zsamshornistudenky.cz\/?page_id=6975\">Projektov\u00fd den ve sv\u00ed\u010dk\u00e1rn\u011b v Olomouci 5. 12. 2022<\/a><\/h5>\r\n<h5><a href=\"http:\/\/www.zsamshornistudenky.cz\/?page_id=7441\">Divadeln\u00ed p\u0159edstaven\u00ed A bold rabbit 28. 11. 2022<\/a><\/h5>\r\n<h5><a href=\"http:\/\/www.zsamshornistudenky.cz\/?page_id=6918\">Rozsv\u00edcen\u00ed v\u00e1no\u010dn\u00edho stromu a tvo\u0159en\u00ed 27. 11. 2022<\/a><\/h5>\r\n<h5><a href=\"http:\/\/www.zsamshornistudenky.cz\/?page_id=7507\">Pe\u010den\u00ed v\u00e1no\u010dn\u00edch pern\u00ed\u010dk\u016f 25. 11. 2022<\/a><\/h5>\r\n<h5><a href=\"http:\/\/www.zsamshornistudenky.cz\/?page_id=6841\">N\u00e1v\u0161t\u011bva knihovny 22. 11. 2022<\/a><\/h5>\r\n<h5><a href=\"http:\/\/www.zsamshornistudenky.cz\/?page_id=6824\">Plaveck\u00fd v\u00fdcvik 2022 \/ 2023<\/a><\/h5>\r\n<h5><a href=\"http:\/\/www.zsamshornistudenky.cz\/?page_id=6786\">Pe\u010den\u00ed svatomartinsk\u00fdch rohl\u00ed\u010dk\u016f 10. 11. 2022<\/a><\/h5>\r\n<h5><a href=\"http:\/\/www.zsamshornistudenky.cz\/?page_id=6744\">Draki\u00e1da 18. 10. 2022<\/a><\/h5>\r\n<h5><a href=\"http:\/\/www.zsamshornistudenky.cz\/?page_id=7329\">Cesta do prav\u011bku &#8211; Muzej\u00ed\u010dko v \u0160umperku 13. 10. 2022<\/a><\/h5>\r\n<h5><a href=\"http:\/\/www.zsamshornistudenky.cz\/?page_id=6706\">Dopravn\u00ed h\u0159i\u0161t\u011b 4. 10. 2022<\/a><\/h5>\r\n<h5><a href=\"http:\/\/www.zsamshornistudenky.cz\/?page_id=6175\">\u0160koln\u00ed v\u00fdlet: Macocha a Punkevn\u00ed jeskyn\u011b 27. 6. 2022<\/a><\/h5>\r\n<h5><a href=\"http:\/\/www.zsamshornistudenky.cz\/?page_id=6649\">Rozlou\u010den\u00ed s p\u0159ed\u0161kol\u00e1ky a p\u00e1\u0165\u00e1ky 24. 6. 2022<\/a><\/h5>\r\n<h5><a href=\"http:\/\/www.zsamshornistudenky.cz\/?page_id=6369\">Bes\u00eddka 9. 6. 2022<\/a><\/h5>\r\n<h5><a href=\"http:\/\/www.zsamshornistudenky.cz\/?page_id=6118\">P\u0159edn\u00e1\u0161ka: Voda v krajin\u011b 3. 6. 2022<\/a><\/h5>\r\n<h5><a href=\"http:\/\/www.zsamshornistudenky.cz\/?page_id=6431\">N\u00e1v\u0161t\u011bva Policie \u010cR 1. 6. 2022<\/a><\/h5>\r\n<h5><a href=\"http:\/\/www.zsamshornistudenky.cz\/?page_id=6438\">Tablo p\u0159ed\u0161kol\u00e1k\u016f &#8211; kv\u011bten 2022<\/a><\/h5>\r\n<h5><a href=\"http:\/\/www.zsamshornistudenky.cz\/?page_id=6058\">Pracovn\u00ed \u010dinnosti 18. 5. 2022<\/a><\/h5>\r\n<h5><a href=\"http:\/\/www.zsamshornistudenky.cz\/?page_id=5940\">Dopravn\u00ed h\u0159i\u0161t\u011b 16. 5. 2022<\/a><\/h5>\r\n<h5><a href=\"http:\/\/www.zsamshornistudenky.cz\/?page_id=6232\">Exkurze do Faunaparku 13. 5. 2022<\/a><\/h5>\r\n<h5><a href=\"http:\/\/www.zsamshornistudenky.cz\/?page_id=5974\">Exkurze do Prahy 13. 5. 2022<\/a><\/h5>\r\n<h5><a href=\"http:\/\/www.zsamshornistudenky.cz\/?page_id=5869\">P\u00e1len\u00ed \u010darod\u011bjnic 29. 4. 2022<\/a><\/h5>\r\n<h5><a href=\"http:\/\/www.zsamshornistudenky.cz\/?page_id=6420\">Jaro v na\u0161\u00ed \u0161kole 2022<\/a><\/h5>\r\n<h5><a href=\"http:\/\/www.zsamshornistudenky.cz\/?page_id=6045\">Velikono\u010dn\u00ed tvo\u0159en\u00ed 2022<\/a><\/h5>\r\n<h5><a href=\"http:\/\/www.zsamshornistudenky.cz\/?page_id=5738\">Plaveck\u00fd v\u00fdcvik&nbsp; 2021 \/ 2022<\/a><\/h5>\r\n<h5><a href=\"http:\/\/www.zsamshornistudenky.cz\/?page_id=5568\">Karneval 28. 2. 2022<\/a><\/h5>\r\n<h5><a href=\"http:\/\/www.zsamshornistudenky.cz\/?page_id=5361\">Pracovn\u00ed \u010dinnosti 3. 2. 2022<\/a><\/h5>\r\n<h5><a href=\"http:\/\/www.zsamshornistudenky.cz\/?page_id=5331\">Zimn\u00ed radov\u00e1nky&nbsp; &#8211; leden 2022<\/a><\/h5>\r\n<h5><a href=\"http:\/\/www.zsamshornistudenky.cz\/?page_id=4998\">Ly\u017ea\u0159sk\u00fd v\u00fdcvik 24. 1. &#8211; 28. 1. 2022<\/a><\/h5>\r\n<h5><a href=\"http:\/\/www.zsamshornistudenky.cz\/?page_id=5386\">V\u00e1no\u010dn\u00ed v\u00fdzdoba \u0161koly 2021<\/a><\/h5>\r\n<h5><a href=\"http:\/\/www.zsamshornistudenky.cz\/?page_id=5350\">Vyr\u00e1b\u00edme sn\u011bhul\u00e1ky 11. 1. 2022<\/a><\/h5>\r\n<h5><a href=\"http:\/\/www.zsamshornistudenky.cz\/?page_id=4843\">V\u00e1noce v Z\u0160 22. 12. 2021<\/a><\/h5>\r\n<h5><a href=\"http:\/\/www.zsamshornistudenky.cz\/?page_id=4775\">V\u00e1noce v M\u0160 22. 12. 2021<\/a><\/h5>\r\n<h5><a href=\"http:\/\/www.zsamshornistudenky.cz\/?page_id=4764\">Kino v Obecn\u00edm dom\u011b 17. 12. 2021<\/a><\/h5>\r\n<h5><a href=\"http:\/\/www.zsamshornistudenky.cz\/?page_id=4755\">Pe\u010den\u00ed pern\u00ed\u010dk\u016f v M\u0160 9. 12. 2021<\/a><\/h5>\r\n<h5><a href=\"http:\/\/www.zsamshornistudenky.cz\/?page_id=5373\">Pe\u010den\u00ed pern\u00ed\u010dk\u016f v Z\u0160 9. 12. 2021<\/a><\/h5>\r\n<h5><a href=\"http:\/\/www.zsamshornistudenky.cz\/?page_id=4721\">Vyr\u00e1b\u011bn\u00ed v krou\u017eku Tvo\u0159en\u00ed<\/a><\/h5>\r\n<h5><a href=\"http:\/\/www.zsamshornistudenky.cz\/?page_id=4696\">Mikul\u00e1\u0161 6. 12. 2021<\/a><\/h5>\r\n<h5><a href=\"http:\/\/www.zsamshornistudenky.cz\/?page_id=4633\">Tvo\u0159\u00edme v dru\u017ein\u011b<\/a><\/h5>\r\n<h5><a href=\"http:\/\/www.zsamshornistudenky.cz\/?page_id=5295\">Dar Lega<\/a><\/h5>\r\n<h5><a href=\"http:\/\/www.zsamshornistudenky.cz\/?page_id=5277\">Sv. Martin 11. 11. 2021<\/a><\/h5>\r\n<h5><a href=\"http:\/\/www.zsamshornistudenky.cz\/?page_id=4506\">Podzimn\u00ed rejd\u011bn\u00ed 22. 10. 2021<\/a><\/h5>\r\n<h5><a href=\"http:\/\/www.zsamshornistudenky.cz\/?page_id=4438\">Dopravn\u00ed h\u0159i\u0161t\u011b 11. 10. 2021<\/a><\/h5>\r\n<h5><a href=\"http:\/\/www.zsamshornistudenky.cz\/?page_id=4359\">Vystoupen\u00ed Z\u0160 ve Zborov\u011b 24. 9. 2021<\/a><\/h5>\r\n<h5><a href=\"http:\/\/www.zsamshornistudenky.cz\/?page_id=4210\">Pevnost pozn\u00e1n\u00ed 7. 9. 2021<\/a><\/h5>\r\n<h5><a href=\"http:\/\/www.zsamshornistudenky.cz\/?page_id=4104\">1. z\u00e1\u0159\u00ed 2021<\/a><\/h5>\r\n<h5><a href=\"http:\/\/www.zsamshornistudenky.cz\/?page_id=3859\">Sportovn\u00ed den 25. 6. 2021<\/a><\/h5>\r\n\r\n\r\n\r\n<h5><a href=\"http:\/\/www.zsamshornistudenky.cz\/?page_id=3747\">Rozlou\u010den\u00ed s p\u0159ed\u0161kol\u00e1ky 25. 6. 2021<\/a><\/h5>\r\n\r\n\r\n\r\n<h5><a href=\"http:\/\/www.zsamshornistudenky.cz\/?page_id=3813\">Letn\u00ed sva\u010dinka a p\u0159ekvapen\u00ed v M\u0160 21. 6. 2021<\/a><\/h5>\r\n\r\n\r\n\r\n<h5><a href=\"http:\/\/www.zsamshornistudenky.cz\/?page_id=3799\">Mal\u00fd stavitel v M\u0160 3. 6. 2021<\/a><\/h5>\r\n\r\n\r\n\r\n<h5><a href=\"http:\/\/www.zsamshornistudenky.cz\/?page_id=3763\">Planet\u00e1rium 28. 5. 2021<\/a><\/h5>\r\n\r\n\r\n\r\n<h5><a href=\"http:\/\/www.zsamshornistudenky.cz\/?page_id=3957\">Kol\u00e1\u017ee Z\u0160 jaro 2021<\/a><\/h5>\r\n\r\n\r\n\r\n<h5><a href=\"http:\/\/www.zsamshornistudenky.cz\/?page_id=3939\">Sv\u00e1tek matek v M\u0160 8. 5. 2021<\/a><\/h5>\r\n\r\n\r\n\r\n<h5><a href=\"http:\/\/www.zsamshornistudenky.cz\/?page_id=3722\">\u00daprava p\u0159ed \u0161kolkou 3. 5. 2021<\/a><\/h5>\r\n\r\n\r\n\r\n<h5><a href=\"http:\/\/www.zsamshornistudenky.cz\/?page_id=3740\">Tablo p\u0159ed\u0161kol\u00e1k\u016f &#8211; kv\u011bten 2021<\/a><\/h5>\r\n\r\n\r\n\r\n<h5><a href=\"http:\/\/www.zsamshornistudenky.cz\/?page_id=3917\">\u010carod\u011bjnice 30. 4. 2021<\/a><\/h5>\r\n\r\n\r\n\r\n<h5><a href=\"http:\/\/www.zsamshornistudenky.cz\/?page_id=3733\">Vyr\u00e1b\u00edme ko\u010di\u010dku v M\u0160 23. 4. 2021<\/a><\/h5>\r\n\r\n\r\n\r\n<h5><a href=\"http:\/\/www.zsamshornistudenky.cz\/?page_id=3698\">Stav\u011bn\u00ed sn\u011bhul\u00e1k\u016f v M\u0160 18. 2. 2021<\/a><\/h5>\r\n\r\n\r\n\r\n<h5><a href=\"http:\/\/www.zsamshornistudenky.cz\/?page_id=3689\">Karneval v M\u0160 16. 2. 2021<\/a><\/h5>\r\n\r\n\r\n\r\n<h5><a href=\"http:\/\/www.zsamshornistudenky.cz\/?page_id=3713\">Zima v M\u0160 3. 2. 2021<\/a><\/h5>\r\n\r\n\r\n\r\n<h5><a href=\"http:\/\/www.zsamshornistudenky.cz\/?page_id=3593\">N\u00e1v\u0161t\u011bva betl\u00e9ma s M\u0160 14. 1. 2021<\/a><\/h5>\r\n\r\n\r\n\r\n<h5><a href=\"http:\/\/www.zsamshornistudenky.cz\/?page_id=3633\">Radov\u00e1nky na sn\u011bhu v M\u0160 8. 1. 2021<\/a><\/h5>\r\n\r\n\r\n\r\n<h5><a href=\"http:\/\/www.zsamshornistudenky.cz\/?page_id=3584\">T\u0159i kr\u00e1lov\u00e9 v M\u0160 6. 1. 2021<\/a><\/h5>\r\n\r\n\r\n\r\n<h5><a href=\"http:\/\/www.zsamshornistudenky.cz\/?page_id=3577\">V\u00e1no\u010dn\u00ed bes\u00eddka v M\u0160 18. 12. 2020<\/a><\/h5>\r\n\r\n\r\n\r\n<h5><a href=\"http:\/\/www.zsamshornistudenky.cz\/?page_id=3622\">Pe\u010den\u00ed pern\u00ed\u010dk\u016f v M\u0160 14. 12. 2020<\/a><\/h5>\r\n\r\n\r\n\r\n<h5><a href=\"http:\/\/www.zsamshornistudenky.cz\/?page_id=2398\">\u010certovsk\u00fd rej v M\u0160 4. 12. 2020<\/a><\/h5>\r\n\r\n\r\n\r\n<h5><a href=\"http:\/\/www.zsamshornistudenky.cz\/?page_id=2954\" data-type=\"page\" data-id=\"2954\">Vyr\u00e1b\u011bn\u00ed je\u017ek\u016f v M\u0160 16. 10. 2020<\/a><\/h5>\r\n\r\n\r\n\r\n<h5><a href=\"http:\/\/www.zsamshornistudenky.cz\/?page_id=2957\" data-type=\"page\" data-id=\"2957\">Dopravn\u00ed h\u0159i\u0161t\u011b 4. 10. 2020<\/a><\/h5>\r\n\r\n\r\n\r\n<h5><a href=\"http:\/\/www.zsamshornistudenky.cz\/?page_id=2960\" data-type=\"page\" data-id=\"2960\">Farma Bludov, Prad\u011bdovo muzeum Z\u0160 16. 9. 2020<\/a><\/h5>\r\n\r\n\r\n\r\n<h5><a href=\"http:\/\/www.zsamshornistudenky.cz\/?page_id=2963\" data-type=\"page\" data-id=\"2963\">Anglick\u00fd lektor v M\u0160 8. 9. 2020<\/a><\/h5>\r\n\r\n\r\n\r\n<h5><a href=\"http:\/\/www.zsamshornistudenky.cz\/?page_id=2962\" data-type=\"page\" data-id=\"2962\">Anglick\u00fd lektor v Z\u0160 7. 9. 2020<\/a><\/h5>\r\n\r\n\r\n\r\n<h5><a href=\"http:\/\/www.zsamshornistudenky.cz\/?page_id=2964\" data-type=\"page\" data-id=\"2964\">Farma Lod\u011bnice, Sv\u00ed\u010dk\u00e1rna 3. 9. 2020<\/a><\/h5>\r\n\r\n\r\n\r\n<h5><a href=\"http:\/\/www.zsamshornistudenky.cz\/?page_id=1838\">V\u00edt\u00e1n\u00ed prv\u0148\u00e1\u010dk\u016f 1. 9. 2020<\/a><\/h5>\r\n\r\n\r\n\r\n<h5><a href=\"http:\/\/www.zsamshornistudenky.cz\/?page_id=1937\">Rekonstrukce M\u0160 \u010derven\/\u010dervenec 2020 <\/a><\/h5>\r\n\r\n\r\n\r\n<h5><a href=\"http:\/\/www.zsamshornistudenky.cz\/?page_id=1796\">Sn\u00eddan\u011b od \u017e\u00e1k\u016f 3., 4., 5. t\u0159\u00eddy<\/a><\/h5>\r\n\r\n\r\n\r\n<h5><a href=\"http:\/\/www.zsamshornistudenky.cz\/?page_id=1797\">Divadlo \u0160umperk<\/a><\/h5>\r\n\r\n\r\n\r\n<h5><a href=\"http:\/\/www.zsamshornistudenky.cz\/?page_id=1795\">Recita\u010dn\u00ed sout\u011b\u017e<\/a><\/h5>\r\n\r\n\r\n\r\n<h5><a href=\"http:\/\/www.zsamshornistudenky.cz\/?page_id=1586\">Dom\u00e1c\u00ed jarn\u00ed tvo\u0159en\u00ed 2020<\/a><\/h5>\r\n\r\n\r\n\r\n<h5><a href=\"http:\/\/www.zsamshornistudenky.cz\/?page_id=2968\" data-type=\"page\" data-id=\"2968\">Dopravn\u00ed h\u0159i\u0161t\u011b 3. 4. 2019<\/a><\/h5>\r\n\r\n\r\n\r\n<h5><a href=\"http:\/\/www.zsamshornistudenky.cz\/?page_id=1724\">Plaveck\u00fd v\u00fdcvik jaro 2020<\/a><\/h5>\r\n\r\n\r\n\r\n<h5><a href=\"http:\/\/www.zsamshornistudenky.cz\/?page_id=1521\">Ly\u017ea\u0159sk\u00fd v\u00fdcvik 2020<\/a><\/h5>\r\n\r\n\r\n\r\n<h5><a href=\"http:\/\/www.zsamshornistudenky.cz\/?page_id=1535\">Posezen\u00ed u strome\u010dku 20. 12. 2019 Z\u0160 a M\u0160<\/a><\/h5>\r\n\r\n\r\n\r\n<h5><a href=\"http:\/\/www.zsamshornistudenky.cz\/?page_id=1532\">Beseda s rodi\u010di a v\u00e1no\u010dn\u00ed jarmark 19. 12. 2019<\/a><\/h5>\r\n\r\n\r\n\r\n<h5><a href=\"http:\/\/www.zsamshornistudenky.cz\/?page_id=1529\">P\u0159ijel za n\u00e1mi hasi\u010dsk\u00fd z\u00e1chrann\u00fd sbor 10. 12. 2019<\/a><\/h5>\r\n\r\n\r\n\r\n<h5><a href=\"http:\/\/www.zsamshornistudenky.cz\/?page_id=1526\">Dru\u017eina si zdob\u00ed strome\u010dek<\/a><\/h5>\r\n\r\n\r\n\r\n<h5><a href=\"http:\/\/www.zsamshornistudenky.cz\/?page_id=1521\">3D kino &#8211; Podmo\u0159sk\u00fd sv\u011bt 8. 10. 2019<\/a><\/h5>\r\n\r\n\r\n\r\n<h5><a href=\"http:\/\/www.zsamshornistudenky.cz\/?page_id=1518\">\u010certovsk\u00fd rej 6. 12. 2019<\/a><\/h5>\r\n\r\n\r\n\r\n<h5><a href=\"http:\/\/www.zsamshornistudenky.cz\/?page_id=1515\">N\u00e1v\u0161t\u011bva and\u011bla s \u010dertem 5. 12. 2019<\/a><\/h5>\r\n\r\n\r\n\r\n<h5><a href=\"http:\/\/www.zsamshornistudenky.cz\/?page_id=1512\">Adventn\u00ed tvo\u0159en\u00ed a rozsv\u00edcen\u00ed v\u00e1no\u010dn\u00edho stromu 1. 12. 2019<\/a><\/h5>\r\n\r\n\r\n\r\n<h5><a href=\"http:\/\/www.zsamshornistudenky.cz\/?page_id=1509\">Tvo\u0159en\u00ed &#8211; podzimn\u00ed list\u00ed 7.11.2019<\/a><\/h5>\r\n\r\n\r\n\r\n<h5><a href=\"http:\/\/www.zsamshornistudenky.cz\/?page_id=1506\">Divadeln\u00ed p\u0159edstaven\u00ed &#8211; Poklad kapit\u00e1na Baltazara 5. 11. 2019<\/a><\/h5>\r\n\r\n\r\n\r\n<h5><a href=\"http:\/\/www.zsamshornistudenky.cz\/?page_id=1503\">Usp\u00e1v\u00e1n\u00ed podzimn\u00ed\u010dk\u016f 31. 10. 2019<\/a><\/h5>\r\n\r\n\r\n\r\n<h5><a href=\"http:\/\/www.zsamshornistudenky.cz\/?page_id=1500\">Tvo\u0159en\u00ed &#8211; podzimn\u00ed postavy 17. 10. 2019<\/a><\/h5>\r\n\r\n\r\n\r\n<h5><a href=\"http:\/\/www.zsamshornistudenky.cz\/?page_id=1497\">Dopravn\u00ed h\u0159i\u0161t\u011b 14. 10. 2019<\/a><\/h5>\r\n\r\n\r\n\r\n<h5><a href=\"http:\/\/www.zsamshornistudenky.cz\/?page_id=1494\">N\u00e1v\u0161t\u011bva divadla v \u0160umperku 27. 9. 2019<\/a><\/h5>\r\n\r\n\r\n\r\n<h5><a href=\"http:\/\/www.zsamshornistudenky.cz\/?page_id=2965\" data-type=\"page\" data-id=\"2965\">Indi\u00e1ni v M\u0160 14. 6. 2019<\/a><\/h5>\r\n\r\n\r\n\r\n<h5><a href=\"http:\/\/www.zsamshornistudenky.cz\/?page_id=1490\">Prvn\u00ed \u0161koln\u00ed den 2019<\/a><\/h5>\r\n\r\n\r\n\r\n<h5><a href=\"http:\/\/www.zsamshornistudenky.cz\/?page_id=1486\">Rozlou\u010den\u00ed se \u0161koln\u00edm rokem 26. 6. 2019<\/a><\/h5>\r\n\r\n\r\n\r\n<h5><a href=\"http:\/\/www.zsamshornistudenky.cz\/?page_id=1483\">\u0160umperk &#8211; Den bezpe\u010dnosti 25. 6. 2019<\/a><\/h5>\r\n\r\n\r\n\r\n<h5><a href=\"http:\/\/www.zsamshornistudenky.cz\/?page_id=1480\">N\u00e1cvik divadla 21. 6. 2019<\/a><\/h5>\r\n\r\n\r\n\r\n<h5><a href=\"http:\/\/www.zsamshornistudenky.cz\/?page_id=1477\">Hodina v\u00fdtvarn\u00e9 v\u00fdchovy venku 17. 6. 2019<\/a><\/h5>\r\n\r\n\r\n\r\n<h5><a href=\"http:\/\/www.zsamshornistudenky.cz\/?page_id=1473\">Den otc\u016f &#8211; v\u00fdroba p\u0159\u00e1n\u00ed\u010dek 5. 6. 2019<\/a><\/h5>\r\n\r\n\r\n\r\n<h5><a href=\"http:\/\/www.zsamshornistudenky.cz\/?page_id=977\">V\u00fdlet ZOO Le\u0161n\u00e1 29. 5. 2019<\/a><\/h5>\r\n\r\n\r\n\r\n<h5><a href=\"http:\/\/www.zsamshornistudenky.cz\/?page_id=2966\" data-type=\"page\" data-id=\"2966\">P\u00e1len\u00ed \u010darod\u011bjnic 26. 4. 2019<\/a><\/h5>\r\n\r\n\r\n\r\n<h5><a href=\"http:\/\/www.zsamshornistudenky.cz\/?page_id=2967\" data-type=\"page\" data-id=\"2967\">Velikono\u010dn\u00ed tvo\u0159en\u00ed 5. 4. 2019<\/a><\/h5>\r\n\r\n\r\n\r\n<h5><a href=\"http:\/\/www.zsamshornistudenky.cz\/?page_id=2977\">\u010cten\u00ed v Z\u0160 b\u0159ezen 2019<\/a><\/h5>\r\n\r\n\r\n\r\n<h5><a href=\"http:\/\/www.zsamshornistudenky.cz\/?page_id=2978\" data-type=\"page\" data-id=\"2978\">Kolob\u011b\u017eky b\u0159ezen 2019<\/a><\/h5>\r\n\r\n\r\n\r\n<h5><a href=\"http:\/\/www.zsamshornistudenky.cz\/?page_id=2976\" data-type=\"page\" data-id=\"2976\">Vyn\u00e1\u0161en\u00ed Morany b\u0159ezen 2019<\/a><\/h5>\r\n\r\n\r\n\r\n<h5><a href=\"http:\/\/www.zsamshornistudenky.cz\/?page_id=893\">Hrav\u00e1 v\u011bda<\/a><\/h5>\r\n\r\n\r\n\r\n<h5><a href=\"http:\/\/www.zsamshornistudenky.cz\/?page_id=912\">Loutkov\u00e9 divadlo<\/a><\/h5>\r\n\r\n\r\n\r\n<h5><a href=\"http:\/\/www.zsamshornistudenky.cz\/?page_id=916\">Plaveck\u00fd v\u00fdcvik<\/a><\/h5>\r\n\r\n\r\n\r\n<h5><a href=\"http:\/\/www.zsamshornistudenky.cz\/?page_id=919\">Ocho\u010den\u00e1 li\u0161ka Mia 18. 1. 2019<\/a><\/h5>\r\n\r\n\r\n\r\n<h5><a href=\"http:\/\/www.zsamshornistudenky.cz\/?page_id=921\">Ly\u017ea\u0159sk\u00fd v\u00fdcvik 7. 1. &#8211; 11. 1. 2019<\/a><\/h5>\r\n\r\n\r\n\r\n<h5><a href=\"http:\/\/www.zsamshornistudenky.cz\/?page_id=923\">Posezen\u00ed u strome\u010dku 21. 12. 2018<\/a><\/h5>\r\n\r\n\r\n\r\n<h5><a href=\"http:\/\/www.zsamshornistudenky.cz\/?page_id=928\">V\u00e1no\u010dn\u00ed bes\u00eddka 19. 12. 2018<\/a><\/h5>\r\n\r\n\r\n\r\n<h5><a href=\"http:\/\/www.zsamshornistudenky.cz\/?page_id=930\">V\u00e1no\u010dn\u00ed tvo\u0159iv\u00e1 d\u00edlna 17. 12. 2018<\/a><\/h5>\r\n\r\n\r\n\r\n<h5><a href=\"http:\/\/www.zsamshornistudenky.cz\/?page_id=932\">\u0160D &#8211; Pobyt venku 14. 12. 2018<\/a><\/h5>\r\n\r\n\r\n\r\n<h5><a href=\"http:\/\/www.zsamshornistudenky.cz\/?page_id=934\">\u0160koln\u00ed jarmark 11. 12. 2018<\/a><\/h5>\r\n\r\n\r\n\r\n<h5><a href=\"http:\/\/www.zsamshornistudenky.cz\/?page_id=936\">V\u00e1no\u010dn\u00ed tvo\u0159en\u00ed na hrad\u011b \u0160ternberk 7. 12. 2018<\/a><\/h5>\r\n\r\n\r\n\r\n<h5><a href=\"http:\/\/www.zsamshornistudenky.cz\/?page_id=938\">Radov\u00e1nkovy \u010dertoviny &#8211; divad\u00e9lko<\/a><\/h5>\r\n\r\n\r\n\r\n<h5><a href=\"http:\/\/www.zsamshornistudenky.cz\/?page_id=940\">V\u00e1no\u010dn\u00ed tvo\u0159iv\u00e1 d\u00edlna 30. 11. 2018<\/a><\/h5>\r\n\r\n\r\n\r\n<h5><a href=\"http:\/\/www.zsamshornistudenky.cz\/?page_id=942\">Prvn\u00ed otev\u0159en\u00ed Slabik\u00e1\u0159e<\/a><\/h5>\r\n\r\n\r\n\r\n<h5><a href=\"http:\/\/www.zsamshornistudenky.cz\/?page_id=944\">Myslivec ve \u0161kole 19. 11. 2018<\/a><\/h5>\r\n\r\n\r\n\r\n<h5><a href=\"http:\/\/www.zsamshornistudenky.cz\/?page_id=947\">Pe\u010den\u00ed Martinsk\u00fdch rohl\u00ed\u010dk\u016f<\/a><\/h5>\r\n\r\n\r\n\r\n<h5><a href=\"http:\/\/www.zsamshornistudenky.cz\/?page_id=949\">Dopravn\u00ed h\u0159i\u0161t\u011b Mohelnice 5. 11. 2018<\/a><\/h5>\r\n\r\n\r\n\r\n<h5><a href=\"http:\/\/www.zsamshornistudenky.cz\/?page_id=2979\" data-type=\"page\" data-id=\"2979\">Pou\u0161t\u011bn\u00ed drak\u016f 4. 11. 2018<\/a><\/h5>\r\n\r\n\r\n\r\n<h5><a href=\"http:\/\/www.zsamshornistudenky.cz\/?page_id=951\">Halloween 26. 10. 2018<\/a><\/h5>\r\n\r\n\r\n\r\n<h5><a href=\"http:\/\/www.zsamshornistudenky.cz\/?page_id=953\">Draci z list\u00ed 19. 10. 2018<\/a><\/h5>\r\n\r\n\r\n\r\n<h5><a href=\"http:\/\/www.zsamshornistudenky.cz\/?page_id=955\">Prvn\u00ed pomoc pro d\u011bti 10. 10. 2018<\/a><\/h5>\r\n\r\n\r\n\r\n<p>&nbsp;<\/p>\r\n","protected":false},"excerpt":{"rendered":"<p>Preventivn\u00ed program o chov\u00e1n\u00ed &#8211; p\u0159ipravujeme Draki\u00e1da &#8211; 15. 10. 2025 &#8211; p\u0159ipravujeme V\u00edt\u00e1n\u00ed prv\u0148\u00e1\u010dk\u016f &#8211; 1. z\u00e1\u0159\u00ed 2025 \u0160koln\u00ed v\u00fdlet do KovoZoo &#8211; p\u0159ipravujeme V\u00fdlet s dru\u017einou na zmrzlinu [&hellip;]<\/p>\n","protected":false},"author":1,"featured_media":0,"parent":0,"menu_order":0,"comment_status":"closed","ping_status":"closed","template":"","meta":{"ngg_post_thumbnail":0},"_links":{"self":[{"href":"http:\/\/www.zsamshornistudenky.cz\/index.php?rest_route=\/wp\/v2\/pages\/43"}],"collection":[{"href":"http:\/\/www.zsamshornistudenky.cz\/index.php?rest_route=\/wp\/v2\/pages"}],"about":[{"href":"http:\/\/www.zsamshornistudenky.cz\/index.php?rest_route=\/wp\/v2\/types\/page"}],"author":[{"embeddable":true,"href":"http:\/\/www.zsamshornistudenky.cz\/index.php?rest_route=\/wp\/v2\/users\/1"}],"replies":[{"embeddable":true,"href":"http:\/\/www.zsamshornistudenky.cz\/index.php?rest_route=%2Fwp%2Fv2%2Fcomments&post=43"}],"version-history":[{"count":329,"href":"http:\/\/www.zsamshornistudenky.cz\/index.php?rest_route=\/wp\/v2\/pages\/43\/revisions"}],"predecessor-version":[{"id":9035,"href":"http:\/\/www.zsamshornistudenky.cz\/index.php?rest_route=\/wp\/v2\/pages\/43\/revisions\/9035"}],"wp:attachment":[{"href":"http:\/\/www.zsamshornistudenky.cz\/index.php?rest_route=%2Fwp%2Fv2%2Fmedia&parent=43"}],"curies":[{"name":"wp","href":"https:\/\/api.w.org\/{rel}","templated":true}]}}