{"id":3813,"date":"2021-07-25T18:26:32","date_gmt":"2021-07-25T18:26:32","guid":{"rendered":"http:\/\/www.zsamshornistudenky.cz\/?page_id=3813"},"modified":"2021-07-25T18:26:33","modified_gmt":"2021-07-25T18:26:33","slug":"fotogalerie-letni-svacinka-a-prekvapeni-v-ms-21-6-2021","status":"publish","type":"page","link":"http:\/\/www.zsamshornistudenky.cz\/?page_id=3813","title":{"rendered":"Fotogalerie &#8211; Letn\u00ed sva\u010dinka a p\u0159ekvapen\u00ed v M\u0160 21. 6. 2021"},"content":{"rendered":"\n<p class=\"has-text-align-left\"><a href=\"http:\/\/www.zsamshornistudenky.cz\/?page_id=43\">&lt;ZP\u011aT<\/a><\/p>\n\n\n\n<!-- default-view.php -->\n<div\n\tclass=\"ngg-galleryoverview default-view \"\n\tid=\"ngg-gallery-b860c49d45d6c9b9db2830f799edd978-1\">\n\n\t\t<!-- Thumbnails -->\n\t\t\t\t<div id=\"ngg-image-0\" class=\"ngg-gallery-thumbnail-box \" >\n\t\t\t\t        <div class=\"ngg-gallery-thumbnail\">\n            <a href=\"http:\/\/www.zsamshornistudenky.cz\/wp-content\/gallery\/letni-svacinka-a-prekvapeni-v-ms-21-6-2021\/20210618_084920_1.jpg\"\n               title=\"\"\n               data-src=\"http:\/\/www.zsamshornistudenky.cz\/wp-content\/gallery\/letni-svacinka-a-prekvapeni-v-ms-21-6-2021\/20210618_084920_1.jpg\"\n               data-thumbnail=\"http:\/\/www.zsamshornistudenky.cz\/wp-content\/gallery\/letni-svacinka-a-prekvapeni-v-ms-21-6-2021\/thumbs\/thumbs_20210618_084920_1.jpg\"\n               data-image-id=\"1852\"\n               data-title=\"20210618_084920_1\"\n               data-description=\"\"\n               data-image-slug=\"20210618_084920_1\"\n               class=\"ngg-fancybox\" rel=\"b860c49d45d6c9b9db2830f799edd978\">\n                <img\n                    title=\"20210618_084920_1\"\n                    alt=\"20210618_084920_1\"\n                    src=\"http:\/\/www.zsamshornistudenky.cz\/wp-content\/gallery\/letni-svacinka-a-prekvapeni-v-ms-21-6-2021\/thumbs\/thumbs_20210618_084920_1.jpg\"\n                    width=\"240\"\n                    height=\"160\"\n                    style=\"max-width:100%;\"\n                \/>\n            <\/a>\n        <\/div>\n\t\t\t\t\t\t\t<\/div> \n\t\t\t\n\t\t\t\t<div id=\"ngg-image-1\" class=\"ngg-gallery-thumbnail-box \" >\n\t\t\t\t        <div class=\"ngg-gallery-thumbnail\">\n            <a href=\"http:\/\/www.zsamshornistudenky.cz\/wp-content\/gallery\/letni-svacinka-a-prekvapeni-v-ms-21-6-2021\/20210618_084922_1.jpg\"\n               title=\"\"\n               data-src=\"http:\/\/www.zsamshornistudenky.cz\/wp-content\/gallery\/letni-svacinka-a-prekvapeni-v-ms-21-6-2021\/20210618_084922_1.jpg\"\n               data-thumbnail=\"http:\/\/www.zsamshornistudenky.cz\/wp-content\/gallery\/letni-svacinka-a-prekvapeni-v-ms-21-6-2021\/thumbs\/thumbs_20210618_084922_1.jpg\"\n               data-image-id=\"1853\"\n               data-title=\"20210618_084922_1\"\n               data-description=\"\"\n               data-image-slug=\"20210618_084922_1\"\n               class=\"ngg-fancybox\" rel=\"b860c49d45d6c9b9db2830f799edd978\">\n                <img\n                    title=\"20210618_084922_1\"\n                    alt=\"20210618_084922_1\"\n                    src=\"http:\/\/www.zsamshornistudenky.cz\/wp-content\/gallery\/letni-svacinka-a-prekvapeni-v-ms-21-6-2021\/thumbs\/thumbs_20210618_084922_1.jpg\"\n                    width=\"240\"\n                    height=\"160\"\n                    style=\"max-width:100%;\"\n                \/>\n            <\/a>\n        <\/div>\n\t\t\t\t\t\t\t<\/div> \n\t\t\t\n\t\t\t\t<div id=\"ngg-image-2\" class=\"ngg-gallery-thumbnail-box \" >\n\t\t\t\t        <div class=\"ngg-gallery-thumbnail\">\n            <a href=\"http:\/\/www.zsamshornistudenky.cz\/wp-content\/gallery\/letni-svacinka-a-prekvapeni-v-ms-21-6-2021\/20210618_084929_1.jpg\"\n               title=\"\"\n               data-src=\"http:\/\/www.zsamshornistudenky.cz\/wp-content\/gallery\/letni-svacinka-a-prekvapeni-v-ms-21-6-2021\/20210618_084929_1.jpg\"\n               data-thumbnail=\"http:\/\/www.zsamshornistudenky.cz\/wp-content\/gallery\/letni-svacinka-a-prekvapeni-v-ms-21-6-2021\/thumbs\/thumbs_20210618_084929_1.jpg\"\n               data-image-id=\"1854\"\n               data-title=\"20210618_084929_1\"\n               data-description=\"\"\n               data-image-slug=\"20210618_084929_1\"\n               class=\"ngg-fancybox\" rel=\"b860c49d45d6c9b9db2830f799edd978\">\n                <img\n                    title=\"20210618_084929_1\"\n                    alt=\"20210618_084929_1\"\n                    src=\"http:\/\/www.zsamshornistudenky.cz\/wp-content\/gallery\/letni-svacinka-a-prekvapeni-v-ms-21-6-2021\/thumbs\/thumbs_20210618_084929_1.jpg\"\n                    width=\"240\"\n                    height=\"160\"\n                    style=\"max-width:100%;\"\n                \/>\n            <\/a>\n        <\/div>\n\t\t\t\t\t\t\t<\/div> \n\t\t\t\n\t\t\t\t<div id=\"ngg-image-3\" class=\"ngg-gallery-thumbnail-box \" >\n\t\t\t\t        <div class=\"ngg-gallery-thumbnail\">\n            <a href=\"http:\/\/www.zsamshornistudenky.cz\/wp-content\/gallery\/letni-svacinka-a-prekvapeni-v-ms-21-6-2021\/20210618_084939_1.jpg\"\n               title=\"\"\n               data-src=\"http:\/\/www.zsamshornistudenky.cz\/wp-content\/gallery\/letni-svacinka-a-prekvapeni-v-ms-21-6-2021\/20210618_084939_1.jpg\"\n               data-thumbnail=\"http:\/\/www.zsamshornistudenky.cz\/wp-content\/gallery\/letni-svacinka-a-prekvapeni-v-ms-21-6-2021\/thumbs\/thumbs_20210618_084939_1.jpg\"\n               data-image-id=\"1855\"\n               data-title=\"20210618_084939_1\"\n               data-description=\"\"\n               data-image-slug=\"20210618_084939_1\"\n               class=\"ngg-fancybox\" rel=\"b860c49d45d6c9b9db2830f799edd978\">\n                <img\n                    title=\"20210618_084939_1\"\n                    alt=\"20210618_084939_1\"\n                    src=\"http:\/\/www.zsamshornistudenky.cz\/wp-content\/gallery\/letni-svacinka-a-prekvapeni-v-ms-21-6-2021\/thumbs\/thumbs_20210618_084939_1.jpg\"\n                    width=\"240\"\n                    height=\"160\"\n                    style=\"max-width:100%;\"\n                \/>\n            <\/a>\n        <\/div>\n\t\t\t\t\t\t\t<\/div> \n\t\t\t\n\t\t\t\t<div id=\"ngg-image-4\" class=\"ngg-gallery-thumbnail-box \" >\n\t\t\t\t        <div class=\"ngg-gallery-thumbnail\">\n            <a href=\"http:\/\/www.zsamshornistudenky.cz\/wp-content\/gallery\/letni-svacinka-a-prekvapeni-v-ms-21-6-2021\/20210621_092009_1.jpg\"\n               title=\"\"\n               data-src=\"http:\/\/www.zsamshornistudenky.cz\/wp-content\/gallery\/letni-svacinka-a-prekvapeni-v-ms-21-6-2021\/20210621_092009_1.jpg\"\n               data-thumbnail=\"http:\/\/www.zsamshornistudenky.cz\/wp-content\/gallery\/letni-svacinka-a-prekvapeni-v-ms-21-6-2021\/thumbs\/thumbs_20210621_092009_1.jpg\"\n               data-image-id=\"1856\"\n               data-title=\"20210621_092009_1\"\n               data-description=\"\"\n               data-image-slug=\"20210621_092009_1\"\n               class=\"ngg-fancybox\" rel=\"b860c49d45d6c9b9db2830f799edd978\">\n                <img\n                    title=\"20210621_092009_1\"\n                    alt=\"20210621_092009_1\"\n                    src=\"http:\/\/www.zsamshornistudenky.cz\/wp-content\/gallery\/letni-svacinka-a-prekvapeni-v-ms-21-6-2021\/thumbs\/thumbs_20210621_092009_1.jpg\"\n                    width=\"240\"\n                    height=\"160\"\n                    style=\"max-width:100%;\"\n                \/>\n            <\/a>\n        <\/div>\n\t\t\t\t\t\t\t<\/div> \n\t\t\t\n\t\t\t\t<div id=\"ngg-image-5\" class=\"ngg-gallery-thumbnail-box \" >\n\t\t\t\t        <div class=\"ngg-gallery-thumbnail\">\n            <a href=\"http:\/\/www.zsamshornistudenky.cz\/wp-content\/gallery\/letni-svacinka-a-prekvapeni-v-ms-21-6-2021\/20210621_092011_1.jpg\"\n               title=\"\"\n               data-src=\"http:\/\/www.zsamshornistudenky.cz\/wp-content\/gallery\/letni-svacinka-a-prekvapeni-v-ms-21-6-2021\/20210621_092011_1.jpg\"\n               data-thumbnail=\"http:\/\/www.zsamshornistudenky.cz\/wp-content\/gallery\/letni-svacinka-a-prekvapeni-v-ms-21-6-2021\/thumbs\/thumbs_20210621_092011_1.jpg\"\n               data-image-id=\"1857\"\n               data-title=\"20210621_092011_1\"\n               data-description=\"\"\n               data-image-slug=\"20210621_092011_1\"\n               class=\"ngg-fancybox\" rel=\"b860c49d45d6c9b9db2830f799edd978\">\n                <img\n                    title=\"20210621_092011_1\"\n                    alt=\"20210621_092011_1\"\n                    src=\"http:\/\/www.zsamshornistudenky.cz\/wp-content\/gallery\/letni-svacinka-a-prekvapeni-v-ms-21-6-2021\/thumbs\/thumbs_20210621_092011_1.jpg\"\n                    width=\"240\"\n                    height=\"160\"\n                    style=\"max-width:100%;\"\n                \/>\n            <\/a>\n        <\/div>\n\t\t\t\t\t\t\t<\/div> \n\t\t\t\n\t\t\t\t<div id=\"ngg-image-6\" class=\"ngg-gallery-thumbnail-box \" >\n\t\t\t\t        <div class=\"ngg-gallery-thumbnail\">\n            <a href=\"http:\/\/www.zsamshornistudenky.cz\/wp-content\/gallery\/letni-svacinka-a-prekvapeni-v-ms-21-6-2021\/20210621_092021_1.jpg\"\n               title=\"\"\n               data-src=\"http:\/\/www.zsamshornistudenky.cz\/wp-content\/gallery\/letni-svacinka-a-prekvapeni-v-ms-21-6-2021\/20210621_092021_1.jpg\"\n               data-thumbnail=\"http:\/\/www.zsamshornistudenky.cz\/wp-content\/gallery\/letni-svacinka-a-prekvapeni-v-ms-21-6-2021\/thumbs\/thumbs_20210621_092021_1.jpg\"\n               data-image-id=\"1858\"\n               data-title=\"20210621_092021_1\"\n               data-description=\"\"\n               data-image-slug=\"20210621_092021_1\"\n               class=\"ngg-fancybox\" rel=\"b860c49d45d6c9b9db2830f799edd978\">\n                <img\n                    title=\"20210621_092021_1\"\n                    alt=\"20210621_092021_1\"\n                    src=\"http:\/\/www.zsamshornistudenky.cz\/wp-content\/gallery\/letni-svacinka-a-prekvapeni-v-ms-21-6-2021\/thumbs\/thumbs_20210621_092021_1.jpg\"\n                    width=\"240\"\n                    height=\"160\"\n                    style=\"max-width:100%;\"\n                \/>\n            <\/a>\n        <\/div>\n\t\t\t\t\t\t\t<\/div> \n\t\t\t\n\t\t\t\t<div id=\"ngg-image-7\" class=\"ngg-gallery-thumbnail-box \" >\n\t\t\t\t        <div class=\"ngg-gallery-thumbnail\">\n            <a href=\"http:\/\/www.zsamshornistudenky.cz\/wp-content\/gallery\/letni-svacinka-a-prekvapeni-v-ms-21-6-2021\/20210621_092024_1.jpg\"\n               title=\"\"\n               data-src=\"http:\/\/www.zsamshornistudenky.cz\/wp-content\/gallery\/letni-svacinka-a-prekvapeni-v-ms-21-6-2021\/20210621_092024_1.jpg\"\n               data-thumbnail=\"http:\/\/www.zsamshornistudenky.cz\/wp-content\/gallery\/letni-svacinka-a-prekvapeni-v-ms-21-6-2021\/thumbs\/thumbs_20210621_092024_1.jpg\"\n               data-image-id=\"1859\"\n               data-title=\"20210621_092024_1\"\n               data-description=\"\"\n               data-image-slug=\"20210621_092024_1\"\n               class=\"ngg-fancybox\" rel=\"b860c49d45d6c9b9db2830f799edd978\">\n                <img\n                    title=\"20210621_092024_1\"\n                    alt=\"20210621_092024_1\"\n                    src=\"http:\/\/www.zsamshornistudenky.cz\/wp-content\/gallery\/letni-svacinka-a-prekvapeni-v-ms-21-6-2021\/thumbs\/thumbs_20210621_092024_1.jpg\"\n                    width=\"240\"\n                    height=\"160\"\n                    style=\"max-width:100%;\"\n                \/>\n            <\/a>\n        <\/div>\n\t\t\t\t\t\t\t<\/div> \n\t\t\t\n\t\t\t\t<div id=\"ngg-image-8\" class=\"ngg-gallery-thumbnail-box \" >\n\t\t\t\t        <div class=\"ngg-gallery-thumbnail\">\n            <a href=\"http:\/\/www.zsamshornistudenky.cz\/wp-content\/gallery\/letni-svacinka-a-prekvapeni-v-ms-21-6-2021\/20210621_092028_1.jpg\"\n               title=\"\"\n               data-src=\"http:\/\/www.zsamshornistudenky.cz\/wp-content\/gallery\/letni-svacinka-a-prekvapeni-v-ms-21-6-2021\/20210621_092028_1.jpg\"\n               data-thumbnail=\"http:\/\/www.zsamshornistudenky.cz\/wp-content\/gallery\/letni-svacinka-a-prekvapeni-v-ms-21-6-2021\/thumbs\/thumbs_20210621_092028_1.jpg\"\n               data-image-id=\"1860\"\n               data-title=\"20210621_092028_1\"\n               data-description=\"\"\n               data-image-slug=\"20210621_092028_1\"\n               class=\"ngg-fancybox\" rel=\"b860c49d45d6c9b9db2830f799edd978\">\n                <img\n                    title=\"20210621_092028_1\"\n                    alt=\"20210621_092028_1\"\n                    src=\"http:\/\/www.zsamshornistudenky.cz\/wp-content\/gallery\/letni-svacinka-a-prekvapeni-v-ms-21-6-2021\/thumbs\/thumbs_20210621_092028_1.jpg\"\n                    width=\"240\"\n                    height=\"160\"\n                    style=\"max-width:100%;\"\n                \/>\n            <\/a>\n        <\/div>\n\t\t\t\t\t\t\t<\/div> \n\t\t\t\n\t\n\t<br style=\"clear: both\" \/>\n\n\t\n\t\t<!-- Pagination -->\n\t<div class='ngg-clear'><\/div>\t<\/div>\n\n\n\n\n<p class=\"has-text-align-right\"><a href=\"http:\/\/www.zsamshornistudenky.cz\/?page_id=43\">&lt;ZP\u011aT<\/a><\/p>\n","protected":false},"excerpt":{"rendered":"<p>&lt;ZP\u011aT &lt;ZP\u011aT<\/p>\n","protected":false},"author":2,"featured_media":0,"parent":0,"menu_order":0,"comment_status":"closed","ping_status":"closed","template":"","meta":{"ngg_post_thumbnail":0},"_links":{"self":[{"href":"http:\/\/www.zsamshornistudenky.cz\/index.php?rest_route=\/wp\/v2\/pages\/3813"}],"collection":[{"href":"http:\/\/www.zsamshornistudenky.cz\/index.php?rest_route=\/wp\/v2\/pages"}],"about":[{"href":"http:\/\/www.zsamshornistudenky.cz\/index.php?rest_route=\/wp\/v2\/types\/page"}],"author":[{"embeddable":true,"href":"http:\/\/www.zsamshornistudenky.cz\/index.php?rest_route=\/wp\/v2\/users\/2"}],"replies":[{"embeddable":true,"href":"http:\/\/www.zsamshornistudenky.cz\/index.php?rest_route=%2Fwp%2Fv2%2Fcomments&post=3813"}],"version-history":[{"count":1,"href":"http:\/\/www.zsamshornistudenky.cz\/index.php?rest_route=\/wp\/v2\/pages\/3813\/revisions"}],"predecessor-version":[{"id":3814,"href":"http:\/\/www.zsamshornistudenky.cz\/index.php?rest_route=\/wp\/v2\/pages\/3813\/revisions\/3814"}],"wp:attachment":[{"href":"http:\/\/www.zsamshornistudenky.cz\/index.php?rest_route=%2Fwp%2Fv2%2Fmedia&parent=3813"}],"curies":[{"name":"wp","href":"https:\/\/api.w.org\/{rel}","templated":true}]}}