{"id":3740,"date":"2021-07-25T17:02:15","date_gmt":"2021-07-25T17:02:15","guid":{"rendered":"http:\/\/www.zsamshornistudenky.cz\/?page_id=3740"},"modified":"2021-07-25T17:02:16","modified_gmt":"2021-07-25T17:02:16","slug":"fotogalerie-tablo-predskolaku-kveten-2021","status":"publish","type":"page","link":"http:\/\/www.zsamshornistudenky.cz\/?page_id=3740","title":{"rendered":"Fotogalerie &#8211; Tablo p\u0159ed\u0161kol\u00e1k\u016f &#8211; kv\u011bten 2021"},"content":{"rendered":"\n<p class=\"has-text-align-left\"><a href=\"http:\/\/www.zsamshornistudenky.cz\/?page_id=43\">&lt;ZP\u011aT<\/a><\/p>\n\n\n\n<!-- default-view.php -->\n<div\n\tclass=\"ngg-galleryoverview default-view \"\n\tid=\"ngg-gallery-645949892ab2d5e4f7ad33865e124b3b-1\">\n\n\t\t<!-- Thumbnails -->\n\t\t\t\t<div id=\"ngg-image-0\" class=\"ngg-gallery-thumbnail-box \" >\n\t\t\t\t        <div class=\"ngg-gallery-thumbnail\">\n            <a href=\"http:\/\/www.zsamshornistudenky.cz\/wp-content\/gallery\/tablo-predskolaku-kveten-2021\/20210511_101725_1.jpg\"\n               title=\"\"\n               data-src=\"http:\/\/www.zsamshornistudenky.cz\/wp-content\/gallery\/tablo-predskolaku-kveten-2021\/20210511_101725_1.jpg\"\n               data-thumbnail=\"http:\/\/www.zsamshornistudenky.cz\/wp-content\/gallery\/tablo-predskolaku-kveten-2021\/thumbs\/thumbs_20210511_101725_1.jpg\"\n               data-image-id=\"1807\"\n               data-title=\"20210511_101725_1\"\n               data-description=\"\"\n               data-image-slug=\"20210511_101725_1\"\n               class=\"ngg-fancybox\" rel=\"645949892ab2d5e4f7ad33865e124b3b\">\n                <img\n                    title=\"20210511_101725_1\"\n                    alt=\"20210511_101725_1\"\n                    src=\"http:\/\/www.zsamshornistudenky.cz\/wp-content\/gallery\/tablo-predskolaku-kveten-2021\/thumbs\/thumbs_20210511_101725_1.jpg\"\n                    width=\"240\"\n                    height=\"160\"\n                    style=\"max-width:100%;\"\n                \/>\n            <\/a>\n        <\/div>\n\t\t\t\t\t\t\t<\/div> \n\t\t\t\n\t\t\t\t<div id=\"ngg-image-1\" class=\"ngg-gallery-thumbnail-box \" >\n\t\t\t\t        <div class=\"ngg-gallery-thumbnail\">\n            <a href=\"http:\/\/www.zsamshornistudenky.cz\/wp-content\/gallery\/tablo-predskolaku-kveten-2021\/Tablo_1.jpg\"\n               title=\"\"\n               data-src=\"http:\/\/www.zsamshornistudenky.cz\/wp-content\/gallery\/tablo-predskolaku-kveten-2021\/Tablo_1.jpg\"\n               data-thumbnail=\"http:\/\/www.zsamshornistudenky.cz\/wp-content\/gallery\/tablo-predskolaku-kveten-2021\/thumbs\/thumbs_Tablo_1.jpg\"\n               data-image-id=\"1808\"\n               data-title=\"Tablo_1\"\n               data-description=\"\"\n               data-image-slug=\"tablo_1\"\n               class=\"ngg-fancybox\" rel=\"645949892ab2d5e4f7ad33865e124b3b\">\n                <img\n                    title=\"Tablo_1\"\n                    alt=\"Tablo_1\"\n                    src=\"http:\/\/www.zsamshornistudenky.cz\/wp-content\/gallery\/tablo-predskolaku-kveten-2021\/thumbs\/thumbs_Tablo_1.jpg\"\n                    width=\"240\"\n                    height=\"160\"\n                    style=\"max-width:100%;\"\n                \/>\n            <\/a>\n        <\/div>\n\t\t\t\t\t\t\t<\/div> \n\t\t\t\n\t\n\t<br style=\"clear: both\" \/>\n\n\t\n\t\t<!-- Pagination -->\n\t<div class='ngg-clear'><\/div>\t<\/div>\n\n\n\n\n<p class=\"has-text-align-right\"><a href=\"http:\/\/www.zsamshornistudenky.cz\/?page_id=43\">&lt;ZP\u011aT<\/a><\/p>\n","protected":false},"excerpt":{"rendered":"<p>&lt;ZP\u011aT &lt;ZP\u011aT<\/p>\n","protected":false},"author":2,"featured_media":0,"parent":0,"menu_order":0,"comment_status":"closed","ping_status":"closed","template":"","meta":{"ngg_post_thumbnail":0},"_links":{"self":[{"href":"http:\/\/www.zsamshornistudenky.cz\/index.php?rest_route=\/wp\/v2\/pages\/3740"}],"collection":[{"href":"http:\/\/www.zsamshornistudenky.cz\/index.php?rest_route=\/wp\/v2\/pages"}],"about":[{"href":"http:\/\/www.zsamshornistudenky.cz\/index.php?rest_route=\/wp\/v2\/types\/page"}],"author":[{"embeddable":true,"href":"http:\/\/www.zsamshornistudenky.cz\/index.php?rest_route=\/wp\/v2\/users\/2"}],"replies":[{"embeddable":true,"href":"http:\/\/www.zsamshornistudenky.cz\/index.php?rest_route=%2Fwp%2Fv2%2Fcomments&post=3740"}],"version-history":[{"count":1,"href":"http:\/\/www.zsamshornistudenky.cz\/index.php?rest_route=\/wp\/v2\/pages\/3740\/revisions"}],"predecessor-version":[{"id":3744,"href":"http:\/\/www.zsamshornistudenky.cz\/index.php?rest_route=\/wp\/v2\/pages\/3740\/revisions\/3744"}],"wp:attachment":[{"href":"http:\/\/www.zsamshornistudenky.cz\/index.php?rest_route=%2Fwp%2Fv2%2Fmedia&parent=3740"}],"curies":[{"name":"wp","href":"https:\/\/api.w.org\/{rel}","templated":true}]}}