{"id":3722,"date":"2021-07-25T16:49:43","date_gmt":"2021-07-25T16:49:43","guid":{"rendered":"http:\/\/www.zsamshornistudenky.cz\/?page_id=3722"},"modified":"2021-07-25T16:50:21","modified_gmt":"2021-07-25T16:50:21","slug":"uprava-pred-skolkou-3-5-2021","status":"publish","type":"page","link":"http:\/\/www.zsamshornistudenky.cz\/?page_id=3722","title":{"rendered":"Fotogalerie &#8211; \u00daprava p\u0159ed \u0161kolkou 3. 5. 2021"},"content":{"rendered":"\n<p class=\"has-text-align-left\"><a href=\"http:\/\/www.zsamshornistudenky.cz\/?page_id=43\">&lt;ZP\u011aT<\/a><\/p>\n\n\n\n<!-- default-view.php -->\n<div\n\tclass=\"ngg-galleryoverview default-view \"\n\tid=\"ngg-gallery-29fbc92c486a0c35f7d606536fd2a143-1\">\n\n\t\t<!-- Thumbnails -->\n\t\t\t\t<div id=\"ngg-image-0\" class=\"ngg-gallery-thumbnail-box \" >\n\t\t\t\t        <div class=\"ngg-gallery-thumbnail\">\n            <a href=\"http:\/\/www.zsamshornistudenky.cz\/wp-content\/gallery\/uprava-pred-skolkou-3-5-2021\/20210503_100514_1.jpg\"\n               title=\"\"\n               data-src=\"http:\/\/www.zsamshornistudenky.cz\/wp-content\/gallery\/uprava-pred-skolkou-3-5-2021\/20210503_100514_1.jpg\"\n               data-thumbnail=\"http:\/\/www.zsamshornistudenky.cz\/wp-content\/gallery\/uprava-pred-skolkou-3-5-2021\/thumbs\/thumbs_20210503_100514_1.jpg\"\n               data-image-id=\"1799\"\n               data-title=\"20210503_100514_1\"\n               data-description=\"\"\n               data-image-slug=\"20210503_100514_1\"\n               class=\"ngg-fancybox\" rel=\"29fbc92c486a0c35f7d606536fd2a143\">\n                <img\n                    title=\"20210503_100514_1\"\n                    alt=\"20210503_100514_1\"\n                    src=\"http:\/\/www.zsamshornistudenky.cz\/wp-content\/gallery\/uprava-pred-skolkou-3-5-2021\/thumbs\/thumbs_20210503_100514_1.jpg\"\n                    width=\"240\"\n                    height=\"160\"\n                    style=\"max-width:100%;\"\n                \/>\n            <\/a>\n        <\/div>\n\t\t\t\t\t\t\t<\/div> \n\t\t\t\n\t\t\t\t<div id=\"ngg-image-1\" class=\"ngg-gallery-thumbnail-box \" >\n\t\t\t\t        <div class=\"ngg-gallery-thumbnail\">\n            <a href=\"http:\/\/www.zsamshornistudenky.cz\/wp-content\/gallery\/uprava-pred-skolkou-3-5-2021\/20210503_100518_1.jpg\"\n               title=\"\"\n               data-src=\"http:\/\/www.zsamshornistudenky.cz\/wp-content\/gallery\/uprava-pred-skolkou-3-5-2021\/20210503_100518_1.jpg\"\n               data-thumbnail=\"http:\/\/www.zsamshornistudenky.cz\/wp-content\/gallery\/uprava-pred-skolkou-3-5-2021\/thumbs\/thumbs_20210503_100518_1.jpg\"\n               data-image-id=\"1800\"\n               data-title=\"20210503_100518_1\"\n               data-description=\"\"\n               data-image-slug=\"20210503_100518_1\"\n               class=\"ngg-fancybox\" rel=\"29fbc92c486a0c35f7d606536fd2a143\">\n                <img\n                    title=\"20210503_100518_1\"\n                    alt=\"20210503_100518_1\"\n                    src=\"http:\/\/www.zsamshornistudenky.cz\/wp-content\/gallery\/uprava-pred-skolkou-3-5-2021\/thumbs\/thumbs_20210503_100518_1.jpg\"\n                    width=\"240\"\n                    height=\"160\"\n                    style=\"max-width:100%;\"\n                \/>\n            <\/a>\n        <\/div>\n\t\t\t\t\t\t\t<\/div> \n\t\t\t\n\t\t\t\t<div id=\"ngg-image-2\" class=\"ngg-gallery-thumbnail-box \" >\n\t\t\t\t        <div class=\"ngg-gallery-thumbnail\">\n            <a href=\"http:\/\/www.zsamshornistudenky.cz\/wp-content\/gallery\/uprava-pred-skolkou-3-5-2021\/20210503_100520_1.jpg\"\n               title=\"\"\n               data-src=\"http:\/\/www.zsamshornistudenky.cz\/wp-content\/gallery\/uprava-pred-skolkou-3-5-2021\/20210503_100520_1.jpg\"\n               data-thumbnail=\"http:\/\/www.zsamshornistudenky.cz\/wp-content\/gallery\/uprava-pred-skolkou-3-5-2021\/thumbs\/thumbs_20210503_100520_1.jpg\"\n               data-image-id=\"1801\"\n               data-title=\"20210503_100520_1\"\n               data-description=\"\"\n               data-image-slug=\"20210503_100520_1\"\n               class=\"ngg-fancybox\" rel=\"29fbc92c486a0c35f7d606536fd2a143\">\n                <img\n                    title=\"20210503_100520_1\"\n                    alt=\"20210503_100520_1\"\n                    src=\"http:\/\/www.zsamshornistudenky.cz\/wp-content\/gallery\/uprava-pred-skolkou-3-5-2021\/thumbs\/thumbs_20210503_100520_1.jpg\"\n                    width=\"240\"\n                    height=\"160\"\n                    style=\"max-width:100%;\"\n                \/>\n            <\/a>\n        <\/div>\n\t\t\t\t\t\t\t<\/div> \n\t\t\t\n\t\t\t\t<div id=\"ngg-image-3\" class=\"ngg-gallery-thumbnail-box \" >\n\t\t\t\t        <div class=\"ngg-gallery-thumbnail\">\n            <a href=\"http:\/\/www.zsamshornistudenky.cz\/wp-content\/gallery\/uprava-pred-skolkou-3-5-2021\/20210504_110815_1.jpg\"\n               title=\"\"\n               data-src=\"http:\/\/www.zsamshornistudenky.cz\/wp-content\/gallery\/uprava-pred-skolkou-3-5-2021\/20210504_110815_1.jpg\"\n               data-thumbnail=\"http:\/\/www.zsamshornistudenky.cz\/wp-content\/gallery\/uprava-pred-skolkou-3-5-2021\/thumbs\/thumbs_20210504_110815_1.jpg\"\n               data-image-id=\"1802\"\n               data-title=\"20210504_110815_1\"\n               data-description=\"\"\n               data-image-slug=\"20210504_110815_1\"\n               class=\"ngg-fancybox\" rel=\"29fbc92c486a0c35f7d606536fd2a143\">\n                <img\n                    title=\"20210504_110815_1\"\n                    alt=\"20210504_110815_1\"\n                    src=\"http:\/\/www.zsamshornistudenky.cz\/wp-content\/gallery\/uprava-pred-skolkou-3-5-2021\/thumbs\/thumbs_20210504_110815_1.jpg\"\n                    width=\"240\"\n                    height=\"160\"\n                    style=\"max-width:100%;\"\n                \/>\n            <\/a>\n        <\/div>\n\t\t\t\t\t\t\t<\/div> \n\t\t\t\n\t\n\t<br style=\"clear: both\" \/>\n\n\t\n\t\t<!-- Pagination -->\n\t<div class='ngg-clear'><\/div>\t<\/div>\n\n\n\n\n<p class=\"has-text-align-right\"><a href=\"http:\/\/www.zsamshornistudenky.cz\/?page_id=43\">&lt;ZP\u011aT<\/a><\/p>\n","protected":false},"excerpt":{"rendered":"<p>&lt;ZP\u011aT &lt;ZP\u011aT<\/p>\n","protected":false},"author":2,"featured_media":0,"parent":0,"menu_order":0,"comment_status":"closed","ping_status":"closed","template":"","meta":{"ngg_post_thumbnail":0},"_links":{"self":[{"href":"http:\/\/www.zsamshornistudenky.cz\/index.php?rest_route=\/wp\/v2\/pages\/3722"}],"collection":[{"href":"http:\/\/www.zsamshornistudenky.cz\/index.php?rest_route=\/wp\/v2\/pages"}],"about":[{"href":"http:\/\/www.zsamshornistudenky.cz\/index.php?rest_route=\/wp\/v2\/types\/page"}],"author":[{"embeddable":true,"href":"http:\/\/www.zsamshornistudenky.cz\/index.php?rest_route=\/wp\/v2\/users\/2"}],"replies":[{"embeddable":true,"href":"http:\/\/www.zsamshornistudenky.cz\/index.php?rest_route=%2Fwp%2Fv2%2Fcomments&post=3722"}],"version-history":[{"count":2,"href":"http:\/\/www.zsamshornistudenky.cz\/index.php?rest_route=\/wp\/v2\/pages\/3722\/revisions"}],"predecessor-version":[{"id":3725,"href":"http:\/\/www.zsamshornistudenky.cz\/index.php?rest_route=\/wp\/v2\/pages\/3722\/revisions\/3725"}],"wp:attachment":[{"href":"http:\/\/www.zsamshornistudenky.cz\/index.php?rest_route=%2Fwp%2Fv2%2Fmedia&parent=3722"}],"curies":[{"name":"wp","href":"https:\/\/api.w.org\/{rel}","templated":true}]}}