{"id":3488,"date":"2021-07-24T09:50:17","date_gmt":"2021-07-24T09:50:17","guid":{"rendered":"http:\/\/www.zsamshornistudenky.cz\/?page_id=3488"},"modified":"2021-08-18T16:39:47","modified_gmt":"2021-08-18T16:39:47","slug":"zvoneni","status":"publish","type":"page","link":"http:\/\/www.zsamshornistudenky.cz\/?page_id=3488","title":{"rendered":"Zvon\u011bn\u00ed"},"content":{"rendered":"\n<p class=\"has-text-align-left\">Vyu\u010dov\u00e1n\u00ed v Z\u0160 za\u010d\u00edn\u00e1 v <strong>7:30<\/strong><\/p>\n\n\n\n<p><strong>1. hodina <\/strong>              od 7:30               do 8:15<br><strong>2. hodina<\/strong>               od 8:25               do 9:10<br><strong>3. hodina<\/strong>               od 9:30               do 10:15<br><strong>4. hodina<\/strong>               od 10:25             do 11:10<br><strong>5. hodina<\/strong>               od 11:20             do 12:05<br><strong>6. hodina<\/strong>               od 13:00             do 13:45<br><\/p>\n\n\n\n<p><\/p>\n\n\n\n<p><\/p>\n","protected":false},"excerpt":{"rendered":"<p>Vyu\u010dov\u00e1n\u00ed v Z\u0160 za\u010d\u00edn\u00e1 v 7:30 1. hodina od 7:30 do 8:152. hodina od 8:25 do 9:103. hodina od 9:30 do 10:154. hodina od 10:25 do 11:105. hodina od 11:20 [&hellip;]<\/p>\n","protected":false},"author":2,"featured_media":0,"parent":0,"menu_order":0,"comment_status":"closed","ping_status":"closed","template":"","meta":{"ngg_post_thumbnail":0},"_links":{"self":[{"href":"http:\/\/www.zsamshornistudenky.cz\/index.php?rest_route=\/wp\/v2\/pages\/3488"}],"collection":[{"href":"http:\/\/www.zsamshornistudenky.cz\/index.php?rest_route=\/wp\/v2\/pages"}],"about":[{"href":"http:\/\/www.zsamshornistudenky.cz\/index.php?rest_route=\/wp\/v2\/types\/page"}],"author":[{"embeddable":true,"href":"http:\/\/www.zsamshornistudenky.cz\/index.php?rest_route=\/wp\/v2\/users\/2"}],"replies":[{"embeddable":true,"href":"http:\/\/www.zsamshornistudenky.cz\/index.php?rest_route=%2Fwp%2Fv2%2Fcomments&post=3488"}],"version-history":[{"count":10,"href":"http:\/\/www.zsamshornistudenky.cz\/index.php?rest_route=\/wp\/v2\/pages\/3488\/revisions"}],"predecessor-version":[{"id":7876,"href":"http:\/\/www.zsamshornistudenky.cz\/index.php?rest_route=\/wp\/v2\/pages\/3488\/revisions\/7876"}],"wp:attachment":[{"href":"http:\/\/www.zsamshornistudenky.cz\/index.php?rest_route=%2Fwp%2Fv2%2Fmedia&parent=3488"}],"curies":[{"name":"wp","href":"https:\/\/api.w.org\/{rel}","templated":true}]}}