{"id":3153,"date":"2021-03-09T12:26:03","date_gmt":"2021-03-09T12:26:03","guid":{"rendered":"http:\/\/www.zsamshornistudenky.cz\/?page_id=3153"},"modified":"2026-01-27T18:51:54","modified_gmt":"2026-01-27T18:51:54","slug":"zapis-zs","status":"publish","type":"page","link":"http:\/\/www.zsamshornistudenky.cz\/?page_id=3153","title":{"rendered":"Z\u00e1pis Z\u0160"},"content":{"rendered":"\r\n<div><a href=\"http:\/\/www.zsamshornistudenky.cz\/wp-content\/uploads\/2026\/01\/Rozhodnuti_o_prijeti_2026-2027.pdf\">Rozhodnut\u00ed o p\u0159ijet\u00ed do 1. ro\u010dn\u00edku pro \u0161koln\u00ed rok 2026\/2027<\/a><\/div>\r\n<div><a href=\"http:\/\/www.zsamshornistudenky.cz\/wp-content\/uploads\/2026\/01\/Zapis_deti_do_1_tridy_na_web_2026-2027.pdf\">Pozv\u00e1nka k z\u00e1pisu d\u011bt\u00ed do 1. ro\u010dn\u00edku pro \u0161koln\u00ed rok 2026\/2027<\/a><\/div>\r\n<div>&nbsp;<\/div>\r\n<div>&#8212;&#8212;&#8212;&#8212;&#8212;&#8212;&#8212;&#8212;&#8212;&#8212;&#8212;&#8212;&#8212;&#8212;&#8212;&#8212;&#8212;&#8212;&#8212;&#8212;&#8212;&#8212;&#8212;&#8212;&#8212;&#8212;&#8212;-<\/div>\r\n<div><a href=\"http:\/\/www.zsamshornistudenky.cz\/wp-content\/uploads\/2022\/01\/Desatero_pro_rodice_z_MSMT.pdf\">Desatero pro rodi\u010de budouc\u00edho \u0161kol\u00e1ka<\/a><\/div>\r\n<div>&nbsp;<\/div>\r\n<div><a href=\"http:\/\/www.zsamshornistudenky.cz\/wp-content\/uploads\/2023\/04\/Zadost_o_prijeti_zaka_na_ZS.pdf\">\u017d\u00e1dost o p\u0159ijet\u00ed d\u00edt\u011bte k povinn\u00e9 \u0161koln\u00ed doch\u00e1zce<\/a><\/div>\r\n<div><a href=\"http:\/\/www.zsamshornistudenky.cz\/wp-content\/uploads\/2023\/04\/Zapisni_list_do_prvni_tridy.pdf\">Z\u00e1pisn\u00ed list do prvn\u00ed t\u0159\u00eddy<\/a><\/div>\r\n<div>&nbsp;<\/div>\r\n<div><a href=\"http:\/\/www.zsamshornistudenky.cz\/wp-content\/uploads\/2022\/01\/Jak_vyridit_odklad-1.pdf\">Jak vy\u0159\u00eddit odklad<\/a><\/div>\r\n<div>\r\n<div><a href=\"http:\/\/www.zsamshornistudenky.cz\/wp-content\/uploads\/2023\/04\/Zadost_o_odklad_povinne_skolni_dochazky_novy.pdf\">\u017d\u00e1dost o odklad povinn\u00e9 \u0161koln\u00ed doch\u00e1zky<\/a><\/div>\r\n<\/div>\r\n<div>&nbsp;<\/div>\r\n<div>&#8212;&#8212;&#8212;&#8212;&#8212;&#8212;&#8212;&#8212;&#8212;&#8212;&#8212;&#8212;&#8212;&#8212;&#8212;&#8212;&#8212;&#8212;&#8212;&#8212;&#8212;&#8212;&#8212;&#8212;&#8212;&#8212;&#8212;-<\/div>\r\n<div>&#8212;&#8212;&#8212;&#8212;&#8212;&#8212;&#8212;&#8212;&#8212;&#8212;&#8212;&#8212;&#8212;&#8212;&#8212;&#8212;&#8212;&#8212;&#8212;&#8212;&#8212;&#8212;&#8212;&#8212;&#8212;&#8212;&#8212;-<\/div>\r\n<div><a href=\"http:\/\/www.zsamshornistudenky.cz\/wp-content\/uploads\/2025\/04\/Rozhodnuti_o_prijeti_ZS_2025-2026.pdf\">Rozhodnut\u00ed o p\u0159ijet\u00ed do 1. ro\u010dn\u00edku pro \u0161koln\u00ed rok 2025\/2026<\/a><\/div>\r\n<div><a href=\"http:\/\/www.zsamshornistudenky.cz\/wp-content\/uploads\/2024\/04\/Rozhodnuti_o_prijeti_ZS_2024-2025-.pdf\">Rozhodnut\u00ed o p\u0159ijet\u00ed do 1. ro\u010dn\u00edku pro \u0161koln\u00ed rok 2024\/2025<\/a><\/div>\r\n<div><a href=\"http:\/\/www.zsamshornistudenky.cz\/wp-content\/uploads\/2024\/03\/Zapis_deti_do_1_tridy_na_web_2024-2025.pdf\">Pozv\u00e1nka k z\u00e1pisu d\u011bt\u00ed do 1. ro\u010dn\u00edku pro \u0161koln\u00ed rok 2024\/2025<\/a><\/div>\r\n<div><a href=\"http:\/\/www.zsamshornistudenky.cz\/wp-content\/uploads\/2023\/04\/Seznam_uchazecu_do_ZS_2023.pdf\">Rozhodnut\u00ed o p\u0159ijet\u00ed do 1. ro\u010dn\u00edku Z\u0160 pro \u0161koln\u00ed rok 2023\/2024<\/a><\/div>\r\n<div><a href=\"http:\/\/www.zsamshornistudenky.cz\/wp-content\/uploads\/2023\/03\/Zapis_deti_do_1_tridy_2023-2024.pdf\">Pozv\u00e1nka k z\u00e1pisu d\u011bt\u00ed do 1. ro\u010dn\u00edku pro \u0161koln\u00ed rok 2023\/2024<\/a><\/div>\r\n<div><a href=\"http:\/\/www.zsamshornistudenky.cz\/wp-content\/uploads\/2022\/05\/Zapis_do_ZS_2022-2023-Ukrajina.pdf\">Pozv\u00e1nka k z\u00e1pisu do Z\u0160 2022 \/ 2023 &#8211; Lex Ukrajina (<strong>\u041f\u043e\u0432\u0456\u0434\u043e\u043c\u043b\u0435\u043d\u043d\u044f \u043f\u0440\u043e \u0441\u043f\u0435\u0446\u0456\u0430\u043b\u044c\u043d\u0438\u0439 \u0437\u0430\u043f\u0438\u0441 \u0434\u043e \u043f\u043e\u0447\u0430\u0442\u043a\u043e\u0432\u043e\u0457 \u0448\u043a\u043e\u043b\u0438 )<\/strong><\/a><\/div>\r\n<div><a href=\"http:\/\/www.zsamshornistudenky.cz\/wp-content\/uploads\/2022\/05\/Seznam_uchazecu_do_ZS-1.pdf\">Rozhodnut\u00ed o p\u0159ijet\u00ed do 1. ro\u010dn\u00edku Z\u0160 pro \u0161koln\u00ed rok 2022\/2023<\/a><\/div>\r\n<div><a href=\"http:\/\/www.zsamshornistudenky.cz\/wp-content\/uploads\/2022\/03\/Zapis_deti_do_1_tridy_na_web-2.pdf\">Z\u00e1pis d\u011bt\u00ed do 1. ro\u010dn\u00edku pro \u0161koln\u00ed rok 2022<\/a><a href=\"http:\/\/www.zsamshornistudenky.cz\/wp-content\/uploads\/2022\/03\/Zapis_deti_do_1_tridy_na_web-2.pdf\">\/2023<\/a><\/div>\r\n<div><a href=\"http:\/\/www.zsamshornistudenky.cz\/wp-content\/uploads\/2022\/05\/Zadost_o_prijeti_ditete_ZS_cesko-ukrajinsky_HS.pdf\">\u017d\u00e1dost o p\u0159ijet\u00ed d\u00edt\u011bte k povinn\u00e9 \u0161koln\u00ed doch\u00e1zce \u010desko-ukrajinsky (<strong>\u0417\u0430\u044f\u0432\u0430 \u043f\u0440\u043e \u0437\u0430\u0440\u0430\u0445\u0443\u0432\u0430\u043d\u043d\u044f \u0434\u0438\u0442\u0438\u043d\u0438 \u0434\u043e \u043f\u043e\u0447\u0430\u0442\u043a\u043e\u0432\u043e\u0457 \u0448\u043a\u043e\u043b\u0438)<\/strong><\/a><\/div>\r\n<div><a href=\"http:\/\/www.zsamshornistudenky.cz\/wp-content\/uploads\/2022\/05\/Zadost_o_odklad_psd_CZ-UKR_HS-4.pdf\">\u017d\u00e1dost o odklad povinn\u00e9 \u0161koln\u00ed doch\u00e1zky \u010desko-ukrajinsky (\u0417\u0430\u044f\u0432\u0430 \u043f\u0440\u043e \u0432\u0456\u0434\u0441\u0442\u0440\u043e\u0447\u043a\u0443 \u043e\u0431\u043e\u0432&#8217;\u044f\u0437\u043a\u043e\u0432\u043e\u0457 \u0448\u043a\u0456\u043b\u044c\u043d\u043e\u0457 \u043e\u0441\u0432\u0456\u0442\u0438)<\/a><\/div>\r\n<div class=\"wp-block-file\"><a href=\"http:\/\/www.zsamshornistudenky.cz\/wp-content\/uploads\/2021\/05\/rozhodnuti-o-prijeti-na-vestibul-2021.pdf\">Rozhodnut\u00ed o p\u0159ijet\u00ed do Z\u0160 pro \u0161koln\u00ed rok 2021\/2022<\/a><\/div>\r\n\r\n\r\n\r\n<p>&nbsp;<\/p>\r\n","protected":false},"excerpt":{"rendered":"","protected":false},"author":2,"featured_media":0,"parent":0,"menu_order":0,"comment_status":"closed","ping_status":"closed","template":"","meta":{"ngg_post_thumbnail":0},"_links":{"self":[{"href":"http:\/\/www.zsamshornistudenky.cz\/index.php?rest_route=\/wp\/v2\/pages\/3153"}],"collection":[{"href":"http:\/\/www.zsamshornistudenky.cz\/index.php?rest_route=\/wp\/v2\/pages"}],"about":[{"href":"http:\/\/www.zsamshornistudenky.cz\/index.php?rest_route=\/wp\/v2\/types\/page"}],"author":[{"embeddable":true,"href":"http:\/\/www.zsamshornistudenky.cz\/index.php?rest_route=\/wp\/v2\/users\/2"}],"replies":[{"embeddable":true,"href":"http:\/\/www.zsamshornistudenky.cz\/index.php?rest_route=%2Fwp%2Fv2%2Fcomments&post=3153"}],"version-history":[{"count":46,"href":"http:\/\/www.zsamshornistudenky.cz\/index.php?rest_route=\/wp\/v2\/pages\/3153\/revisions"}],"predecessor-version":[{"id":9082,"href":"http:\/\/www.zsamshornistudenky.cz\/index.php?rest_route=\/wp\/v2\/pages\/3153\/revisions\/9082"}],"wp:attachment":[{"href":"http:\/\/www.zsamshornistudenky.cz\/index.php?rest_route=%2Fwp%2Fv2%2Fmedia&parent=3153"}],"curies":[{"name":"wp","href":"https:\/\/api.w.org\/{rel}","templated":true}]}}