{"id":2979,"date":"2020-12-26T10:44:33","date_gmt":"2020-12-26T10:44:33","guid":{"rendered":"http:\/\/www.zsamshornistudenky.cz\/?page_id=2979"},"modified":"2020-12-26T11:04:09","modified_gmt":"2020-12-26T11:04:09","slug":"fotogalerie-pousteni-draku-4-11-2018","status":"publish","type":"page","link":"http:\/\/www.zsamshornistudenky.cz\/?page_id=2979","title":{"rendered":"Fotogalerie &#8211; Pou\u0161t\u011bn\u00ed drak\u016f 4.11.2018"},"content":{"rendered":"\n<p><a href=\"http:\/\/www.zsamshornistudenky.cz\/?page_id=43\">&lt;ZP\u011aT<\/a><\/p>\n\n\n\n<!-- default-view.php -->\n<div\n\tclass=\"ngg-galleryoverview default-view \"\n\tid=\"ngg-gallery-fe6e70f82ad20eae8294042fb99cebec-1\">\n\n\t\t<!-- Thumbnails -->\n\t\t\t\t<div id=\"ngg-image-0\" class=\"ngg-gallery-thumbnail-box \" >\n\t\t\t\t        <div class=\"ngg-gallery-thumbnail\">\n            <a href=\"http:\/\/www.zsamshornistudenky.cz\/wp-content\/gallery\/pousteni-draku-4-11-2018\/IMG_7695.JPG\"\n               title=\"\"\n               data-src=\"http:\/\/www.zsamshornistudenky.cz\/wp-content\/gallery\/pousteni-draku-4-11-2018\/IMG_7695.JPG\"\n               data-thumbnail=\"http:\/\/www.zsamshornistudenky.cz\/wp-content\/gallery\/pousteni-draku-4-11-2018\/thumbs\/thumbs_IMG_7695.JPG\"\n               data-image-id=\"1674\"\n               data-title=\"IMG_7695\"\n               data-description=\"\"\n               data-image-slug=\"img_7695\"\n               class=\"ngg-fancybox\" rel=\"fe6e70f82ad20eae8294042fb99cebec\">\n                <img\n                    title=\"IMG_7695\"\n                    alt=\"IMG_7695\"\n                    src=\"http:\/\/www.zsamshornistudenky.cz\/wp-content\/gallery\/pousteni-draku-4-11-2018\/thumbs\/thumbs_IMG_7695.JPG\"\n                    width=\"240\"\n                    height=\"160\"\n                    style=\"max-width:100%;\"\n                \/>\n            <\/a>\n        <\/div>\n\t\t\t\t\t\t\t<\/div> \n\t\t\t\n\t\t\t\t<div id=\"ngg-image-1\" class=\"ngg-gallery-thumbnail-box \" >\n\t\t\t\t        <div class=\"ngg-gallery-thumbnail\">\n            <a href=\"http:\/\/www.zsamshornistudenky.cz\/wp-content\/gallery\/pousteni-draku-4-11-2018\/IMG_7699.JPG\"\n               title=\"\"\n               data-src=\"http:\/\/www.zsamshornistudenky.cz\/wp-content\/gallery\/pousteni-draku-4-11-2018\/IMG_7699.JPG\"\n               data-thumbnail=\"http:\/\/www.zsamshornistudenky.cz\/wp-content\/gallery\/pousteni-draku-4-11-2018\/thumbs\/thumbs_IMG_7699.JPG\"\n               data-image-id=\"1675\"\n               data-title=\"IMG_7699\"\n               data-description=\"\"\n               data-image-slug=\"img_7699\"\n               class=\"ngg-fancybox\" rel=\"fe6e70f82ad20eae8294042fb99cebec\">\n                <img\n                    title=\"IMG_7699\"\n                    alt=\"IMG_7699\"\n                    src=\"http:\/\/www.zsamshornistudenky.cz\/wp-content\/gallery\/pousteni-draku-4-11-2018\/thumbs\/thumbs_IMG_7699.JPG\"\n                    width=\"240\"\n                    height=\"160\"\n                    style=\"max-width:100%;\"\n                \/>\n            <\/a>\n        <\/div>\n\t\t\t\t\t\t\t<\/div> \n\t\t\t\n\t\t\t\t<div id=\"ngg-image-2\" class=\"ngg-gallery-thumbnail-box \" >\n\t\t\t\t        <div class=\"ngg-gallery-thumbnail\">\n            <a href=\"http:\/\/www.zsamshornistudenky.cz\/wp-content\/gallery\/pousteni-draku-4-11-2018\/IMG_7701.JPG\"\n               title=\"\"\n               data-src=\"http:\/\/www.zsamshornistudenky.cz\/wp-content\/gallery\/pousteni-draku-4-11-2018\/IMG_7701.JPG\"\n               data-thumbnail=\"http:\/\/www.zsamshornistudenky.cz\/wp-content\/gallery\/pousteni-draku-4-11-2018\/thumbs\/thumbs_IMG_7701.JPG\"\n               data-image-id=\"1676\"\n               data-title=\"IMG_7701\"\n               data-description=\"\"\n               data-image-slug=\"img_7701\"\n               class=\"ngg-fancybox\" rel=\"fe6e70f82ad20eae8294042fb99cebec\">\n                <img\n                    title=\"IMG_7701\"\n                    alt=\"IMG_7701\"\n                    src=\"http:\/\/www.zsamshornistudenky.cz\/wp-content\/gallery\/pousteni-draku-4-11-2018\/thumbs\/thumbs_IMG_7701.JPG\"\n                    width=\"240\"\n                    height=\"160\"\n                    style=\"max-width:100%;\"\n                \/>\n            <\/a>\n        <\/div>\n\t\t\t\t\t\t\t<\/div> \n\t\t\t\n\t\t\t\t<div id=\"ngg-image-3\" class=\"ngg-gallery-thumbnail-box \" >\n\t\t\t\t        <div class=\"ngg-gallery-thumbnail\">\n            <a href=\"http:\/\/www.zsamshornistudenky.cz\/wp-content\/gallery\/pousteni-draku-4-11-2018\/IMG_7707.JPG\"\n               title=\"\"\n               data-src=\"http:\/\/www.zsamshornistudenky.cz\/wp-content\/gallery\/pousteni-draku-4-11-2018\/IMG_7707.JPG\"\n               data-thumbnail=\"http:\/\/www.zsamshornistudenky.cz\/wp-content\/gallery\/pousteni-draku-4-11-2018\/thumbs\/thumbs_IMG_7707.JPG\"\n               data-image-id=\"1677\"\n               data-title=\"IMG_7707\"\n               data-description=\"\"\n               data-image-slug=\"img_7707\"\n               class=\"ngg-fancybox\" rel=\"fe6e70f82ad20eae8294042fb99cebec\">\n                <img\n                    title=\"IMG_7707\"\n                    alt=\"IMG_7707\"\n                    src=\"http:\/\/www.zsamshornistudenky.cz\/wp-content\/gallery\/pousteni-draku-4-11-2018\/thumbs\/thumbs_IMG_7707.JPG\"\n                    width=\"240\"\n                    height=\"160\"\n                    style=\"max-width:100%;\"\n                \/>\n            <\/a>\n        <\/div>\n\t\t\t\t\t\t\t<\/div> \n\t\t\t\n\t\t\t\t<div id=\"ngg-image-4\" class=\"ngg-gallery-thumbnail-box \" >\n\t\t\t\t        <div class=\"ngg-gallery-thumbnail\">\n            <a href=\"http:\/\/www.zsamshornistudenky.cz\/wp-content\/gallery\/pousteni-draku-4-11-2018\/IMG_7708.JPG\"\n               title=\"\"\n               data-src=\"http:\/\/www.zsamshornistudenky.cz\/wp-content\/gallery\/pousteni-draku-4-11-2018\/IMG_7708.JPG\"\n               data-thumbnail=\"http:\/\/www.zsamshornistudenky.cz\/wp-content\/gallery\/pousteni-draku-4-11-2018\/thumbs\/thumbs_IMG_7708.JPG\"\n               data-image-id=\"1678\"\n               data-title=\"IMG_7708\"\n               data-description=\"\"\n               data-image-slug=\"img_7708\"\n               class=\"ngg-fancybox\" rel=\"fe6e70f82ad20eae8294042fb99cebec\">\n                <img\n                    title=\"IMG_7708\"\n                    alt=\"IMG_7708\"\n                    src=\"http:\/\/www.zsamshornistudenky.cz\/wp-content\/gallery\/pousteni-draku-4-11-2018\/thumbs\/thumbs_IMG_7708.JPG\"\n                    width=\"240\"\n                    height=\"160\"\n                    style=\"max-width:100%;\"\n                \/>\n            <\/a>\n        <\/div>\n\t\t\t\t\t\t\t<\/div> \n\t\t\t\n\t\t\t\t<div id=\"ngg-image-5\" class=\"ngg-gallery-thumbnail-box \" >\n\t\t\t\t        <div class=\"ngg-gallery-thumbnail\">\n            <a href=\"http:\/\/www.zsamshornistudenky.cz\/wp-content\/gallery\/pousteni-draku-4-11-2018\/IMG_7713.JPG\"\n               title=\"\"\n               data-src=\"http:\/\/www.zsamshornistudenky.cz\/wp-content\/gallery\/pousteni-draku-4-11-2018\/IMG_7713.JPG\"\n               data-thumbnail=\"http:\/\/www.zsamshornistudenky.cz\/wp-content\/gallery\/pousteni-draku-4-11-2018\/thumbs\/thumbs_IMG_7713.JPG\"\n               data-image-id=\"1679\"\n               data-title=\"IMG_7713\"\n               data-description=\"\"\n               data-image-slug=\"img_7713\"\n               class=\"ngg-fancybox\" rel=\"fe6e70f82ad20eae8294042fb99cebec\">\n                <img\n                    title=\"IMG_7713\"\n                    alt=\"IMG_7713\"\n                    src=\"http:\/\/www.zsamshornistudenky.cz\/wp-content\/gallery\/pousteni-draku-4-11-2018\/thumbs\/thumbs_IMG_7713.JPG\"\n                    width=\"240\"\n                    height=\"160\"\n                    style=\"max-width:100%;\"\n                \/>\n            <\/a>\n        <\/div>\n\t\t\t\t\t\t\t<\/div> \n\t\t\t\n\t\t\t\t<div id=\"ngg-image-6\" class=\"ngg-gallery-thumbnail-box \" >\n\t\t\t\t        <div class=\"ngg-gallery-thumbnail\">\n            <a href=\"http:\/\/www.zsamshornistudenky.cz\/wp-content\/gallery\/pousteni-draku-4-11-2018\/IMG_7732.JPG\"\n               title=\"\"\n               data-src=\"http:\/\/www.zsamshornistudenky.cz\/wp-content\/gallery\/pousteni-draku-4-11-2018\/IMG_7732.JPG\"\n               data-thumbnail=\"http:\/\/www.zsamshornistudenky.cz\/wp-content\/gallery\/pousteni-draku-4-11-2018\/thumbs\/thumbs_IMG_7732.JPG\"\n               data-image-id=\"1680\"\n               data-title=\"IMG_7732\"\n               data-description=\"\"\n               data-image-slug=\"img_7732\"\n               class=\"ngg-fancybox\" rel=\"fe6e70f82ad20eae8294042fb99cebec\">\n                <img\n                    title=\"IMG_7732\"\n                    alt=\"IMG_7732\"\n                    src=\"http:\/\/www.zsamshornistudenky.cz\/wp-content\/gallery\/pousteni-draku-4-11-2018\/thumbs\/thumbs_IMG_7732.JPG\"\n                    width=\"240\"\n                    height=\"160\"\n                    style=\"max-width:100%;\"\n                \/>\n            <\/a>\n        <\/div>\n\t\t\t\t\t\t\t<\/div> \n\t\t\t\n\t\t\t\t<div id=\"ngg-image-7\" class=\"ngg-gallery-thumbnail-box \" >\n\t\t\t\t        <div class=\"ngg-gallery-thumbnail\">\n            <a href=\"http:\/\/www.zsamshornistudenky.cz\/wp-content\/gallery\/pousteni-draku-4-11-2018\/IMG_7738.JPG\"\n               title=\"\"\n               data-src=\"http:\/\/www.zsamshornistudenky.cz\/wp-content\/gallery\/pousteni-draku-4-11-2018\/IMG_7738.JPG\"\n               data-thumbnail=\"http:\/\/www.zsamshornistudenky.cz\/wp-content\/gallery\/pousteni-draku-4-11-2018\/thumbs\/thumbs_IMG_7738.JPG\"\n               data-image-id=\"1681\"\n               data-title=\"IMG_7738\"\n               data-description=\"\"\n               data-image-slug=\"img_7738\"\n               class=\"ngg-fancybox\" rel=\"fe6e70f82ad20eae8294042fb99cebec\">\n                <img\n                    title=\"IMG_7738\"\n                    alt=\"IMG_7738\"\n                    src=\"http:\/\/www.zsamshornistudenky.cz\/wp-content\/gallery\/pousteni-draku-4-11-2018\/thumbs\/thumbs_IMG_7738.JPG\"\n                    width=\"240\"\n                    height=\"160\"\n                    style=\"max-width:100%;\"\n                \/>\n            <\/a>\n        <\/div>\n\t\t\t\t\t\t\t<\/div> \n\t\t\t\n\t\n\t<br style=\"clear: both\" \/>\n\n\t\n\t\t<!-- Pagination -->\n\t<div class='ngg-clear'><\/div>\t<\/div>\n\n\n\n\n<p class=\"has-text-align-right\"><a href=\"http:\/\/www.zsamshornistudenky.cz\/?page_id=43\">&lt;ZP\u011aT<\/a><\/p>\n","protected":false},"excerpt":{"rendered":"<p>&lt;ZP\u011aT &lt;ZP\u011aT<\/p>\n","protected":false},"author":1,"featured_media":0,"parent":0,"menu_order":0,"comment_status":"closed","ping_status":"closed","template":"","meta":{"ngg_post_thumbnail":0},"_links":{"self":[{"href":"http:\/\/www.zsamshornistudenky.cz\/index.php?rest_route=\/wp\/v2\/pages\/2979"}],"collection":[{"href":"http:\/\/www.zsamshornistudenky.cz\/index.php?rest_route=\/wp\/v2\/pages"}],"about":[{"href":"http:\/\/www.zsamshornistudenky.cz\/index.php?rest_route=\/wp\/v2\/types\/page"}],"author":[{"embeddable":true,"href":"http:\/\/www.zsamshornistudenky.cz\/index.php?rest_route=\/wp\/v2\/users\/1"}],"replies":[{"embeddable":true,"href":"http:\/\/www.zsamshornistudenky.cz\/index.php?rest_route=%2Fwp%2Fv2%2Fcomments&post=2979"}],"version-history":[{"count":2,"href":"http:\/\/www.zsamshornistudenky.cz\/index.php?rest_route=\/wp\/v2\/pages\/2979\/revisions"}],"predecessor-version":[{"id":2994,"href":"http:\/\/www.zsamshornistudenky.cz\/index.php?rest_route=\/wp\/v2\/pages\/2979\/revisions\/2994"}],"wp:attachment":[{"href":"http:\/\/www.zsamshornistudenky.cz\/index.php?rest_route=%2Fwp%2Fv2%2Fmedia&parent=2979"}],"curies":[{"name":"wp","href":"https:\/\/api.w.org\/{rel}","templated":true}]}}