{"id":2977,"date":"2020-12-26T10:43:39","date_gmt":"2020-12-26T10:43:39","guid":{"rendered":"http:\/\/www.zsamshornistudenky.cz\/?page_id=2977"},"modified":"2020-12-26T10:56:58","modified_gmt":"2020-12-26T10:56:58","slug":"fotogalerie-cteni-v-zs-brezen-2019","status":"publish","type":"page","link":"http:\/\/www.zsamshornistudenky.cz\/?page_id=2977","title":{"rendered":"Fotogalerie &#8211; \u010cten\u00ed v Z\u0160 B\u0159ezen 2019"},"content":{"rendered":"\n<p><a href=\"http:\/\/www.zsamshornistudenky.cz\/?page_id=43\">&lt;ZP\u011aT<\/a><\/p>\n\n\n\n<!-- default-view.php -->\n<div\n\tclass=\"ngg-galleryoverview default-view \"\n\tid=\"ngg-gallery-626830990f66e3bba3bdc886aea02f15-1\">\n\n\t\t<!-- Thumbnails -->\n\t\t\t\t<div id=\"ngg-image-0\" class=\"ngg-gallery-thumbnail-box \" >\n\t\t\t\t        <div class=\"ngg-gallery-thumbnail\">\n            <a href=\"http:\/\/www.zsamshornistudenky.cz\/wp-content\/gallery\/cteni-21-3-2019\/P3210144.JPG\"\n               title=\"\"\n               data-src=\"http:\/\/www.zsamshornistudenky.cz\/wp-content\/gallery\/cteni-21-3-2019\/P3210144.JPG\"\n               data-thumbnail=\"http:\/\/www.zsamshornistudenky.cz\/wp-content\/gallery\/cteni-21-3-2019\/thumbs\/thumbs_P3210144.JPG\"\n               data-image-id=\"1650\"\n               data-title=\"OLYMPUS DIGITAL CAMERA\"\n               data-description=\"\"\n               data-image-slug=\"p3210144\"\n               class=\"ngg-fancybox\" rel=\"626830990f66e3bba3bdc886aea02f15\">\n                <img\n                    title=\"OLYMPUS DIGITAL CAMERA\"\n                    alt=\"OLYMPUS DIGITAL CAMERA\"\n                    src=\"http:\/\/www.zsamshornistudenky.cz\/wp-content\/gallery\/cteni-21-3-2019\/thumbs\/thumbs_P3210144.JPG\"\n                    width=\"240\"\n                    height=\"160\"\n                    style=\"max-width:100%;\"\n                \/>\n            <\/a>\n        <\/div>\n\t\t\t\t\t\t\t<\/div> \n\t\t\t\n\t\t\t\t<div id=\"ngg-image-1\" class=\"ngg-gallery-thumbnail-box \" >\n\t\t\t\t        <div class=\"ngg-gallery-thumbnail\">\n            <a href=\"http:\/\/www.zsamshornistudenky.cz\/wp-content\/gallery\/cteni-21-3-2019\/P3210145.JPG\"\n               title=\"\"\n               data-src=\"http:\/\/www.zsamshornistudenky.cz\/wp-content\/gallery\/cteni-21-3-2019\/P3210145.JPG\"\n               data-thumbnail=\"http:\/\/www.zsamshornistudenky.cz\/wp-content\/gallery\/cteni-21-3-2019\/thumbs\/thumbs_P3210145.JPG\"\n               data-image-id=\"1651\"\n               data-title=\"OLYMPUS DIGITAL CAMERA\"\n               data-description=\"\"\n               data-image-slug=\"p3210145\"\n               class=\"ngg-fancybox\" rel=\"626830990f66e3bba3bdc886aea02f15\">\n                <img\n                    title=\"OLYMPUS DIGITAL CAMERA\"\n                    alt=\"OLYMPUS DIGITAL CAMERA\"\n                    src=\"http:\/\/www.zsamshornistudenky.cz\/wp-content\/gallery\/cteni-21-3-2019\/thumbs\/thumbs_P3210145.JPG\"\n                    width=\"240\"\n                    height=\"160\"\n                    style=\"max-width:100%;\"\n                \/>\n            <\/a>\n        <\/div>\n\t\t\t\t\t\t\t<\/div> \n\t\t\t\n\t\t\t\t<div id=\"ngg-image-2\" class=\"ngg-gallery-thumbnail-box \" >\n\t\t\t\t        <div class=\"ngg-gallery-thumbnail\">\n            <a href=\"http:\/\/www.zsamshornistudenky.cz\/wp-content\/gallery\/cteni-21-3-2019\/P3210146.JPG\"\n               title=\"\"\n               data-src=\"http:\/\/www.zsamshornistudenky.cz\/wp-content\/gallery\/cteni-21-3-2019\/P3210146.JPG\"\n               data-thumbnail=\"http:\/\/www.zsamshornistudenky.cz\/wp-content\/gallery\/cteni-21-3-2019\/thumbs\/thumbs_P3210146.JPG\"\n               data-image-id=\"1652\"\n               data-title=\"OLYMPUS DIGITAL CAMERA\"\n               data-description=\"\"\n               data-image-slug=\"p3210146\"\n               class=\"ngg-fancybox\" rel=\"626830990f66e3bba3bdc886aea02f15\">\n                <img\n                    title=\"OLYMPUS DIGITAL CAMERA\"\n                    alt=\"OLYMPUS DIGITAL CAMERA\"\n                    src=\"http:\/\/www.zsamshornistudenky.cz\/wp-content\/gallery\/cteni-21-3-2019\/thumbs\/thumbs_P3210146.JPG\"\n                    width=\"240\"\n                    height=\"160\"\n                    style=\"max-width:100%;\"\n                \/>\n            <\/a>\n        <\/div>\n\t\t\t\t\t\t\t<\/div> \n\t\t\t\n\t\t\t\t<div id=\"ngg-image-3\" class=\"ngg-gallery-thumbnail-box \" >\n\t\t\t\t        <div class=\"ngg-gallery-thumbnail\">\n            <a href=\"http:\/\/www.zsamshornistudenky.cz\/wp-content\/gallery\/cteni-21-3-2019\/P3210147.JPG\"\n               title=\"\"\n               data-src=\"http:\/\/www.zsamshornistudenky.cz\/wp-content\/gallery\/cteni-21-3-2019\/P3210147.JPG\"\n               data-thumbnail=\"http:\/\/www.zsamshornistudenky.cz\/wp-content\/gallery\/cteni-21-3-2019\/thumbs\/thumbs_P3210147.JPG\"\n               data-image-id=\"1653\"\n               data-title=\"OLYMPUS DIGITAL CAMERA\"\n               data-description=\"\"\n               data-image-slug=\"p3210147\"\n               class=\"ngg-fancybox\" rel=\"626830990f66e3bba3bdc886aea02f15\">\n                <img\n                    title=\"OLYMPUS DIGITAL CAMERA\"\n                    alt=\"OLYMPUS DIGITAL CAMERA\"\n                    src=\"http:\/\/www.zsamshornistudenky.cz\/wp-content\/gallery\/cteni-21-3-2019\/thumbs\/thumbs_P3210147.JPG\"\n                    width=\"240\"\n                    height=\"160\"\n                    style=\"max-width:100%;\"\n                \/>\n            <\/a>\n        <\/div>\n\t\t\t\t\t\t\t<\/div> \n\t\t\t\n\t\t\t\t<div id=\"ngg-image-4\" class=\"ngg-gallery-thumbnail-box \" >\n\t\t\t\t        <div class=\"ngg-gallery-thumbnail\">\n            <a href=\"http:\/\/www.zsamshornistudenky.cz\/wp-content\/gallery\/cteni-21-3-2019\/P3210148.JPG\"\n               title=\"\"\n               data-src=\"http:\/\/www.zsamshornistudenky.cz\/wp-content\/gallery\/cteni-21-3-2019\/P3210148.JPG\"\n               data-thumbnail=\"http:\/\/www.zsamshornistudenky.cz\/wp-content\/gallery\/cteni-21-3-2019\/thumbs\/thumbs_P3210148.JPG\"\n               data-image-id=\"1654\"\n               data-title=\"OLYMPUS DIGITAL CAMERA\"\n               data-description=\"\"\n               data-image-slug=\"p3210148\"\n               class=\"ngg-fancybox\" rel=\"626830990f66e3bba3bdc886aea02f15\">\n                <img\n                    title=\"OLYMPUS DIGITAL CAMERA\"\n                    alt=\"OLYMPUS DIGITAL CAMERA\"\n                    src=\"http:\/\/www.zsamshornistudenky.cz\/wp-content\/gallery\/cteni-21-3-2019\/thumbs\/thumbs_P3210148.JPG\"\n                    width=\"240\"\n                    height=\"160\"\n                    style=\"max-width:100%;\"\n                \/>\n            <\/a>\n        <\/div>\n\t\t\t\t\t\t\t<\/div> \n\t\t\t\n\t\t\t\t<div id=\"ngg-image-5\" class=\"ngg-gallery-thumbnail-box \" >\n\t\t\t\t        <div class=\"ngg-gallery-thumbnail\">\n            <a href=\"http:\/\/www.zsamshornistudenky.cz\/wp-content\/gallery\/cteni-21-3-2019\/P3210149.JPG\"\n               title=\"\"\n               data-src=\"http:\/\/www.zsamshornistudenky.cz\/wp-content\/gallery\/cteni-21-3-2019\/P3210149.JPG\"\n               data-thumbnail=\"http:\/\/www.zsamshornistudenky.cz\/wp-content\/gallery\/cteni-21-3-2019\/thumbs\/thumbs_P3210149.JPG\"\n               data-image-id=\"1655\"\n               data-title=\"OLYMPUS DIGITAL CAMERA\"\n               data-description=\"\"\n               data-image-slug=\"p3210149\"\n               class=\"ngg-fancybox\" rel=\"626830990f66e3bba3bdc886aea02f15\">\n                <img\n                    title=\"OLYMPUS DIGITAL CAMERA\"\n                    alt=\"OLYMPUS DIGITAL CAMERA\"\n                    src=\"http:\/\/www.zsamshornistudenky.cz\/wp-content\/gallery\/cteni-21-3-2019\/thumbs\/thumbs_P3210149.JPG\"\n                    width=\"240\"\n                    height=\"160\"\n                    style=\"max-width:100%;\"\n                \/>\n            <\/a>\n        <\/div>\n\t\t\t\t\t\t\t<\/div> \n\t\t\t\n\t\t\t\t<div id=\"ngg-image-6\" class=\"ngg-gallery-thumbnail-box \" >\n\t\t\t\t        <div class=\"ngg-gallery-thumbnail\">\n            <a href=\"http:\/\/www.zsamshornistudenky.cz\/wp-content\/gallery\/cteni-21-3-2019\/P3210150.JPG\"\n               title=\"\"\n               data-src=\"http:\/\/www.zsamshornistudenky.cz\/wp-content\/gallery\/cteni-21-3-2019\/P3210150.JPG\"\n               data-thumbnail=\"http:\/\/www.zsamshornistudenky.cz\/wp-content\/gallery\/cteni-21-3-2019\/thumbs\/thumbs_P3210150.JPG\"\n               data-image-id=\"1656\"\n               data-title=\"OLYMPUS DIGITAL CAMERA\"\n               data-description=\"\"\n               data-image-slug=\"p3210150\"\n               class=\"ngg-fancybox\" rel=\"626830990f66e3bba3bdc886aea02f15\">\n                <img\n                    title=\"OLYMPUS DIGITAL CAMERA\"\n                    alt=\"OLYMPUS DIGITAL CAMERA\"\n                    src=\"http:\/\/www.zsamshornistudenky.cz\/wp-content\/gallery\/cteni-21-3-2019\/thumbs\/thumbs_P3210150.JPG\"\n                    width=\"240\"\n                    height=\"160\"\n                    style=\"max-width:100%;\"\n                \/>\n            <\/a>\n        <\/div>\n\t\t\t\t\t\t\t<\/div> \n\t\t\t\n\t\t\t\t<div id=\"ngg-image-7\" class=\"ngg-gallery-thumbnail-box \" >\n\t\t\t\t        <div class=\"ngg-gallery-thumbnail\">\n            <a href=\"http:\/\/www.zsamshornistudenky.cz\/wp-content\/gallery\/cteni-21-3-2019\/P3210151.JPG\"\n               title=\"\"\n               data-src=\"http:\/\/www.zsamshornistudenky.cz\/wp-content\/gallery\/cteni-21-3-2019\/P3210151.JPG\"\n               data-thumbnail=\"http:\/\/www.zsamshornistudenky.cz\/wp-content\/gallery\/cteni-21-3-2019\/thumbs\/thumbs_P3210151.JPG\"\n               data-image-id=\"1657\"\n               data-title=\"OLYMPUS DIGITAL CAMERA\"\n               data-description=\"\"\n               data-image-slug=\"p3210151\"\n               class=\"ngg-fancybox\" rel=\"626830990f66e3bba3bdc886aea02f15\">\n                <img\n                    title=\"OLYMPUS DIGITAL CAMERA\"\n                    alt=\"OLYMPUS DIGITAL CAMERA\"\n                    src=\"http:\/\/www.zsamshornistudenky.cz\/wp-content\/gallery\/cteni-21-3-2019\/thumbs\/thumbs_P3210151.JPG\"\n                    width=\"240\"\n                    height=\"160\"\n                    style=\"max-width:100%;\"\n                \/>\n            <\/a>\n        <\/div>\n\t\t\t\t\t\t\t<\/div> \n\t\t\t\n\t\t\t\t<div id=\"ngg-image-8\" class=\"ngg-gallery-thumbnail-box \" >\n\t\t\t\t        <div class=\"ngg-gallery-thumbnail\">\n            <a href=\"http:\/\/www.zsamshornistudenky.cz\/wp-content\/gallery\/cteni-21-3-2019\/P3210152.JPG\"\n               title=\"\"\n               data-src=\"http:\/\/www.zsamshornistudenky.cz\/wp-content\/gallery\/cteni-21-3-2019\/P3210152.JPG\"\n               data-thumbnail=\"http:\/\/www.zsamshornistudenky.cz\/wp-content\/gallery\/cteni-21-3-2019\/thumbs\/thumbs_P3210152.JPG\"\n               data-image-id=\"1658\"\n               data-title=\"OLYMPUS DIGITAL CAMERA\"\n               data-description=\"\"\n               data-image-slug=\"p3210152\"\n               class=\"ngg-fancybox\" rel=\"626830990f66e3bba3bdc886aea02f15\">\n                <img\n                    title=\"OLYMPUS DIGITAL CAMERA\"\n                    alt=\"OLYMPUS DIGITAL CAMERA\"\n                    src=\"http:\/\/www.zsamshornistudenky.cz\/wp-content\/gallery\/cteni-21-3-2019\/thumbs\/thumbs_P3210152.JPG\"\n                    width=\"240\"\n                    height=\"160\"\n                    style=\"max-width:100%;\"\n                \/>\n            <\/a>\n        <\/div>\n\t\t\t\t\t\t\t<\/div> \n\t\t\t\n\t\n\t<br style=\"clear: both\" \/>\n\n\t\n\t\t<!-- Pagination -->\n\t<div class='ngg-clear'><\/div>\t<\/div>\n\n\n\n\n<p class=\"has-text-align-right\"><a href=\"http:\/\/www.zsamshornistudenky.cz\/?page_id=43\">&lt;ZP\u011aT<\/a><\/p>\n","protected":false},"excerpt":{"rendered":"<p>&lt;ZP\u011aT &lt;ZP\u011aT<\/p>\n","protected":false},"author":1,"featured_media":0,"parent":0,"menu_order":0,"comment_status":"closed","ping_status":"closed","template":"","meta":{"ngg_post_thumbnail":0},"_links":{"self":[{"href":"http:\/\/www.zsamshornistudenky.cz\/index.php?rest_route=\/wp\/v2\/pages\/2977"}],"collection":[{"href":"http:\/\/www.zsamshornistudenky.cz\/index.php?rest_route=\/wp\/v2\/pages"}],"about":[{"href":"http:\/\/www.zsamshornistudenky.cz\/index.php?rest_route=\/wp\/v2\/types\/page"}],"author":[{"embeddable":true,"href":"http:\/\/www.zsamshornistudenky.cz\/index.php?rest_route=\/wp\/v2\/users\/1"}],"replies":[{"embeddable":true,"href":"http:\/\/www.zsamshornistudenky.cz\/index.php?rest_route=%2Fwp%2Fv2%2Fcomments&post=2977"}],"version-history":[{"count":2,"href":"http:\/\/www.zsamshornistudenky.cz\/index.php?rest_route=\/wp\/v2\/pages\/2977\/revisions"}],"predecessor-version":[{"id":2988,"href":"http:\/\/www.zsamshornistudenky.cz\/index.php?rest_route=\/wp\/v2\/pages\/2977\/revisions\/2988"}],"wp:attachment":[{"href":"http:\/\/www.zsamshornistudenky.cz\/index.php?rest_route=%2Fwp%2Fv2%2Fmedia&parent=2977"}],"curies":[{"name":"wp","href":"https:\/\/api.w.org\/{rel}","templated":true}]}}