{"id":2089,"date":"2020-09-21T11:30:46","date_gmt":"2020-09-21T11:30:46","guid":{"rendered":"http:\/\/www.zsamshornistudenky.cz\/?page_id=2089"},"modified":"2025-08-27T11:16:23","modified_gmt":"2025-08-27T11:16:23","slug":"dokumenty-sd","status":"publish","type":"page","link":"http:\/\/www.zsamshornistudenky.cz\/?page_id=2089","title":{"rendered":"Dokumenty \u0160D"},"content":{"rendered":"\r\n<div><a href=\"http:\/\/www.zsamshornistudenky.cz\/wp-content\/uploads\/2025\/08\/Prihlaska_do_druziny_vzor.pdf\">Vzor pro vypln\u011bn\u00ed &#8220;P\u0159ihl\u00e1\u0161ky do dru\u017einy&#8221;<\/a><\/div>\r\n<div>&nbsp;<\/div>\r\n<div><a href=\"http:\/\/www.zsamshornistudenky.cz\/wp-content\/uploads\/2024\/10\/Omluvenka_SD.pdf\">Omluvenka do \u0160D<\/a><\/div>\r\n<div>&nbsp;<\/div>\r\n<div><a href=\"http:\/\/www.zsamshornistudenky.cz\/wp-content\/uploads\/2025\/08\/Vyse_uplaty_pro_skolni_rok_2025-2026.pdf\">V\u00fd\u0161e \u00faplaty pro \u0161koln\u00ed rok 2025\/2026 z\u016fst\u00e1v\u00e1 stejn\u00e1 jako v lo\u0148sk\u00e9m roce<\/a><\/div>\r\n<p><a href=\"http:\/\/www.zsamshornistudenky.cz\/wp-content\/uploads\/2023\/09\/SVP-2020_druzina_01-2.pdf\">\u0160VP pro dru\u017einu<\/a><\/p>\r\n<p>&nbsp;<\/p>\r\n\r\n\r\n\r\n<p>&nbsp;<\/p>\r\n\r\n\r\n\r\n<p>&nbsp;<\/p>\r\n\r\n\r\n\r\n<p>&nbsp;<\/p>\r\n","protected":false},"excerpt":{"rendered":"<p>&nbsp; &nbsp; &nbsp;<\/p>\n","protected":false},"author":2,"featured_media":0,"parent":0,"menu_order":0,"comment_status":"closed","ping_status":"closed","template":"","meta":{"ngg_post_thumbnail":0},"_links":{"self":[{"href":"http:\/\/www.zsamshornistudenky.cz\/index.php?rest_route=\/wp\/v2\/pages\/2089"}],"collection":[{"href":"http:\/\/www.zsamshornistudenky.cz\/index.php?rest_route=\/wp\/v2\/pages"}],"about":[{"href":"http:\/\/www.zsamshornistudenky.cz\/index.php?rest_route=\/wp\/v2\/types\/page"}],"author":[{"embeddable":true,"href":"http:\/\/www.zsamshornistudenky.cz\/index.php?rest_route=\/wp\/v2\/users\/2"}],"replies":[{"embeddable":true,"href":"http:\/\/www.zsamshornistudenky.cz\/index.php?rest_route=%2Fwp%2Fv2%2Fcomments&post=2089"}],"version-history":[{"count":25,"href":"http:\/\/www.zsamshornistudenky.cz\/index.php?rest_route=\/wp\/v2\/pages\/2089\/revisions"}],"predecessor-version":[{"id":8916,"href":"http:\/\/www.zsamshornistudenky.cz\/index.php?rest_route=\/wp\/v2\/pages\/2089\/revisions\/8916"}],"wp:attachment":[{"href":"http:\/\/www.zsamshornistudenky.cz\/index.php?rest_route=%2Fwp%2Fv2%2Fmedia&parent=2089"}],"curies":[{"name":"wp","href":"https:\/\/api.w.org\/{rel}","templated":true}]}}