{"id":2087,"date":"2020-09-21T11:30:30","date_gmt":"2020-09-21T11:30:30","guid":{"rendered":"http:\/\/www.zsamshornistudenky.cz\/?page_id=2087"},"modified":"2025-08-27T11:15:43","modified_gmt":"2025-08-27T11:15:43","slug":"dokumenty-ms","status":"publish","type":"page","link":"http:\/\/www.zsamshornistudenky.cz\/?page_id=2087","title":{"rendered":"Dokumenty M\u0160"},"content":{"rendered":"\r\n<p><a href=\"http:\/\/www.zsamshornistudenky.cz\/wp-content\/uploads\/2025\/08\/Vyse_uplaty_pro_skolni_rok_2025-2026-1.pdf\">V\u00fd\u0161e \u00faplaty pro \u0161koln\u00ed rok 2025\/2026 z\u016fst\u00e1v\u00e1 stejn\u00e1 jako v lo\u0148sk\u00e9m roce<\/a><\/p>\r\n<div><a href=\"http:\/\/www.zsamshornistudenky.cz\/wp-content\/uploads\/2022\/08\/Organizace_dennich_cinnosti.pdf\">Organizace denn\u00edch \u010dinnost\u00ed v M\u0160<\/a><\/div>\r\n<div>&#8212;&#8212;&#8212;&#8212;&#8212;&#8212;&#8212;&#8212;&#8212;&#8212;&#8212;&#8212;&#8212;&#8212;&#8212;&#8212;&#8212;&#8212;&#8211;<\/div>\r\n<p><a href=\"http:\/\/www.zsamshornistudenky.cz\/wp-content\/uploads\/2024\/06\/SVP-MS-final_aktualizace_09-2021_doplneno_Inspekce.pdf\">\u0160VP&nbsp; pro M\u0160 &#8211; &#8220;Svi\u0165 slun\u00ed\u010dko, svi\u0165&#8221;<\/a><\/p>\r\n<p>&nbsp;<\/p>\r\n<div>&nbsp;<\/div>\r\n\r\n\r\n\r\n<div class=\"wp-block-file\">&nbsp;<\/div>\r\n\r\n\r\n\r\n<div class=\"wp-block-file\">&nbsp;<\/div>\r\n\r\n\r\n\r\n<div class=\"wp-block-file\">&nbsp;<\/div>\r\n\r\n\r\n\r\n<div class=\"wp-block-file\">&nbsp;<\/div>\r\n\r\n\r\n\r\n<p>&nbsp;<\/p>\r\n\r\n\r\n\r\n<p>&nbsp;<\/p>\r\n","protected":false},"excerpt":{"rendered":"<p>&nbsp; &nbsp;<\/p>\n","protected":false},"author":2,"featured_media":0,"parent":0,"menu_order":0,"comment_status":"closed","ping_status":"closed","template":"","meta":{"ngg_post_thumbnail":0},"_links":{"self":[{"href":"http:\/\/www.zsamshornistudenky.cz\/index.php?rest_route=\/wp\/v2\/pages\/2087"}],"collection":[{"href":"http:\/\/www.zsamshornistudenky.cz\/index.php?rest_route=\/wp\/v2\/pages"}],"about":[{"href":"http:\/\/www.zsamshornistudenky.cz\/index.php?rest_route=\/wp\/v2\/types\/page"}],"author":[{"embeddable":true,"href":"http:\/\/www.zsamshornistudenky.cz\/index.php?rest_route=\/wp\/v2\/users\/2"}],"replies":[{"embeddable":true,"href":"http:\/\/www.zsamshornistudenky.cz\/index.php?rest_route=%2Fwp%2Fv2%2Fcomments&post=2087"}],"version-history":[{"count":32,"href":"http:\/\/www.zsamshornistudenky.cz\/index.php?rest_route=\/wp\/v2\/pages\/2087\/revisions"}],"predecessor-version":[{"id":8915,"href":"http:\/\/www.zsamshornistudenky.cz\/index.php?rest_route=\/wp\/v2\/pages\/2087\/revisions\/8915"}],"wp:attachment":[{"href":"http:\/\/www.zsamshornistudenky.cz\/index.php?rest_route=%2Fwp%2Fv2%2Fmedia&parent=2087"}],"curies":[{"name":"wp","href":"https:\/\/api.w.org\/{rel}","templated":true}]}}