{"id":2085,"date":"2020-09-21T11:30:15","date_gmt":"2020-09-21T11:30:15","guid":{"rendered":"http:\/\/www.zsamshornistudenky.cz\/?page_id=2085"},"modified":"2024-04-23T08:00:51","modified_gmt":"2024-04-23T08:00:51","slug":"dokumenty-zs","status":"publish","type":"page","link":"http:\/\/www.zsamshornistudenky.cz\/?page_id=2085","title":{"rendered":"Dokumenty Z\u0160"},"content":{"rendered":"\r\n<div><a href=\"http:\/\/www.zsamshornistudenky.cz\/wp-content\/uploads\/2021\/10\/Zadost_o_uvolneni_zaka.pdf\">\u017d\u00e1dost o uvoln\u011bn\u00ed \u017e\u00e1ka z v\u00fduky<\/a><\/div>\r\n<div><a href=\"http:\/\/www.zsamshornistudenky.cz\/wp-content\/uploads\/2021\/09\/Zahranicni_skolaci-1.pdf\">&#8220;Zahrani\u010dn\u00ed \u0161kol\u00e1ci&#8221;<\/a><\/div>\r\n<div><a href=\"http:\/\/www.zsamshornistudenky.cz\/wp-content\/uploads\/2021\/09\/Zak-podle-par-38-tabulka-v2019-1.pdf\">Pln\u011bn\u00ed povinn\u00e9 \u0161koln\u00ed doch\u00e1zky podle par. 38 \u0161kol. z\u00e1kona<\/a><\/div>\r\n<div><a href=\"http:\/\/www.zsamshornistudenky.cz\/wp-content\/uploads\/2023\/04\/Zadost_o_prijeti_prestup_zaka_na_ZS.pdf\">\u017d\u00e1dost o p\u0159ijet\u00ed &#8211; p\u0159estup \u017e\u00e1ka<\/a><\/div>\r\n<div><a href=\"http:\/\/www.zsamshornistudenky.cz\/wp-content\/uploads\/2023\/04\/Zapisni_listek_prestup_zaka-2.pdf\">Z\u00e1pisn\u00ed list &#8211; p\u0159estup \u017e\u00e1ka<\/a><\/div>\r\n<div>&#8212;&#8212;&#8212;&#8212;&#8212;&#8212;&#8212;&#8212;&#8212;&#8212;&#8212;&#8212;&#8212;&#8212;&#8212;&#8212;&#8212;&#8212;<\/div>\r\n<div><a href=\"http:\/\/www.zsamshornistudenky.cz\/wp-content\/uploads\/2022\/08\/Skolni_rad_od_09-2022.pdf\">\u0160koln\u00ed \u0159\u00e1d<\/a><\/div>\r\n<div><a href=\"http:\/\/www.zsamshornistudenky.cz\/wp-content\/uploads\/2022\/08\/Skolni_rad-Pravidla_pro_hodnoceni_vysledku_vzdelavani_zaku_09-2022.pdf\">\u0160koln\u00ed \u0159\u00e1d &#8211; Pravidla pro hodnocen\u00ed v\u00fdsledk\u016f vzd\u011bl\u00e1v\u00e1n\u00ed \u017e\u00e1k\u016f<\/a><\/div>\r\n<div><a href=\"http:\/\/www.zsamshornistudenky.cz\/wp-content\/uploads\/2022\/09\/Dodatek_c_1_Kriteria_vychovnych_opatreni-2.pdf\">\u0160koln\u00ed \u0159\u00e1d: Dodatek \u010d. 1 &#8211; Krit\u00e9ria v\u00fdchovn\u00fdch opat\u0159en\u00ed<\/a><\/div>\r\n<div><a href=\"http:\/\/www.zsamshornistudenky.cz\/wp-content\/uploads\/2024\/04\/SVP_ZS_K_prameum_poznani_doplneni_d.pdf\">\u0160VP pro Z\u0160 &#8211; &#8220;K pramen\u016fm pozn\u00e1n\u00ed&#8221;<\/a><\/div>\r\n<div>&nbsp;<\/div>\r\n<div class=\"wp-block-file\">&nbsp;<\/div>\r\n\r\n\r\n\r\n<p>&nbsp;<\/p>\r\n","protected":false},"excerpt":{"rendered":"<p>&nbsp;<\/p>\n","protected":false},"author":2,"featured_media":0,"parent":0,"menu_order":0,"comment_status":"closed","ping_status":"closed","template":"","meta":{"ngg_post_thumbnail":0},"_links":{"self":[{"href":"http:\/\/www.zsamshornistudenky.cz\/index.php?rest_route=\/wp\/v2\/pages\/2085"}],"collection":[{"href":"http:\/\/www.zsamshornistudenky.cz\/index.php?rest_route=\/wp\/v2\/pages"}],"about":[{"href":"http:\/\/www.zsamshornistudenky.cz\/index.php?rest_route=\/wp\/v2\/types\/page"}],"author":[{"embeddable":true,"href":"http:\/\/www.zsamshornistudenky.cz\/index.php?rest_route=\/wp\/v2\/users\/2"}],"replies":[{"embeddable":true,"href":"http:\/\/www.zsamshornistudenky.cz\/index.php?rest_route=%2Fwp%2Fv2%2Fcomments&post=2085"}],"version-history":[{"count":38,"href":"http:\/\/www.zsamshornistudenky.cz\/index.php?rest_route=\/wp\/v2\/pages\/2085\/revisions"}],"predecessor-version":[{"id":8059,"href":"http:\/\/www.zsamshornistudenky.cz\/index.php?rest_route=\/wp\/v2\/pages\/2085\/revisions\/8059"}],"wp:attachment":[{"href":"http:\/\/www.zsamshornistudenky.cz\/index.php?rest_route=%2Fwp%2Fv2%2Fmedia&parent=2085"}],"curies":[{"name":"wp","href":"https:\/\/api.w.org\/{rel}","templated":true}]}}