{"id":2068,"date":"2020-09-21T11:17:46","date_gmt":"2020-09-21T11:17:46","guid":{"rendered":"http:\/\/www.zsamshornistudenky.cz\/?page_id=2068"},"modified":"2025-10-07T17:14:53","modified_gmt":"2025-10-07T17:14:53","slug":"dokumenty-2","status":"publish","type":"page","link":"http:\/\/www.zsamshornistudenky.cz\/?page_id=2068","title":{"rendered":"Dokumenty"},"content":{"rendered":"\r\n<div><a href=\"http:\/\/www.zsamshornistudenky.cz\/wp-content\/uploads\/2025\/10\/Vyrocni_zprava_2024-2025_web.pdf\">V\u00fdro\u010dn\u00ed zpr\u00e1va 2024 \/ 2025<\/a><\/div>\r\n<div><a href=\"http:\/\/www.zsamshornistudenky.cz\/wp-content\/uploads\/2024\/11\/Vyrocni_zprava_2023-2024_DOPLNENA.pdf\">V\u00fdro\u010dn\u00ed zpr\u00e1va 2023 \/ 2024<\/a><\/div>\r\n<div><a href=\"http:\/\/www.zsamshornistudenky.cz\/wp-content\/uploads\/2023\/10\/Vyrocni_zprava_2022-2023.pdf\">V\u00fdro\u010dn\u00ed zpr\u00e1va 2022 \/ 2023<\/a><\/div>\r\n<div><a href=\"http:\/\/www.zsamshornistudenky.cz\/wp-content\/uploads\/2022\/11\/Vyrocni_zprava_2021-2022-1.pdf\">V\u00fdro\u010dn\u00ed zpr\u00e1va 2021 \/ 2022<\/a><\/div>\r\n<div><a href=\"http:\/\/www.zsamshornistudenky.cz\/wp-content\/uploads\/2023\/02\/Povinne_zverejnovane_informace_HORNI_STUDENKY.pdf\">Povinn\u011b zve\u0159ej\u0148ovan\u00e9 informace<\/a><\/div>\r\n<div><a href=\"http:\/\/www.zsamshornistudenky.cz\/wp-content\/uploads\/2021\/11\/Vyrocni_zprava__2020-2021_web.pdf\">V\u00fdro\u010dn\u00ed zpr\u00e1va 2020 \/ 2021<\/a><\/div>\r\n<div><a href=\"http:\/\/www.zsamshornistudenky.cz\/wp-content\/uploads\/2021\/09\/Organizace_skolniho_roku_2021_2022_v._r.pdf\">P\u0159ehled pr\u00e1zdnin a organizace \u0161koln\u00edho roku 2021 \/ 2022<\/a><\/div>\r\n<div><a href=\"http:\/\/www.zsamshornistudenky.cz\/wp-content\/uploads\/2021\/09\/koncepce_skoly-1-1.pdf\">Koncepce \u0161koly 2020 \/ 2021<\/a><\/div>\r\n<div><a href=\"http:\/\/www.zsamshornistudenky.cz\/wp-content\/uploads\/2021\/09\/Prohlaseni-o-ochrane-osobnich-udaju-1.pdf\">Prohl\u00e1\u0161en\u00ed o ochran\u011b osobn\u00edch \u00fadaj\u016f<\/a><\/div>\r\n<div><a href=\"http:\/\/www.zsamshornistudenky.cz\/wp-content\/uploads\/2021\/09\/Prehled-skolnich-prazdnin-a-organizace-roku_2020_2021.pdf\">P\u0159ehled pr\u00e1zdnin a organizace \u0161koln\u00edho roku 2020 \/ 2021<\/a><\/div>\r\n<div><a href=\"http:\/\/www.zsamshornistudenky.cz\/wp-content\/uploads\/2021\/09\/vyrocni-zprava-2019_2020.pdf\">V\u00fdro\u010dn\u00ed zpr\u00e1va 2019 \/ 2020<\/a><\/div>\r\n<div><a href=\"http:\/\/www.zsamshornistudenky.cz\/wp-content\/uploads\/2021\/09\/vyrocni-zprava-skoly-a-skolky-2018-2019-konecna-na-tisk-a-poslani.pdf\">V\u00fdro\u010dn\u00ed zpr\u00e1va 2018 \/ 2019<\/a><\/div>\r\n<p>&nbsp;<\/p>\r\n","protected":false},"excerpt":{"rendered":"","protected":false},"author":2,"featured_media":0,"parent":0,"menu_order":0,"comment_status":"closed","ping_status":"closed","template":"","meta":{"ngg_post_thumbnail":0},"_links":{"self":[{"href":"http:\/\/www.zsamshornistudenky.cz\/index.php?rest_route=\/wp\/v2\/pages\/2068"}],"collection":[{"href":"http:\/\/www.zsamshornistudenky.cz\/index.php?rest_route=\/wp\/v2\/pages"}],"about":[{"href":"http:\/\/www.zsamshornistudenky.cz\/index.php?rest_route=\/wp\/v2\/types\/page"}],"author":[{"embeddable":true,"href":"http:\/\/www.zsamshornistudenky.cz\/index.php?rest_route=\/wp\/v2\/users\/2"}],"replies":[{"embeddable":true,"href":"http:\/\/www.zsamshornistudenky.cz\/index.php?rest_route=%2Fwp%2Fv2%2Fcomments&post=2068"}],"version-history":[{"count":35,"href":"http:\/\/www.zsamshornistudenky.cz\/index.php?rest_route=\/wp\/v2\/pages\/2068\/revisions"}],"predecessor-version":[{"id":8959,"href":"http:\/\/www.zsamshornistudenky.cz\/index.php?rest_route=\/wp\/v2\/pages\/2068\/revisions\/8959"}],"wp:attachment":[{"href":"http:\/\/www.zsamshornistudenky.cz\/index.php?rest_route=%2Fwp%2Fv2%2Fmedia&parent=2068"}],"curies":[{"name":"wp","href":"https:\/\/api.w.org\/{rel}","templated":true}]}}