{"id":2022,"date":"2020-09-21T08:04:35","date_gmt":"2020-09-21T08:04:35","guid":{"rendered":"http:\/\/www.zsamshornistudenky.cz\/?page_id=2022"},"modified":"2025-08-25T10:17:23","modified_gmt":"2025-08-25T10:17:23","slug":"projekty","status":"publish","type":"page","link":"http:\/\/www.zsamshornistudenky.cz\/?page_id=2022","title":{"rendered":"Projekty"},"content":{"rendered":"\r\n<div><a href=\"http:\/\/www.zsamshornistudenky.cz\/wp-content\/uploads\/2025\/08\/Vybaveni_kuchyne.pdf\">Vybaven\u00ed \u0161koln\u00ed kuchyn\u011b<\/a><\/div>\r\n<div><a href=\"http:\/\/www.zsamshornistudenky.cz\/wp-content\/uploads\/2025\/03\/plakat.pdf\">\u0160ablony OP JAK II<\/a><\/div>\r\n<div><a href=\"http:\/\/www.zsamshornistudenky.cz\/wp-content\/uploads\/2024\/03\/Publicita_cil_174-digitalni_ucebni_pomucky.pdf\">Digitalizujeme \u0161kolu &#8211; c\u00edl 174 &#8211; Digit\u00e1ln\u00ed u\u010debn\u00ed pom\u016fcky<\/a><\/div>\r\n<div><a href=\"http:\/\/www.zsamshornistudenky.cz\/wp-content\/uploads\/2024\/03\/Publicita_cil_173-prevence_digitalni_propasti.pdf\">Digitalizujeme \u0161kolu &#8211; c\u00edl 173 &#8211; Digit\u00e1ln\u00ed propast<\/a><\/div>\r\n<div><a href=\"http:\/\/www.zsamshornistudenky.cz\/wp-content\/uploads\/2024\/03\/Publicita_cil_172-distancni_vyuka.pdf\">Digitalizujeme \u0161kolu &#8211; c\u00edl 172 &#8211; Distan\u010dn\u00ed v\u00fduka<\/a><\/div>\r\n<div><a href=\"http:\/\/www.zsamshornistudenky.cz\/wp-content\/uploads\/2023\/09\/Plakat_Cesta_ke_kvalitnimu_vzdelavani.pdf\">\u0160ablony OP JAK<\/a><\/div>\r\n<div><a href=\"http:\/\/www.zsamshornistudenky.cz\/wp-content\/uploads\/2022\/11\/Digitalizujeme_skolu.pdf\">Digitalizujeme \u0161kolu<\/a><\/div>\r\n<div><a href=\"http:\/\/www.zsamshornistudenky.cz\/wp-content\/uploads\/2022\/11\/Doucovani_zaku_skol.pdf\">Dou\u010dov\u00e1n\u00ed \u017e\u00e1k\u016f \u0161kol<\/a><\/div>\r\n<div><a href=\"http:\/\/www.zsamshornistudenky.cz\/wp-content\/uploads\/2021\/03\/Plakat.pdf\">\u0160ablony III<\/a><\/div>\r\n<div class=\"wp-block-file\">\r\n<div><a href=\"http:\/\/www.zsamshornistudenky.cz\/wp-content\/uploads\/2020\/09\/Publicita-2.pdf\">\u0160ablony II<\/a><\/div>\r\n<div><a href=\"http:\/\/www.zsamshornistudenky.cz\/wp-content\/uploads\/2020\/09\/2008050323-a3horizontal-003-4.pdf\">Zvy\u0161ov\u00e1n\u00ed kvality a dostupnosti infrastruktury pro vzd\u011bl\u00e1v\u00e1n\u00ed v Z\u0160 a M\u0160 Horn\u00ed Stud\u00e9nky<\/a><\/div>\r\n<div><a href=\"http:\/\/www.zsamshornistudenky.cz\/wp-content\/uploads\/2022\/02\/Zvysovani_kvality_a_dostupnosti_infrastruktury_pro_vzdelavani.pdf\">Zvy\u0161ov\u00e1n\u00ed kvality a dostupnosti infrastruktury pro vzd\u011bl\u00e1v\u00e1n\u00ed<\/a><\/div>\r\n<div><a href=\"http:\/\/www.zsamshornistudenky.cz\/wp-content\/uploads\/2022\/02\/grantove-projekty-pro-rok-2019-2020-1.pdf\">Grantov\u00e9 projekty pro rok 2020 \/ 2021<\/a><\/div>\r\n<\/div>\r\n<div>\r\n<div>&nbsp;<\/div>\r\n<\/div>\r\n<div>&nbsp;<\/div>\r\n<div>&nbsp;<\/div>\r\n\r\n\r\n\r\n<div class=\"wp-block-file\">&nbsp;<\/div>\r\n\r\n\r\n\r\n<div class=\"wp-block-file\">&nbsp;<\/div>\r\n\r\n\r\n\r\n<div class=\"wp-block-file\">&nbsp;<\/div>\r\n\r\n\r\n\r\n<p>&nbsp;<\/p>\r\n","protected":false},"excerpt":{"rendered":"<p>&nbsp;<\/p>\n","protected":false},"author":1,"featured_media":0,"parent":0,"menu_order":0,"comment_status":"closed","ping_status":"closed","template":"","meta":{"ngg_post_thumbnail":0},"_links":{"self":[{"href":"http:\/\/www.zsamshornistudenky.cz\/index.php?rest_route=\/wp\/v2\/pages\/2022"}],"collection":[{"href":"http:\/\/www.zsamshornistudenky.cz\/index.php?rest_route=\/wp\/v2\/pages"}],"about":[{"href":"http:\/\/www.zsamshornistudenky.cz\/index.php?rest_route=\/wp\/v2\/types\/page"}],"author":[{"embeddable":true,"href":"http:\/\/www.zsamshornistudenky.cz\/index.php?rest_route=\/wp\/v2\/users\/1"}],"replies":[{"embeddable":true,"href":"http:\/\/www.zsamshornistudenky.cz\/index.php?rest_route=%2Fwp%2Fv2%2Fcomments&post=2022"}],"version-history":[{"count":28,"href":"http:\/\/www.zsamshornistudenky.cz\/index.php?rest_route=\/wp\/v2\/pages\/2022\/revisions"}],"predecessor-version":[{"id":8892,"href":"http:\/\/www.zsamshornistudenky.cz\/index.php?rest_route=\/wp\/v2\/pages\/2022\/revisions\/8892"}],"wp:attachment":[{"href":"http:\/\/www.zsamshornistudenky.cz\/index.php?rest_route=%2Fwp%2Fv2%2Fmedia&parent=2022"}],"curies":[{"name":"wp","href":"https:\/\/api.w.org\/{rel}","templated":true}]}}