{"id":1982,"date":"2020-09-15T13:41:26","date_gmt":"2020-09-15T13:41:26","guid":{"rendered":"http:\/\/www.zsamshornistudenky.cz\/?page_id=1982"},"modified":"2025-08-27T11:29:47","modified_gmt":"2025-08-27T11:29:47","slug":"informace","status":"publish","type":"page","link":"http:\/\/www.zsamshornistudenky.cz\/?page_id=1982","title":{"rendered":"Informace"},"content":{"rendered":"\r\n<div>&nbsp;<\/div>\r\n<div><a href=\"http:\/\/www.zsamshornistudenky.cz\/wp-content\/uploads\/2025\/08\/KHSOL_Dopis-pro-rodice_VHA.pdf\">Informace pro rodi\u010de: Virov\u00e1 hepatitida A<\/a><\/div>\r\n<div><a href=\"http:\/\/www.zsamshornistudenky.cz\/wp-content\/uploads\/2024\/06\/Vyse_uplaty_pro_sk_rok_2024-2025.pdf\">V\u00fd\u0161e \u00faplaty pro \u0161koln\u00ed rok 2024 \/ 2025<\/a><\/div>\r\n<div><a href=\"http:\/\/www.zsamshornistudenky.cz\/wp-content\/uploads\/2022\/03\/Pozvanka_deti_k_zapisu_2022-2023.pdf\">Pozv\u00e1nka d\u011bt\u00ed k z\u00e1pisu do M\u0160 pro \u0161koln\u00ed rok 2022 \/ 2023<\/a><\/div>\r\n<div><a href=\"http:\/\/www.zsamshornistudenky.cz\/wp-content\/uploads\/2022\/03\/Zapis_deti_do_1_tridy_na_web-2.pdf\">Z\u00e1pis d\u011bt\u00ed do 1. t\u0159\u00eddy pro \u0161koln\u00ed rok 2022 \/ 2023<\/a><\/div>\r\n<div><a href=\"http:\/\/www.zsamshornistudenky.cz\/wp-content\/uploads\/2022\/03\/Respiratory_od_14_3_2022-1.pdf\">Respir\u00e1tory od 14. 3. 2022<\/a><\/div>\r\n<div><a href=\"http:\/\/www.zsamshornistudenky.cz\/wp-content\/uploads\/2022\/01\/Testovani_zaku_od_17_1_2022-1.pdf\">Informace k testov\u00e1n\u00ed od 17. 1. 2022<\/a><\/div>\r\n<div><a href=\"http:\/\/www.zsamshornistudenky.cz\/wp-content\/uploads\/2022\/01\/b1-informace-o-zpracovani-cl-13-gdpr-zaci.pdf\">Informace o GDPR p\u0159i testov\u00e1n\u00ed na COVID-19: \u017e\u00e1ci od 17. 1. 2022<\/a><\/div>\r\n<div><a href=\"http:\/\/www.zsamshornistudenky.cz\/wp-content\/uploads\/2022\/01\/a1-informace-o-zpracovani-cl-13-gdpr-zamestnanec.pdf\">Informace o GDPR p\u0159i testov\u00e1n\u00ed na COVID-19: zam\u011bstnanci od 17. 1. 2022<\/a><\/div>\r\n<div><a href=\"http:\/\/www.zsamshornistudenky.cz\/wp-content\/uploads\/2022\/01\/Testovani_zaku_od_3_1_2022.pdf\">Informace k testov\u00e1n\u00ed od 3. 1. 2022<\/a><\/div>\r\n<div><a href=\"http:\/\/www.zsamshornistudenky.cz\/wp-content\/uploads\/2022\/01\/Letak_testovani_od_3_1_2022.pdf\">Let\u00e1k k testov\u00e1n\u00ed od 3. 1. 2022<\/a><\/div>\r\n<div><a href=\"http:\/\/www.zsamshornistudenky.cz\/wp-content\/uploads\/2021\/11\/Informace-testovani-listopad-21.pdf\">Informace o GDPR p\u0159i testov\u00e1n\u00ed na COVID-19 od 1. 11. 2021<\/a><\/div>\r\n<div><a href=\"http:\/\/www.zsamshornistudenky.cz\/wp-content\/uploads\/2021\/11\/Testovani_zaku_ZS.pdf\">Testov\u00e1n\u00ed \u017e\u00e1k\u016f Z\u0160<\/a><\/div>\r\n<div><a href=\"http:\/\/www.zsamshornistudenky.cz\/wp-content\/uploads\/2021\/11\/Obecne-informace-ke-screeningovemu-testovani.pdf\">Obecn\u00e9 informace ke screeningov\u00e9mu testov\u00e1n\u00ed<\/a><\/div>\r\n<div><a href=\"http:\/\/www.zsamshornistudenky.cz\/wp-content\/uploads\/2021\/10\/Informace_pro_skoly_s_ucinnosti_od_25_10_2021_a_1_11_2021_final-1.pdf\">Informace k provozu \u0161kol a \u0161kolsk\u00fdch za\u0159\u00edzen\u00ed od 1. 11. 2021<\/a><\/div>\r\n<div><a href=\"http:\/\/www.zsamshornistudenky.cz\/wp-content\/uploads\/2021\/08\/Informace_k_zahajeni_noveho_skolniho_roku_2021-2022.pdf\">Informace k zah\u00e1jen\u00ed \u0161koln\u00edho roku 2021\/2022<\/a><\/div>\r\n<div>\r\n<div><a href=\"http:\/\/www.zsamshornistudenky.cz\/wp-content\/uploads\/2021\/08\/Aktualni_informace_k_testovani_zaku_ZS_od_1_9.pdf\">Informace k testov\u00e1n\u00ed \u017e\u00e1k\u016f Z\u0160 od 1. 9. 2021<\/a><\/div>\r\n<div><a href=\"http:\/\/www.zsamshornistudenky.cz\/wp-content\/uploads\/2021\/05\/Provoz-MS-prazdniny-2021.pdf\">Provoz mate\u0159sk\u00e9 \u0161koly o pr\u00e1zdnin\u00e1ch 2021<\/a><\/div>\r\n<\/div>\r\n<div class=\"wp-block-file\">&nbsp;<\/div>\r\n<div>&nbsp;<\/div>\r\n\r\n\r\n\r\n<div class=\"wp-block-file\">&nbsp;<\/div>\r\n\r\n\r\n\r\n<div class=\"wp-block-file\">&nbsp;<\/div>\r\n\r\n\r\n\r\n\r\n\r\n\r\n\r\n<p>&nbsp;<\/p>\r\n","protected":false},"excerpt":{"rendered":"<p>&nbsp;<\/p>\n","protected":false},"author":2,"featured_media":0,"parent":0,"menu_order":0,"comment_status":"closed","ping_status":"closed","template":"","meta":{"ngg_post_thumbnail":0},"_links":{"self":[{"href":"http:\/\/www.zsamshornistudenky.cz\/index.php?rest_route=\/wp\/v2\/pages\/1982"}],"collection":[{"href":"http:\/\/www.zsamshornistudenky.cz\/index.php?rest_route=\/wp\/v2\/pages"}],"about":[{"href":"http:\/\/www.zsamshornistudenky.cz\/index.php?rest_route=\/wp\/v2\/types\/page"}],"author":[{"embeddable":true,"href":"http:\/\/www.zsamshornistudenky.cz\/index.php?rest_route=\/wp\/v2\/users\/2"}],"replies":[{"embeddable":true,"href":"http:\/\/www.zsamshornistudenky.cz\/index.php?rest_route=%2Fwp%2Fv2%2Fcomments&post=1982"}],"version-history":[{"count":77,"href":"http:\/\/www.zsamshornistudenky.cz\/index.php?rest_route=\/wp\/v2\/pages\/1982\/revisions"}],"predecessor-version":[{"id":8918,"href":"http:\/\/www.zsamshornistudenky.cz\/index.php?rest_route=\/wp\/v2\/pages\/1982\/revisions\/8918"}],"wp:attachment":[{"href":"http:\/\/www.zsamshornistudenky.cz\/index.php?rest_route=%2Fwp%2Fv2%2Fmedia&parent=1982"}],"curies":[{"name":"wp","href":"https:\/\/api.w.org\/{rel}","templated":true}]}}