{"id":1795,"date":"2020-05-05T11:47:14","date_gmt":"2020-05-05T11:47:14","guid":{"rendered":"http:\/\/www.zsamshornistudenky.cz\/?page_id=1795"},"modified":"2020-09-15T13:10:52","modified_gmt":"2020-09-15T13:10:52","slug":"fotogalerie-recitacni-soutez-2019-2020","status":"publish","type":"page","link":"http:\/\/www.zsamshornistudenky.cz\/?page_id=1795","title":{"rendered":"Fotogalerie &#8211; Recita\u010dn\u00ed sout\u011b\u017e 2019\/2020"},"content":{"rendered":"\n<p><a href=\"http:\/\/www.zsamshornistudenky.cz\/?page_id=43\">&lt;ZP\u011aT<\/a><\/p>\n\n\n\n<!-- default-view.php -->\n<div\n\tclass=\"ngg-galleryoverview default-view \"\n\tid=\"ngg-gallery-afe0cadf643d30c109d8bf4441fb702c-1\">\n\n\t\t<!-- Thumbnails -->\n\t\t\t\t<div id=\"ngg-image-0\" class=\"ngg-gallery-thumbnail-box \" >\n\t\t\t\t        <div class=\"ngg-gallery-thumbnail\">\n            <a href=\"http:\/\/www.zsamshornistudenky.cz\/wp-content\/gallery\/recitacni-soutez-2019-2020\/IMG_E3829.JPG\"\n               title=\"\"\n               data-src=\"http:\/\/www.zsamshornistudenky.cz\/wp-content\/gallery\/recitacni-soutez-2019-2020\/IMG_E3829.JPG\"\n               data-thumbnail=\"http:\/\/www.zsamshornistudenky.cz\/wp-content\/gallery\/recitacni-soutez-2019-2020\/thumbs\/thumbs_IMG_E3829.JPG\"\n               data-image-id=\"1054\"\n               data-title=\"IMG_E3829\"\n               data-description=\"\"\n               data-image-slug=\"img_e3829\"\n               class=\"ngg-fancybox\" rel=\"afe0cadf643d30c109d8bf4441fb702c\">\n                <img\n                    title=\"IMG_E3829\"\n                    alt=\"IMG_E3829\"\n                    src=\"http:\/\/www.zsamshornistudenky.cz\/wp-content\/gallery\/recitacni-soutez-2019-2020\/thumbs\/thumbs_IMG_E3829.JPG\"\n                    width=\"240\"\n                    height=\"160\"\n                    style=\"max-width:100%;\"\n                \/>\n            <\/a>\n        <\/div>\n\t\t\t\t\t\t\t<\/div> \n\t\t\t\n\t\t\t\t<div id=\"ngg-image-1\" class=\"ngg-gallery-thumbnail-box \" >\n\t\t\t\t        <div class=\"ngg-gallery-thumbnail\">\n            <a href=\"http:\/\/www.zsamshornistudenky.cz\/wp-content\/gallery\/recitacni-soutez-2019-2020\/IMG_E3830.JPG\"\n               title=\"\"\n               data-src=\"http:\/\/www.zsamshornistudenky.cz\/wp-content\/gallery\/recitacni-soutez-2019-2020\/IMG_E3830.JPG\"\n               data-thumbnail=\"http:\/\/www.zsamshornistudenky.cz\/wp-content\/gallery\/recitacni-soutez-2019-2020\/thumbs\/thumbs_IMG_E3830.JPG\"\n               data-image-id=\"1055\"\n               data-title=\"IMG_E3830\"\n               data-description=\"\"\n               data-image-slug=\"img_e3830\"\n               class=\"ngg-fancybox\" rel=\"afe0cadf643d30c109d8bf4441fb702c\">\n                <img\n                    title=\"IMG_E3830\"\n                    alt=\"IMG_E3830\"\n                    src=\"http:\/\/www.zsamshornistudenky.cz\/wp-content\/gallery\/recitacni-soutez-2019-2020\/thumbs\/thumbs_IMG_E3830.JPG\"\n                    width=\"240\"\n                    height=\"160\"\n                    style=\"max-width:100%;\"\n                \/>\n            <\/a>\n        <\/div>\n\t\t\t\t\t\t\t<\/div> \n\t\t\t\n\t\t\t\t<div id=\"ngg-image-2\" class=\"ngg-gallery-thumbnail-box \" >\n\t\t\t\t        <div class=\"ngg-gallery-thumbnail\">\n            <a href=\"http:\/\/www.zsamshornistudenky.cz\/wp-content\/gallery\/recitacni-soutez-2019-2020\/IMG_E3831.JPG\"\n               title=\"\"\n               data-src=\"http:\/\/www.zsamshornistudenky.cz\/wp-content\/gallery\/recitacni-soutez-2019-2020\/IMG_E3831.JPG\"\n               data-thumbnail=\"http:\/\/www.zsamshornistudenky.cz\/wp-content\/gallery\/recitacni-soutez-2019-2020\/thumbs\/thumbs_IMG_E3831.JPG\"\n               data-image-id=\"1056\"\n               data-title=\"IMG_E3831\"\n               data-description=\"\"\n               data-image-slug=\"img_e3831\"\n               class=\"ngg-fancybox\" rel=\"afe0cadf643d30c109d8bf4441fb702c\">\n                <img\n                    title=\"IMG_E3831\"\n                    alt=\"IMG_E3831\"\n                    src=\"http:\/\/www.zsamshornistudenky.cz\/wp-content\/gallery\/recitacni-soutez-2019-2020\/thumbs\/thumbs_IMG_E3831.JPG\"\n                    width=\"240\"\n                    height=\"160\"\n                    style=\"max-width:100%;\"\n                \/>\n            <\/a>\n        <\/div>\n\t\t\t\t\t\t\t<\/div> \n\t\t\t\n\t\t\t\t<div id=\"ngg-image-3\" class=\"ngg-gallery-thumbnail-box \" >\n\t\t\t\t        <div class=\"ngg-gallery-thumbnail\">\n            <a href=\"http:\/\/www.zsamshornistudenky.cz\/wp-content\/gallery\/recitacni-soutez-2019-2020\/IMG_E3832.JPG\"\n               title=\"\"\n               data-src=\"http:\/\/www.zsamshornistudenky.cz\/wp-content\/gallery\/recitacni-soutez-2019-2020\/IMG_E3832.JPG\"\n               data-thumbnail=\"http:\/\/www.zsamshornistudenky.cz\/wp-content\/gallery\/recitacni-soutez-2019-2020\/thumbs\/thumbs_IMG_E3832.JPG\"\n               data-image-id=\"1057\"\n               data-title=\"IMG_E3832\"\n               data-description=\"\"\n               data-image-slug=\"img_e3832\"\n               class=\"ngg-fancybox\" rel=\"afe0cadf643d30c109d8bf4441fb702c\">\n                <img\n                    title=\"IMG_E3832\"\n                    alt=\"IMG_E3832\"\n                    src=\"http:\/\/www.zsamshornistudenky.cz\/wp-content\/gallery\/recitacni-soutez-2019-2020\/thumbs\/thumbs_IMG_E3832.JPG\"\n                    width=\"240\"\n                    height=\"160\"\n                    style=\"max-width:100%;\"\n                \/>\n            <\/a>\n        <\/div>\n\t\t\t\t\t\t\t<\/div> \n\t\t\t\n\t\t\t\t<div id=\"ngg-image-4\" class=\"ngg-gallery-thumbnail-box \" >\n\t\t\t\t        <div class=\"ngg-gallery-thumbnail\">\n            <a href=\"http:\/\/www.zsamshornistudenky.cz\/wp-content\/gallery\/recitacni-soutez-2019-2020\/IMG_E3833.JPG\"\n               title=\"\"\n               data-src=\"http:\/\/www.zsamshornistudenky.cz\/wp-content\/gallery\/recitacni-soutez-2019-2020\/IMG_E3833.JPG\"\n               data-thumbnail=\"http:\/\/www.zsamshornistudenky.cz\/wp-content\/gallery\/recitacni-soutez-2019-2020\/thumbs\/thumbs_IMG_E3833.JPG\"\n               data-image-id=\"1058\"\n               data-title=\"IMG_E3833\"\n               data-description=\"\"\n               data-image-slug=\"img_e3833\"\n               class=\"ngg-fancybox\" rel=\"afe0cadf643d30c109d8bf4441fb702c\">\n                <img\n                    title=\"IMG_E3833\"\n                    alt=\"IMG_E3833\"\n                    src=\"http:\/\/www.zsamshornistudenky.cz\/wp-content\/gallery\/recitacni-soutez-2019-2020\/thumbs\/thumbs_IMG_E3833.JPG\"\n                    width=\"240\"\n                    height=\"160\"\n                    style=\"max-width:100%;\"\n                \/>\n            <\/a>\n        <\/div>\n\t\t\t\t\t\t\t<\/div> \n\t\t\t\n\t\t\t\t<div id=\"ngg-image-5\" class=\"ngg-gallery-thumbnail-box \" >\n\t\t\t\t        <div class=\"ngg-gallery-thumbnail\">\n            <a href=\"http:\/\/www.zsamshornistudenky.cz\/wp-content\/gallery\/recitacni-soutez-2019-2020\/IMG_E3834.JPG\"\n               title=\"\"\n               data-src=\"http:\/\/www.zsamshornistudenky.cz\/wp-content\/gallery\/recitacni-soutez-2019-2020\/IMG_E3834.JPG\"\n               data-thumbnail=\"http:\/\/www.zsamshornistudenky.cz\/wp-content\/gallery\/recitacni-soutez-2019-2020\/thumbs\/thumbs_IMG_E3834.JPG\"\n               data-image-id=\"1059\"\n               data-title=\"IMG_E3834\"\n               data-description=\"\"\n               data-image-slug=\"img_e3834\"\n               class=\"ngg-fancybox\" rel=\"afe0cadf643d30c109d8bf4441fb702c\">\n                <img\n                    title=\"IMG_E3834\"\n                    alt=\"IMG_E3834\"\n                    src=\"http:\/\/www.zsamshornistudenky.cz\/wp-content\/gallery\/recitacni-soutez-2019-2020\/thumbs\/thumbs_IMG_E3834.JPG\"\n                    width=\"240\"\n                    height=\"160\"\n                    style=\"max-width:100%;\"\n                \/>\n            <\/a>\n        <\/div>\n\t\t\t\t\t\t\t<\/div> \n\t\t\t\n\t\t\t\t<div id=\"ngg-image-6\" class=\"ngg-gallery-thumbnail-box \" >\n\t\t\t\t        <div class=\"ngg-gallery-thumbnail\">\n            <a href=\"http:\/\/www.zsamshornistudenky.cz\/wp-content\/gallery\/recitacni-soutez-2019-2020\/IMG_E3835.JPG\"\n               title=\"\"\n               data-src=\"http:\/\/www.zsamshornistudenky.cz\/wp-content\/gallery\/recitacni-soutez-2019-2020\/IMG_E3835.JPG\"\n               data-thumbnail=\"http:\/\/www.zsamshornistudenky.cz\/wp-content\/gallery\/recitacni-soutez-2019-2020\/thumbs\/thumbs_IMG_E3835.JPG\"\n               data-image-id=\"1060\"\n               data-title=\"IMG_E3835\"\n               data-description=\"\"\n               data-image-slug=\"img_e3835\"\n               class=\"ngg-fancybox\" rel=\"afe0cadf643d30c109d8bf4441fb702c\">\n                <img\n                    title=\"IMG_E3835\"\n                    alt=\"IMG_E3835\"\n                    src=\"http:\/\/www.zsamshornistudenky.cz\/wp-content\/gallery\/recitacni-soutez-2019-2020\/thumbs\/thumbs_IMG_E3835.JPG\"\n                    width=\"240\"\n                    height=\"160\"\n                    style=\"max-width:100%;\"\n                \/>\n            <\/a>\n        <\/div>\n\t\t\t\t\t\t\t<\/div> \n\t\t\t\n\t\t\t\t<div id=\"ngg-image-7\" class=\"ngg-gallery-thumbnail-box \" >\n\t\t\t\t        <div class=\"ngg-gallery-thumbnail\">\n            <a href=\"http:\/\/www.zsamshornistudenky.cz\/wp-content\/gallery\/recitacni-soutez-2019-2020\/IMG_E3836.JPG\"\n               title=\"\"\n               data-src=\"http:\/\/www.zsamshornistudenky.cz\/wp-content\/gallery\/recitacni-soutez-2019-2020\/IMG_E3836.JPG\"\n               data-thumbnail=\"http:\/\/www.zsamshornistudenky.cz\/wp-content\/gallery\/recitacni-soutez-2019-2020\/thumbs\/thumbs_IMG_E3836.JPG\"\n               data-image-id=\"1061\"\n               data-title=\"IMG_E3836\"\n               data-description=\"\"\n               data-image-slug=\"img_e3836\"\n               class=\"ngg-fancybox\" rel=\"afe0cadf643d30c109d8bf4441fb702c\">\n                <img\n                    title=\"IMG_E3836\"\n                    alt=\"IMG_E3836\"\n                    src=\"http:\/\/www.zsamshornistudenky.cz\/wp-content\/gallery\/recitacni-soutez-2019-2020\/thumbs\/thumbs_IMG_E3836.JPG\"\n                    width=\"240\"\n                    height=\"160\"\n                    style=\"max-width:100%;\"\n                \/>\n            <\/a>\n        <\/div>\n\t\t\t\t\t\t\t<\/div> \n\t\t\t\n\t\t\t\t<div id=\"ngg-image-8\" class=\"ngg-gallery-thumbnail-box \" >\n\t\t\t\t        <div class=\"ngg-gallery-thumbnail\">\n            <a href=\"http:\/\/www.zsamshornistudenky.cz\/wp-content\/gallery\/recitacni-soutez-2019-2020\/IMG_E3837.JPG\"\n               title=\"\"\n               data-src=\"http:\/\/www.zsamshornistudenky.cz\/wp-content\/gallery\/recitacni-soutez-2019-2020\/IMG_E3837.JPG\"\n               data-thumbnail=\"http:\/\/www.zsamshornistudenky.cz\/wp-content\/gallery\/recitacni-soutez-2019-2020\/thumbs\/thumbs_IMG_E3837.JPG\"\n               data-image-id=\"1062\"\n               data-title=\"IMG_E3837\"\n               data-description=\"\"\n               data-image-slug=\"img_e3837\"\n               class=\"ngg-fancybox\" rel=\"afe0cadf643d30c109d8bf4441fb702c\">\n                <img\n                    title=\"IMG_E3837\"\n                    alt=\"IMG_E3837\"\n                    src=\"http:\/\/www.zsamshornistudenky.cz\/wp-content\/gallery\/recitacni-soutez-2019-2020\/thumbs\/thumbs_IMG_E3837.JPG\"\n                    width=\"240\"\n                    height=\"160\"\n                    style=\"max-width:100%;\"\n                \/>\n            <\/a>\n        <\/div>\n\t\t\t\t\t\t\t<\/div> \n\t\t\t\n\t\t\t\t<div id=\"ngg-image-9\" class=\"ngg-gallery-thumbnail-box \" >\n\t\t\t\t        <div class=\"ngg-gallery-thumbnail\">\n            <a href=\"http:\/\/www.zsamshornistudenky.cz\/wp-content\/gallery\/recitacni-soutez-2019-2020\/IMG_E3838.JPG\"\n               title=\"\"\n               data-src=\"http:\/\/www.zsamshornistudenky.cz\/wp-content\/gallery\/recitacni-soutez-2019-2020\/IMG_E3838.JPG\"\n               data-thumbnail=\"http:\/\/www.zsamshornistudenky.cz\/wp-content\/gallery\/recitacni-soutez-2019-2020\/thumbs\/thumbs_IMG_E3838.JPG\"\n               data-image-id=\"1063\"\n               data-title=\"IMG_E3838\"\n               data-description=\"\"\n               data-image-slug=\"img_e3838\"\n               class=\"ngg-fancybox\" rel=\"afe0cadf643d30c109d8bf4441fb702c\">\n                <img\n                    title=\"IMG_E3838\"\n                    alt=\"IMG_E3838\"\n                    src=\"http:\/\/www.zsamshornistudenky.cz\/wp-content\/gallery\/recitacni-soutez-2019-2020\/thumbs\/thumbs_IMG_E3838.JPG\"\n                    width=\"240\"\n                    height=\"160\"\n                    style=\"max-width:100%;\"\n                \/>\n            <\/a>\n        <\/div>\n\t\t\t\t\t\t\t<\/div> \n\t\t\t\n\t\t\t\t<div id=\"ngg-image-10\" class=\"ngg-gallery-thumbnail-box \" >\n\t\t\t\t        <div class=\"ngg-gallery-thumbnail\">\n            <a href=\"http:\/\/www.zsamshornistudenky.cz\/wp-content\/gallery\/recitacni-soutez-2019-2020\/IMG_E3839.JPG\"\n               title=\"\"\n               data-src=\"http:\/\/www.zsamshornistudenky.cz\/wp-content\/gallery\/recitacni-soutez-2019-2020\/IMG_E3839.JPG\"\n               data-thumbnail=\"http:\/\/www.zsamshornistudenky.cz\/wp-content\/gallery\/recitacni-soutez-2019-2020\/thumbs\/thumbs_IMG_E3839.JPG\"\n               data-image-id=\"1064\"\n               data-title=\"IMG_E3839\"\n               data-description=\"\"\n               data-image-slug=\"img_e3839\"\n               class=\"ngg-fancybox\" rel=\"afe0cadf643d30c109d8bf4441fb702c\">\n                <img\n                    title=\"IMG_E3839\"\n                    alt=\"IMG_E3839\"\n                    src=\"http:\/\/www.zsamshornistudenky.cz\/wp-content\/gallery\/recitacni-soutez-2019-2020\/thumbs\/thumbs_IMG_E3839.JPG\"\n                    width=\"240\"\n                    height=\"160\"\n                    style=\"max-width:100%;\"\n                \/>\n            <\/a>\n        <\/div>\n\t\t\t\t\t\t\t<\/div> \n\t\t\t\n\t\t\t\t<div id=\"ngg-image-11\" class=\"ngg-gallery-thumbnail-box \" >\n\t\t\t\t        <div class=\"ngg-gallery-thumbnail\">\n            <a href=\"http:\/\/www.zsamshornistudenky.cz\/wp-content\/gallery\/recitacni-soutez-2019-2020\/IMG_E3840.JPG\"\n               title=\"\"\n               data-src=\"http:\/\/www.zsamshornistudenky.cz\/wp-content\/gallery\/recitacni-soutez-2019-2020\/IMG_E3840.JPG\"\n               data-thumbnail=\"http:\/\/www.zsamshornistudenky.cz\/wp-content\/gallery\/recitacni-soutez-2019-2020\/thumbs\/thumbs_IMG_E3840.JPG\"\n               data-image-id=\"1065\"\n               data-title=\"IMG_E3840\"\n               data-description=\"\"\n               data-image-slug=\"img_e3840\"\n               class=\"ngg-fancybox\" rel=\"afe0cadf643d30c109d8bf4441fb702c\">\n                <img\n                    title=\"IMG_E3840\"\n                    alt=\"IMG_E3840\"\n                    src=\"http:\/\/www.zsamshornistudenky.cz\/wp-content\/gallery\/recitacni-soutez-2019-2020\/thumbs\/thumbs_IMG_E3840.JPG\"\n                    width=\"240\"\n                    height=\"160\"\n                    style=\"max-width:100%;\"\n                \/>\n            <\/a>\n        <\/div>\n\t\t\t\t\t\t\t<\/div> \n\t\t\t\n\t\t\t\t<div id=\"ngg-image-12\" class=\"ngg-gallery-thumbnail-box \" >\n\t\t\t\t        <div class=\"ngg-gallery-thumbnail\">\n            <a href=\"http:\/\/www.zsamshornistudenky.cz\/wp-content\/gallery\/recitacni-soutez-2019-2020\/IMG_E3841.JPG\"\n               title=\"\"\n               data-src=\"http:\/\/www.zsamshornistudenky.cz\/wp-content\/gallery\/recitacni-soutez-2019-2020\/IMG_E3841.JPG\"\n               data-thumbnail=\"http:\/\/www.zsamshornistudenky.cz\/wp-content\/gallery\/recitacni-soutez-2019-2020\/thumbs\/thumbs_IMG_E3841.JPG\"\n               data-image-id=\"1066\"\n               data-title=\"IMG_E3841\"\n               data-description=\"\"\n               data-image-slug=\"img_e3841\"\n               class=\"ngg-fancybox\" rel=\"afe0cadf643d30c109d8bf4441fb702c\">\n                <img\n                    title=\"IMG_E3841\"\n                    alt=\"IMG_E3841\"\n                    src=\"http:\/\/www.zsamshornistudenky.cz\/wp-content\/gallery\/recitacni-soutez-2019-2020\/thumbs\/thumbs_IMG_E3841.JPG\"\n                    width=\"240\"\n                    height=\"160\"\n                    style=\"max-width:100%;\"\n                \/>\n            <\/a>\n        <\/div>\n\t\t\t\t\t\t\t<\/div> \n\t\t\t\n\t\t\t\t<div id=\"ngg-image-13\" class=\"ngg-gallery-thumbnail-box \" >\n\t\t\t\t        <div class=\"ngg-gallery-thumbnail\">\n            <a href=\"http:\/\/www.zsamshornistudenky.cz\/wp-content\/gallery\/recitacni-soutez-2019-2020\/IMG_E3842.JPG\"\n               title=\"\"\n               data-src=\"http:\/\/www.zsamshornistudenky.cz\/wp-content\/gallery\/recitacni-soutez-2019-2020\/IMG_E3842.JPG\"\n               data-thumbnail=\"http:\/\/www.zsamshornistudenky.cz\/wp-content\/gallery\/recitacni-soutez-2019-2020\/thumbs\/thumbs_IMG_E3842.JPG\"\n               data-image-id=\"1067\"\n               data-title=\"IMG_E3842\"\n               data-description=\"\"\n               data-image-slug=\"img_e3842\"\n               class=\"ngg-fancybox\" rel=\"afe0cadf643d30c109d8bf4441fb702c\">\n                <img\n                    title=\"IMG_E3842\"\n                    alt=\"IMG_E3842\"\n                    src=\"http:\/\/www.zsamshornistudenky.cz\/wp-content\/gallery\/recitacni-soutez-2019-2020\/thumbs\/thumbs_IMG_E3842.JPG\"\n                    width=\"240\"\n                    height=\"160\"\n                    style=\"max-width:100%;\"\n                \/>\n            <\/a>\n        <\/div>\n\t\t\t\t\t\t\t<\/div> \n\t\t\t\n\t\t\t\t<div id=\"ngg-image-14\" class=\"ngg-gallery-thumbnail-box \" >\n\t\t\t\t        <div class=\"ngg-gallery-thumbnail\">\n            <a href=\"http:\/\/www.zsamshornistudenky.cz\/wp-content\/gallery\/recitacni-soutez-2019-2020\/IMG_E3843.JPG\"\n               title=\"\"\n               data-src=\"http:\/\/www.zsamshornistudenky.cz\/wp-content\/gallery\/recitacni-soutez-2019-2020\/IMG_E3843.JPG\"\n               data-thumbnail=\"http:\/\/www.zsamshornistudenky.cz\/wp-content\/gallery\/recitacni-soutez-2019-2020\/thumbs\/thumbs_IMG_E3843.JPG\"\n               data-image-id=\"1068\"\n               data-title=\"IMG_E3843\"\n               data-description=\"\"\n               data-image-slug=\"img_e3843\"\n               class=\"ngg-fancybox\" rel=\"afe0cadf643d30c109d8bf4441fb702c\">\n                <img\n                    title=\"IMG_E3843\"\n                    alt=\"IMG_E3843\"\n                    src=\"http:\/\/www.zsamshornistudenky.cz\/wp-content\/gallery\/recitacni-soutez-2019-2020\/thumbs\/thumbs_IMG_E3843.JPG\"\n                    width=\"240\"\n                    height=\"160\"\n                    style=\"max-width:100%;\"\n                \/>\n            <\/a>\n        <\/div>\n\t\t\t\t\t\t\t<\/div> \n\t\t\t\n\t\t\t\t<div id=\"ngg-image-15\" class=\"ngg-gallery-thumbnail-box \" >\n\t\t\t\t        <div class=\"ngg-gallery-thumbnail\">\n            <a href=\"http:\/\/www.zsamshornistudenky.cz\/wp-content\/gallery\/recitacni-soutez-2019-2020\/IMG_E3858.JPG\"\n               title=\"\"\n               data-src=\"http:\/\/www.zsamshornistudenky.cz\/wp-content\/gallery\/recitacni-soutez-2019-2020\/IMG_E3858.JPG\"\n               data-thumbnail=\"http:\/\/www.zsamshornistudenky.cz\/wp-content\/gallery\/recitacni-soutez-2019-2020\/thumbs\/thumbs_IMG_E3858.JPG\"\n               data-image-id=\"1069\"\n               data-title=\"IMG_E3858\"\n               data-description=\"\"\n               data-image-slug=\"img_e3858\"\n               class=\"ngg-fancybox\" rel=\"afe0cadf643d30c109d8bf4441fb702c\">\n                <img\n                    title=\"IMG_E3858\"\n                    alt=\"IMG_E3858\"\n                    src=\"http:\/\/www.zsamshornistudenky.cz\/wp-content\/gallery\/recitacni-soutez-2019-2020\/thumbs\/thumbs_IMG_E3858.JPG\"\n                    width=\"240\"\n                    height=\"160\"\n                    style=\"max-width:100%;\"\n                \/>\n            <\/a>\n        <\/div>\n\t\t\t\t\t\t\t<\/div> \n\t\t\t\n\t\t\t\t<div id=\"ngg-image-16\" class=\"ngg-gallery-thumbnail-box \" >\n\t\t\t\t        <div class=\"ngg-gallery-thumbnail\">\n            <a href=\"http:\/\/www.zsamshornistudenky.cz\/wp-content\/gallery\/recitacni-soutez-2019-2020\/IMG_E3859.JPG\"\n               title=\"\"\n               data-src=\"http:\/\/www.zsamshornistudenky.cz\/wp-content\/gallery\/recitacni-soutez-2019-2020\/IMG_E3859.JPG\"\n               data-thumbnail=\"http:\/\/www.zsamshornistudenky.cz\/wp-content\/gallery\/recitacni-soutez-2019-2020\/thumbs\/thumbs_IMG_E3859.JPG\"\n               data-image-id=\"1070\"\n               data-title=\"IMG_E3859\"\n               data-description=\"\"\n               data-image-slug=\"img_e3859\"\n               class=\"ngg-fancybox\" rel=\"afe0cadf643d30c109d8bf4441fb702c\">\n                <img\n                    title=\"IMG_E3859\"\n                    alt=\"IMG_E3859\"\n                    src=\"http:\/\/www.zsamshornistudenky.cz\/wp-content\/gallery\/recitacni-soutez-2019-2020\/thumbs\/thumbs_IMG_E3859.JPG\"\n                    width=\"240\"\n                    height=\"160\"\n                    style=\"max-width:100%;\"\n                \/>\n            <\/a>\n        <\/div>\n\t\t\t\t\t\t\t<\/div> \n\t\t\t\n\t\n\t<br style=\"clear: both\" \/>\n\n\t\n\t\t<!-- Pagination -->\n\t<div class='ngg-clear'><\/div>\t<\/div>\n\n\n\n\n<p style=\"text-align:right\"><a href=\"http:\/\/www.zsamshornistudenky.cz\/?page_id=43\">&lt;ZP\u011aT<\/a><\/p>\n","protected":false},"excerpt":{"rendered":"<p>&lt;ZP\u011aT &lt;ZP\u011aT<\/p>\n","protected":false},"author":1,"featured_media":0,"parent":0,"menu_order":0,"comment_status":"closed","ping_status":"closed","template":"","meta":{"ngg_post_thumbnail":0},"_links":{"self":[{"href":"http:\/\/www.zsamshornistudenky.cz\/index.php?rest_route=\/wp\/v2\/pages\/1795"}],"collection":[{"href":"http:\/\/www.zsamshornistudenky.cz\/index.php?rest_route=\/wp\/v2\/pages"}],"about":[{"href":"http:\/\/www.zsamshornistudenky.cz\/index.php?rest_route=\/wp\/v2\/types\/page"}],"author":[{"embeddable":true,"href":"http:\/\/www.zsamshornistudenky.cz\/index.php?rest_route=\/wp\/v2\/users\/1"}],"replies":[{"embeddable":true,"href":"http:\/\/www.zsamshornistudenky.cz\/index.php?rest_route=%2Fwp%2Fv2%2Fcomments&post=1795"}],"version-history":[{"count":1,"href":"http:\/\/www.zsamshornistudenky.cz\/index.php?rest_route=\/wp\/v2\/pages\/1795\/revisions"}],"predecessor-version":[{"id":1801,"href":"http:\/\/www.zsamshornistudenky.cz\/index.php?rest_route=\/wp\/v2\/pages\/1795\/revisions\/1801"}],"wp:attachment":[{"href":"http:\/\/www.zsamshornistudenky.cz\/index.php?rest_route=%2Fwp%2Fv2%2Fmedia&parent=1795"}],"curies":[{"name":"wp","href":"https:\/\/api.w.org\/{rel}","templated":true}]}}