{"id":1586,"date":"2020-05-05T10:57:31","date_gmt":"2020-05-05T10:57:31","guid":{"rendered":"http:\/\/www.zsamshornistudenky.cz\/?page_id=1586"},"modified":"2020-09-15T13:13:32","modified_gmt":"2020-09-15T13:13:32","slug":"fotogalerie-domaci-jarni-tvoreni","status":"publish","type":"page","link":"http:\/\/www.zsamshornistudenky.cz\/?page_id=1586","title":{"rendered":"Fotogalerie \u2013 Dom\u00e1c\u00ed jarn\u00ed tvo\u0159en\u00ed 2020"},"content":{"rendered":"\n<p><a href=\"http:\/\/www.zsamshornistudenky.cz\/?page_id=43\">&lt;ZP\u011aT<\/a><\/p>\n\n\n\n<!-- default-view.php -->\n<div\n\tclass=\"ngg-galleryoverview default-view \"\n\tid=\"ngg-gallery-21ad620a4b50baa0e19e034d378ca6bb-1\">\n\n\t\t<!-- Thumbnails -->\n\t\t\t\t<div id=\"ngg-image-0\" class=\"ngg-gallery-thumbnail-box \" >\n\t\t\t\t        <div class=\"ngg-gallery-thumbnail\">\n            <a href=\"http:\/\/www.zsamshornistudenky.cz\/wp-content\/gallery\/domaci-jarni-tvoreni\/538708FF-6048-403B-87C3-3367DE6E5A9A.jpg\"\n               title=\"\"\n               data-src=\"http:\/\/www.zsamshornistudenky.cz\/wp-content\/gallery\/domaci-jarni-tvoreni\/538708FF-6048-403B-87C3-3367DE6E5A9A.jpg\"\n               data-thumbnail=\"http:\/\/www.zsamshornistudenky.cz\/wp-content\/gallery\/domaci-jarni-tvoreni\/thumbs\/thumbs_538708FF-6048-403B-87C3-3367DE6E5A9A.jpg\"\n               data-image-id=\"1006\"\n               data-title=\"538708FF-6048-403B-87C3-3367DE6E5A9A\"\n               data-description=\"\"\n               data-image-slug=\"538708ff-6048-403b-87c3-3367de6e5a9a\"\n               class=\"ngg-fancybox\" rel=\"21ad620a4b50baa0e19e034d378ca6bb\">\n                <img\n                    title=\"538708FF-6048-403B-87C3-3367DE6E5A9A\"\n                    alt=\"538708FF-6048-403B-87C3-3367DE6E5A9A\"\n                    src=\"http:\/\/www.zsamshornistudenky.cz\/wp-content\/gallery\/domaci-jarni-tvoreni\/thumbs\/thumbs_538708FF-6048-403B-87C3-3367DE6E5A9A.jpg\"\n                    width=\"240\"\n                    height=\"160\"\n                    style=\"max-width:100%;\"\n                \/>\n            <\/a>\n        <\/div>\n\t\t\t\t\t\t\t<\/div> \n\t\t\t\n\t\t\t\t<div id=\"ngg-image-1\" class=\"ngg-gallery-thumbnail-box \" >\n\t\t\t\t        <div class=\"ngg-gallery-thumbnail\">\n            <a href=\"http:\/\/www.zsamshornistudenky.cz\/wp-content\/gallery\/domaci-jarni-tvoreni\/598574F7-3166-42F9-AFF6-2E22AB8DE908.jpg\"\n               title=\"\"\n               data-src=\"http:\/\/www.zsamshornistudenky.cz\/wp-content\/gallery\/domaci-jarni-tvoreni\/598574F7-3166-42F9-AFF6-2E22AB8DE908.jpg\"\n               data-thumbnail=\"http:\/\/www.zsamshornistudenky.cz\/wp-content\/gallery\/domaci-jarni-tvoreni\/thumbs\/thumbs_598574F7-3166-42F9-AFF6-2E22AB8DE908.jpg\"\n               data-image-id=\"1007\"\n               data-title=\"598574F7-3166-42F9-AFF6-2E22AB8DE908\"\n               data-description=\"\"\n               data-image-slug=\"598574f7-3166-42f9-aff6-2e22ab8de908\"\n               class=\"ngg-fancybox\" rel=\"21ad620a4b50baa0e19e034d378ca6bb\">\n                <img\n                    title=\"598574F7-3166-42F9-AFF6-2E22AB8DE908\"\n                    alt=\"598574F7-3166-42F9-AFF6-2E22AB8DE908\"\n                    src=\"http:\/\/www.zsamshornistudenky.cz\/wp-content\/gallery\/domaci-jarni-tvoreni\/thumbs\/thumbs_598574F7-3166-42F9-AFF6-2E22AB8DE908.jpg\"\n                    width=\"240\"\n                    height=\"160\"\n                    style=\"max-width:100%;\"\n                \/>\n            <\/a>\n        <\/div>\n\t\t\t\t\t\t\t<\/div> \n\t\t\t\n\t\t\t\t<div id=\"ngg-image-2\" class=\"ngg-gallery-thumbnail-box \" >\n\t\t\t\t        <div class=\"ngg-gallery-thumbnail\">\n            <a href=\"http:\/\/www.zsamshornistudenky.cz\/wp-content\/gallery\/domaci-jarni-tvoreni\/A376E2B8-1E6F-41AB-B593-11417CD17772.jpg\"\n               title=\"\"\n               data-src=\"http:\/\/www.zsamshornistudenky.cz\/wp-content\/gallery\/domaci-jarni-tvoreni\/A376E2B8-1E6F-41AB-B593-11417CD17772.jpg\"\n               data-thumbnail=\"http:\/\/www.zsamshornistudenky.cz\/wp-content\/gallery\/domaci-jarni-tvoreni\/thumbs\/thumbs_A376E2B8-1E6F-41AB-B593-11417CD17772.jpg\"\n               data-image-id=\"1008\"\n               data-title=\"A376E2B8-1E6F-41AB-B593-11417CD17772\"\n               data-description=\"\"\n               data-image-slug=\"a376e2b8-1e6f-41ab-b593-11417cd17772\"\n               class=\"ngg-fancybox\" rel=\"21ad620a4b50baa0e19e034d378ca6bb\">\n                <img\n                    title=\"A376E2B8-1E6F-41AB-B593-11417CD17772\"\n                    alt=\"A376E2B8-1E6F-41AB-B593-11417CD17772\"\n                    src=\"http:\/\/www.zsamshornistudenky.cz\/wp-content\/gallery\/domaci-jarni-tvoreni\/thumbs\/thumbs_A376E2B8-1E6F-41AB-B593-11417CD17772.jpg\"\n                    width=\"240\"\n                    height=\"160\"\n                    style=\"max-width:100%;\"\n                \/>\n            <\/a>\n        <\/div>\n\t\t\t\t\t\t\t<\/div> \n\t\t\t\n\t\t\t\t<div id=\"ngg-image-3\" class=\"ngg-gallery-thumbnail-box \" >\n\t\t\t\t        <div class=\"ngg-gallery-thumbnail\">\n            <a href=\"http:\/\/www.zsamshornistudenky.cz\/wp-content\/gallery\/domaci-jarni-tvoreni\/FCD5E510-4EB6-4489-BA14-879AD6F42323.jpg\"\n               title=\"\"\n               data-src=\"http:\/\/www.zsamshornistudenky.cz\/wp-content\/gallery\/domaci-jarni-tvoreni\/FCD5E510-4EB6-4489-BA14-879AD6F42323.jpg\"\n               data-thumbnail=\"http:\/\/www.zsamshornistudenky.cz\/wp-content\/gallery\/domaci-jarni-tvoreni\/thumbs\/thumbs_FCD5E510-4EB6-4489-BA14-879AD6F42323.jpg\"\n               data-image-id=\"1009\"\n               data-title=\"FCD5E510-4EB6-4489-BA14-879AD6F42323\"\n               data-description=\"\"\n               data-image-slug=\"fcd5e510-4eb6-4489-ba14-879ad6f42323\"\n               class=\"ngg-fancybox\" rel=\"21ad620a4b50baa0e19e034d378ca6bb\">\n                <img\n                    title=\"FCD5E510-4EB6-4489-BA14-879AD6F42323\"\n                    alt=\"FCD5E510-4EB6-4489-BA14-879AD6F42323\"\n                    src=\"http:\/\/www.zsamshornistudenky.cz\/wp-content\/gallery\/domaci-jarni-tvoreni\/thumbs\/thumbs_FCD5E510-4EB6-4489-BA14-879AD6F42323.jpg\"\n                    width=\"240\"\n                    height=\"160\"\n                    style=\"max-width:100%;\"\n                \/>\n            <\/a>\n        <\/div>\n\t\t\t\t\t\t\t<\/div> \n\t\t\t\n\t\t\t\t<div id=\"ngg-image-4\" class=\"ngg-gallery-thumbnail-box \" >\n\t\t\t\t        <div class=\"ngg-gallery-thumbnail\">\n            <a href=\"http:\/\/www.zsamshornistudenky.cz\/wp-content\/gallery\/domaci-jarni-tvoreni\/IMG_20200402_115150.jpg\"\n               title=\"\"\n               data-src=\"http:\/\/www.zsamshornistudenky.cz\/wp-content\/gallery\/domaci-jarni-tvoreni\/IMG_20200402_115150.jpg\"\n               data-thumbnail=\"http:\/\/www.zsamshornistudenky.cz\/wp-content\/gallery\/domaci-jarni-tvoreni\/thumbs\/thumbs_IMG_20200402_115150.jpg\"\n               data-image-id=\"1010\"\n               data-title=\"IMG_20200402_115150\"\n               data-description=\"\"\n               data-image-slug=\"img_20200402_115150\"\n               class=\"ngg-fancybox\" rel=\"21ad620a4b50baa0e19e034d378ca6bb\">\n                <img\n                    title=\"IMG_20200402_115150\"\n                    alt=\"IMG_20200402_115150\"\n                    src=\"http:\/\/www.zsamshornistudenky.cz\/wp-content\/gallery\/domaci-jarni-tvoreni\/thumbs\/thumbs_IMG_20200402_115150.jpg\"\n                    width=\"240\"\n                    height=\"160\"\n                    style=\"max-width:100%;\"\n                \/>\n            <\/a>\n        <\/div>\n\t\t\t\t\t\t\t<\/div> \n\t\t\t\n\t\t\t\t<div id=\"ngg-image-5\" class=\"ngg-gallery-thumbnail-box \" >\n\t\t\t\t        <div class=\"ngg-gallery-thumbnail\">\n            <a href=\"http:\/\/www.zsamshornistudenky.cz\/wp-content\/gallery\/domaci-jarni-tvoreni\/IMG_20200402_115237.jpg\"\n               title=\"\"\n               data-src=\"http:\/\/www.zsamshornistudenky.cz\/wp-content\/gallery\/domaci-jarni-tvoreni\/IMG_20200402_115237.jpg\"\n               data-thumbnail=\"http:\/\/www.zsamshornistudenky.cz\/wp-content\/gallery\/domaci-jarni-tvoreni\/thumbs\/thumbs_IMG_20200402_115237.jpg\"\n               data-image-id=\"1011\"\n               data-title=\"IMG_20200402_115237\"\n               data-description=\"\"\n               data-image-slug=\"img_20200402_115237\"\n               class=\"ngg-fancybox\" rel=\"21ad620a4b50baa0e19e034d378ca6bb\">\n                <img\n                    title=\"IMG_20200402_115237\"\n                    alt=\"IMG_20200402_115237\"\n                    src=\"http:\/\/www.zsamshornistudenky.cz\/wp-content\/gallery\/domaci-jarni-tvoreni\/thumbs\/thumbs_IMG_20200402_115237.jpg\"\n                    width=\"240\"\n                    height=\"160\"\n                    style=\"max-width:100%;\"\n                \/>\n            <\/a>\n        <\/div>\n\t\t\t\t\t\t\t<\/div> \n\t\t\t\n\t\t\t\t<div id=\"ngg-image-6\" class=\"ngg-gallery-thumbnail-box \" >\n\t\t\t\t        <div class=\"ngg-gallery-thumbnail\">\n            <a href=\"http:\/\/www.zsamshornistudenky.cz\/wp-content\/gallery\/domaci-jarni-tvoreni\/IMG_20200404_084206.jpg\"\n               title=\"\"\n               data-src=\"http:\/\/www.zsamshornistudenky.cz\/wp-content\/gallery\/domaci-jarni-tvoreni\/IMG_20200404_084206.jpg\"\n               data-thumbnail=\"http:\/\/www.zsamshornistudenky.cz\/wp-content\/gallery\/domaci-jarni-tvoreni\/thumbs\/thumbs_IMG_20200404_084206.jpg\"\n               data-image-id=\"1012\"\n               data-title=\"All-focus\"\n               data-description=\"\"\n               data-image-slug=\"img_20200404_084206\"\n               class=\"ngg-fancybox\" rel=\"21ad620a4b50baa0e19e034d378ca6bb\">\n                <img\n                    title=\"All-focus\"\n                    alt=\"All-focus\"\n                    src=\"http:\/\/www.zsamshornistudenky.cz\/wp-content\/gallery\/domaci-jarni-tvoreni\/thumbs\/thumbs_IMG_20200404_084206.jpg\"\n                    width=\"240\"\n                    height=\"160\"\n                    style=\"max-width:100%;\"\n                \/>\n            <\/a>\n        <\/div>\n\t\t\t\t\t\t\t<\/div> \n\t\t\t\n\t\t\t\t<div id=\"ngg-image-7\" class=\"ngg-gallery-thumbnail-box \" >\n\t\t\t\t        <div class=\"ngg-gallery-thumbnail\">\n            <a href=\"http:\/\/www.zsamshornistudenky.cz\/wp-content\/gallery\/domaci-jarni-tvoreni\/IMG_20200404_084225.jpg\"\n               title=\"\"\n               data-src=\"http:\/\/www.zsamshornistudenky.cz\/wp-content\/gallery\/domaci-jarni-tvoreni\/IMG_20200404_084225.jpg\"\n               data-thumbnail=\"http:\/\/www.zsamshornistudenky.cz\/wp-content\/gallery\/domaci-jarni-tvoreni\/thumbs\/thumbs_IMG_20200404_084225.jpg\"\n               data-image-id=\"1013\"\n               data-title=\"All-focus\"\n               data-description=\"\"\n               data-image-slug=\"img_20200404_084225\"\n               class=\"ngg-fancybox\" rel=\"21ad620a4b50baa0e19e034d378ca6bb\">\n                <img\n                    title=\"All-focus\"\n                    alt=\"All-focus\"\n                    src=\"http:\/\/www.zsamshornistudenky.cz\/wp-content\/gallery\/domaci-jarni-tvoreni\/thumbs\/thumbs_IMG_20200404_084225.jpg\"\n                    width=\"240\"\n                    height=\"160\"\n                    style=\"max-width:100%;\"\n                \/>\n            <\/a>\n        <\/div>\n\t\t\t\t\t\t\t<\/div> \n\t\t\t\n\t\t\t\t<div id=\"ngg-image-8\" class=\"ngg-gallery-thumbnail-box \" >\n\t\t\t\t        <div class=\"ngg-gallery-thumbnail\">\n            <a href=\"http:\/\/www.zsamshornistudenky.cz\/wp-content\/gallery\/domaci-jarni-tvoreni\/P3317405.JPG\"\n               title=\"\"\n               data-src=\"http:\/\/www.zsamshornistudenky.cz\/wp-content\/gallery\/domaci-jarni-tvoreni\/P3317405.JPG\"\n               data-thumbnail=\"http:\/\/www.zsamshornistudenky.cz\/wp-content\/gallery\/domaci-jarni-tvoreni\/thumbs\/thumbs_P3317405.JPG\"\n               data-image-id=\"1014\"\n               data-title=\"P3317405\"\n               data-description=\"\"\n               data-image-slug=\"p3317405\"\n               class=\"ngg-fancybox\" rel=\"21ad620a4b50baa0e19e034d378ca6bb\">\n                <img\n                    title=\"P3317405\"\n                    alt=\"P3317405\"\n                    src=\"http:\/\/www.zsamshornistudenky.cz\/wp-content\/gallery\/domaci-jarni-tvoreni\/thumbs\/thumbs_P3317405.JPG\"\n                    width=\"240\"\n                    height=\"160\"\n                    style=\"max-width:100%;\"\n                \/>\n            <\/a>\n        <\/div>\n\t\t\t\t\t\t\t<\/div> \n\t\t\t\n\t\t\t\t<div id=\"ngg-image-9\" class=\"ngg-gallery-thumbnail-box \" >\n\t\t\t\t        <div class=\"ngg-gallery-thumbnail\">\n            <a href=\"http:\/\/www.zsamshornistudenky.cz\/wp-content\/gallery\/domaci-jarni-tvoreni\/P3317407.JPG\"\n               title=\"\"\n               data-src=\"http:\/\/www.zsamshornistudenky.cz\/wp-content\/gallery\/domaci-jarni-tvoreni\/P3317407.JPG\"\n               data-thumbnail=\"http:\/\/www.zsamshornistudenky.cz\/wp-content\/gallery\/domaci-jarni-tvoreni\/thumbs\/thumbs_P3317407.JPG\"\n               data-image-id=\"1015\"\n               data-title=\"P3317407\"\n               data-description=\"\"\n               data-image-slug=\"p3317407\"\n               class=\"ngg-fancybox\" rel=\"21ad620a4b50baa0e19e034d378ca6bb\">\n                <img\n                    title=\"P3317407\"\n                    alt=\"P3317407\"\n                    src=\"http:\/\/www.zsamshornistudenky.cz\/wp-content\/gallery\/domaci-jarni-tvoreni\/thumbs\/thumbs_P3317407.JPG\"\n                    width=\"240\"\n                    height=\"160\"\n                    style=\"max-width:100%;\"\n                \/>\n            <\/a>\n        <\/div>\n\t\t\t\t\t\t\t<\/div> \n\t\t\t\n\t\t\t\t<div id=\"ngg-image-10\" class=\"ngg-gallery-thumbnail-box \" >\n\t\t\t\t        <div class=\"ngg-gallery-thumbnail\">\n            <a href=\"http:\/\/www.zsamshornistudenky.cz\/wp-content\/gallery\/domaci-jarni-tvoreni\/P3317410.JPG\"\n               title=\"\"\n               data-src=\"http:\/\/www.zsamshornistudenky.cz\/wp-content\/gallery\/domaci-jarni-tvoreni\/P3317410.JPG\"\n               data-thumbnail=\"http:\/\/www.zsamshornistudenky.cz\/wp-content\/gallery\/domaci-jarni-tvoreni\/thumbs\/thumbs_P3317410.JPG\"\n               data-image-id=\"1016\"\n               data-title=\"P3317410\"\n               data-description=\"\"\n               data-image-slug=\"p3317410\"\n               class=\"ngg-fancybox\" rel=\"21ad620a4b50baa0e19e034d378ca6bb\">\n                <img\n                    title=\"P3317410\"\n                    alt=\"P3317410\"\n                    src=\"http:\/\/www.zsamshornistudenky.cz\/wp-content\/gallery\/domaci-jarni-tvoreni\/thumbs\/thumbs_P3317410.JPG\"\n                    width=\"240\"\n                    height=\"160\"\n                    style=\"max-width:100%;\"\n                \/>\n            <\/a>\n        <\/div>\n\t\t\t\t\t\t\t<\/div> \n\t\t\t\n\t\t\t\t<div id=\"ngg-image-11\" class=\"ngg-gallery-thumbnail-box \" >\n\t\t\t\t        <div class=\"ngg-gallery-thumbnail\">\n            <a href=\"http:\/\/www.zsamshornistudenky.cz\/wp-content\/gallery\/domaci-jarni-tvoreni\/P3317413.JPG\"\n               title=\"\"\n               data-src=\"http:\/\/www.zsamshornistudenky.cz\/wp-content\/gallery\/domaci-jarni-tvoreni\/P3317413.JPG\"\n               data-thumbnail=\"http:\/\/www.zsamshornistudenky.cz\/wp-content\/gallery\/domaci-jarni-tvoreni\/thumbs\/thumbs_P3317413.JPG\"\n               data-image-id=\"1017\"\n               data-title=\"P3317413\"\n               data-description=\"\"\n               data-image-slug=\"p3317413\"\n               class=\"ngg-fancybox\" rel=\"21ad620a4b50baa0e19e034d378ca6bb\">\n                <img\n                    title=\"P3317413\"\n                    alt=\"P3317413\"\n                    src=\"http:\/\/www.zsamshornistudenky.cz\/wp-content\/gallery\/domaci-jarni-tvoreni\/thumbs\/thumbs_P3317413.JPG\"\n                    width=\"240\"\n                    height=\"160\"\n                    style=\"max-width:100%;\"\n                \/>\n            <\/a>\n        <\/div>\n\t\t\t\t\t\t\t<\/div> \n\t\t\t\n\t\t\t\t<div id=\"ngg-image-12\" class=\"ngg-gallery-thumbnail-box \" >\n\t\t\t\t        <div class=\"ngg-gallery-thumbnail\">\n            <a href=\"http:\/\/www.zsamshornistudenky.cz\/wp-content\/gallery\/domaci-jarni-tvoreni\/P3317415.JPG\"\n               title=\"\"\n               data-src=\"http:\/\/www.zsamshornistudenky.cz\/wp-content\/gallery\/domaci-jarni-tvoreni\/P3317415.JPG\"\n               data-thumbnail=\"http:\/\/www.zsamshornistudenky.cz\/wp-content\/gallery\/domaci-jarni-tvoreni\/thumbs\/thumbs_P3317415.JPG\"\n               data-image-id=\"1018\"\n               data-title=\"P3317415\"\n               data-description=\"\"\n               data-image-slug=\"p3317415\"\n               class=\"ngg-fancybox\" rel=\"21ad620a4b50baa0e19e034d378ca6bb\">\n                <img\n                    title=\"P3317415\"\n                    alt=\"P3317415\"\n                    src=\"http:\/\/www.zsamshornistudenky.cz\/wp-content\/gallery\/domaci-jarni-tvoreni\/thumbs\/thumbs_P3317415.JPG\"\n                    width=\"240\"\n                    height=\"160\"\n                    style=\"max-width:100%;\"\n                \/>\n            <\/a>\n        <\/div>\n\t\t\t\t\t\t\t<\/div> \n\t\t\t\n\t\t\t\t<div id=\"ngg-image-13\" class=\"ngg-gallery-thumbnail-box \" >\n\t\t\t\t        <div class=\"ngg-gallery-thumbnail\">\n            <a href=\"http:\/\/www.zsamshornistudenky.cz\/wp-content\/gallery\/domaci-jarni-tvoreni\/P3317418.JPG\"\n               title=\"\"\n               data-src=\"http:\/\/www.zsamshornistudenky.cz\/wp-content\/gallery\/domaci-jarni-tvoreni\/P3317418.JPG\"\n               data-thumbnail=\"http:\/\/www.zsamshornistudenky.cz\/wp-content\/gallery\/domaci-jarni-tvoreni\/thumbs\/thumbs_P3317418.JPG\"\n               data-image-id=\"1019\"\n               data-title=\"P3317418\"\n               data-description=\"\"\n               data-image-slug=\"p3317418\"\n               class=\"ngg-fancybox\" rel=\"21ad620a4b50baa0e19e034d378ca6bb\">\n                <img\n                    title=\"P3317418\"\n                    alt=\"P3317418\"\n                    src=\"http:\/\/www.zsamshornistudenky.cz\/wp-content\/gallery\/domaci-jarni-tvoreni\/thumbs\/thumbs_P3317418.JPG\"\n                    width=\"240\"\n                    height=\"160\"\n                    style=\"max-width:100%;\"\n                \/>\n            <\/a>\n        <\/div>\n\t\t\t\t\t\t\t<\/div> \n\t\t\t\n\t\t\t\t<div id=\"ngg-image-14\" class=\"ngg-gallery-thumbnail-box \" >\n\t\t\t\t        <div class=\"ngg-gallery-thumbnail\">\n            <a href=\"http:\/\/www.zsamshornistudenky.cz\/wp-content\/gallery\/domaci-jarni-tvoreni\/P3317423.JPG\"\n               title=\"\"\n               data-src=\"http:\/\/www.zsamshornistudenky.cz\/wp-content\/gallery\/domaci-jarni-tvoreni\/P3317423.JPG\"\n               data-thumbnail=\"http:\/\/www.zsamshornistudenky.cz\/wp-content\/gallery\/domaci-jarni-tvoreni\/thumbs\/thumbs_P3317423.JPG\"\n               data-image-id=\"1020\"\n               data-title=\"P3317423\"\n               data-description=\"\"\n               data-image-slug=\"p3317423\"\n               class=\"ngg-fancybox\" rel=\"21ad620a4b50baa0e19e034d378ca6bb\">\n                <img\n                    title=\"P3317423\"\n                    alt=\"P3317423\"\n                    src=\"http:\/\/www.zsamshornistudenky.cz\/wp-content\/gallery\/domaci-jarni-tvoreni\/thumbs\/thumbs_P3317423.JPG\"\n                    width=\"240\"\n                    height=\"160\"\n                    style=\"max-width:100%;\"\n                \/>\n            <\/a>\n        <\/div>\n\t\t\t\t\t\t\t<\/div> \n\t\t\t\n\t\t\t\t<div id=\"ngg-image-15\" class=\"ngg-gallery-thumbnail-box \" >\n\t\t\t\t        <div class=\"ngg-gallery-thumbnail\">\n            <a href=\"http:\/\/www.zsamshornistudenky.cz\/wp-content\/gallery\/domaci-jarni-tvoreni\/seminka_1.jpg\"\n               title=\"\"\n               data-src=\"http:\/\/www.zsamshornistudenky.cz\/wp-content\/gallery\/domaci-jarni-tvoreni\/seminka_1.jpg\"\n               data-thumbnail=\"http:\/\/www.zsamshornistudenky.cz\/wp-content\/gallery\/domaci-jarni-tvoreni\/thumbs\/thumbs_seminka_1.jpg\"\n               data-image-id=\"1021\"\n               data-title=\"seminka_1\"\n               data-description=\"\"\n               data-image-slug=\"seminka_1\"\n               class=\"ngg-fancybox\" rel=\"21ad620a4b50baa0e19e034d378ca6bb\">\n                <img\n                    title=\"seminka_1\"\n                    alt=\"seminka_1\"\n                    src=\"http:\/\/www.zsamshornistudenky.cz\/wp-content\/gallery\/domaci-jarni-tvoreni\/thumbs\/thumbs_seminka_1.jpg\"\n                    width=\"240\"\n                    height=\"160\"\n                    style=\"max-width:100%;\"\n                \/>\n            <\/a>\n        <\/div>\n\t\t\t\t\t\t\t<\/div> \n\t\t\t\n\t\t\t\t<div id=\"ngg-image-16\" class=\"ngg-gallery-thumbnail-box \" >\n\t\t\t\t        <div class=\"ngg-gallery-thumbnail\">\n            <a href=\"http:\/\/www.zsamshornistudenky.cz\/wp-content\/gallery\/domaci-jarni-tvoreni\/seminka_2.jpg\"\n               title=\"\"\n               data-src=\"http:\/\/www.zsamshornistudenky.cz\/wp-content\/gallery\/domaci-jarni-tvoreni\/seminka_2.jpg\"\n               data-thumbnail=\"http:\/\/www.zsamshornistudenky.cz\/wp-content\/gallery\/domaci-jarni-tvoreni\/thumbs\/thumbs_seminka_2.jpg\"\n               data-image-id=\"1022\"\n               data-title=\"seminka_2\"\n               data-description=\"\"\n               data-image-slug=\"seminka_2\"\n               class=\"ngg-fancybox\" rel=\"21ad620a4b50baa0e19e034d378ca6bb\">\n                <img\n                    title=\"seminka_2\"\n                    alt=\"seminka_2\"\n                    src=\"http:\/\/www.zsamshornistudenky.cz\/wp-content\/gallery\/domaci-jarni-tvoreni\/thumbs\/thumbs_seminka_2.jpg\"\n                    width=\"240\"\n                    height=\"160\"\n                    style=\"max-width:100%;\"\n                \/>\n            <\/a>\n        <\/div>\n\t\t\t\t\t\t\t<\/div> \n\t\t\t\n\t\t\t\t<div id=\"ngg-image-17\" class=\"ngg-gallery-thumbnail-box \" >\n\t\t\t\t        <div class=\"ngg-gallery-thumbnail\">\n            <a href=\"http:\/\/www.zsamshornistudenky.cz\/wp-content\/gallery\/domaci-jarni-tvoreni\/seminka_3.jpg\"\n               title=\"\"\n               data-src=\"http:\/\/www.zsamshornistudenky.cz\/wp-content\/gallery\/domaci-jarni-tvoreni\/seminka_3.jpg\"\n               data-thumbnail=\"http:\/\/www.zsamshornistudenky.cz\/wp-content\/gallery\/domaci-jarni-tvoreni\/thumbs\/thumbs_seminka_3.jpg\"\n               data-image-id=\"1023\"\n               data-title=\"seminka_3\"\n               data-description=\"\"\n               data-image-slug=\"seminka_3\"\n               class=\"ngg-fancybox\" rel=\"21ad620a4b50baa0e19e034d378ca6bb\">\n                <img\n                    title=\"seminka_3\"\n                    alt=\"seminka_3\"\n                    src=\"http:\/\/www.zsamshornistudenky.cz\/wp-content\/gallery\/domaci-jarni-tvoreni\/thumbs\/thumbs_seminka_3.jpg\"\n                    width=\"240\"\n                    height=\"160\"\n                    style=\"max-width:100%;\"\n                \/>\n            <\/a>\n        <\/div>\n\t\t\t\t\t\t\t<\/div> \n\t\t\t\n\t\n\t<br style=\"clear: both\" \/>\n\n\t\n\t\t<!-- Pagination -->\n\t<div class='ngg-clear'><\/div>\t<\/div>\n\n\n\n\n<p style=\"text-align:right\"><a href=\"http:\/\/www.zsamshornistudenky.cz\/?page_id=43\">&lt;ZP\u011aT<\/a><\/p>\n","protected":false},"excerpt":{"rendered":"<p>&lt;ZP\u011aT &lt;ZP\u011aT<\/p>\n","protected":false},"author":1,"featured_media":0,"parent":0,"menu_order":0,"comment_status":"closed","ping_status":"closed","template":"","meta":{"ngg_post_thumbnail":0},"_links":{"self":[{"href":"http:\/\/www.zsamshornistudenky.cz\/index.php?rest_route=\/wp\/v2\/pages\/1586"}],"collection":[{"href":"http:\/\/www.zsamshornistudenky.cz\/index.php?rest_route=\/wp\/v2\/pages"}],"about":[{"href":"http:\/\/www.zsamshornistudenky.cz\/index.php?rest_route=\/wp\/v2\/types\/page"}],"author":[{"embeddable":true,"href":"http:\/\/www.zsamshornistudenky.cz\/index.php?rest_route=\/wp\/v2\/users\/1"}],"replies":[{"embeddable":true,"href":"http:\/\/www.zsamshornistudenky.cz\/index.php?rest_route=%2Fwp%2Fv2%2Fcomments&post=1586"}],"version-history":[{"count":4,"href":"http:\/\/www.zsamshornistudenky.cz\/index.php?rest_route=\/wp\/v2\/pages\/1586\/revisions"}],"predecessor-version":[{"id":1723,"href":"http:\/\/www.zsamshornistudenky.cz\/index.php?rest_route=\/wp\/v2\/pages\/1586\/revisions\/1723"}],"wp:attachment":[{"href":"http:\/\/www.zsamshornistudenky.cz\/index.php?rest_route=%2Fwp%2Fv2%2Fmedia&parent=1586"}],"curies":[{"name":"wp","href":"https:\/\/api.w.org\/{rel}","templated":true}]}}