{"id":1535,"date":"2020-01-31T23:38:50","date_gmt":"2020-01-31T23:38:50","guid":{"rendered":"http:\/\/www.zsamshornistudenky.cz\/?page_id=1535"},"modified":"2020-09-15T13:10:12","modified_gmt":"2020-09-15T13:10:12","slug":"fotogalerie-posezeni-u-stromecku-20-12-2019-zs-a-ms","status":"publish","type":"page","link":"http:\/\/www.zsamshornistudenky.cz\/?page_id=1535","title":{"rendered":"Fotogalerie &#8211; Posezen\u00ed u strome\u010dku 20.12.2019 Z\u0160 a M\u0160"},"content":{"rendered":"\n<p><a href=\"http:\/\/www.zsamshornistudenky.cz\/?page_id=43\">&lt;ZP\u011aT<\/a><\/p>\n\n\n\n<!-- default-view.php -->\n<div\n\tclass=\"ngg-galleryoverview default-view \"\n\tid=\"ngg-gallery-843a9934d4b5e10f3dfdbb46a32f87cf-1\">\n\n\t\t<!-- Thumbnails -->\n\t\t\t\t<div id=\"ngg-image-0\" class=\"ngg-gallery-thumbnail-box \" >\n\t\t\t\t        <div class=\"ngg-gallery-thumbnail\">\n            <a href=\"http:\/\/www.zsamshornistudenky.cz\/wp-content\/gallery\/posezeni-u-stromecku-20-12-2019-zs-a-ms\/DSC00551.JPG\"\n               title=\"\"\n               data-src=\"http:\/\/www.zsamshornistudenky.cz\/wp-content\/gallery\/posezeni-u-stromecku-20-12-2019-zs-a-ms\/DSC00551.JPG\"\n               data-thumbnail=\"http:\/\/www.zsamshornistudenky.cz\/wp-content\/gallery\/posezeni-u-stromecku-20-12-2019-zs-a-ms\/thumbs\/thumbs_DSC00551.JPG\"\n               data-image-id=\"898\"\n               data-title=\"DSC00551\"\n               data-description=\"\"\n               data-image-slug=\"dsc00551\"\n               class=\"ngg-fancybox\" rel=\"843a9934d4b5e10f3dfdbb46a32f87cf\">\n                <img\n                    title=\"DSC00551\"\n                    alt=\"DSC00551\"\n                    src=\"http:\/\/www.zsamshornistudenky.cz\/wp-content\/gallery\/posezeni-u-stromecku-20-12-2019-zs-a-ms\/thumbs\/thumbs_DSC00551.JPG\"\n                    width=\"240\"\n                    height=\"160\"\n                    style=\"max-width:100%;\"\n                \/>\n            <\/a>\n        <\/div>\n\t\t\t\t\t\t\t<\/div> \n\t\t\t\n\t\t\t\t<div id=\"ngg-image-1\" class=\"ngg-gallery-thumbnail-box \" >\n\t\t\t\t        <div class=\"ngg-gallery-thumbnail\">\n            <a href=\"http:\/\/www.zsamshornistudenky.cz\/wp-content\/gallery\/posezeni-u-stromecku-20-12-2019-zs-a-ms\/DSC00552.JPG\"\n               title=\"\"\n               data-src=\"http:\/\/www.zsamshornistudenky.cz\/wp-content\/gallery\/posezeni-u-stromecku-20-12-2019-zs-a-ms\/DSC00552.JPG\"\n               data-thumbnail=\"http:\/\/www.zsamshornistudenky.cz\/wp-content\/gallery\/posezeni-u-stromecku-20-12-2019-zs-a-ms\/thumbs\/thumbs_DSC00552.JPG\"\n               data-image-id=\"899\"\n               data-title=\"DSC00552\"\n               data-description=\"\"\n               data-image-slug=\"dsc00552\"\n               class=\"ngg-fancybox\" rel=\"843a9934d4b5e10f3dfdbb46a32f87cf\">\n                <img\n                    title=\"DSC00552\"\n                    alt=\"DSC00552\"\n                    src=\"http:\/\/www.zsamshornistudenky.cz\/wp-content\/gallery\/posezeni-u-stromecku-20-12-2019-zs-a-ms\/thumbs\/thumbs_DSC00552.JPG\"\n                    width=\"240\"\n                    height=\"160\"\n                    style=\"max-width:100%;\"\n                \/>\n            <\/a>\n        <\/div>\n\t\t\t\t\t\t\t<\/div> \n\t\t\t\n\t\t\t\t<div id=\"ngg-image-2\" class=\"ngg-gallery-thumbnail-box \" >\n\t\t\t\t        <div class=\"ngg-gallery-thumbnail\">\n            <a href=\"http:\/\/www.zsamshornistudenky.cz\/wp-content\/gallery\/posezeni-u-stromecku-20-12-2019-zs-a-ms\/DSC00553.JPG\"\n               title=\"\"\n               data-src=\"http:\/\/www.zsamshornistudenky.cz\/wp-content\/gallery\/posezeni-u-stromecku-20-12-2019-zs-a-ms\/DSC00553.JPG\"\n               data-thumbnail=\"http:\/\/www.zsamshornistudenky.cz\/wp-content\/gallery\/posezeni-u-stromecku-20-12-2019-zs-a-ms\/thumbs\/thumbs_DSC00553.JPG\"\n               data-image-id=\"900\"\n               data-title=\"DSC00553\"\n               data-description=\"\"\n               data-image-slug=\"dsc00553\"\n               class=\"ngg-fancybox\" rel=\"843a9934d4b5e10f3dfdbb46a32f87cf\">\n                <img\n                    title=\"DSC00553\"\n                    alt=\"DSC00553\"\n                    src=\"http:\/\/www.zsamshornistudenky.cz\/wp-content\/gallery\/posezeni-u-stromecku-20-12-2019-zs-a-ms\/thumbs\/thumbs_DSC00553.JPG\"\n                    width=\"240\"\n                    height=\"160\"\n                    style=\"max-width:100%;\"\n                \/>\n            <\/a>\n        <\/div>\n\t\t\t\t\t\t\t<\/div> \n\t\t\t\n\t\t\t\t<div id=\"ngg-image-3\" class=\"ngg-gallery-thumbnail-box \" >\n\t\t\t\t        <div class=\"ngg-gallery-thumbnail\">\n            <a href=\"http:\/\/www.zsamshornistudenky.cz\/wp-content\/gallery\/posezeni-u-stromecku-20-12-2019-zs-a-ms\/DSC00554.JPG\"\n               title=\"\"\n               data-src=\"http:\/\/www.zsamshornistudenky.cz\/wp-content\/gallery\/posezeni-u-stromecku-20-12-2019-zs-a-ms\/DSC00554.JPG\"\n               data-thumbnail=\"http:\/\/www.zsamshornistudenky.cz\/wp-content\/gallery\/posezeni-u-stromecku-20-12-2019-zs-a-ms\/thumbs\/thumbs_DSC00554.JPG\"\n               data-image-id=\"901\"\n               data-title=\"DSC00554\"\n               data-description=\"\"\n               data-image-slug=\"dsc00554\"\n               class=\"ngg-fancybox\" rel=\"843a9934d4b5e10f3dfdbb46a32f87cf\">\n                <img\n                    title=\"DSC00554\"\n                    alt=\"DSC00554\"\n                    src=\"http:\/\/www.zsamshornistudenky.cz\/wp-content\/gallery\/posezeni-u-stromecku-20-12-2019-zs-a-ms\/thumbs\/thumbs_DSC00554.JPG\"\n                    width=\"240\"\n                    height=\"160\"\n                    style=\"max-width:100%;\"\n                \/>\n            <\/a>\n        <\/div>\n\t\t\t\t\t\t\t<\/div> \n\t\t\t\n\t\t\t\t<div id=\"ngg-image-4\" class=\"ngg-gallery-thumbnail-box \" >\n\t\t\t\t        <div class=\"ngg-gallery-thumbnail\">\n            <a href=\"http:\/\/www.zsamshornistudenky.cz\/wp-content\/gallery\/posezeni-u-stromecku-20-12-2019-zs-a-ms\/DSC00555.JPG\"\n               title=\"\"\n               data-src=\"http:\/\/www.zsamshornistudenky.cz\/wp-content\/gallery\/posezeni-u-stromecku-20-12-2019-zs-a-ms\/DSC00555.JPG\"\n               data-thumbnail=\"http:\/\/www.zsamshornistudenky.cz\/wp-content\/gallery\/posezeni-u-stromecku-20-12-2019-zs-a-ms\/thumbs\/thumbs_DSC00555.JPG\"\n               data-image-id=\"902\"\n               data-title=\"DSC00555\"\n               data-description=\"\"\n               data-image-slug=\"dsc00555\"\n               class=\"ngg-fancybox\" rel=\"843a9934d4b5e10f3dfdbb46a32f87cf\">\n                <img\n                    title=\"DSC00555\"\n                    alt=\"DSC00555\"\n                    src=\"http:\/\/www.zsamshornistudenky.cz\/wp-content\/gallery\/posezeni-u-stromecku-20-12-2019-zs-a-ms\/thumbs\/thumbs_DSC00555.JPG\"\n                    width=\"240\"\n                    height=\"160\"\n                    style=\"max-width:100%;\"\n                \/>\n            <\/a>\n        <\/div>\n\t\t\t\t\t\t\t<\/div> \n\t\t\t\n\t\t\t\t<div id=\"ngg-image-5\" class=\"ngg-gallery-thumbnail-box \" >\n\t\t\t\t        <div class=\"ngg-gallery-thumbnail\">\n            <a href=\"http:\/\/www.zsamshornistudenky.cz\/wp-content\/gallery\/posezeni-u-stromecku-20-12-2019-zs-a-ms\/DSC00556.JPG\"\n               title=\"\"\n               data-src=\"http:\/\/www.zsamshornistudenky.cz\/wp-content\/gallery\/posezeni-u-stromecku-20-12-2019-zs-a-ms\/DSC00556.JPG\"\n               data-thumbnail=\"http:\/\/www.zsamshornistudenky.cz\/wp-content\/gallery\/posezeni-u-stromecku-20-12-2019-zs-a-ms\/thumbs\/thumbs_DSC00556.JPG\"\n               data-image-id=\"903\"\n               data-title=\"DSC00556\"\n               data-description=\"\"\n               data-image-slug=\"dsc00556\"\n               class=\"ngg-fancybox\" rel=\"843a9934d4b5e10f3dfdbb46a32f87cf\">\n                <img\n                    title=\"DSC00556\"\n                    alt=\"DSC00556\"\n                    src=\"http:\/\/www.zsamshornistudenky.cz\/wp-content\/gallery\/posezeni-u-stromecku-20-12-2019-zs-a-ms\/thumbs\/thumbs_DSC00556.JPG\"\n                    width=\"240\"\n                    height=\"160\"\n                    style=\"max-width:100%;\"\n                \/>\n            <\/a>\n        <\/div>\n\t\t\t\t\t\t\t<\/div> \n\t\t\t\n\t\t\t\t<div id=\"ngg-image-6\" class=\"ngg-gallery-thumbnail-box \" >\n\t\t\t\t        <div class=\"ngg-gallery-thumbnail\">\n            <a href=\"http:\/\/www.zsamshornistudenky.cz\/wp-content\/gallery\/posezeni-u-stromecku-20-12-2019-zs-a-ms\/DSC00557.JPG\"\n               title=\"\"\n               data-src=\"http:\/\/www.zsamshornistudenky.cz\/wp-content\/gallery\/posezeni-u-stromecku-20-12-2019-zs-a-ms\/DSC00557.JPG\"\n               data-thumbnail=\"http:\/\/www.zsamshornistudenky.cz\/wp-content\/gallery\/posezeni-u-stromecku-20-12-2019-zs-a-ms\/thumbs\/thumbs_DSC00557.JPG\"\n               data-image-id=\"904\"\n               data-title=\"DSC00557\"\n               data-description=\"\"\n               data-image-slug=\"dsc00557\"\n               class=\"ngg-fancybox\" rel=\"843a9934d4b5e10f3dfdbb46a32f87cf\">\n                <img\n                    title=\"DSC00557\"\n                    alt=\"DSC00557\"\n                    src=\"http:\/\/www.zsamshornistudenky.cz\/wp-content\/gallery\/posezeni-u-stromecku-20-12-2019-zs-a-ms\/thumbs\/thumbs_DSC00557.JPG\"\n                    width=\"240\"\n                    height=\"160\"\n                    style=\"max-width:100%;\"\n                \/>\n            <\/a>\n        <\/div>\n\t\t\t\t\t\t\t<\/div> \n\t\t\t\n\t\n\t<br style=\"clear: both\" \/>\n\n\t\n\t\t<!-- Pagination -->\n\t<div class='ngg-clear'><\/div>\t<\/div>\n\n\n\n\n<p style=\"text-align:right\"><a href=\"http:\/\/www.zsamshornistudenky.cz\/?page_id=43\">&lt;ZP\u011aT<\/a><\/p>\n","protected":false},"excerpt":{"rendered":"<p>&lt;ZP\u011aT &lt;ZP\u011aT<\/p>\n","protected":false},"author":1,"featured_media":0,"parent":0,"menu_order":0,"comment_status":"closed","ping_status":"closed","template":"","meta":{"ngg_post_thumbnail":0},"_links":{"self":[{"href":"http:\/\/www.zsamshornistudenky.cz\/index.php?rest_route=\/wp\/v2\/pages\/1535"}],"collection":[{"href":"http:\/\/www.zsamshornistudenky.cz\/index.php?rest_route=\/wp\/v2\/pages"}],"about":[{"href":"http:\/\/www.zsamshornistudenky.cz\/index.php?rest_route=\/wp\/v2\/types\/page"}],"author":[{"embeddable":true,"href":"http:\/\/www.zsamshornistudenky.cz\/index.php?rest_route=\/wp\/v2\/users\/1"}],"replies":[{"embeddable":true,"href":"http:\/\/www.zsamshornistudenky.cz\/index.php?rest_route=%2Fwp%2Fv2%2Fcomments&post=1535"}],"version-history":[{"count":1,"href":"http:\/\/www.zsamshornistudenky.cz\/index.php?rest_route=\/wp\/v2\/pages\/1535\/revisions"}],"predecessor-version":[{"id":1536,"href":"http:\/\/www.zsamshornistudenky.cz\/index.php?rest_route=\/wp\/v2\/pages\/1535\/revisions\/1536"}],"wp:attachment":[{"href":"http:\/\/www.zsamshornistudenky.cz\/index.php?rest_route=%2Fwp%2Fv2%2Fmedia&parent=1535"}],"curies":[{"name":"wp","href":"https:\/\/api.w.org\/{rel}","templated":true}]}}