{"id":1529,"date":"2020-01-31T23:35:14","date_gmt":"2020-01-31T23:35:14","guid":{"rendered":"http:\/\/www.zsamshornistudenky.cz\/?page_id=1529"},"modified":"2020-09-15T13:10:27","modified_gmt":"2020-09-15T13:10:27","slug":"fotogalerie-prijel-za-nami-hasicsky-zachranny-sbor-10-12-2019","status":"publish","type":"page","link":"http:\/\/www.zsamshornistudenky.cz\/?page_id=1529","title":{"rendered":"Fotogalerie &#8211; P\u0159ijel za n\u00e1mi hasi\u010dsk\u00fd z\u00e1chrann\u00fd sbor 10.12.2019"},"content":{"rendered":"\n<p><a href=\"http:\/\/www.zsamshornistudenky.cz\/?page_id=43\">&lt;ZP\u011aT<\/a><\/p>\n\n\n\n<!-- default-view.php -->\n<div\n\tclass=\"ngg-galleryoverview default-view \"\n\tid=\"ngg-gallery-521d9f322601e45caef798405f05ad0f-1\">\n\n\t\t<!-- Thumbnails -->\n\t\t\t\t<div id=\"ngg-image-0\" class=\"ngg-gallery-thumbnail-box \" >\n\t\t\t\t        <div class=\"ngg-gallery-thumbnail\">\n            <a href=\"http:\/\/www.zsamshornistudenky.cz\/wp-content\/gallery\/prijel-za-nami-hasicsky-zachranny-sbor-10-12-2019\/DSC00514.JPG\"\n               title=\"\"\n               data-src=\"http:\/\/www.zsamshornistudenky.cz\/wp-content\/gallery\/prijel-za-nami-hasicsky-zachranny-sbor-10-12-2019\/DSC00514.JPG\"\n               data-thumbnail=\"http:\/\/www.zsamshornistudenky.cz\/wp-content\/gallery\/prijel-za-nami-hasicsky-zachranny-sbor-10-12-2019\/thumbs\/thumbs_DSC00514.JPG\"\n               data-image-id=\"868\"\n               data-title=\"DSC00514\"\n               data-description=\"\"\n               data-image-slug=\"dsc00514\"\n               class=\"ngg-fancybox\" rel=\"521d9f322601e45caef798405f05ad0f\">\n                <img\n                    title=\"DSC00514\"\n                    alt=\"DSC00514\"\n                    src=\"http:\/\/www.zsamshornistudenky.cz\/wp-content\/gallery\/prijel-za-nami-hasicsky-zachranny-sbor-10-12-2019\/thumbs\/thumbs_DSC00514.JPG\"\n                    width=\"240\"\n                    height=\"160\"\n                    style=\"max-width:100%;\"\n                \/>\n            <\/a>\n        <\/div>\n\t\t\t\t\t\t\t<\/div> \n\t\t\t\n\t\t\t\t<div id=\"ngg-image-1\" class=\"ngg-gallery-thumbnail-box \" >\n\t\t\t\t        <div class=\"ngg-gallery-thumbnail\">\n            <a href=\"http:\/\/www.zsamshornistudenky.cz\/wp-content\/gallery\/prijel-za-nami-hasicsky-zachranny-sbor-10-12-2019\/DSC00515.JPG\"\n               title=\"\"\n               data-src=\"http:\/\/www.zsamshornistudenky.cz\/wp-content\/gallery\/prijel-za-nami-hasicsky-zachranny-sbor-10-12-2019\/DSC00515.JPG\"\n               data-thumbnail=\"http:\/\/www.zsamshornistudenky.cz\/wp-content\/gallery\/prijel-za-nami-hasicsky-zachranny-sbor-10-12-2019\/thumbs\/thumbs_DSC00515.JPG\"\n               data-image-id=\"869\"\n               data-title=\"DSC00515\"\n               data-description=\"\"\n               data-image-slug=\"dsc00515\"\n               class=\"ngg-fancybox\" rel=\"521d9f322601e45caef798405f05ad0f\">\n                <img\n                    title=\"DSC00515\"\n                    alt=\"DSC00515\"\n                    src=\"http:\/\/www.zsamshornistudenky.cz\/wp-content\/gallery\/prijel-za-nami-hasicsky-zachranny-sbor-10-12-2019\/thumbs\/thumbs_DSC00515.JPG\"\n                    width=\"240\"\n                    height=\"160\"\n                    style=\"max-width:100%;\"\n                \/>\n            <\/a>\n        <\/div>\n\t\t\t\t\t\t\t<\/div> \n\t\t\t\n\t\t\t\t<div id=\"ngg-image-2\" class=\"ngg-gallery-thumbnail-box \" >\n\t\t\t\t        <div class=\"ngg-gallery-thumbnail\">\n            <a href=\"http:\/\/www.zsamshornistudenky.cz\/wp-content\/gallery\/prijel-za-nami-hasicsky-zachranny-sbor-10-12-2019\/DSC00516.JPG\"\n               title=\"\"\n               data-src=\"http:\/\/www.zsamshornistudenky.cz\/wp-content\/gallery\/prijel-za-nami-hasicsky-zachranny-sbor-10-12-2019\/DSC00516.JPG\"\n               data-thumbnail=\"http:\/\/www.zsamshornistudenky.cz\/wp-content\/gallery\/prijel-za-nami-hasicsky-zachranny-sbor-10-12-2019\/thumbs\/thumbs_DSC00516.JPG\"\n               data-image-id=\"870\"\n               data-title=\"DSC00516\"\n               data-description=\"\"\n               data-image-slug=\"dsc00516\"\n               class=\"ngg-fancybox\" rel=\"521d9f322601e45caef798405f05ad0f\">\n                <img\n                    title=\"DSC00516\"\n                    alt=\"DSC00516\"\n                    src=\"http:\/\/www.zsamshornistudenky.cz\/wp-content\/gallery\/prijel-za-nami-hasicsky-zachranny-sbor-10-12-2019\/thumbs\/thumbs_DSC00516.JPG\"\n                    width=\"240\"\n                    height=\"160\"\n                    style=\"max-width:100%;\"\n                \/>\n            <\/a>\n        <\/div>\n\t\t\t\t\t\t\t<\/div> \n\t\t\t\n\t\t\t\t<div id=\"ngg-image-3\" class=\"ngg-gallery-thumbnail-box \" >\n\t\t\t\t        <div class=\"ngg-gallery-thumbnail\">\n            <a href=\"http:\/\/www.zsamshornistudenky.cz\/wp-content\/gallery\/prijel-za-nami-hasicsky-zachranny-sbor-10-12-2019\/DSC00517.JPG\"\n               title=\"\"\n               data-src=\"http:\/\/www.zsamshornistudenky.cz\/wp-content\/gallery\/prijel-za-nami-hasicsky-zachranny-sbor-10-12-2019\/DSC00517.JPG\"\n               data-thumbnail=\"http:\/\/www.zsamshornistudenky.cz\/wp-content\/gallery\/prijel-za-nami-hasicsky-zachranny-sbor-10-12-2019\/thumbs\/thumbs_DSC00517.JPG\"\n               data-image-id=\"871\"\n               data-title=\"DSC00517\"\n               data-description=\"\"\n               data-image-slug=\"dsc00517\"\n               class=\"ngg-fancybox\" rel=\"521d9f322601e45caef798405f05ad0f\">\n                <img\n                    title=\"DSC00517\"\n                    alt=\"DSC00517\"\n                    src=\"http:\/\/www.zsamshornistudenky.cz\/wp-content\/gallery\/prijel-za-nami-hasicsky-zachranny-sbor-10-12-2019\/thumbs\/thumbs_DSC00517.JPG\"\n                    width=\"240\"\n                    height=\"160\"\n                    style=\"max-width:100%;\"\n                \/>\n            <\/a>\n        <\/div>\n\t\t\t\t\t\t\t<\/div> \n\t\t\t\n\t\t\t\t<div id=\"ngg-image-4\" class=\"ngg-gallery-thumbnail-box \" >\n\t\t\t\t        <div class=\"ngg-gallery-thumbnail\">\n            <a href=\"http:\/\/www.zsamshornistudenky.cz\/wp-content\/gallery\/prijel-za-nami-hasicsky-zachranny-sbor-10-12-2019\/DSC00518.JPG\"\n               title=\"\"\n               data-src=\"http:\/\/www.zsamshornistudenky.cz\/wp-content\/gallery\/prijel-za-nami-hasicsky-zachranny-sbor-10-12-2019\/DSC00518.JPG\"\n               data-thumbnail=\"http:\/\/www.zsamshornistudenky.cz\/wp-content\/gallery\/prijel-za-nami-hasicsky-zachranny-sbor-10-12-2019\/thumbs\/thumbs_DSC00518.JPG\"\n               data-image-id=\"872\"\n               data-title=\"DSC00518\"\n               data-description=\"\"\n               data-image-slug=\"dsc00518\"\n               class=\"ngg-fancybox\" rel=\"521d9f322601e45caef798405f05ad0f\">\n                <img\n                    title=\"DSC00518\"\n                    alt=\"DSC00518\"\n                    src=\"http:\/\/www.zsamshornistudenky.cz\/wp-content\/gallery\/prijel-za-nami-hasicsky-zachranny-sbor-10-12-2019\/thumbs\/thumbs_DSC00518.JPG\"\n                    width=\"240\"\n                    height=\"160\"\n                    style=\"max-width:100%;\"\n                \/>\n            <\/a>\n        <\/div>\n\t\t\t\t\t\t\t<\/div> \n\t\t\t\n\t\t\t\t<div id=\"ngg-image-5\" class=\"ngg-gallery-thumbnail-box \" >\n\t\t\t\t        <div class=\"ngg-gallery-thumbnail\">\n            <a href=\"http:\/\/www.zsamshornistudenky.cz\/wp-content\/gallery\/prijel-za-nami-hasicsky-zachranny-sbor-10-12-2019\/DSC00519.JPG\"\n               title=\"\"\n               data-src=\"http:\/\/www.zsamshornistudenky.cz\/wp-content\/gallery\/prijel-za-nami-hasicsky-zachranny-sbor-10-12-2019\/DSC00519.JPG\"\n               data-thumbnail=\"http:\/\/www.zsamshornistudenky.cz\/wp-content\/gallery\/prijel-za-nami-hasicsky-zachranny-sbor-10-12-2019\/thumbs\/thumbs_DSC00519.JPG\"\n               data-image-id=\"873\"\n               data-title=\"DSC00519\"\n               data-description=\"\"\n               data-image-slug=\"dsc00519\"\n               class=\"ngg-fancybox\" rel=\"521d9f322601e45caef798405f05ad0f\">\n                <img\n                    title=\"DSC00519\"\n                    alt=\"DSC00519\"\n                    src=\"http:\/\/www.zsamshornistudenky.cz\/wp-content\/gallery\/prijel-za-nami-hasicsky-zachranny-sbor-10-12-2019\/thumbs\/thumbs_DSC00519.JPG\"\n                    width=\"240\"\n                    height=\"160\"\n                    style=\"max-width:100%;\"\n                \/>\n            <\/a>\n        <\/div>\n\t\t\t\t\t\t\t<\/div> \n\t\t\t\n\t\t\t\t<div id=\"ngg-image-6\" class=\"ngg-gallery-thumbnail-box \" >\n\t\t\t\t        <div class=\"ngg-gallery-thumbnail\">\n            <a href=\"http:\/\/www.zsamshornistudenky.cz\/wp-content\/gallery\/prijel-za-nami-hasicsky-zachranny-sbor-10-12-2019\/DSC00520.JPG\"\n               title=\"\"\n               data-src=\"http:\/\/www.zsamshornistudenky.cz\/wp-content\/gallery\/prijel-za-nami-hasicsky-zachranny-sbor-10-12-2019\/DSC00520.JPG\"\n               data-thumbnail=\"http:\/\/www.zsamshornistudenky.cz\/wp-content\/gallery\/prijel-za-nami-hasicsky-zachranny-sbor-10-12-2019\/thumbs\/thumbs_DSC00520.JPG\"\n               data-image-id=\"874\"\n               data-title=\"DSC00520\"\n               data-description=\"\"\n               data-image-slug=\"dsc00520\"\n               class=\"ngg-fancybox\" rel=\"521d9f322601e45caef798405f05ad0f\">\n                <img\n                    title=\"DSC00520\"\n                    alt=\"DSC00520\"\n                    src=\"http:\/\/www.zsamshornistudenky.cz\/wp-content\/gallery\/prijel-za-nami-hasicsky-zachranny-sbor-10-12-2019\/thumbs\/thumbs_DSC00520.JPG\"\n                    width=\"240\"\n                    height=\"160\"\n                    style=\"max-width:100%;\"\n                \/>\n            <\/a>\n        <\/div>\n\t\t\t\t\t\t\t<\/div> \n\t\t\t\n\t\t\t\t<div id=\"ngg-image-7\" class=\"ngg-gallery-thumbnail-box \" >\n\t\t\t\t        <div class=\"ngg-gallery-thumbnail\">\n            <a href=\"http:\/\/www.zsamshornistudenky.cz\/wp-content\/gallery\/prijel-za-nami-hasicsky-zachranny-sbor-10-12-2019\/DSC00521.JPG\"\n               title=\"\"\n               data-src=\"http:\/\/www.zsamshornistudenky.cz\/wp-content\/gallery\/prijel-za-nami-hasicsky-zachranny-sbor-10-12-2019\/DSC00521.JPG\"\n               data-thumbnail=\"http:\/\/www.zsamshornistudenky.cz\/wp-content\/gallery\/prijel-za-nami-hasicsky-zachranny-sbor-10-12-2019\/thumbs\/thumbs_DSC00521.JPG\"\n               data-image-id=\"875\"\n               data-title=\"DSC00521\"\n               data-description=\"\"\n               data-image-slug=\"dsc00521\"\n               class=\"ngg-fancybox\" rel=\"521d9f322601e45caef798405f05ad0f\">\n                <img\n                    title=\"DSC00521\"\n                    alt=\"DSC00521\"\n                    src=\"http:\/\/www.zsamshornistudenky.cz\/wp-content\/gallery\/prijel-za-nami-hasicsky-zachranny-sbor-10-12-2019\/thumbs\/thumbs_DSC00521.JPG\"\n                    width=\"240\"\n                    height=\"160\"\n                    style=\"max-width:100%;\"\n                \/>\n            <\/a>\n        <\/div>\n\t\t\t\t\t\t\t<\/div> \n\t\t\t\n\t\t\t\t<div id=\"ngg-image-8\" class=\"ngg-gallery-thumbnail-box \" >\n\t\t\t\t        <div class=\"ngg-gallery-thumbnail\">\n            <a href=\"http:\/\/www.zsamshornistudenky.cz\/wp-content\/gallery\/prijel-za-nami-hasicsky-zachranny-sbor-10-12-2019\/DSC00522.JPG\"\n               title=\"\"\n               data-src=\"http:\/\/www.zsamshornistudenky.cz\/wp-content\/gallery\/prijel-za-nami-hasicsky-zachranny-sbor-10-12-2019\/DSC00522.JPG\"\n               data-thumbnail=\"http:\/\/www.zsamshornistudenky.cz\/wp-content\/gallery\/prijel-za-nami-hasicsky-zachranny-sbor-10-12-2019\/thumbs\/thumbs_DSC00522.JPG\"\n               data-image-id=\"876\"\n               data-title=\"DSC00522\"\n               data-description=\"\"\n               data-image-slug=\"dsc00522\"\n               class=\"ngg-fancybox\" rel=\"521d9f322601e45caef798405f05ad0f\">\n                <img\n                    title=\"DSC00522\"\n                    alt=\"DSC00522\"\n                    src=\"http:\/\/www.zsamshornistudenky.cz\/wp-content\/gallery\/prijel-za-nami-hasicsky-zachranny-sbor-10-12-2019\/thumbs\/thumbs_DSC00522.JPG\"\n                    width=\"240\"\n                    height=\"160\"\n                    style=\"max-width:100%;\"\n                \/>\n            <\/a>\n        <\/div>\n\t\t\t\t\t\t\t<\/div> \n\t\t\t\n\t\t\t\t<div id=\"ngg-image-9\" class=\"ngg-gallery-thumbnail-box \" >\n\t\t\t\t        <div class=\"ngg-gallery-thumbnail\">\n            <a href=\"http:\/\/www.zsamshornistudenky.cz\/wp-content\/gallery\/prijel-za-nami-hasicsky-zachranny-sbor-10-12-2019\/DSC00523.JPG\"\n               title=\"\"\n               data-src=\"http:\/\/www.zsamshornistudenky.cz\/wp-content\/gallery\/prijel-za-nami-hasicsky-zachranny-sbor-10-12-2019\/DSC00523.JPG\"\n               data-thumbnail=\"http:\/\/www.zsamshornistudenky.cz\/wp-content\/gallery\/prijel-za-nami-hasicsky-zachranny-sbor-10-12-2019\/thumbs\/thumbs_DSC00523.JPG\"\n               data-image-id=\"877\"\n               data-title=\"DSC00523\"\n               data-description=\"\"\n               data-image-slug=\"dsc00523\"\n               class=\"ngg-fancybox\" rel=\"521d9f322601e45caef798405f05ad0f\">\n                <img\n                    title=\"DSC00523\"\n                    alt=\"DSC00523\"\n                    src=\"http:\/\/www.zsamshornistudenky.cz\/wp-content\/gallery\/prijel-za-nami-hasicsky-zachranny-sbor-10-12-2019\/thumbs\/thumbs_DSC00523.JPG\"\n                    width=\"240\"\n                    height=\"160\"\n                    style=\"max-width:100%;\"\n                \/>\n            <\/a>\n        <\/div>\n\t\t\t\t\t\t\t<\/div> \n\t\t\t\n\t\n\t<br style=\"clear: both\" \/>\n\n\t\n\t\t<!-- Pagination -->\n\t<div class='ngg-clear'><\/div>\t<\/div>\n\n\n\n\n<p style=\"text-align:right\"><a href=\"http:\/\/www.zsamshornistudenky.cz\/?page_id=43\">&lt;ZP\u011aT<\/a><\/p>\n","protected":false},"excerpt":{"rendered":"<p>&lt;ZP\u011aT &lt;ZP\u011aT<\/p>\n","protected":false},"author":1,"featured_media":0,"parent":0,"menu_order":0,"comment_status":"closed","ping_status":"closed","template":"","meta":{"ngg_post_thumbnail":0},"_links":{"self":[{"href":"http:\/\/www.zsamshornistudenky.cz\/index.php?rest_route=\/wp\/v2\/pages\/1529"}],"collection":[{"href":"http:\/\/www.zsamshornistudenky.cz\/index.php?rest_route=\/wp\/v2\/pages"}],"about":[{"href":"http:\/\/www.zsamshornistudenky.cz\/index.php?rest_route=\/wp\/v2\/types\/page"}],"author":[{"embeddable":true,"href":"http:\/\/www.zsamshornistudenky.cz\/index.php?rest_route=\/wp\/v2\/users\/1"}],"replies":[{"embeddable":true,"href":"http:\/\/www.zsamshornistudenky.cz\/index.php?rest_route=%2Fwp%2Fv2%2Fcomments&post=1529"}],"version-history":[{"count":1,"href":"http:\/\/www.zsamshornistudenky.cz\/index.php?rest_route=\/wp\/v2\/pages\/1529\/revisions"}],"predecessor-version":[{"id":1530,"href":"http:\/\/www.zsamshornistudenky.cz\/index.php?rest_route=\/wp\/v2\/pages\/1529\/revisions\/1530"}],"wp:attachment":[{"href":"http:\/\/www.zsamshornistudenky.cz\/index.php?rest_route=%2Fwp%2Fv2%2Fmedia&parent=1529"}],"curies":[{"name":"wp","href":"https:\/\/api.w.org\/{rel}","templated":true}]}}