{"id":1515,"date":"2020-01-31T23:27:21","date_gmt":"2020-01-31T23:27:21","guid":{"rendered":"http:\/\/www.zsamshornistudenky.cz\/?page_id=1515"},"modified":"2020-09-15T13:08:00","modified_gmt":"2020-09-15T13:08:00","slug":"fotogalerie-navsteva-andela-s-certem-5-12-2019","status":"publish","type":"page","link":"http:\/\/www.zsamshornistudenky.cz\/?page_id=1515","title":{"rendered":"Fotogalerie &#8211; N\u00e1v\u0161t\u011bva and\u011bla s \u010dertem 5.12.2019"},"content":{"rendered":"\n<p><a href=\"http:\/\/www.zsamshornistudenky.cz\/?page_id=43\">&lt;ZP\u011aT<\/a><\/p>\n\n\n\n<!-- default-view.php -->\n<div\n\tclass=\"ngg-galleryoverview default-view \"\n\tid=\"ngg-gallery-69aaf1679b4194dd36c3477cb855d72c-1\">\n\n\t\t<!-- Thumbnails -->\n\t\t\t\t<div id=\"ngg-image-0\" class=\"ngg-gallery-thumbnail-box \" >\n\t\t\t\t        <div class=\"ngg-gallery-thumbnail\">\n            <a href=\"http:\/\/www.zsamshornistudenky.cz\/wp-content\/gallery\/navsteva-andela-s-certem-5-12-2019\/DSC00476.JPG\"\n               title=\"\"\n               data-src=\"http:\/\/www.zsamshornistudenky.cz\/wp-content\/gallery\/navsteva-andela-s-certem-5-12-2019\/DSC00476.JPG\"\n               data-thumbnail=\"http:\/\/www.zsamshornistudenky.cz\/wp-content\/gallery\/navsteva-andela-s-certem-5-12-2019\/thumbs\/thumbs_DSC00476.JPG\"\n               data-image-id=\"822\"\n               data-title=\"DSC00476\"\n               data-description=\"\"\n               data-image-slug=\"dsc00476\"\n               class=\"ngg-fancybox\" rel=\"69aaf1679b4194dd36c3477cb855d72c\">\n                <img\n                    title=\"DSC00476\"\n                    alt=\"DSC00476\"\n                    src=\"http:\/\/www.zsamshornistudenky.cz\/wp-content\/gallery\/navsteva-andela-s-certem-5-12-2019\/thumbs\/thumbs_DSC00476.JPG\"\n                    width=\"240\"\n                    height=\"160\"\n                    style=\"max-width:100%;\"\n                \/>\n            <\/a>\n        <\/div>\n\t\t\t\t\t\t\t<\/div> \n\t\t\t\n\t\t\t\t<div id=\"ngg-image-1\" class=\"ngg-gallery-thumbnail-box \" >\n\t\t\t\t        <div class=\"ngg-gallery-thumbnail\">\n            <a href=\"http:\/\/www.zsamshornistudenky.cz\/wp-content\/gallery\/navsteva-andela-s-certem-5-12-2019\/DSC00477.JPG\"\n               title=\"\"\n               data-src=\"http:\/\/www.zsamshornistudenky.cz\/wp-content\/gallery\/navsteva-andela-s-certem-5-12-2019\/DSC00477.JPG\"\n               data-thumbnail=\"http:\/\/www.zsamshornistudenky.cz\/wp-content\/gallery\/navsteva-andela-s-certem-5-12-2019\/thumbs\/thumbs_DSC00477.JPG\"\n               data-image-id=\"823\"\n               data-title=\"DSC00477\"\n               data-description=\"\"\n               data-image-slug=\"dsc00477\"\n               class=\"ngg-fancybox\" rel=\"69aaf1679b4194dd36c3477cb855d72c\">\n                <img\n                    title=\"DSC00477\"\n                    alt=\"DSC00477\"\n                    src=\"http:\/\/www.zsamshornistudenky.cz\/wp-content\/gallery\/navsteva-andela-s-certem-5-12-2019\/thumbs\/thumbs_DSC00477.JPG\"\n                    width=\"240\"\n                    height=\"160\"\n                    style=\"max-width:100%;\"\n                \/>\n            <\/a>\n        <\/div>\n\t\t\t\t\t\t\t<\/div> \n\t\t\t\n\t\t\t\t<div id=\"ngg-image-2\" class=\"ngg-gallery-thumbnail-box \" >\n\t\t\t\t        <div class=\"ngg-gallery-thumbnail\">\n            <a href=\"http:\/\/www.zsamshornistudenky.cz\/wp-content\/gallery\/navsteva-andela-s-certem-5-12-2019\/DSC00478.JPG\"\n               title=\"\"\n               data-src=\"http:\/\/www.zsamshornistudenky.cz\/wp-content\/gallery\/navsteva-andela-s-certem-5-12-2019\/DSC00478.JPG\"\n               data-thumbnail=\"http:\/\/www.zsamshornistudenky.cz\/wp-content\/gallery\/navsteva-andela-s-certem-5-12-2019\/thumbs\/thumbs_DSC00478.JPG\"\n               data-image-id=\"824\"\n               data-title=\"DSC00478\"\n               data-description=\"\"\n               data-image-slug=\"dsc00478\"\n               class=\"ngg-fancybox\" rel=\"69aaf1679b4194dd36c3477cb855d72c\">\n                <img\n                    title=\"DSC00478\"\n                    alt=\"DSC00478\"\n                    src=\"http:\/\/www.zsamshornistudenky.cz\/wp-content\/gallery\/navsteva-andela-s-certem-5-12-2019\/thumbs\/thumbs_DSC00478.JPG\"\n                    width=\"240\"\n                    height=\"160\"\n                    style=\"max-width:100%;\"\n                \/>\n            <\/a>\n        <\/div>\n\t\t\t\t\t\t\t<\/div> \n\t\t\t\n\t\t\t\t<div id=\"ngg-image-3\" class=\"ngg-gallery-thumbnail-box \" >\n\t\t\t\t        <div class=\"ngg-gallery-thumbnail\">\n            <a href=\"http:\/\/www.zsamshornistudenky.cz\/wp-content\/gallery\/navsteva-andela-s-certem-5-12-2019\/DSC00479.JPG\"\n               title=\"\"\n               data-src=\"http:\/\/www.zsamshornistudenky.cz\/wp-content\/gallery\/navsteva-andela-s-certem-5-12-2019\/DSC00479.JPG\"\n               data-thumbnail=\"http:\/\/www.zsamshornistudenky.cz\/wp-content\/gallery\/navsteva-andela-s-certem-5-12-2019\/thumbs\/thumbs_DSC00479.JPG\"\n               data-image-id=\"825\"\n               data-title=\"DSC00479\"\n               data-description=\"\"\n               data-image-slug=\"dsc00479\"\n               class=\"ngg-fancybox\" rel=\"69aaf1679b4194dd36c3477cb855d72c\">\n                <img\n                    title=\"DSC00479\"\n                    alt=\"DSC00479\"\n                    src=\"http:\/\/www.zsamshornistudenky.cz\/wp-content\/gallery\/navsteva-andela-s-certem-5-12-2019\/thumbs\/thumbs_DSC00479.JPG\"\n                    width=\"240\"\n                    height=\"160\"\n                    style=\"max-width:100%;\"\n                \/>\n            <\/a>\n        <\/div>\n\t\t\t\t\t\t\t<\/div> \n\t\t\t\n\t\t\t\t<div id=\"ngg-image-4\" class=\"ngg-gallery-thumbnail-box \" >\n\t\t\t\t        <div class=\"ngg-gallery-thumbnail\">\n            <a href=\"http:\/\/www.zsamshornistudenky.cz\/wp-content\/gallery\/navsteva-andela-s-certem-5-12-2019\/DSC00480.JPG\"\n               title=\"\"\n               data-src=\"http:\/\/www.zsamshornistudenky.cz\/wp-content\/gallery\/navsteva-andela-s-certem-5-12-2019\/DSC00480.JPG\"\n               data-thumbnail=\"http:\/\/www.zsamshornistudenky.cz\/wp-content\/gallery\/navsteva-andela-s-certem-5-12-2019\/thumbs\/thumbs_DSC00480.JPG\"\n               data-image-id=\"826\"\n               data-title=\"DSC00480\"\n               data-description=\"\"\n               data-image-slug=\"dsc00480\"\n               class=\"ngg-fancybox\" rel=\"69aaf1679b4194dd36c3477cb855d72c\">\n                <img\n                    title=\"DSC00480\"\n                    alt=\"DSC00480\"\n                    src=\"http:\/\/www.zsamshornistudenky.cz\/wp-content\/gallery\/navsteva-andela-s-certem-5-12-2019\/thumbs\/thumbs_DSC00480.JPG\"\n                    width=\"240\"\n                    height=\"160\"\n                    style=\"max-width:100%;\"\n                \/>\n            <\/a>\n        <\/div>\n\t\t\t\t\t\t\t<\/div> \n\t\t\t\n\t\t\t\t<div id=\"ngg-image-5\" class=\"ngg-gallery-thumbnail-box \" >\n\t\t\t\t        <div class=\"ngg-gallery-thumbnail\">\n            <a href=\"http:\/\/www.zsamshornistudenky.cz\/wp-content\/gallery\/navsteva-andela-s-certem-5-12-2019\/DSC00481.JPG\"\n               title=\"\"\n               data-src=\"http:\/\/www.zsamshornistudenky.cz\/wp-content\/gallery\/navsteva-andela-s-certem-5-12-2019\/DSC00481.JPG\"\n               data-thumbnail=\"http:\/\/www.zsamshornistudenky.cz\/wp-content\/gallery\/navsteva-andela-s-certem-5-12-2019\/thumbs\/thumbs_DSC00481.JPG\"\n               data-image-id=\"827\"\n               data-title=\"DSC00481\"\n               data-description=\"\"\n               data-image-slug=\"dsc00481\"\n               class=\"ngg-fancybox\" rel=\"69aaf1679b4194dd36c3477cb855d72c\">\n                <img\n                    title=\"DSC00481\"\n                    alt=\"DSC00481\"\n                    src=\"http:\/\/www.zsamshornistudenky.cz\/wp-content\/gallery\/navsteva-andela-s-certem-5-12-2019\/thumbs\/thumbs_DSC00481.JPG\"\n                    width=\"240\"\n                    height=\"160\"\n                    style=\"max-width:100%;\"\n                \/>\n            <\/a>\n        <\/div>\n\t\t\t\t\t\t\t<\/div> \n\t\t\t\n\t\t\t\t<div id=\"ngg-image-6\" class=\"ngg-gallery-thumbnail-box \" >\n\t\t\t\t        <div class=\"ngg-gallery-thumbnail\">\n            <a href=\"http:\/\/www.zsamshornistudenky.cz\/wp-content\/gallery\/navsteva-andela-s-certem-5-12-2019\/DSC00482.JPG\"\n               title=\"\"\n               data-src=\"http:\/\/www.zsamshornistudenky.cz\/wp-content\/gallery\/navsteva-andela-s-certem-5-12-2019\/DSC00482.JPG\"\n               data-thumbnail=\"http:\/\/www.zsamshornistudenky.cz\/wp-content\/gallery\/navsteva-andela-s-certem-5-12-2019\/thumbs\/thumbs_DSC00482.JPG\"\n               data-image-id=\"828\"\n               data-title=\"DSC00482\"\n               data-description=\"\"\n               data-image-slug=\"dsc00482\"\n               class=\"ngg-fancybox\" rel=\"69aaf1679b4194dd36c3477cb855d72c\">\n                <img\n                    title=\"DSC00482\"\n                    alt=\"DSC00482\"\n                    src=\"http:\/\/www.zsamshornistudenky.cz\/wp-content\/gallery\/navsteva-andela-s-certem-5-12-2019\/thumbs\/thumbs_DSC00482.JPG\"\n                    width=\"240\"\n                    height=\"160\"\n                    style=\"max-width:100%;\"\n                \/>\n            <\/a>\n        <\/div>\n\t\t\t\t\t\t\t<\/div> \n\t\t\t\n\t\t\t\t<div id=\"ngg-image-7\" class=\"ngg-gallery-thumbnail-box \" >\n\t\t\t\t        <div class=\"ngg-gallery-thumbnail\">\n            <a href=\"http:\/\/www.zsamshornistudenky.cz\/wp-content\/gallery\/navsteva-andela-s-certem-5-12-2019\/DSC00483.JPG\"\n               title=\"\"\n               data-src=\"http:\/\/www.zsamshornistudenky.cz\/wp-content\/gallery\/navsteva-andela-s-certem-5-12-2019\/DSC00483.JPG\"\n               data-thumbnail=\"http:\/\/www.zsamshornistudenky.cz\/wp-content\/gallery\/navsteva-andela-s-certem-5-12-2019\/thumbs\/thumbs_DSC00483.JPG\"\n               data-image-id=\"829\"\n               data-title=\"DSC00483\"\n               data-description=\"\"\n               data-image-slug=\"dsc00483\"\n               class=\"ngg-fancybox\" rel=\"69aaf1679b4194dd36c3477cb855d72c\">\n                <img\n                    title=\"DSC00483\"\n                    alt=\"DSC00483\"\n                    src=\"http:\/\/www.zsamshornistudenky.cz\/wp-content\/gallery\/navsteva-andela-s-certem-5-12-2019\/thumbs\/thumbs_DSC00483.JPG\"\n                    width=\"240\"\n                    height=\"160\"\n                    style=\"max-width:100%;\"\n                \/>\n            <\/a>\n        <\/div>\n\t\t\t\t\t\t\t<\/div> \n\t\t\t\n\t\t\t\t<div id=\"ngg-image-8\" class=\"ngg-gallery-thumbnail-box \" >\n\t\t\t\t        <div class=\"ngg-gallery-thumbnail\">\n            <a href=\"http:\/\/www.zsamshornistudenky.cz\/wp-content\/gallery\/navsteva-andela-s-certem-5-12-2019\/DSC00484.JPG\"\n               title=\"\"\n               data-src=\"http:\/\/www.zsamshornistudenky.cz\/wp-content\/gallery\/navsteva-andela-s-certem-5-12-2019\/DSC00484.JPG\"\n               data-thumbnail=\"http:\/\/www.zsamshornistudenky.cz\/wp-content\/gallery\/navsteva-andela-s-certem-5-12-2019\/thumbs\/thumbs_DSC00484.JPG\"\n               data-image-id=\"830\"\n               data-title=\"DSC00484\"\n               data-description=\"\"\n               data-image-slug=\"dsc00484\"\n               class=\"ngg-fancybox\" rel=\"69aaf1679b4194dd36c3477cb855d72c\">\n                <img\n                    title=\"DSC00484\"\n                    alt=\"DSC00484\"\n                    src=\"http:\/\/www.zsamshornistudenky.cz\/wp-content\/gallery\/navsteva-andela-s-certem-5-12-2019\/thumbs\/thumbs_DSC00484.JPG\"\n                    width=\"240\"\n                    height=\"160\"\n                    style=\"max-width:100%;\"\n                \/>\n            <\/a>\n        <\/div>\n\t\t\t\t\t\t\t<\/div> \n\t\t\t\n\t\t\t\t<div id=\"ngg-image-9\" class=\"ngg-gallery-thumbnail-box \" >\n\t\t\t\t        <div class=\"ngg-gallery-thumbnail\">\n            <a href=\"http:\/\/www.zsamshornistudenky.cz\/wp-content\/gallery\/navsteva-andela-s-certem-5-12-2019\/DSC00485.JPG\"\n               title=\"\"\n               data-src=\"http:\/\/www.zsamshornistudenky.cz\/wp-content\/gallery\/navsteva-andela-s-certem-5-12-2019\/DSC00485.JPG\"\n               data-thumbnail=\"http:\/\/www.zsamshornistudenky.cz\/wp-content\/gallery\/navsteva-andela-s-certem-5-12-2019\/thumbs\/thumbs_DSC00485.JPG\"\n               data-image-id=\"831\"\n               data-title=\"DSC00485\"\n               data-description=\"\"\n               data-image-slug=\"dsc00485\"\n               class=\"ngg-fancybox\" rel=\"69aaf1679b4194dd36c3477cb855d72c\">\n                <img\n                    title=\"DSC00485\"\n                    alt=\"DSC00485\"\n                    src=\"http:\/\/www.zsamshornistudenky.cz\/wp-content\/gallery\/navsteva-andela-s-certem-5-12-2019\/thumbs\/thumbs_DSC00485.JPG\"\n                    width=\"240\"\n                    height=\"160\"\n                    style=\"max-width:100%;\"\n                \/>\n            <\/a>\n        <\/div>\n\t\t\t\t\t\t\t<\/div> \n\t\t\t\n\t\t\t\t<div id=\"ngg-image-10\" class=\"ngg-gallery-thumbnail-box \" >\n\t\t\t\t        <div class=\"ngg-gallery-thumbnail\">\n            <a href=\"http:\/\/www.zsamshornistudenky.cz\/wp-content\/gallery\/navsteva-andela-s-certem-5-12-2019\/DSC00486.JPG\"\n               title=\"\"\n               data-src=\"http:\/\/www.zsamshornistudenky.cz\/wp-content\/gallery\/navsteva-andela-s-certem-5-12-2019\/DSC00486.JPG\"\n               data-thumbnail=\"http:\/\/www.zsamshornistudenky.cz\/wp-content\/gallery\/navsteva-andela-s-certem-5-12-2019\/thumbs\/thumbs_DSC00486.JPG\"\n               data-image-id=\"832\"\n               data-title=\"DSC00486\"\n               data-description=\"\"\n               data-image-slug=\"dsc00486\"\n               class=\"ngg-fancybox\" rel=\"69aaf1679b4194dd36c3477cb855d72c\">\n                <img\n                    title=\"DSC00486\"\n                    alt=\"DSC00486\"\n                    src=\"http:\/\/www.zsamshornistudenky.cz\/wp-content\/gallery\/navsteva-andela-s-certem-5-12-2019\/thumbs\/thumbs_DSC00486.JPG\"\n                    width=\"240\"\n                    height=\"160\"\n                    style=\"max-width:100%;\"\n                \/>\n            <\/a>\n        <\/div>\n\t\t\t\t\t\t\t<\/div> \n\t\t\t\n\t\n\t<br style=\"clear: both\" \/>\n\n\t\n\t\t<!-- Pagination -->\n\t<div class='ngg-clear'><\/div>\t<\/div>\n\n\n\n\n<p style=\"text-align:right\"><a href=\"http:\/\/www.zsamshornistudenky.cz\/?page_id=43\">&lt;ZP\u011aT<\/a><\/p>\n","protected":false},"excerpt":{"rendered":"<p>&lt;ZP\u011aT &lt;ZP\u011aT<\/p>\n","protected":false},"author":1,"featured_media":0,"parent":0,"menu_order":0,"comment_status":"closed","ping_status":"closed","template":"","meta":{"ngg_post_thumbnail":0},"_links":{"self":[{"href":"http:\/\/www.zsamshornistudenky.cz\/index.php?rest_route=\/wp\/v2\/pages\/1515"}],"collection":[{"href":"http:\/\/www.zsamshornistudenky.cz\/index.php?rest_route=\/wp\/v2\/pages"}],"about":[{"href":"http:\/\/www.zsamshornistudenky.cz\/index.php?rest_route=\/wp\/v2\/types\/page"}],"author":[{"embeddable":true,"href":"http:\/\/www.zsamshornistudenky.cz\/index.php?rest_route=\/wp\/v2\/users\/1"}],"replies":[{"embeddable":true,"href":"http:\/\/www.zsamshornistudenky.cz\/index.php?rest_route=%2Fwp%2Fv2%2Fcomments&post=1515"}],"version-history":[{"count":1,"href":"http:\/\/www.zsamshornistudenky.cz\/index.php?rest_route=\/wp\/v2\/pages\/1515\/revisions"}],"predecessor-version":[{"id":1516,"href":"http:\/\/www.zsamshornistudenky.cz\/index.php?rest_route=\/wp\/v2\/pages\/1515\/revisions\/1516"}],"wp:attachment":[{"href":"http:\/\/www.zsamshornistudenky.cz\/index.php?rest_route=%2Fwp%2Fv2%2Fmedia&parent=1515"}],"curies":[{"name":"wp","href":"https:\/\/api.w.org\/{rel}","templated":true}]}}