{"id":1506,"date":"2020-01-31T23:22:53","date_gmt":"2020-01-31T23:22:53","guid":{"rendered":"http:\/\/www.zsamshornistudenky.cz\/?page_id=1506"},"modified":"2020-09-03T19:58:13","modified_gmt":"2020-09-03T19:58:13","slug":"fotogalerie-divadelni-predstaveni-poklad-kapitana-baltazara-5-11-2019","status":"publish","type":"page","link":"http:\/\/www.zsamshornistudenky.cz\/?page_id=1506","title":{"rendered":"Fotogalerie &#8211; Divadeln\u00ed p\u0159edstaven\u00ed Poklad kapit\u00e1na Baltazara 5.11.2019"},"content":{"rendered":"\n<p><a href=\"http:\/\/www.zsamshornistudenky.cz\/?page_id=43\">&lt;ZP\u011aT<\/a><\/p>\n\n\n\n<!-- default-view.php -->\n<div\n\tclass=\"ngg-galleryoverview default-view \"\n\tid=\"ngg-gallery-82455f996bc9f3e6e6dfcfc2337b7f57-1\">\n\n\t\t<!-- Thumbnails -->\n\t\t\t\t<div id=\"ngg-image-0\" class=\"ngg-gallery-thumbnail-box \" >\n\t\t\t\t        <div class=\"ngg-gallery-thumbnail\">\n            <a href=\"http:\/\/www.zsamshornistudenky.cz\/wp-content\/gallery\/divadelni-predstaveni-poklad-kapitana-baltazara-5-11-2019\/DSC00359.JPG\"\n               title=\"\"\n               data-src=\"http:\/\/www.zsamshornistudenky.cz\/wp-content\/gallery\/divadelni-predstaveni-poklad-kapitana-baltazara-5-11-2019\/DSC00359.JPG\"\n               data-thumbnail=\"http:\/\/www.zsamshornistudenky.cz\/wp-content\/gallery\/divadelni-predstaveni-poklad-kapitana-baltazara-5-11-2019\/thumbs\/thumbs_DSC00359.JPG\"\n               data-image-id=\"751\"\n               data-title=\"DSC00359\"\n               data-description=\"\"\n               data-image-slug=\"dsc00359\"\n               class=\"ngg-fancybox\" rel=\"82455f996bc9f3e6e6dfcfc2337b7f57\">\n                <img\n                    title=\"DSC00359\"\n                    alt=\"DSC00359\"\n                    src=\"http:\/\/www.zsamshornistudenky.cz\/wp-content\/gallery\/divadelni-predstaveni-poklad-kapitana-baltazara-5-11-2019\/thumbs\/thumbs_DSC00359.JPG\"\n                    width=\"240\"\n                    height=\"160\"\n                    style=\"max-width:100%;\"\n                \/>\n            <\/a>\n        <\/div>\n\t\t\t\t\t\t\t<\/div> \n\t\t\t\n\t\t\t\t<div id=\"ngg-image-1\" class=\"ngg-gallery-thumbnail-box \" >\n\t\t\t\t        <div class=\"ngg-gallery-thumbnail\">\n            <a href=\"http:\/\/www.zsamshornistudenky.cz\/wp-content\/gallery\/divadelni-predstaveni-poklad-kapitana-baltazara-5-11-2019\/DSC00360.JPG\"\n               title=\"\"\n               data-src=\"http:\/\/www.zsamshornistudenky.cz\/wp-content\/gallery\/divadelni-predstaveni-poklad-kapitana-baltazara-5-11-2019\/DSC00360.JPG\"\n               data-thumbnail=\"http:\/\/www.zsamshornistudenky.cz\/wp-content\/gallery\/divadelni-predstaveni-poklad-kapitana-baltazara-5-11-2019\/thumbs\/thumbs_DSC00360.JPG\"\n               data-image-id=\"752\"\n               data-title=\"DSC00360\"\n               data-description=\"\"\n               data-image-slug=\"dsc00360\"\n               class=\"ngg-fancybox\" rel=\"82455f996bc9f3e6e6dfcfc2337b7f57\">\n                <img\n                    title=\"DSC00360\"\n                    alt=\"DSC00360\"\n                    src=\"http:\/\/www.zsamshornistudenky.cz\/wp-content\/gallery\/divadelni-predstaveni-poklad-kapitana-baltazara-5-11-2019\/thumbs\/thumbs_DSC00360.JPG\"\n                    width=\"240\"\n                    height=\"160\"\n                    style=\"max-width:100%;\"\n                \/>\n            <\/a>\n        <\/div>\n\t\t\t\t\t\t\t<\/div> \n\t\t\t\n\t\t\t\t<div id=\"ngg-image-2\" class=\"ngg-gallery-thumbnail-box \" >\n\t\t\t\t        <div class=\"ngg-gallery-thumbnail\">\n            <a href=\"http:\/\/www.zsamshornistudenky.cz\/wp-content\/gallery\/divadelni-predstaveni-poklad-kapitana-baltazara-5-11-2019\/DSC00361.JPG\"\n               title=\"\"\n               data-src=\"http:\/\/www.zsamshornistudenky.cz\/wp-content\/gallery\/divadelni-predstaveni-poklad-kapitana-baltazara-5-11-2019\/DSC00361.JPG\"\n               data-thumbnail=\"http:\/\/www.zsamshornistudenky.cz\/wp-content\/gallery\/divadelni-predstaveni-poklad-kapitana-baltazara-5-11-2019\/thumbs\/thumbs_DSC00361.JPG\"\n               data-image-id=\"753\"\n               data-title=\"DSC00361\"\n               data-description=\"\"\n               data-image-slug=\"dsc00361\"\n               class=\"ngg-fancybox\" rel=\"82455f996bc9f3e6e6dfcfc2337b7f57\">\n                <img\n                    title=\"DSC00361\"\n                    alt=\"DSC00361\"\n                    src=\"http:\/\/www.zsamshornistudenky.cz\/wp-content\/gallery\/divadelni-predstaveni-poklad-kapitana-baltazara-5-11-2019\/thumbs\/thumbs_DSC00361.JPG\"\n                    width=\"240\"\n                    height=\"160\"\n                    style=\"max-width:100%;\"\n                \/>\n            <\/a>\n        <\/div>\n\t\t\t\t\t\t\t<\/div> \n\t\t\t\n\t\t\t\t<div id=\"ngg-image-3\" class=\"ngg-gallery-thumbnail-box \" >\n\t\t\t\t        <div class=\"ngg-gallery-thumbnail\">\n            <a href=\"http:\/\/www.zsamshornistudenky.cz\/wp-content\/gallery\/divadelni-predstaveni-poklad-kapitana-baltazara-5-11-2019\/DSC00362.JPG\"\n               title=\"\"\n               data-src=\"http:\/\/www.zsamshornistudenky.cz\/wp-content\/gallery\/divadelni-predstaveni-poklad-kapitana-baltazara-5-11-2019\/DSC00362.JPG\"\n               data-thumbnail=\"http:\/\/www.zsamshornistudenky.cz\/wp-content\/gallery\/divadelni-predstaveni-poklad-kapitana-baltazara-5-11-2019\/thumbs\/thumbs_DSC00362.JPG\"\n               data-image-id=\"754\"\n               data-title=\"DSC00362\"\n               data-description=\"\"\n               data-image-slug=\"dsc00362\"\n               class=\"ngg-fancybox\" rel=\"82455f996bc9f3e6e6dfcfc2337b7f57\">\n                <img\n                    title=\"DSC00362\"\n                    alt=\"DSC00362\"\n                    src=\"http:\/\/www.zsamshornistudenky.cz\/wp-content\/gallery\/divadelni-predstaveni-poklad-kapitana-baltazara-5-11-2019\/thumbs\/thumbs_DSC00362.JPG\"\n                    width=\"240\"\n                    height=\"160\"\n                    style=\"max-width:100%;\"\n                \/>\n            <\/a>\n        <\/div>\n\t\t\t\t\t\t\t<\/div> \n\t\t\t\n\t\t\t\t<div id=\"ngg-image-4\" class=\"ngg-gallery-thumbnail-box \" >\n\t\t\t\t        <div class=\"ngg-gallery-thumbnail\">\n            <a href=\"http:\/\/www.zsamshornistudenky.cz\/wp-content\/gallery\/divadelni-predstaveni-poklad-kapitana-baltazara-5-11-2019\/DSC00363.JPG\"\n               title=\"\"\n               data-src=\"http:\/\/www.zsamshornistudenky.cz\/wp-content\/gallery\/divadelni-predstaveni-poklad-kapitana-baltazara-5-11-2019\/DSC00363.JPG\"\n               data-thumbnail=\"http:\/\/www.zsamshornistudenky.cz\/wp-content\/gallery\/divadelni-predstaveni-poklad-kapitana-baltazara-5-11-2019\/thumbs\/thumbs_DSC00363.JPG\"\n               data-image-id=\"755\"\n               data-title=\"DSC00363\"\n               data-description=\"\"\n               data-image-slug=\"dsc00363\"\n               class=\"ngg-fancybox\" rel=\"82455f996bc9f3e6e6dfcfc2337b7f57\">\n                <img\n                    title=\"DSC00363\"\n                    alt=\"DSC00363\"\n                    src=\"http:\/\/www.zsamshornistudenky.cz\/wp-content\/gallery\/divadelni-predstaveni-poklad-kapitana-baltazara-5-11-2019\/thumbs\/thumbs_DSC00363.JPG\"\n                    width=\"240\"\n                    height=\"160\"\n                    style=\"max-width:100%;\"\n                \/>\n            <\/a>\n        <\/div>\n\t\t\t\t\t\t\t<\/div> \n\t\t\t\n\t\t\t\t<div id=\"ngg-image-5\" class=\"ngg-gallery-thumbnail-box \" >\n\t\t\t\t        <div class=\"ngg-gallery-thumbnail\">\n            <a href=\"http:\/\/www.zsamshornistudenky.cz\/wp-content\/gallery\/divadelni-predstaveni-poklad-kapitana-baltazara-5-11-2019\/DSC00364.JPG\"\n               title=\"\"\n               data-src=\"http:\/\/www.zsamshornistudenky.cz\/wp-content\/gallery\/divadelni-predstaveni-poklad-kapitana-baltazara-5-11-2019\/DSC00364.JPG\"\n               data-thumbnail=\"http:\/\/www.zsamshornistudenky.cz\/wp-content\/gallery\/divadelni-predstaveni-poklad-kapitana-baltazara-5-11-2019\/thumbs\/thumbs_DSC00364.JPG\"\n               data-image-id=\"756\"\n               data-title=\"DSC00364\"\n               data-description=\"\"\n               data-image-slug=\"dsc00364\"\n               class=\"ngg-fancybox\" rel=\"82455f996bc9f3e6e6dfcfc2337b7f57\">\n                <img\n                    title=\"DSC00364\"\n                    alt=\"DSC00364\"\n                    src=\"http:\/\/www.zsamshornistudenky.cz\/wp-content\/gallery\/divadelni-predstaveni-poklad-kapitana-baltazara-5-11-2019\/thumbs\/thumbs_DSC00364.JPG\"\n                    width=\"240\"\n                    height=\"160\"\n                    style=\"max-width:100%;\"\n                \/>\n            <\/a>\n        <\/div>\n\t\t\t\t\t\t\t<\/div> \n\t\t\t\n\t\t\t\t<div id=\"ngg-image-6\" class=\"ngg-gallery-thumbnail-box \" >\n\t\t\t\t        <div class=\"ngg-gallery-thumbnail\">\n            <a href=\"http:\/\/www.zsamshornistudenky.cz\/wp-content\/gallery\/divadelni-predstaveni-poklad-kapitana-baltazara-5-11-2019\/DSC00365.JPG\"\n               title=\"\"\n               data-src=\"http:\/\/www.zsamshornistudenky.cz\/wp-content\/gallery\/divadelni-predstaveni-poklad-kapitana-baltazara-5-11-2019\/DSC00365.JPG\"\n               data-thumbnail=\"http:\/\/www.zsamshornistudenky.cz\/wp-content\/gallery\/divadelni-predstaveni-poklad-kapitana-baltazara-5-11-2019\/thumbs\/thumbs_DSC00365.JPG\"\n               data-image-id=\"757\"\n               data-title=\"DSC00365\"\n               data-description=\"\"\n               data-image-slug=\"dsc00365\"\n               class=\"ngg-fancybox\" rel=\"82455f996bc9f3e6e6dfcfc2337b7f57\">\n                <img\n                    title=\"DSC00365\"\n                    alt=\"DSC00365\"\n                    src=\"http:\/\/www.zsamshornistudenky.cz\/wp-content\/gallery\/divadelni-predstaveni-poklad-kapitana-baltazara-5-11-2019\/thumbs\/thumbs_DSC00365.JPG\"\n                    width=\"240\"\n                    height=\"160\"\n                    style=\"max-width:100%;\"\n                \/>\n            <\/a>\n        <\/div>\n\t\t\t\t\t\t\t<\/div> \n\t\t\t\n\t\t\t\t<div id=\"ngg-image-7\" class=\"ngg-gallery-thumbnail-box \" >\n\t\t\t\t        <div class=\"ngg-gallery-thumbnail\">\n            <a href=\"http:\/\/www.zsamshornistudenky.cz\/wp-content\/gallery\/divadelni-predstaveni-poklad-kapitana-baltazara-5-11-2019\/DSC00366.JPG\"\n               title=\"\"\n               data-src=\"http:\/\/www.zsamshornistudenky.cz\/wp-content\/gallery\/divadelni-predstaveni-poklad-kapitana-baltazara-5-11-2019\/DSC00366.JPG\"\n               data-thumbnail=\"http:\/\/www.zsamshornistudenky.cz\/wp-content\/gallery\/divadelni-predstaveni-poklad-kapitana-baltazara-5-11-2019\/thumbs\/thumbs_DSC00366.JPG\"\n               data-image-id=\"758\"\n               data-title=\"DSC00366\"\n               data-description=\"\"\n               data-image-slug=\"dsc00366\"\n               class=\"ngg-fancybox\" rel=\"82455f996bc9f3e6e6dfcfc2337b7f57\">\n                <img\n                    title=\"DSC00366\"\n                    alt=\"DSC00366\"\n                    src=\"http:\/\/www.zsamshornistudenky.cz\/wp-content\/gallery\/divadelni-predstaveni-poklad-kapitana-baltazara-5-11-2019\/thumbs\/thumbs_DSC00366.JPG\"\n                    width=\"240\"\n                    height=\"160\"\n                    style=\"max-width:100%;\"\n                \/>\n            <\/a>\n        <\/div>\n\t\t\t\t\t\t\t<\/div> \n\t\t\t\n\t\t\t\t<div id=\"ngg-image-8\" class=\"ngg-gallery-thumbnail-box \" >\n\t\t\t\t        <div class=\"ngg-gallery-thumbnail\">\n            <a href=\"http:\/\/www.zsamshornistudenky.cz\/wp-content\/gallery\/divadelni-predstaveni-poklad-kapitana-baltazara-5-11-2019\/DSC00367.JPG\"\n               title=\"\"\n               data-src=\"http:\/\/www.zsamshornistudenky.cz\/wp-content\/gallery\/divadelni-predstaveni-poklad-kapitana-baltazara-5-11-2019\/DSC00367.JPG\"\n               data-thumbnail=\"http:\/\/www.zsamshornistudenky.cz\/wp-content\/gallery\/divadelni-predstaveni-poklad-kapitana-baltazara-5-11-2019\/thumbs\/thumbs_DSC00367.JPG\"\n               data-image-id=\"759\"\n               data-title=\"DSC00367\"\n               data-description=\"\"\n               data-image-slug=\"dsc00367\"\n               class=\"ngg-fancybox\" rel=\"82455f996bc9f3e6e6dfcfc2337b7f57\">\n                <img\n                    title=\"DSC00367\"\n                    alt=\"DSC00367\"\n                    src=\"http:\/\/www.zsamshornistudenky.cz\/wp-content\/gallery\/divadelni-predstaveni-poklad-kapitana-baltazara-5-11-2019\/thumbs\/thumbs_DSC00367.JPG\"\n                    width=\"240\"\n                    height=\"160\"\n                    style=\"max-width:100%;\"\n                \/>\n            <\/a>\n        <\/div>\n\t\t\t\t\t\t\t<\/div> \n\t\t\t\n\t\n\t<br style=\"clear: both\" \/>\n\n\t\n\t\t<!-- Pagination -->\n\t<div class='ngg-clear'><\/div>\t<\/div>\n\n\n\n\n<p style=\"text-align:right\"><a href=\"http:\/\/www.zsamshornistudenky.cz\/?page_id=43\">&lt;ZP\u011aT<\/a><\/p>\n\n\n\n<p><\/p>\n","protected":false},"excerpt":{"rendered":"<p>&lt;ZP\u011aT &lt;ZP\u011aT<\/p>\n","protected":false},"author":1,"featured_media":0,"parent":0,"menu_order":0,"comment_status":"closed","ping_status":"closed","template":"","meta":{"ngg_post_thumbnail":0},"_links":{"self":[{"href":"http:\/\/www.zsamshornistudenky.cz\/index.php?rest_route=\/wp\/v2\/pages\/1506"}],"collection":[{"href":"http:\/\/www.zsamshornistudenky.cz\/index.php?rest_route=\/wp\/v2\/pages"}],"about":[{"href":"http:\/\/www.zsamshornistudenky.cz\/index.php?rest_route=\/wp\/v2\/types\/page"}],"author":[{"embeddable":true,"href":"http:\/\/www.zsamshornistudenky.cz\/index.php?rest_route=\/wp\/v2\/users\/1"}],"replies":[{"embeddable":true,"href":"http:\/\/www.zsamshornistudenky.cz\/index.php?rest_route=%2Fwp%2Fv2%2Fcomments&post=1506"}],"version-history":[{"count":1,"href":"http:\/\/www.zsamshornistudenky.cz\/index.php?rest_route=\/wp\/v2\/pages\/1506\/revisions"}],"predecessor-version":[{"id":1507,"href":"http:\/\/www.zsamshornistudenky.cz\/index.php?rest_route=\/wp\/v2\/pages\/1506\/revisions\/1507"}],"wp:attachment":[{"href":"http:\/\/www.zsamshornistudenky.cz\/index.php?rest_route=%2Fwp%2Fv2%2Fmedia&parent=1506"}],"curies":[{"name":"wp","href":"https:\/\/api.w.org\/{rel}","templated":true}]}}