{"id":1490,"date":"2020-01-31T23:05:43","date_gmt":"2020-01-31T23:05:43","guid":{"rendered":"http:\/\/www.zsamshornistudenky.cz\/?page_id=1490"},"modified":"2020-09-15T13:10:43","modified_gmt":"2020-09-15T13:10:43","slug":"fotogalerie-prvni-skolni-den-2019","status":"publish","type":"page","link":"http:\/\/www.zsamshornistudenky.cz\/?page_id=1490","title":{"rendered":"Fotogalerie &#8211; Prvn\u00ed \u0161koln\u00ed den 2019"},"content":{"rendered":"\n<p><a href=\"http:\/\/www.zsamshornistudenky.cz\/?page_id=43\">&lt;ZP\u011aT<\/a><\/p>\n\n\n\n<!-- default-view.php -->\n<div\n\tclass=\"ngg-galleryoverview default-view \"\n\tid=\"ngg-gallery-47165a1ff3d4bbdcd3edde4dbf170f2b-1\">\n\n\t\t<!-- Thumbnails -->\n\t\t\t\t<div id=\"ngg-image-0\" class=\"ngg-gallery-thumbnail-box \" >\n\t\t\t\t        <div class=\"ngg-gallery-thumbnail\">\n            <a href=\"http:\/\/www.zsamshornistudenky.cz\/wp-content\/gallery\/prvni-skolni-den-2019\/DSC00254.JPG\"\n               title=\"\"\n               data-src=\"http:\/\/www.zsamshornistudenky.cz\/wp-content\/gallery\/prvni-skolni-den-2019\/DSC00254.JPG\"\n               data-thumbnail=\"http:\/\/www.zsamshornistudenky.cz\/wp-content\/gallery\/prvni-skolni-den-2019\/thumbs\/thumbs_DSC00254.JPG\"\n               data-image-id=\"676\"\n               data-title=\"DSC00254\"\n               data-description=\"\"\n               data-image-slug=\"dsc00254\"\n               class=\"ngg-fancybox\" rel=\"47165a1ff3d4bbdcd3edde4dbf170f2b\">\n                <img\n                    title=\"DSC00254\"\n                    alt=\"DSC00254\"\n                    src=\"http:\/\/www.zsamshornistudenky.cz\/wp-content\/gallery\/prvni-skolni-den-2019\/thumbs\/thumbs_DSC00254.JPG\"\n                    width=\"240\"\n                    height=\"160\"\n                    style=\"max-width:100%;\"\n                \/>\n            <\/a>\n        <\/div>\n\t\t\t\t\t\t\t<\/div> \n\t\t\t\n\t\n\t<br style=\"clear: both\" \/>\n\n\t\n\t\t<!-- Pagination -->\n\t<div class='ngg-clear'><\/div>\t<\/div>\n\n\n\n\n<p style=\"text-align:right\"><a href=\"http:\/\/www.zsamshornistudenky.cz\/?page_id=43\">&lt;ZP\u011aT<\/a><\/p>\n","protected":false},"excerpt":{"rendered":"<p>&lt;ZP\u011aT &lt;ZP\u011aT<\/p>\n","protected":false},"author":1,"featured_media":0,"parent":0,"menu_order":0,"comment_status":"closed","ping_status":"closed","template":"","meta":{"ngg_post_thumbnail":0},"_links":{"self":[{"href":"http:\/\/www.zsamshornistudenky.cz\/index.php?rest_route=\/wp\/v2\/pages\/1490"}],"collection":[{"href":"http:\/\/www.zsamshornistudenky.cz\/index.php?rest_route=\/wp\/v2\/pages"}],"about":[{"href":"http:\/\/www.zsamshornistudenky.cz\/index.php?rest_route=\/wp\/v2\/types\/page"}],"author":[{"embeddable":true,"href":"http:\/\/www.zsamshornistudenky.cz\/index.php?rest_route=\/wp\/v2\/users\/1"}],"replies":[{"embeddable":true,"href":"http:\/\/www.zsamshornistudenky.cz\/index.php?rest_route=%2Fwp%2Fv2%2Fcomments&post=1490"}],"version-history":[{"count":1,"href":"http:\/\/www.zsamshornistudenky.cz\/index.php?rest_route=\/wp\/v2\/pages\/1490\/revisions"}],"predecessor-version":[{"id":1491,"href":"http:\/\/www.zsamshornistudenky.cz\/index.php?rest_route=\/wp\/v2\/pages\/1490\/revisions\/1491"}],"wp:attachment":[{"href":"http:\/\/www.zsamshornistudenky.cz\/index.php?rest_route=%2Fwp%2Fv2%2Fmedia&parent=1490"}],"curies":[{"name":"wp","href":"https:\/\/api.w.org\/{rel}","templated":true}]}}