{"id":1473,"date":"2020-01-31T22:52:49","date_gmt":"2020-01-31T22:52:49","guid":{"rendered":"http:\/\/www.zsamshornistudenky.cz\/?page_id=1473"},"modified":"2020-09-03T19:57:49","modified_gmt":"2020-09-03T19:57:49","slug":"fotogalerie-den-otcu-vyroba-pranicek-5-6-2019","status":"publish","type":"page","link":"http:\/\/www.zsamshornistudenky.cz\/?page_id=1473","title":{"rendered":"Fotogalerie &#8211; Den otc\u016f &#8211; v\u00fdroba p\u0159\u00e1n\u00ed\u010dek 5.6.2019"},"content":{"rendered":"\n<p><a href=\"http:\/\/www.zsamshornistudenky.cz\/?page_id=43\">&lt;ZP\u011aT<\/a><\/p>\n\n\n\n<!-- default-view.php -->\n<div\n\tclass=\"ngg-galleryoverview default-view \"\n\tid=\"ngg-gallery-8b8b70edfac20e4f38a1fe2d5c7bd87a-1\">\n\n\t\t<!-- Thumbnails -->\n\t\t\t\t<div id=\"ngg-image-0\" class=\"ngg-gallery-thumbnail-box \" >\n\t\t\t\t        <div class=\"ngg-gallery-thumbnail\">\n            <a href=\"http:\/\/www.zsamshornistudenky.cz\/wp-content\/gallery\/den-otcu-vyroba-pranicek-5-6-2019\/DSC00091.JPG\"\n               title=\"\"\n               data-src=\"http:\/\/www.zsamshornistudenky.cz\/wp-content\/gallery\/den-otcu-vyroba-pranicek-5-6-2019\/DSC00091.JPG\"\n               data-thumbnail=\"http:\/\/www.zsamshornistudenky.cz\/wp-content\/gallery\/den-otcu-vyroba-pranicek-5-6-2019\/thumbs\/thumbs_DSC00091.JPG\"\n               data-image-id=\"516\"\n               data-title=\"DSC00091\"\n               data-description=\"\"\n               data-image-slug=\"dsc00091\"\n               class=\"ngg-fancybox\" rel=\"8b8b70edfac20e4f38a1fe2d5c7bd87a\">\n                <img\n                    title=\"DSC00091\"\n                    alt=\"DSC00091\"\n                    src=\"http:\/\/www.zsamshornistudenky.cz\/wp-content\/gallery\/den-otcu-vyroba-pranicek-5-6-2019\/thumbs\/thumbs_DSC00091.JPG\"\n                    width=\"240\"\n                    height=\"160\"\n                    style=\"max-width:100%;\"\n                \/>\n            <\/a>\n        <\/div>\n\t\t\t\t\t\t\t<\/div> \n\t\t\t\n\t\t\t\t<div id=\"ngg-image-1\" class=\"ngg-gallery-thumbnail-box \" >\n\t\t\t\t        <div class=\"ngg-gallery-thumbnail\">\n            <a href=\"http:\/\/www.zsamshornistudenky.cz\/wp-content\/gallery\/den-otcu-vyroba-pranicek-5-6-2019\/DSC00092.JPG\"\n               title=\"\"\n               data-src=\"http:\/\/www.zsamshornistudenky.cz\/wp-content\/gallery\/den-otcu-vyroba-pranicek-5-6-2019\/DSC00092.JPG\"\n               data-thumbnail=\"http:\/\/www.zsamshornistudenky.cz\/wp-content\/gallery\/den-otcu-vyroba-pranicek-5-6-2019\/thumbs\/thumbs_DSC00092.JPG\"\n               data-image-id=\"517\"\n               data-title=\"DSC00092\"\n               data-description=\"\"\n               data-image-slug=\"dsc00092\"\n               class=\"ngg-fancybox\" rel=\"8b8b70edfac20e4f38a1fe2d5c7bd87a\">\n                <img\n                    title=\"DSC00092\"\n                    alt=\"DSC00092\"\n                    src=\"http:\/\/www.zsamshornistudenky.cz\/wp-content\/gallery\/den-otcu-vyroba-pranicek-5-6-2019\/thumbs\/thumbs_DSC00092.JPG\"\n                    width=\"240\"\n                    height=\"160\"\n                    style=\"max-width:100%;\"\n                \/>\n            <\/a>\n        <\/div>\n\t\t\t\t\t\t\t<\/div> \n\t\t\t\n\t\t\t\t<div id=\"ngg-image-2\" class=\"ngg-gallery-thumbnail-box \" >\n\t\t\t\t        <div class=\"ngg-gallery-thumbnail\">\n            <a href=\"http:\/\/www.zsamshornistudenky.cz\/wp-content\/gallery\/den-otcu-vyroba-pranicek-5-6-2019\/DSC00093.JPG\"\n               title=\"\"\n               data-src=\"http:\/\/www.zsamshornistudenky.cz\/wp-content\/gallery\/den-otcu-vyroba-pranicek-5-6-2019\/DSC00093.JPG\"\n               data-thumbnail=\"http:\/\/www.zsamshornistudenky.cz\/wp-content\/gallery\/den-otcu-vyroba-pranicek-5-6-2019\/thumbs\/thumbs_DSC00093.JPG\"\n               data-image-id=\"518\"\n               data-title=\"DSC00093\"\n               data-description=\"\"\n               data-image-slug=\"dsc00093\"\n               class=\"ngg-fancybox\" rel=\"8b8b70edfac20e4f38a1fe2d5c7bd87a\">\n                <img\n                    title=\"DSC00093\"\n                    alt=\"DSC00093\"\n                    src=\"http:\/\/www.zsamshornistudenky.cz\/wp-content\/gallery\/den-otcu-vyroba-pranicek-5-6-2019\/thumbs\/thumbs_DSC00093.JPG\"\n                    width=\"240\"\n                    height=\"160\"\n                    style=\"max-width:100%;\"\n                \/>\n            <\/a>\n        <\/div>\n\t\t\t\t\t\t\t<\/div> \n\t\t\t\n\t\t\t\t<div id=\"ngg-image-3\" class=\"ngg-gallery-thumbnail-box \" >\n\t\t\t\t        <div class=\"ngg-gallery-thumbnail\">\n            <a href=\"http:\/\/www.zsamshornistudenky.cz\/wp-content\/gallery\/den-otcu-vyroba-pranicek-5-6-2019\/DSC00094.JPG\"\n               title=\"\"\n               data-src=\"http:\/\/www.zsamshornistudenky.cz\/wp-content\/gallery\/den-otcu-vyroba-pranicek-5-6-2019\/DSC00094.JPG\"\n               data-thumbnail=\"http:\/\/www.zsamshornistudenky.cz\/wp-content\/gallery\/den-otcu-vyroba-pranicek-5-6-2019\/thumbs\/thumbs_DSC00094.JPG\"\n               data-image-id=\"519\"\n               data-title=\"DSC00094\"\n               data-description=\"\"\n               data-image-slug=\"dsc00094\"\n               class=\"ngg-fancybox\" rel=\"8b8b70edfac20e4f38a1fe2d5c7bd87a\">\n                <img\n                    title=\"DSC00094\"\n                    alt=\"DSC00094\"\n                    src=\"http:\/\/www.zsamshornistudenky.cz\/wp-content\/gallery\/den-otcu-vyroba-pranicek-5-6-2019\/thumbs\/thumbs_DSC00094.JPG\"\n                    width=\"240\"\n                    height=\"160\"\n                    style=\"max-width:100%;\"\n                \/>\n            <\/a>\n        <\/div>\n\t\t\t\t\t\t\t<\/div> \n\t\t\t\n\t\t\t\t<div id=\"ngg-image-4\" class=\"ngg-gallery-thumbnail-box \" >\n\t\t\t\t        <div class=\"ngg-gallery-thumbnail\">\n            <a href=\"http:\/\/www.zsamshornistudenky.cz\/wp-content\/gallery\/den-otcu-vyroba-pranicek-5-6-2019\/DSC00095.JPG\"\n               title=\"\"\n               data-src=\"http:\/\/www.zsamshornistudenky.cz\/wp-content\/gallery\/den-otcu-vyroba-pranicek-5-6-2019\/DSC00095.JPG\"\n               data-thumbnail=\"http:\/\/www.zsamshornistudenky.cz\/wp-content\/gallery\/den-otcu-vyroba-pranicek-5-6-2019\/thumbs\/thumbs_DSC00095.JPG\"\n               data-image-id=\"520\"\n               data-title=\"DSC00095\"\n               data-description=\"\"\n               data-image-slug=\"dsc00095\"\n               class=\"ngg-fancybox\" rel=\"8b8b70edfac20e4f38a1fe2d5c7bd87a\">\n                <img\n                    title=\"DSC00095\"\n                    alt=\"DSC00095\"\n                    src=\"http:\/\/www.zsamshornistudenky.cz\/wp-content\/gallery\/den-otcu-vyroba-pranicek-5-6-2019\/thumbs\/thumbs_DSC00095.JPG\"\n                    width=\"240\"\n                    height=\"160\"\n                    style=\"max-width:100%;\"\n                \/>\n            <\/a>\n        <\/div>\n\t\t\t\t\t\t\t<\/div> \n\t\t\t\n\t\n\t<br style=\"clear: both\" \/>\n\n\t\n\t\t<!-- Pagination -->\n\t<div class='ngg-clear'><\/div>\t<\/div>\n\n\n\n\n<p style=\"text-align:right\"> <a href=\"http:\/\/www.zsamshornistudenky.cz\/?page_id=43\">&lt;ZP\u011aT<\/a><\/p>\n","protected":false},"excerpt":{"rendered":"<p>&lt;ZP\u011aT &lt;ZP\u011aT<\/p>\n","protected":false},"author":1,"featured_media":0,"parent":0,"menu_order":0,"comment_status":"closed","ping_status":"closed","template":"","meta":{"ngg_post_thumbnail":0},"_links":{"self":[{"href":"http:\/\/www.zsamshornistudenky.cz\/index.php?rest_route=\/wp\/v2\/pages\/1473"}],"collection":[{"href":"http:\/\/www.zsamshornistudenky.cz\/index.php?rest_route=\/wp\/v2\/pages"}],"about":[{"href":"http:\/\/www.zsamshornistudenky.cz\/index.php?rest_route=\/wp\/v2\/types\/page"}],"author":[{"embeddable":true,"href":"http:\/\/www.zsamshornistudenky.cz\/index.php?rest_route=\/wp\/v2\/users\/1"}],"replies":[{"embeddable":true,"href":"http:\/\/www.zsamshornistudenky.cz\/index.php?rest_route=%2Fwp%2Fv2%2Fcomments&post=1473"}],"version-history":[{"count":2,"href":"http:\/\/www.zsamshornistudenky.cz\/index.php?rest_route=\/wp\/v2\/pages\/1473\/revisions"}],"predecessor-version":[{"id":1476,"href":"http:\/\/www.zsamshornistudenky.cz\/index.php?rest_route=\/wp\/v2\/pages\/1473\/revisions\/1476"}],"wp:attachment":[{"href":"http:\/\/www.zsamshornistudenky.cz\/index.php?rest_route=%2Fwp%2Fv2%2Fmedia&parent=1473"}],"curies":[{"name":"wp","href":"https:\/\/api.w.org\/{rel}","templated":true}]}}