{"id":109,"date":"2019-10-27T16:53:48","date_gmt":"2019-10-27T16:53:48","guid":{"rendered":"http:\/\/www.zsamshornistudenky.cz\/?page_id=109"},"modified":"2025-08-27T06:18:57","modified_gmt":"2025-08-27T06:18:57","slug":"rozvrh-hodin","status":"publish","type":"page","link":"http:\/\/www.zsamshornistudenky.cz\/?page_id=109","title":{"rendered":"Rozvrh hodin"},"content":{"rendered":"<h4>Platn\u00fd od 3. 9. 2025<\/h4>\r\n<h1 class=\"has-text-align-left\">Prvn\u00ed t\u0159\u00edda<\/h1>\r\n\r\n<table>\r\n<tbody>\r\n<tr>\r\n<td>1. t\u0159\u00edda<\/td>\r\n<td class=\"has-text-align-center\" data-align=\"center\"><b>1<\/b><\/td>\r\n<td class=\"has-text-align-center\" data-align=\"center\"><b>2<\/b><\/td>\r\n<td class=\"has-text-align-center\" data-align=\"center\"><b>3<\/b><\/td>\r\n<td class=\"has-text-align-center\" data-align=\"center\"><b>4<\/b><\/td>\r\n<td class=\"has-text-align-center\" data-align=\"center\"><b>5<\/b><\/td>\r\n<td class=\"has-text-align-center\" data-align=\"center\"><b>Ob\u011bd<\/b><\/td>\r\n<td class=\"has-text-align-center\" data-align=\"center\"><b>6<\/b><\/td>\r\n<\/tr>\r\n<tr>\r\n<td><b>Pond\u011bl\u00ed<\/b><\/td>\r\n<td class=\"has-text-align-center\" data-align=\"center\">\u010cJ<\/td>\r\n<td class=\"has-text-align-center\" data-align=\"center\">M<\/td>\r\n<td class=\"has-text-align-center\" data-align=\"center\">PRV<\/td>\r\n<td class=\"has-text-align-center\" data-align=\"center\">P\u010c<\/td>\r\n<td class=\"has-text-align-center\" data-align=\"center\">&nbsp;<\/td>\r\n<td class=\"has-text-align-center\" data-align=\"center\">&nbsp;<\/td>\r\n<td class=\"has-text-align-center\" data-align=\"center\">&nbsp;<\/td>\r\n<\/tr>\r\n<tr>\r\n<td><b>\u00dater\u00fd<\/b><\/td>\r\n<td class=\"has-text-align-center\" data-align=\"center\">\u010cJ<\/td>\r\n<td class=\"has-text-align-center\" data-align=\"center\">\u010cJ<\/td>\r\n<td class=\"has-text-align-center\" data-align=\"center\">TV<\/td>\r\n<td class=\"has-text-align-center\" data-align=\"center\">TV<\/td>\r\n<td class=\"has-text-align-center\" data-align=\"center\">&nbsp;<\/td>\r\n<td class=\"has-text-align-center\" data-align=\"center\">&nbsp;<\/td>\r\n<td class=\"has-text-align-center\" data-align=\"center\">&nbsp;<\/td>\r\n<\/tr>\r\n<tr>\r\n<td><b>St\u0159eda<\/b><\/td>\r\n<td class=\"has-text-align-center\" data-align=\"center\">\u010cJ<\/td>\r\n<td class=\"has-text-align-center\" data-align=\"center\">M<\/td>\r\n<td class=\"has-text-align-center\" data-align=\"center\">\u010cJ<\/td>\r\n<td class=\"has-text-align-center\" data-align=\"center\">HV<\/td>\r\n<td class=\"has-text-align-center\" data-align=\"center\">&nbsp;<\/td>\r\n<td class=\"has-text-align-center\" data-align=\"center\">&nbsp;<\/td>\r\n<td class=\"has-text-align-center\" data-align=\"center\">&nbsp;<\/td>\r\n<\/tr>\r\n<tr>\r\n<td><b>\u010ctvrtek<\/b><\/td>\r\n<td class=\"has-text-align-center\" data-align=\"center\">\u010cJ<\/td>\r\n<td class=\"has-text-align-center\" data-align=\"center\">M<\/td>\r\n<td class=\"has-text-align-center\" data-align=\"center\">PRV<\/td>\r\n<td class=\"has-text-align-center\" data-align=\"center\">\u010cJ<\/td>\r\n<td class=\"has-text-align-center\" data-align=\"center\">&nbsp;<\/td>\r\n<td class=\"has-text-align-center\" data-align=\"center\">&nbsp;<\/td>\r\n<td class=\"has-text-align-center\" data-align=\"center\">&nbsp;<\/td>\r\n<\/tr>\r\n<tr>\r\n<td><b>P\u00e1tek<\/b><\/td>\r\n<td class=\"has-text-align-center\" data-align=\"center\">\u010cJ<\/td>\r\n<td class=\"has-text-align-center\" data-align=\"center\">M<\/td>\r\n<td class=\"has-text-align-center\" data-align=\"center\">\u010cJ<\/td>\r\n<td class=\"has-text-align-center\" data-align=\"center\">VV<\/td>\r\n<td class=\"has-text-align-center\" data-align=\"center\">&nbsp;<\/td>\r\n<td class=\"has-text-align-center\" data-align=\"center\">&nbsp;<\/td>\r\n<td class=\"has-text-align-center\" data-align=\"center\">&nbsp;<\/td>\r\n<\/tr>\r\n<\/tbody>\r\n<\/table>\r\n\r\n\r\n\r\n<h1>Druh\u00e1 t\u0159\u00edda<\/h1>\r\n<table>\r\n<tbody>\r\n<tr>\r\n<td>&nbsp;2. t\u0159\u00edda<\/td>\r\n<td class=\"has-text-align-center\" data-align=\"center\"><b>1<\/b><\/td>\r\n<td class=\"has-text-align-center\" data-align=\"center\"><b>2<\/b><\/td>\r\n<td class=\"has-text-align-center\" data-align=\"center\"><b>3<\/b><\/td>\r\n<td class=\"has-text-align-center\" data-align=\"center\"><b>4<\/b><\/td>\r\n<td class=\"has-text-align-center\" data-align=\"center\"><b>5<\/b><\/td>\r\n<td class=\"has-text-align-center\" data-align=\"center\"><b>Ob\u011bd<\/b><\/td>\r\n<td class=\"has-text-align-center\" data-align=\"center\"><b>6<\/b><\/td>\r\n<\/tr>\r\n<tr>\r\n<td><b>Pond\u011bl\u00ed<\/b><\/td>\r\n<td class=\"has-text-align-center\" data-align=\"center\">\u010cJ<\/td>\r\n<td class=\"has-text-align-center\" data-align=\"center\">M<\/td>\r\n<td class=\"has-text-align-center\" data-align=\"center\">PRV<\/td>\r\n<td class=\"has-text-align-center\" data-align=\"center\">P\u010c<\/td>\r\n<td class=\"has-text-align-center\" data-align=\"center\">\u010cJ<\/td>\r\n<td class=\"has-text-align-center\" data-align=\"center\">&nbsp;<\/td>\r\n<td class=\"has-text-align-center\" data-align=\"center\">&nbsp;<\/td>\r\n<\/tr>\r\n<tr>\r\n<td><b>\u00dater\u00fd<\/b><\/td>\r\n<td class=\"has-text-align-center\" data-align=\"center\">\u010cJ<\/td>\r\n<td class=\"has-text-align-center\" data-align=\"center\">\u010cJ<\/td>\r\n<td class=\"has-text-align-center\" data-align=\"center\">TV<\/td>\r\n<td class=\"has-text-align-center\" data-align=\"center\">TV<\/td>\r\n<td class=\"has-text-align-center\" data-align=\"center\">M<\/td>\r\n<td class=\"has-text-align-center\" data-align=\"center\">&nbsp;<\/td>\r\n<td class=\"has-text-align-center\" data-align=\"center\">&nbsp;<\/td>\r\n<\/tr>\r\n<tr>\r\n<td><b>St\u0159eda<\/b><\/td>\r\n<td class=\"has-text-align-center\" data-align=\"center\">\u010cJ<\/td>\r\n<td class=\"has-text-align-center\" data-align=\"center\">M<\/td>\r\n<td class=\"has-text-align-center\" data-align=\"center\">\u010cJ<\/td>\r\n<td class=\"has-text-align-center\" data-align=\"center\">HV<\/td>\r\n<td class=\"has-text-align-center\" data-align=\"center\">&nbsp;<\/td>\r\n<td class=\"has-text-align-center\" data-align=\"center\">&nbsp;<\/td>\r\n<td class=\"has-text-align-center\" data-align=\"center\">&nbsp;<\/td>\r\n<\/tr>\r\n<tr>\r\n<td><b>\u010ctvrtek<\/b><\/td>\r\n<td class=\"has-text-align-center\" data-align=\"center\">\u010cJ<\/td>\r\n<td class=\"has-text-align-center\" data-align=\"center\">M<\/td>\r\n<td class=\"has-text-align-center\" data-align=\"center\">PRV<\/td>\r\n<td class=\"has-text-align-center\" data-align=\"center\">\u010cJ<\/td>\r\n<td class=\"has-text-align-center\" data-align=\"center\">&nbsp;<\/td>\r\n<td class=\"has-text-align-center\" data-align=\"center\">&nbsp;<\/td>\r\n<td class=\"has-text-align-center\" data-align=\"center\">&nbsp;<\/td>\r\n<\/tr>\r\n<tr>\r\n<td><b>P\u00e1tek<\/b><\/td>\r\n<td class=\"has-text-align-center\" data-align=\"center\">\u010cJ<\/td>\r\n<td class=\"has-text-align-center\" data-align=\"center\">M<\/td>\r\n<td class=\"has-text-align-center\" data-align=\"center\">\u010cJ<\/td>\r\n<td class=\"has-text-align-center\" data-align=\"center\">VV<\/td>\r\n<td class=\"has-text-align-center\" data-align=\"center\">&nbsp;<\/td>\r\n<td class=\"has-text-align-center\" data-align=\"center\">&nbsp;<\/td>\r\n<td class=\"has-text-align-center\" data-align=\"center\">&nbsp;<\/td>\r\n<\/tr>\r\n<\/tbody>\r\n<\/table>\r\n\r\n\r\n\r\n<h1>T\u0159et\u00ed t\u0159\u00edda<\/h1>\r\n\r\n\r\n\r\n<table>\r\n<tbody>\r\n<tr>\r\n<td>&nbsp;3. t\u0159\u00edda<\/td>\r\n<td class=\"has-text-align-center\" data-align=\"center\"><b>1<\/b><\/td>\r\n<td class=\"has-text-align-center\" data-align=\"center\"><b>2<\/b><\/td>\r\n<td class=\"has-text-align-center\" data-align=\"center\"><b>3<\/b><\/td>\r\n<td class=\"has-text-align-center\" data-align=\"center\"><b>4<\/b><\/td>\r\n<td class=\"has-text-align-center\" data-align=\"center\"><b>5<\/b><\/td>\r\n<td class=\"has-text-align-center\" data-align=\"center\"><b>Ob\u011bd<\/b><\/td>\r\n<td class=\"has-text-align-center\" data-align=\"center\"><b>6<\/b><\/td>\r\n<\/tr>\r\n<tr>\r\n<td><b>Pond\u011bl\u00ed<\/b><\/td>\r\n<td class=\"has-text-align-center\" data-align=\"center\">\u010cJ<\/td>\r\n<td class=\"has-text-align-center\" data-align=\"center\">M<\/td>\r\n<td class=\"has-text-align-center\" data-align=\"center\">\u010cJ<\/td>\r\n<td class=\"has-text-align-center\" data-align=\"center\">AJ<\/td>\r\n<td class=\"has-text-align-center\" data-align=\"center\">&nbsp;<\/td>\r\n<td class=\"has-text-align-center\" data-align=\"center\">&nbsp;<\/td>\r\n<td class=\"has-text-align-center\" data-align=\"center\">P\u010c<\/td>\r\n<\/tr>\r\n<tr>\r\n<td><b>\u00dater\u00fd<\/b><\/td>\r\n<td class=\"has-text-align-center\" data-align=\"center\">\u010cJ<\/td>\r\n<td class=\"has-text-align-center\" data-align=\"center\">M<\/td>\r\n<td class=\"has-text-align-center\" data-align=\"center\">TV<\/td>\r\n<td class=\"has-text-align-center\" data-align=\"center\">TV<\/td>\r\n<td class=\"has-text-align-center\" data-align=\"center\">PRV<\/td>\r\n<td class=\"has-text-align-center\" data-align=\"center\">&nbsp;<\/td>\r\n<td class=\"has-text-align-center\" data-align=\"center\">&nbsp;<\/td>\r\n<\/tr>\r\n<tr>\r\n<td><b>St\u0159eda<\/b><\/td>\r\n<td class=\"has-text-align-center\" data-align=\"center\">\u010cJ<\/td>\r\n<td class=\"has-text-align-center\" data-align=\"center\">M<\/td>\r\n<td class=\"has-text-align-center\" data-align=\"center\">\u010cJ<\/td>\r\n<td class=\"has-text-align-center\" data-align=\"center\">HV<\/td>\r\n<td class=\"has-text-align-center\" data-align=\"center\">AJ<\/td>\r\n<td class=\"has-text-align-center\" data-align=\"center\">&nbsp;<\/td>\r\n<td class=\"has-text-align-center\" data-align=\"center\">&nbsp;<\/td>\r\n<\/tr>\r\n<tr>\r\n<td><b>\u010ctvrtek<\/b><\/td>\r\n<td class=\"has-text-align-center\" data-align=\"center\">\u010cJ<\/td>\r\n<td class=\"has-text-align-center\" data-align=\"center\">M<\/td>\r\n<td class=\"has-text-align-center\" data-align=\"center\">\u010cJ<\/td>\r\n<td class=\"has-text-align-center\" data-align=\"center\">AJ<\/td>\r\n<td class=\"has-text-align-center\" data-align=\"center\">&nbsp;<\/td>\r\n<td class=\"has-text-align-center\" data-align=\"center\">&nbsp;<\/td>\r\n<td class=\"has-text-align-center\" data-align=\"center\">&nbsp;<\/td>\r\n<\/tr>\r\n<tr>\r\n<td><b>P\u00e1tek<\/b><\/td>\r\n<td class=\"has-text-align-center\" data-align=\"center\">\u010cJ<\/td>\r\n<td class=\"has-text-align-center\" data-align=\"center\">\u010cJ<\/td>\r\n<td class=\"has-text-align-center\" data-align=\"center\">M<\/td>\r\n<td class=\"has-text-align-center\" data-align=\"center\">VV<\/td>\r\n<td class=\"has-text-align-center\" data-align=\"center\">PRV<\/td>\r\n<td class=\"has-text-align-center\" data-align=\"center\">&nbsp;<\/td>\r\n<td class=\"has-text-align-center\" data-align=\"center\">&nbsp;<\/td>\r\n<\/tr>\r\n<\/tbody>\r\n<\/table>\r\n\r\n\r\n\r\n<h1>\u010ctvrt\u00e1 t\u0159\u00edda<\/h1>\r\n\r\n\r\n\r\n<table>\r\n<tbody>\r\n<tr>\r\n<td>&nbsp;4. t\u0159\u00edda<\/td>\r\n<td class=\"has-text-align-center\" data-align=\"center\"><b>1<\/b><\/td>\r\n<td class=\"has-text-align-center\" data-align=\"center\"><b>2<\/b><\/td>\r\n<td class=\"has-text-align-center\" data-align=\"center\"><b>3<\/b><\/td>\r\n<td class=\"has-text-align-center\" data-align=\"center\"><b>4<\/b><\/td>\r\n<td class=\"has-text-align-center\" data-align=\"center\"><b>5<\/b><\/td>\r\n<td class=\"has-text-align-center\" data-align=\"center\"><b>Ob\u011bd<\/b><\/td>\r\n<td class=\"has-text-align-center\" data-align=\"center\"><b>6<\/b><\/td>\r\n<\/tr>\r\n<tr>\r\n<td><b>Pond\u011bl\u00ed<\/b><\/td>\r\n<td class=\"has-text-align-center\" data-align=\"center\">\u010cJ<\/td>\r\n<td class=\"has-text-align-center\" data-align=\"center\">M<\/td>\r\n<td class=\"has-text-align-center\" data-align=\"center\">\u010cJ<\/td>\r\n<td class=\"has-text-align-center\" data-align=\"center\">AJ<\/td>\r\n<td class=\"has-text-align-center\" data-align=\"center\">VL<\/td>\r\n<td class=\"has-text-align-center\" data-align=\"center\">&nbsp;<\/td>\r\n<td class=\"has-text-align-center\" data-align=\"center\">P\u010c<\/td>\r\n<\/tr>\r\n<tr>\r\n<td><b>\u00dater\u00fd<\/b><\/td>\r\n<td class=\"has-text-align-center\" data-align=\"center\">\u010cJ<\/td>\r\n<td class=\"has-text-align-center\" data-align=\"center\">M<\/td>\r\n<td class=\"has-text-align-center\" data-align=\"center\">TV<\/td>\r\n<td class=\"has-text-align-center\" data-align=\"center\">TV<\/td>\r\n<td class=\"has-text-align-center\" data-align=\"center\">P\u0158<\/td>\r\n<td class=\"has-text-align-center\" data-align=\"center\">&nbsp;<\/td>\r\n<td class=\"has-text-align-center\" data-align=\"center\">&nbsp;<\/td>\r\n<\/tr>\r\n<tr>\r\n<td><b>St\u0159eda<\/b><\/td>\r\n<td class=\"has-text-align-center\" data-align=\"center\">\u010cJ<\/td>\r\n<td class=\"has-text-align-center\" data-align=\"center\">M<\/td>\r\n<td class=\"has-text-align-center\" data-align=\"center\">P\u0158<\/td>\r\n<td class=\"has-text-align-center\" data-align=\"center\">HV<\/td>\r\n<td class=\"has-text-align-center\" data-align=\"center\">AJ<\/td>\r\n<td class=\"has-text-align-center\" data-align=\"center\">&nbsp;<\/td>\r\n<td class=\"has-text-align-center\" data-align=\"center\">&nbsp;<\/td>\r\n<\/tr>\r\n<tr>\r\n<td><b>\u010ctvrtek<\/b><\/td>\r\n<td class=\"has-text-align-center\" data-align=\"center\">\u010cJ<\/td>\r\n<td class=\"has-text-align-center\" data-align=\"center\">M<\/td>\r\n<td class=\"has-text-align-center\" data-align=\"center\">VL<\/td>\r\n<td class=\"has-text-align-center\" data-align=\"center\">VV<\/td>\r\n<td class=\"has-text-align-center\" data-align=\"center\">VV<\/td>\r\n<td class=\"has-text-align-center\" data-align=\"center\">&nbsp;<\/td>\r\n<td class=\"has-text-align-center\" data-align=\"center\">&nbsp;<\/td>\r\n<\/tr>\r\n<tr>\r\n<td><b>P\u00e1tek<\/b><\/td>\r\n<td class=\"has-text-align-center\" data-align=\"center\">ICT<\/td>\r\n<td class=\"has-text-align-center\" data-align=\"center\">\u010cJ<\/td>\r\n<td class=\"has-text-align-center\" data-align=\"center\">M<\/td>\r\n<td class=\"has-text-align-center\" data-align=\"center\">AJ<\/td>\r\n<td class=\"has-text-align-center\" data-align=\"center\">\u010cJ<\/td>\r\n<td class=\"has-text-align-center\" data-align=\"center\">&nbsp;<\/td>\r\n<td class=\"has-text-align-center\" data-align=\"center\">&nbsp;<\/td>\r\n<\/tr>\r\n<\/tbody>\r\n<\/table>\r\n\r\n\r\n\r\n<h1>P\u00e1t\u00e1 t\u0159\u00edda<\/h1>\r\n\r\n\r\n\r\n<table>\r\n<tbody>\r\n<tr>\r\n<td>&nbsp;5. t\u0159\u00edda<\/td>\r\n<td class=\"has-text-align-center\" data-align=\"center\"><strong>1<\/strong><\/td>\r\n<td class=\"has-text-align-center\" data-align=\"center\"><strong>2<\/strong><\/td>\r\n<td class=\"has-text-align-center\" data-align=\"center\"><strong>3<\/strong><\/td>\r\n<td class=\"has-text-align-center\" data-align=\"center\"><strong>4<\/strong><\/td>\r\n<td class=\"has-text-align-center\" data-align=\"center\"><strong>5<\/strong><\/td>\r\n<td class=\"has-text-align-center\" data-align=\"center\"><strong>Ob\u011bd<\/strong><\/td>\r\n<td class=\"has-text-align-center\" data-align=\"center\"><strong>6<\/strong><\/td>\r\n<\/tr>\r\n<tr>\r\n<td><b>Pond\u011bl\u00ed<\/b><\/td>\r\n<td class=\"has-text-align-center\" data-align=\"center\">\u010cJ<\/td>\r\n<td class=\"has-text-align-center\" data-align=\"center\">M<\/td>\r\n<td class=\"has-text-align-center\" data-align=\"center\">\u010cJ<\/td>\r\n<td class=\"has-text-align-center\" data-align=\"center\">AJ<\/td>\r\n<td class=\"has-text-align-center\" data-align=\"center\">VL<\/td>\r\n<td class=\"has-text-align-center\" data-align=\"center\">&nbsp;<\/td>\r\n<td class=\"has-text-align-center\" data-align=\"center\">P\u010c<\/td>\r\n<\/tr>\r\n<tr>\r\n<td><b>\u00dater\u00fd<\/b><\/td>\r\n<td class=\"has-text-align-center\" data-align=\"center\">\u010cJ<\/td>\r\n<td class=\"has-text-align-center\" data-align=\"center\">M<\/td>\r\n<td class=\"has-text-align-center\" data-align=\"center\">TV<\/td>\r\n<td class=\"has-text-align-center\" data-align=\"center\">TV<\/td>\r\n<td class=\"has-text-align-center\" data-align=\"center\">P\u0158<\/td>\r\n<td class=\"has-text-align-center\" data-align=\"center\">&nbsp;<\/td>\r\n<td class=\"has-text-align-center\" data-align=\"center\">&nbsp;<\/td>\r\n<\/tr>\r\n<tr>\r\n<td><b>St\u0159eda<\/b><\/td>\r\n<td class=\"has-text-align-center\" data-align=\"center\">\u010cJ<\/td>\r\n<td class=\"has-text-align-center\" data-align=\"center\">M<\/td>\r\n<td class=\"has-text-align-center\" data-align=\"center\">P\u0158<\/td>\r\n<td class=\"has-text-align-center\" data-align=\"center\">HV<\/td>\r\n<td class=\"has-text-align-center\" data-align=\"center\">AJ<\/td>\r\n<td class=\"has-text-align-center\" data-align=\"center\">&nbsp;<\/td>\r\n<td class=\"has-text-align-center\" data-align=\"center\">&nbsp;<\/td>\r\n<\/tr>\r\n<tr>\r\n<td><b>\u010ctvrtek<\/b><\/td>\r\n<td class=\"has-text-align-center\" data-align=\"center\">\u010cJ<\/td>\r\n<td class=\"has-text-align-center\" data-align=\"center\">M<\/td>\r\n<td class=\"has-text-align-center\" data-align=\"center\">VL<\/td>\r\n<td class=\"has-text-align-center\" data-align=\"center\">VV<\/td>\r\n<td class=\"has-text-align-center\" data-align=\"center\">VV<\/td>\r\n<td class=\"has-text-align-center\" data-align=\"center\">&nbsp;<\/td>\r\n<td class=\"has-text-align-center\" data-align=\"center\">&nbsp;<\/td>\r\n<\/tr>\r\n<tr>\r\n<td><b>P\u00e1tek<\/b><\/td>\r\n<td class=\"has-text-align-center\" data-align=\"center\">ICT<\/td>\r\n<td class=\"has-text-align-center\" data-align=\"center\">\u010cJ<\/td>\r\n<td class=\"has-text-align-center\" data-align=\"center\">M<\/td>\r\n<td class=\"has-text-align-center\" data-align=\"center\">AJ<\/td>\r\n<td class=\"has-text-align-center\" data-align=\"center\">\u010cJ<\/td>\r\n<td class=\"has-text-align-center\" data-align=\"center\">&nbsp;<\/td>\r\n<td class=\"has-text-align-center\" data-align=\"center\">&nbsp;<\/td>\r\n<\/tr>\r\n<\/tbody>\r\n<\/table>\r\n\r\n\r\n\r\n<figure class=\"wp-block-image\"><img loading=\"lazy\" width=\"1023\" height=\"227\" class=\"wp-image-392\" src=\"http:\/\/www.zsamshornistudenky.cz\/wp-content\/uploads\/2019\/10\/pastelky.png\" alt=\"\" srcset=\"http:\/\/www.zsamshornistudenky.cz\/wp-content\/uploads\/2019\/10\/pastelky.png 1023w, http:\/\/www.zsamshornistudenky.cz\/wp-content\/uploads\/2019\/10\/pastelky-300x67.png 300w, http:\/\/www.zsamshornistudenky.cz\/wp-content\/uploads\/2019\/10\/pastelky-768x170.png 768w\" sizes=\"(max-width: 1023px) 100vw, 1023px\" \/><\/figure>\r\n\r\n\r\n\r\n<p>&nbsp;<\/p>\r\n","protected":false},"excerpt":{"rendered":"<p>Platn\u00fd od 3. 9. 2025 Prvn\u00ed t\u0159\u00edda 1. t\u0159\u00edda 1 2 3 4 5 Ob\u011bd 6 Pond\u011bl\u00ed \u010cJ M PRV P\u010c &nbsp; &nbsp; &nbsp; \u00dater\u00fd \u010cJ \u010cJ TV TV &nbsp; [&hellip;]<\/p>\n","protected":false},"author":1,"featured_media":0,"parent":0,"menu_order":0,"comment_status":"closed","ping_status":"closed","template":"","meta":{"ngg_post_thumbnail":0},"_links":{"self":[{"href":"http:\/\/www.zsamshornistudenky.cz\/index.php?rest_route=\/wp\/v2\/pages\/109"}],"collection":[{"href":"http:\/\/www.zsamshornistudenky.cz\/index.php?rest_route=\/wp\/v2\/pages"}],"about":[{"href":"http:\/\/www.zsamshornistudenky.cz\/index.php?rest_route=\/wp\/v2\/types\/page"}],"author":[{"embeddable":true,"href":"http:\/\/www.zsamshornistudenky.cz\/index.php?rest_route=\/wp\/v2\/users\/1"}],"replies":[{"embeddable":true,"href":"http:\/\/www.zsamshornistudenky.cz\/index.php?rest_route=%2Fwp%2Fv2%2Fcomments&post=109"}],"version-history":[{"count":78,"href":"http:\/\/www.zsamshornistudenky.cz\/index.php?rest_route=\/wp\/v2\/pages\/109\/revisions"}],"predecessor-version":[{"id":8903,"href":"http:\/\/www.zsamshornistudenky.cz\/index.php?rest_route=\/wp\/v2\/pages\/109\/revisions\/8903"}],"wp:attachment":[{"href":"http:\/\/www.zsamshornistudenky.cz\/index.php?rest_route=%2Fwp%2Fv2%2Fmedia&parent=109"}],"curies":[{"name":"wp","href":"https:\/\/api.w.org\/{rel}","templated":true}]}}